

{"id":9581,"date":"2022-03-25T17:38:41","date_gmt":"2022-03-25T21:38:41","guid":{"rendered":"https:\/\/reseaucompassionnetwork.ca\/foire-aux-questions\/"},"modified":"2022-11-25T12:44:32","modified_gmt":"2022-11-25T18:44:32","slug":"foire-aux-questions","status":"publish","type":"page","link":"https:\/\/reseaucompassionnetwork.ca\/fr\/foire-aux-questions\/","title":{"rendered":"Foire aux questions"},"content":{"rendered":"<p>[et_pb_section fb_built=\u00a0\u00bb1&Prime; fullwidth=\u00a0\u00bbon\u00a0\u00bb next_background_color=\u00a0\u00bb#ffffff\u00a0\u00bb _builder_version=\u00a0\u00bb4.16&Prime; background_color=\u00a0\u00bb#FFFFFF\u00a0\u00bb background_color_gradient_direction=\u00a0\u00bb97deg\u00a0\u00bb background_color_gradient_start=\u00a0\u00bb#f7f4eb\u00a0\u00bb background_color_gradient_end=\u00a0\u00bbrgba(0,0,0,0)\u00a0\u00bb background_enable_image=\u00a0\u00bboff\u00a0\u00bb background_position=\u00a0\u00bbtop_center\u00a0\u00bb bottom_divider_style=\u00a0\u00bbwave2&Prime; bottom_divider_height=\u00a0\u00bb39px\u00a0\u00bb locked=\u00a0\u00bboff\u00a0\u00bb global_colors_info=\u00a0\u00bb{}\u00a0\u00bb][et_pb_fullwidth_post_title title=\u00a0\u00bboff\u00a0\u00bb meta=\u00a0\u00bboff\u00a0\u00bb featured_placement=\u00a0\u00bbbackground\u00a0\u00bb admin_label=\u00a0\u00bbchange featured image in post details\u00a0\u00bb _builder_version=\u00a0\u00bb4.16&Prime; background_color=\u00a0\u00bbrgba(0,0,0,0)\u00a0\u00bb use_background_color_gradient=\u00a0\u00bbon\u00a0\u00bb background_color_gradient_stops=\u00a0\u00bb#ffffff 0%|rgba(255,255,255,0) 50%\u00a0\u00bb background_color_gradient_overlays_image=\u00a0\u00bbon\u00a0\u00bb background_color_gradient_start=\u00a0\u00bb#ffffff\u00a0\u00bb background_color_gradient_end=\u00a0\u00bbrgba(255,255,255,0)\u00a0\u00bb background_color_gradient_end_position=\u00a0\u00bb50%\u00a0\u00bb global_colors_info=\u00a0\u00bb{}\u00a0\u00bb][\/et_pb_fullwidth_post_title][\/et_pb_section][et_pb_section fb_built=\u00a0\u00bb1&Prime; prev_background_color=\u00a0\u00bb#FFFFFF\u00a0\u00bb admin_label=\u00a0\u00bbsection\u00a0\u00bb _builder_version=\u00a0\u00bb4.19.1&Prime; custom_padding=\u00a0\u00bb0px||40px||false|false\u00a0\u00bb top_divider_style=\u00a0\u00bbnone\u00a0\u00bb hover_enabled=\u00a0\u00bb0&Prime; locked=\u00a0\u00bboff\u00a0\u00bb global_colors_info=\u00a0\u00bb{}\u00a0\u00bb use_background_color_gradient=\u00a0\u00bbon\u00a0\u00bb background_color_gradient_stops=\u00a0\u00bb#ffffff 29%|#f0f6f9 100%\u00a0\u00bb background_color_gradient_start_position=\u00a0\u00bb30%\u00a0\u00bb sticky_enabled=\u00a0\u00bb0&Prime;][et_pb_row admin_label=\u00a0\u00bbrow\u00a0\u00bb _builder_version=\u00a0\u00bb4.16&Prime; custom_margin=\u00a0\u00bb0px||0px||false|false\u00a0\u00bb custom_padding=\u00a0\u00bb0px||0px||false|false\u00a0\u00bb global_colors_info=\u00a0\u00bb{}\u00a0\u00bb][et_pb_column type=\u00a0\u00bb4_4&Prime; _builder_version=\u00a0\u00bb4.16&Prime; custom_padding=\u00a0\u00bb|||\u00a0\u00bb global_colors_info=\u00a0\u00bb{}\u00a0\u00bb custom_padding__hover=\u00a0\u00bb|||\u00a0\u00bb][et_pb_post_title meta=\u00a0\u00bboff\u00a0\u00bb featured_image=\u00a0\u00bboff\u00a0\u00bb _builder_version=\u00a0\u00bb4.19.1&Prime; title_text_color=\u00a0\u00bb#006699&Prime; custom_margin=\u00a0\u00bb0px||0px||false|false\u00a0\u00bb custom_padding=\u00a0\u00bb0px||0px||false|false\u00a0\u00bb hover_enabled=\u00a0\u00bb0&Prime; locked=\u00a0\u00bboff\u00a0\u00bb global_colors_info=\u00a0\u00bb{}\u00a0\u00bb title_line_height=\u00a0\u00bb1.3em\u00a0\u00bb sticky_enabled=\u00a0\u00bb0&Prime;][\/et_pb_post_title][\/et_pb_column][\/et_pb_row][et_pb_row column_structure=\u00a0\u00bb2_3,1_3&Prime; _builder_version=\u00a0\u00bb4.16&Prime; _module_preset=\u00a0\u00bbdefault\u00a0\u00bb custom_padding=\u00a0\u00bb0px||||false|false\u00a0\u00bb global_colors_info=\u00a0\u00bb{}\u00a0\u00bb][et_pb_column type=\u00a0\u00bb2_3&Prime; _builder_version=\u00a0\u00bb4.16&Prime; _module_preset=\u00a0\u00bbdefault\u00a0\u00bb global_colors_info=\u00a0\u00bb{}\u00a0\u00bb][et_pb_text admin_label=\u00a0\u00bbText\u00a0\u00bb _builder_version=\u00a0\u00bb4.16&Prime; background_size=\u00a0\u00bbinitial\u00a0\u00bb background_position=\u00a0\u00bbtop_left\u00a0\u00bb background_repeat=\u00a0\u00bbrepeat\u00a0\u00bb custom_margin=\u00a0\u00bb0px||||false|false\u00a0\u00bb custom_padding=\u00a0\u00bb0px||||false|false\u00a0\u00bb global_colors_info=\u00a0\u00bb{}\u00a0\u00bb]<\/p>\n<p>Le b\u00e9n\u00e9volat est une exp\u00e9rience passionnante et exigeante. Si vous faites du b\u00e9n\u00e9volat pour la premi\u00e8re fois ou si vous venez de vous joindre \u00e0 notre r\u00e9seau (un regroupement de b\u00e9n\u00e9voles), vous pourriez avoir quelques questions. Bonne nouvelle : nous avons les r\u00e9ponses!<\/p>\n<p>S\u00e9lectionnez une question dans la liste ci-dessous pour en savoir plus.<\/p>\n<p>[\/et_pb_text][et_pb_accordion open_toggle_text_color=\u00a0\u00bb#B92727&Prime; icon_color=\u00a0\u00bb#006DA5&Prime; use_icon_font_size=\u00a0\u00bbon\u00a0\u00bb icon_font_size=\u00a0\u00bb26px\u00a0\u00bb module_class=\u00a0\u00bbpa-add-accordion-icon\u00a0\u00bb _builder_version=\u00a0\u00bb4.16&Prime; _module_preset=\u00a0\u00bbdefault\u00a0\u00bb toggle_text_color=\u00a0\u00bb#B92727&Prime; toggle_font=\u00a0\u00bb||||||||\u00a0\u00bb toggle_font_size=\u00a0\u00bb20px\u00a0\u00bb global_colors_info=\u00a0\u00bb{}\u00a0\u00bb][et_pb_accordion_item title=\u00a0\u00bbHidden Accordion\u00a0\u00bb open=\u00a0\u00bbon\u00a0\u00bb _builder_version=\u00a0\u00bb4.16&Prime; _module_preset=\u00a0\u00bbdefault\u00a0\u00bb custom_css_main_element=\u00a0\u00bbdisplay: none; ||\u00a0\u00bb global_colors_info=\u00a0\u00bb{}\u00a0\u00bb][\/et_pb_accordion_item][et_pb_accordion_item title=\u00a0\u00bbJ\u2019envisage de faire du b\u00e9n\u00e9volat. Quels facteurs devrais-je prendre en consid\u00e9ration?\u00a0\u00bb _builder_version=\u00a0\u00bb4.16&Prime; _module_preset=\u00a0\u00bbdefault\u00a0\u00bb global_colors_info=\u00a0\u00bb{}\u00a0\u00bb open=\u00a0\u00bboff\u00a0\u00bb]<\/p>\n<p>D\u2019abord, d\u00e9terminez si vous avez du temps \u00e0 consacrer au b\u00e9n\u00e9volat. Voudriez-vous en faire toutes les semaines, tous les mois ou \u00e0 l\u2019occasion? Pensez \u00e0 vos int\u00e9r\u00eats, \u00e0 vos comp\u00e9tences et \u00e0 vos objectifs de carri\u00e8re. Ces \u00e9l\u00e9ments nous aideront \u00e0 trouver un cr\u00e9neau o\u00f9 vos comp\u00e9tences seront mises \u00e0 profit et vous pourrez acqu\u00e9rir de l\u2019exp\u00e9rience dans les domaines qui vous int\u00e9ressent.<\/p>\n<p>[\/et_pb_accordion_item][et_pb_accordion_item title=\u00a0\u00bbQuel \u00e2ge dois-je avoir pour faire du b\u00e9n\u00e9volat dans un des organismes du R\u00e9seau Compassion Network dot\u00e9s d\u2019un programme de b\u00e9n\u00e9volat?\u00a0\u00bb _builder_version=\u00a0\u00bb4.16&Prime; _module_preset=\u00a0\u00bbdefault\u00a0\u00bb global_colors_info=\u00a0\u00bb{}\u00a0\u00bb open=\u00a0\u00bboff\u00a0\u00bb]<\/p>\n<p>Certains organismes acceptent des b\u00e9n\u00e9voles d\u00e8s l\u2019\u00e2ge de 12 ans et\/ou juste avant la septi\u00e8me ann\u00e9e. Il vous faudra v\u00e9rifier la limite d\u2019\u00e2ge des b\u00e9n\u00e9voles aupr\u00e8s de l\u2019organisme qui vous int\u00e9resse.<\/p>\n<p>[\/et_pb_accordion_item][et_pb_accordion_item title=\u00a0\u00bbDe quel type de r\u00e9f\u00e9rences ai-je besoin pour mon formulaire de demande?\u00a0\u00bb _builder_version=\u00a0\u00bb4.16&Prime; _module_preset=\u00a0\u00bbdefault\u00a0\u00bb global_colors_info=\u00a0\u00bb{}\u00a0\u00bb open=\u00a0\u00bboff\u00a0\u00bb]<\/p>\n<p>Il vous faut des r\u00e9f\u00e9rences de personnes qui vous connaissent depuis au moins trois mois et qui proviennent de diff\u00e9rents aspects de votre vie (enseignants, collaborateurs, chefs de groupes, superviseurs ou coll\u00e8gues). Demandez toujours la permission avant de donner le nom de quelqu\u2019un comme r\u00e9f\u00e9rence et donnez un num\u00e9ro de t\u00e9l\u00e9phone de jour qui est toujours en vigueur. Les r\u00e9f\u00e9rences de membres de la famille ne sont pas accept\u00e9es. Il pourrait \u00eatre utile de parler des r\u00e9f\u00e9rences de l\u2019ext\u00e9rieur de la province ou de l\u2019\u00e9tranger; souvent, les b\u00e9n\u00e9voles sont de nouveaux Canadiens \u00e0 la recherche d\u2019une occasion d\u2019ajouter de l\u2019exp\u00e9rience locale \u00e0 leur CV. D\u2019ailleurs, il est \u00e9galement utile de mentionner \u00e0 quel moment ils peuvent demander une r\u00e9f\u00e9rence \u00e0 leur tour!<\/p>\n<p>[\/et_pb_accordion_item][et_pb_accordion_item title=\u00a0\u00bbDois-je faire l\u2019objet d\u2019une v\u00e9rification du casier judiciaire et d\u2019une v\u00e9rification du Registre concernant les mauvais traitements?\u00a0\u00bb _builder_version=\u00a0\u00bb4.16&Prime; _module_preset=\u00a0\u00bbdefault\u00a0\u00bb global_colors_info=\u00a0\u00bb{}\u00a0\u00bb open=\u00a0\u00bboff\u00a0\u00bb]<\/p>\n<p>Tous les b\u00e9n\u00e9voles de 18 ans et plus devront faire l\u2019objet d\u2019une v\u00e9rification du casier judiciaire, d\u2019une v\u00e9rification du Registre concernant les mauvais traitements et d\u2019une v\u00e9rification du Registre des mauvais traitements inflig\u00e9s aux adultes s\u2019ils doivent faire du b\u00e9n\u00e9volat dans un de nos organismes membres.<\/p>\n<p>Les v\u00e9rifications de casiers judiciaires peuvent se faire en ligne au <a href=\"https:\/\/policeinformationcheck.winnipeg.ca\/\" target=\"_blank\" rel=\"noopener\">policeinformationcheck.winnipeg.ca<\/a> ou en personne au quartier g\u00e9n\u00e9ral de la Police de Winnipeg, situ\u00e9 au 245, rue Smith.<\/p>\n<p>Si vous faites du b\u00e9n\u00e9volat pour obtenir des cr\u00e9dits scolaires ou dans le cadre de travaux pratiques, vous devez vous pr\u00e9senter au quartier g\u00e9n\u00e9ral de la Police de Winnipeg pour la v\u00e9rification du casier judiciaire et aux Services de protection des enfants pour la v\u00e9rification du Registre concernant les mauvais traitements et du Registre des mauvais traitements inflig\u00e9s aux adultes.<\/p>\n<p>[\/et_pb_accordion_item][et_pb_accordion_item title=\u00a0\u00bbJ\u2019ai un visa d\u2019\u00e9tudiant. Puis-je faire du b\u00e9n\u00e9volat?\u00a0\u00bb _builder_version=\u00a0\u00bb4.16&Prime; _module_preset=\u00a0\u00bbdefault\u00a0\u00bb global_colors_info=\u00a0\u00bb{}\u00a0\u00bb open=\u00a0\u00bboff\u00a0\u00bb]<\/p>\n<p>Oui.<\/p>\n<p>[\/et_pb_accordion_item][et_pb_accordion_item title=\u00a0\u00bbQuel doit \u00eatre mon niveau de langue et de litt\u00e9ratie pour pouvoir faire du b\u00e9n\u00e9volat?\u00a0\u00bb _builder_version=\u00a0\u00bb4.16&Prime; _module_preset=\u00a0\u00bbdefault\u00a0\u00bb global_colors_info=\u00a0\u00bb{}\u00a0\u00bb open=\u00a0\u00bboff\u00a0\u00bb]\u00c9tant donn\u00e9 qu\u2019un grand nombre de nos placements n\u00e9cessitent des interactions avec d\u2019autres personnes, nous demandons \u00e0 nos b\u00e9n\u00e9voles de pouvoir suivre et donner des directives et s\u2019exprimer de mani\u00e8re claire et concise en anglais ou en fran\u00e7ais si l\u2019organisme en question est d\u00e9sign\u00e9 bilingue. Il arrive qu\u2019il y ait aussi des possibilit\u00e9s dans d\u2019autres langues, comme l\u2019ukrainien, le cri ou l\u2019ojibw\u00e9. Nous avons constat\u00e9 qu\u2019un seuil de niveau 8 ou plus fonctionne bien pour les placements de nos b\u00e9n\u00e9voles en lecture, r\u00e9daction, \u00e9coute et conversation.[\/et_pb_accordion_item][et_pb_accordion_item title=\u00a0\u00bbAi-je besoin de vaccins particuliers pour faire du b\u00e9n\u00e9volat?\u00a0\u00bb _builder_version=\u00a0\u00bb4.16&Prime; _module_preset=\u00a0\u00bbdefault\u00a0\u00bb global_colors_info=\u00a0\u00bb{}\u00a0\u00bb open=\u00a0\u00bboff\u00a0\u00bb]<\/p>\n<p>Nous encourageons tous les b\u00e9n\u00e9voles \u00e0 se faire vacciner contre la grippe saisonni\u00e8re parce que certaines client\u00e8les que nous soutenons au sein de nos organismes peuvent \u00eatre vuln\u00e9rables aux maladies des voies respiratoires.<\/p>\n<p>Puis, la totalit\u00e9 des organismes membres du R\u00e9seau Compassion Network ont un protocole de vaccination obligatoire en place contre la COVID pour les b\u00e9n\u00e9voles.<\/p>\n<p>[\/et_pb_accordion_item][et_pb_accordion_item title=\u00a0\u00bbFaut-il s\u2019engager \u00e0 un nombre d\u2019heures?\u00a0\u00bb _builder_version=\u00a0\u00bb4.16&Prime; _module_preset=\u00a0\u00bbdefault\u00a0\u00bb global_colors_info=\u00a0\u00bb{}\u00a0\u00bb open=\u00a0\u00bboff\u00a0\u00bb]Nous voulons r\u00e9pondre \u00e0 vos besoins en nous adaptant \u00e0 votre horaire charg\u00e9, mais certains organismes exigent un engagement minimum, par exemple un quart de travail par semaine ou 40 heures par p\u00e9riode de quatre mois. Les quarts de travail ont une dur\u00e9e d\u2019une \u00e0 trois heures, selon le placement.[\/et_pb_accordion_item][et_pb_accordion_item title=\u00a0\u00bbQuelles sont les responsabilit\u00e9s d\u2019un b\u00e9n\u00e9vole?\u00a0\u00bb _builder_version=\u00a0\u00bb4.16&Prime; _module_preset=\u00a0\u00bbdefault\u00a0\u00bb global_colors_info=\u00a0\u00bb{}\u00a0\u00bb open=\u00a0\u00bboff\u00a0\u00bb]Les b\u00e9n\u00e9voles doivent se pr\u00e9senter \u00e0 l\u2019heure convenue. Si vous devez vous absenter, vous devez t\u00e9l\u00e9phoner le plus t\u00f4t possible. Un avis de vacances doit \u00eatre donn\u00e9 au coordonnateur des b\u00e9n\u00e9voles au moins deux semaines \u00e0 l\u2019avance. Les b\u00e9n\u00e9voles doivent avoir une tenue vestimentaire convenable en tout temps. Les responsabilit\u00e9s varient en fonction du r\u00f4le qui vous est attribu\u00e9, mais vous saurez toujours d\u2019avance ce que l\u2019on attend de vous.[\/et_pb_accordion_item][et_pb_accordion_item title=\u00a0\u00bbLes organismes du R\u00e9seau Compassion Network offrent-ils des possibilit\u00e9s pour les \u00e9tudiants pendant les mois d\u2019\u00e9t\u00e9?\u00a0\u00bb _builder_version=\u00a0\u00bb4.16&Prime; _module_preset=\u00a0\u00bbdefault\u00a0\u00bb global_colors_info=\u00a0\u00bb{}\u00a0\u00bb open=\u00a0\u00bboff\u00a0\u00bb]<\/p>\n<p>Oui, certains membres le font. Nous encourageons les \u00e9tudiants \u00e0 consulter l\u2019organisme qui les int\u00e9resse pour voir si c\u2019est le cas. Dans l\u2019affirmative, nous vous encourageons \u00e0 pr\u00e9senter votre candidature au d\u00e9but de juin, puisque les places s\u2019envolent vite.<\/p>\n<p>[\/et_pb_accordion_item][\/et_pb_accordion][\/et_pb_column][et_pb_column type=\u00a0\u00bb1_3&Prime; _builder_version=\u00a0\u00bb4.16&Prime; _module_preset=\u00a0\u00bbdefault\u00a0\u00bb global_colors_info=\u00a0\u00bb{}\u00a0\u00bb][et_pb_image src=\u00a0\u00bbhttps:\/\/reseaucompassionnetwork.ca\/wp-content\/uploads\/2022\/03\/Centre-Flavie-Volunteer-woman-by-bin.jpg\u00a0\u00bb title_text=\u00a0\u00bbCentre-Flavie-Volunteer-woman-by-bin\u00a0\u00bb _builder_version=\u00a0\u00bb4.16&Prime; _module_preset=\u00a0\u00bbdefault\u00a0\u00bb global_colors_info=\u00a0\u00bb{}\u00a0\u00bb][\/et_pb_image][\/et_pb_column][\/et_pb_row][\/et_pb_section]<\/p>\n","protected":false},"excerpt":{"rendered":"<p>Le b\u00e9n\u00e9volat est une exp\u00e9rience passionnante et exigeante. Si vous faites du b\u00e9n\u00e9volat pour la premi\u00e8re fois ou si vous venez de vous joindre \u00e0 notre r\u00e9seau (un regroupement de b\u00e9n\u00e9voles), vous pourriez avoir quelques questions. Bonne nouvelle : nous avons les r\u00e9ponses! S\u00e9lectionnez une question dans la liste ci-dessous pour en savoir plus.D\u2019abord, d\u00e9terminez&hellip; <a class=\"continue\" href=\"https:\/\/reseaucompassionnetwork.ca\/fr\/foire-aux-questions\/\">Continue Reading<span> Foire aux questions<\/span><\/a><\/p>\n","protected":false},"author":126,"featured_media":10132,"parent":0,"menu_order":0,"comment_status":"closed","ping_status":"closed","template":"","meta":{"_et_pb_use_builder":"on","_et_pb_old_content":"","_et_gb_content_width":"","_monsterinsights_skip_tracking":false,"_monsterinsights_sitenote_active":false,"_monsterinsights_sitenote_note":"","_monsterinsights_sitenote_category":0,"footnotes":""},"class_list":["post-9581","page","type-page","status-publish","has-post-thumbnail","hentry"],"_links":{"self":[{"href":"https:\/\/reseaucompassionnetwork.ca\/fr\/wp-json\/wp\/v2\/pages\/9581","targetHints":{"allow":["GET"]}}],"collection":[{"href":"https:\/\/reseaucompassionnetwork.ca\/fr\/wp-json\/wp\/v2\/pages"}],"about":[{"href":"https:\/\/reseaucompassionnetwork.ca\/fr\/wp-json\/wp\/v2\/types\/page"}],"author":[{"embeddable":true,"href":"https:\/\/reseaucompassionnetwork.ca\/fr\/wp-json\/wp\/v2\/users\/126"}],"replies":[{"embeddable":true,"href":"https:\/\/reseaucompassionnetwork.ca\/fr\/wp-json\/wp\/v2\/comments?post=9581"}],"version-history":[{"count":15,"href":"https:\/\/reseaucompassionnetwork.ca\/fr\/wp-json\/wp\/v2\/pages\/9581\/revisions"}],"predecessor-version":[{"id":12101,"href":"https:\/\/reseaucompassionnetwork.ca\/fr\/wp-json\/wp\/v2\/pages\/9581\/revisions\/12101"}],"wp:featuredmedia":[{"embeddable":true,"href":"https:\/\/reseaucompassionnetwork.ca\/fr\/wp-json\/wp\/v2\/media\/10132"}],"wp:attachment":[{"href":"https:\/\/reseaucompassionnetwork.ca\/fr\/wp-json\/wp\/v2\/media?parent=9581"}],"curies":[{"name":"wp","href":"https:\/\/api.w.org\/{rel}","templated":true}]}}