

{"id":9374,"date":"2022-03-23T15:38:51","date_gmt":"2022-03-23T19:38:51","guid":{"rendered":"https:\/\/reseaucompassionnetwork.ca\/?page_id=9374"},"modified":"2025-01-17T15:48:50","modified_gmt":"2025-01-17T21:48:50","slug":"formation-du-c-a-et-de-la-haute-direction","status":"publish","type":"page","link":"https:\/\/reseaucompassionnetwork.ca\/fr\/formation-du-c-a-et-de-la-haute-direction\/","title":{"rendered":"Formation des membres du conseil d&rsquo;administration et de la haute direction"},"content":{"rendered":"<p>[et_pb_section fb_built=\u00a0\u00bb1&Prime; fullwidth=\u00a0\u00bbon\u00a0\u00bb next_background_color=\u00a0\u00bb#ffffff\u00a0\u00bb _builder_version=\u00a0\u00bb4.16&Prime; background_color=\u00a0\u00bb#FFFFFF\u00a0\u00bb background_color_gradient_direction=\u00a0\u00bb97deg\u00a0\u00bb background_color_gradient_start=\u00a0\u00bb#f7f4eb\u00a0\u00bb background_color_gradient_end=\u00a0\u00bbrgba(0,0,0,0)\u00a0\u00bb background_enable_image=\u00a0\u00bboff\u00a0\u00bb bottom_divider_style=\u00a0\u00bbwave2&Prime; bottom_divider_height=\u00a0\u00bb39px\u00a0\u00bb global_colors_info=\u00a0\u00bb{}\u00a0\u00bb][et_pb_fullwidth_post_title title=\u00a0\u00bboff\u00a0\u00bb meta=\u00a0\u00bboff\u00a0\u00bb featured_placement=\u00a0\u00bbbackground\u00a0\u00bb admin_label=\u00a0\u00bbchange featured image in post details\u00a0\u00bb _builder_version=\u00a0\u00bb4.16&Prime; background_color=\u00a0\u00bbrgba(0,0,0,0)\u00a0\u00bb use_background_color_gradient=\u00a0\u00bbon\u00a0\u00bb background_color_gradient_stops=\u00a0\u00bb#ffffff 0%|rgba(255,255,255,0) 50%\u00a0\u00bb background_color_gradient_overlays_image=\u00a0\u00bbon\u00a0\u00bb background_color_gradient_start=\u00a0\u00bb#ffffff\u00a0\u00bb background_color_gradient_end=\u00a0\u00bbrgba(255,255,255,0)\u00a0\u00bb background_color_gradient_end_position=\u00a0\u00bb50%\u00a0\u00bb global_colors_info=\u00a0\u00bb{}\u00a0\u00bb][\/et_pb_fullwidth_post_title][\/et_pb_section][et_pb_section fb_built=\u00a0\u00bb1&Prime; _builder_version=\u00a0\u00bb4.19.1&Prime; use_background_color_gradient=\u00a0\u00bbon\u00a0\u00bb background_color_gradient_stops=\u00a0\u00bb#ffffff 30%|#f0f6f9 99%\u00a0\u00bb custom_padding=\u00a0\u00bb0px||50px||false|false\u00a0\u00bb top_divider_style=\u00a0\u00bbnone\u00a0\u00bb top_divider_color=\u00a0\u00bb#f7f4eb\u00a0\u00bb top_divider_height=\u00a0\u00bb50px\u00a0\u00bb top_divider_flip=\u00a0\u00bbhorizontal\u00a0\u00bb bottom_divider_height=\u00a0\u00bb50px\u00a0\u00bb global_colors_info=\u00a0\u00bb{}\u00a0\u00bb][et_pb_row _builder_version=\u00a0\u00bb4.16&Prime; custom_margin=\u00a0\u00bb0px||0px||false|false\u00a0\u00bb custom_padding=\u00a0\u00bb0px||0px||false|false\u00a0\u00bb global_colors_info=\u00a0\u00bb{}\u00a0\u00bb][et_pb_column type=\u00a0\u00bb4_4&Prime; _builder_version=\u00a0\u00bb4.16&Prime; global_colors_info=\u00a0\u00bb{}\u00a0\u00bb][et_pb_post_title meta=\u00a0\u00bboff\u00a0\u00bb featured_image=\u00a0\u00bboff\u00a0\u00bb _builder_version=\u00a0\u00bb4.19.1&Prime; title_text_color=\u00a0\u00bb#006699&Prime; title_line_height=\u00a0\u00bb1.3em\u00a0\u00bb custom_margin=\u00a0\u00bb0px||0px||false|false\u00a0\u00bb custom_padding=\u00a0\u00bb0px|380px|0px||false|false\u00a0\u00bb custom_padding_tablet=\u00a0\u00bb|0px|||false|false\u00a0\u00bb custom_padding_phone=\u00a0\u00bb|0px|||false|false\u00a0\u00bb custom_padding_last_edited=\u00a0\u00bbon|tablet\u00a0\u00bb global_colors_info=\u00a0\u00bb{}\u00a0\u00bb][\/et_pb_post_title][\/et_pb_column][\/et_pb_row][et_pb_row column_structure=\u00a0\u00bb2_3,1_3&Prime; _builder_version=\u00a0\u00bb4.16&Prime; custom_padding=\u00a0\u00bb0px||0px||false|false\u00a0\u00bb global_colors_info=\u00a0\u00bb{}\u00a0\u00bb][et_pb_column type=\u00a0\u00bb2_3&Prime; _builder_version=\u00a0\u00bb4.16&Prime; global_colors_info=\u00a0\u00bb{}\u00a0\u00bb][et_pb_text _builder_version=\u00a0\u00bb4.17.4&Prime; _module_preset=\u00a0\u00bbdefault\u00a0\u00bb custom_margin=\u00a0\u00bb||0px||false|false\u00a0\u00bb global_colors_info=\u00a0\u00bb{}\u00a0\u00bb]<\/p>\n<h2>Si vous \u00eates membre d&rsquo;un conseil d&rsquo;administration ou cadre sup\u00e9rieur au sein de l&rsquo;une des organisations de notre r\u00e9seau, vous \u00eates au bon endroit !<\/h2>\n<p>\u00a0Participer aux offres de d\u00e9veloppement professionnel offertes aux conseils d&rsquo;administration et aux leaders du R\u00e9seau Compassion Network est une partie importante de notre travail commun, et nous vous remercions non seulement pour les nombreux dons que vous apportez \u00e0 votre travail, mais aussi pour le don pr\u00e9cieux de votre temps !<\/p>\n<p>\u00a0Deux cours sont actuellement disponibles sur ce site.<\/p>\n<p>Apr\u00e8s avoir cliqu\u00e9 sur le bouton \u00ab Acc\u00e9der aux cours \u00bb et saisi le mot de passe qui vous a \u00e9t\u00e9 communiqu\u00e9, vous pouvez choisir entre :<\/p>\n<ul>\n<li>Orientation au R\u00e9seau Compassion Network, et;<\/li>\n<li>Introduction au <em>Guide d&rsquo;\u00e9thique de la sant\u00e9<\/em><\/li>\n<\/ul>\n<p>Si vous n&rsquo;avez pas de mot de passe pour acc\u00e9der au site, veuillez nous envoyer un courriel \u00e0 <a href=\"mailto:info@reseaucompassionnetwork.ca\">info@reseaucompassionnetwork.ca<\/a>.<\/p>\n<p><span><\/span><\/p>\n<p>[\/et_pb_text][et_pb_button button_url=\u00a0\u00bbhttps:\/\/reseaucompassionnetwork.ca\/fr\/connexion\u00a0\u00bb button_text=\u00a0\u00bbAcc\u00e9der aux cours\u00a0\u00bb _builder_version=\u00a0\u00bb4.27.4&Prime; _module_preset=\u00a0\u00bbdefault\u00a0\u00bb hover_enabled=\u00a0\u00bb0&Prime; global_colors_info=\u00a0\u00bb{}\u00a0\u00bb sticky_enabled=\u00a0\u00bb0&Prime;][\/et_pb_button][et_pb_text _builder_version=\u00a0\u00bb4.17.4&Prime; custom_padding=\u00a0\u00bb||0px||false|false\u00a0\u00bb global_colors_info=\u00a0\u00bb{}\u00a0\u00bb]<\/p>\n<p>Veuillez noter que ces cours en ligne n&rsquo;enregistrent pas vos progr\u00e8s, ni le fait que vous ayez termin\u00e9 le cours. Pour marquer votre place dans le cours et y revenir plus tard, il vous suffit d&rsquo;utiliser la fonction \u00ab Favoris \u00bb ou \u00ab Signets \u00bb de votre navigateur Web.<\/p>\n<p>Un important \u00e9l\u00e9ment de notre travail ensemble est de participer aux offres de formation du R\u00e9seau Compassion Network. Nous vous remercions non seulement pour les nombreux talents que vous apportez \u00e0 votre travail, mais aussi pour le don pr\u00e9cieux de votre temps!<\/p>\n<p>Au-del\u00e0 de l\u2019enseignement, la formation peut aussi \u00eatre un voyage personnel ou spirituel. Vous, les leaders de notre R\u00e9seau, provenez de divers horizons en termes de foi personnelle, de traditions et de croyances et ces diff\u00e9rences sont tr\u00e8s importantes \u00e0 retenir car la formation se produit lorsque nous nous engageons pleinement dans cette exp\u00e9rience. Nous vous invitons \u00e0 engager \u00e0 la fois votre c\u0153ur et votre esprit dans ce processus.<\/p>\n<p>[\/et_pb_text][et_pb_video src=\u00a0\u00bbhttps:\/\/www.youtube.com\/watch?v=StZfALSC8ZI\u00a0\u00bb thumbnail_overlay_color=\u00a0\u00bbrgba(0,0,0,0.6)\u00a0\u00bb _builder_version=\u00a0\u00bb4.16&Prime; _module_preset=\u00a0\u00bbdefault\u00a0\u00bb global_colors_info=\u00a0\u00bb{}\u00a0\u00bb][\/et_pb_video][\/et_pb_column][et_pb_column type=\u00a0\u00bb1_3&Prime; _builder_version=\u00a0\u00bb4.16&Prime; global_colors_info=\u00a0\u00bb{}\u00a0\u00bb][et_pb_image src=\u00a0\u00bbhttps:\/\/reseaucompassionnetwork.ca\/wp-content\/uploads\/2022\/03\/Guy-on-Laptop-with-Pen.jpg\u00a0\u00bb alt=\u00a0\u00bbpeople in class\u00a0\u00bb title_text=\u00a0\u00bbGuy-on-Laptop-with-Pen\u00a0\u00bb _builder_version=\u00a0\u00bb4.17.4&Prime; custom_padding=\u00a0\u00bb19px||||false|false\u00a0\u00bb locked=\u00a0\u00bboff\u00a0\u00bb global_colors_info=\u00a0\u00bb{}\u00a0\u00bb][\/et_pb_image][et_pb_text _builder_version=\u00a0\u00bb4.17.4&Prime; _module_preset=\u00a0\u00bbdefault\u00a0\u00bb text_font=\u00a0\u00bb||on||||||\u00a0\u00bb text_text_color=\u00a0\u00bb#006DA5&Prime; text_font_size=\u00a0\u00bb18px\u00a0\u00bb text_line_height=\u00a0\u00bb1.8em\u00a0\u00bb custom_padding=\u00a0\u00bb30px||||false|false\u00a0\u00bb locked=\u00a0\u00bboff\u00a0\u00bb global_colors_info=\u00a0\u00bb{}\u00a0\u00bb]<\/p>\n<p>Au-del\u00e0 de l\u2019enseignement, la formation peut aussi \u00eatre un voyage personnel ou spirituel. Nous vous invitons \u00e0 engager \u00e0 la fois votre c\u0153ur et votre esprit dans ce processus.<\/p>\n<p>[\/et_pb_text][\/et_pb_column][\/et_pb_row][\/et_pb_section]<\/p>\n","protected":false},"excerpt":{"rendered":"<p>Si vous \u00eates membre d&rsquo;un conseil d&rsquo;administration ou cadre sup\u00e9rieur au sein de l&rsquo;une des organisations de notre r\u00e9seau, vous \u00eates au bon endroit ! \u00a0Participer aux offres de d\u00e9veloppement professionnel offertes aux conseils d&rsquo;administration et aux leaders du R\u00e9seau Compassion Network est une partie importante de notre travail commun, et nous vous remercions non&hellip; <a class=\"continue\" href=\"https:\/\/reseaucompassionnetwork.ca\/fr\/formation-du-c-a-et-de-la-haute-direction\/\">Continue Reading<span> Formation des membres du conseil d&rsquo;administration et de la haute direction<\/span><\/a><\/p>\n","protected":false},"author":126,"featured_media":10088,"parent":0,"menu_order":0,"comment_status":"closed","ping_status":"closed","template":"","meta":{"_et_pb_use_builder":"on","_et_pb_old_content":"","_et_gb_content_width":"","_monsterinsights_skip_tracking":false,"_monsterinsights_sitenote_active":false,"_monsterinsights_sitenote_note":"","_monsterinsights_sitenote_category":0,"footnotes":""},"class_list":["post-9374","page","type-page","status-publish","has-post-thumbnail","hentry"],"_links":{"self":[{"href":"https:\/\/reseaucompassionnetwork.ca\/fr\/wp-json\/wp\/v2\/pages\/9374","targetHints":{"allow":["GET"]}}],"collection":[{"href":"https:\/\/reseaucompassionnetwork.ca\/fr\/wp-json\/wp\/v2\/pages"}],"about":[{"href":"https:\/\/reseaucompassionnetwork.ca\/fr\/wp-json\/wp\/v2\/types\/page"}],"author":[{"embeddable":true,"href":"https:\/\/reseaucompassionnetwork.ca\/fr\/wp-json\/wp\/v2\/users\/126"}],"replies":[{"embeddable":true,"href":"https:\/\/reseaucompassionnetwork.ca\/fr\/wp-json\/wp\/v2\/comments?post=9374"}],"version-history":[{"count":17,"href":"https:\/\/reseaucompassionnetwork.ca\/fr\/wp-json\/wp\/v2\/pages\/9374\/revisions"}],"predecessor-version":[{"id":18527,"href":"https:\/\/reseaucompassionnetwork.ca\/fr\/wp-json\/wp\/v2\/pages\/9374\/revisions\/18527"}],"wp:featuredmedia":[{"embeddable":true,"href":"https:\/\/reseaucompassionnetwork.ca\/fr\/wp-json\/wp\/v2\/media\/10088"}],"wp:attachment":[{"href":"https:\/\/reseaucompassionnetwork.ca\/fr\/wp-json\/wp\/v2\/media?parent=9374"}],"curies":[{"name":"wp","href":"https:\/\/api.w.org\/{rel}","templated":true}]}}