

{"id":9100,"date":"2022-02-28T10:54:51","date_gmt":"2022-02-28T15:54:51","guid":{"rendered":"https:\/\/reseaucompassionnetwork.ca\/?page_id=9100"},"modified":"2024-07-16T13:36:02","modified_gmt":"2024-07-16T18:36:02","slug":"rejoignez-notre-equipe-de-compassion","status":"publish","type":"page","link":"https:\/\/reseaucompassionnetwork.ca\/fr\/rejoignez-notre-equipe-de-compassion\/","title":{"rendered":"Rejoignez notre \u00e9quipe de compassion"},"content":{"rendered":"<p>[et_pb_section fb_built=\u00a0\u00bb1&Prime; fullwidth=\u00a0\u00bbon\u00a0\u00bb next_background_color=\u00a0\u00bb#ffffff\u00a0\u00bb _builder_version=\u00a0\u00bb4.16&Prime; background_color=\u00a0\u00bb#FFFFFF\u00a0\u00bb background_color_gradient_direction=\u00a0\u00bb97deg\u00a0\u00bb background_color_gradient_start=\u00a0\u00bb#f7f4eb\u00a0\u00bb background_color_gradient_end=\u00a0\u00bbrgba(0,0,0,0)\u00a0\u00bb background_enable_image=\u00a0\u00bboff\u00a0\u00bb background_position=\u00a0\u00bbtop_center\u00a0\u00bb bottom_divider_style=\u00a0\u00bbwave2&Prime; bottom_divider_height=\u00a0\u00bb39px\u00a0\u00bb locked=\u00a0\u00bboff\u00a0\u00bb global_colors_info=\u00a0\u00bb{}\u00a0\u00bb][et_pb_fullwidth_post_title title=\u00a0\u00bboff\u00a0\u00bb meta=\u00a0\u00bboff\u00a0\u00bb featured_placement=\u00a0\u00bbbackground\u00a0\u00bb admin_label=\u00a0\u00bbchange featured image in post details\u00a0\u00bb _builder_version=\u00a0\u00bb4.16&Prime; background_color=\u00a0\u00bbrgba(0,0,0,0)\u00a0\u00bb use_background_color_gradient=\u00a0\u00bbon\u00a0\u00bb background_color_gradient_stops=\u00a0\u00bb#ffffff 0%|rgba(255,255,255,0) 50%\u00a0\u00bb background_color_gradient_overlays_image=\u00a0\u00bbon\u00a0\u00bb background_color_gradient_start=\u00a0\u00bb#ffffff\u00a0\u00bb background_color_gradient_end=\u00a0\u00bbrgba(255,255,255,0)\u00a0\u00bb background_color_gradient_end_position=\u00a0\u00bb50%\u00a0\u00bb global_colors_info=\u00a0\u00bb{}\u00a0\u00bb][\/et_pb_fullwidth_post_title][\/et_pb_section][et_pb_section fb_built=\u00a0\u00bb1&Prime; prev_background_color=\u00a0\u00bb#FFFFFF\u00a0\u00bb admin_label=\u00a0\u00bbsection\u00a0\u00bb _builder_version=\u00a0\u00bb4.19.1&Prime; use_background_color_gradient=\u00a0\u00bbon\u00a0\u00bb background_color_gradient_stops=\u00a0\u00bb#ffffff 29%|#f0f6f9 100%\u00a0\u00bb background_color_gradient_start_position=\u00a0\u00bb30%\u00a0\u00bb custom_padding=\u00a0\u00bb0px||40px||false|false\u00a0\u00bb top_divider_style=\u00a0\u00bbnone\u00a0\u00bb global_colors_info=\u00a0\u00bb{}\u00a0\u00bb][et_pb_row admin_label=\u00a0\u00bbrow\u00a0\u00bb _builder_version=\u00a0\u00bb4.17.3&Prime; custom_margin=\u00a0\u00bb0px||0px||false|false\u00a0\u00bb custom_padding=\u00a0\u00bb0px||0px||false|false\u00a0\u00bb global_colors_info=\u00a0\u00bb{}\u00a0\u00bb][et_pb_column type=\u00a0\u00bb4_4&Prime; _builder_version=\u00a0\u00bb4.16&Prime; custom_padding=\u00a0\u00bb|||\u00a0\u00bb global_colors_info=\u00a0\u00bb{}\u00a0\u00bb custom_padding__hover=\u00a0\u00bb|||\u00a0\u00bb][et_pb_text _builder_version=\u00a0\u00bb4.19.1&Prime; _module_preset=\u00a0\u00bbdefault\u00a0\u00bb header_font=\u00a0\u00bb|600|||||||\u00a0\u00bb header_text_color=\u00a0\u00bb#006DA5&Prime; header_font_size=\u00a0\u00bb45px\u00a0\u00bb header_line_height=\u00a0\u00bb1.3em\u00a0\u00bb global_colors_info=\u00a0\u00bb{}\u00a0\u00bb]<\/p>\n<h1 class=\"p1\">Devenez b\u00e9n\u00e9vole!<\/h1>\n<p>[\/et_pb_text][\/et_pb_column][\/et_pb_row][et_pb_row column_structure=\u00a0\u00bb2_3,1_3&Prime; _builder_version=\u00a0\u00bb4.16&Prime; _module_preset=\u00a0\u00bbdefault\u00a0\u00bb custom_padding=\u00a0\u00bb0px||||false|false\u00a0\u00bb global_colors_info=\u00a0\u00bb{}\u00a0\u00bb][et_pb_column type=\u00a0\u00bb2_3&Prime; _builder_version=\u00a0\u00bb4.16&Prime; _module_preset=\u00a0\u00bbdefault\u00a0\u00bb global_colors_info=\u00a0\u00bb{}\u00a0\u00bb][et_pb_post_title meta=\u00a0\u00bboff\u00a0\u00bb featured_image=\u00a0\u00bboff\u00a0\u00bb _builder_version=\u00a0\u00bb4.16&Prime; title_level=\u00a0\u00bbh2&Prime; title_text_color=\u00a0\u00bb#B92727&Prime; custom_margin=\u00a0\u00bb0px||0px||false|false\u00a0\u00bb custom_padding=\u00a0\u00bb0px||0px||false|false\u00a0\u00bb locked=\u00a0\u00bboff\u00a0\u00bb global_colors_info=\u00a0\u00bb{}\u00a0\u00bb][\/et_pb_post_title][et_pb_text admin_label=\u00a0\u00bbText\u00a0\u00bb _builder_version=\u00a0\u00bb4.23.1&Prime; background_size=\u00a0\u00bbinitial\u00a0\u00bb background_position=\u00a0\u00bbtop_left\u00a0\u00bb background_repeat=\u00a0\u00bbrepeat\u00a0\u00bb custom_margin=\u00a0\u00bb0px||0px||false|false\u00a0\u00bb custom_padding=\u00a0\u00bb0px||0px||false|false\u00a0\u00bb hover_enabled=\u00a0\u00bb0&Prime; global_colors_info=\u00a0\u00bb{}\u00a0\u00bb sticky_enabled=\u00a0\u00bb0&Prime;]<\/p>\n<p><a href=\"https:\/\/reseaucompassionnetwork.ca\/fr\/questions-benevolat\/\"><\/a><\/p>\n<p>&nbsp;<\/p>\n<p style=\"font-size: 16px; background-color: #ffffff;\"><img loading=\"lazy\" decoding=\"async\" src=\"https:\/\/reseaucompassionnetwork.ca\/wp-content\/uploads\/2023\/11\/Questions-FR.png\" width=\"213\" height=\"71\" alt=\"\" class=\"wp-image-14146 alignleft size-full\" style=\"font-size: 16px;\" \/>Vous \u00eates int\u00e9ress\u00e9 par le b\u00e9n\u00e9volat mais ne savez pas par o\u00f9 commencer ? <a href=\"https:\/\/reseaucompassionnetwork.ca\/fr\/questions-benevolat\/\" target=\"_blank\" rel=\"noopener\">Cliqu<\/a><a href=\"https:\/\/reseaucompassionnetwork.ca\/fr\/questions-benevolat\/\" target=\"_blank\" rel=\"noopener\" style=\"font-size: 16px;\">ez ici<\/a><span style=\"font-size: 16px;\"> pour nous laisser vos coordonn\u00e9es et nous vous contacterons.<\/span><\/p>\n<p>Le b\u00e9n\u00e9volat peut \u00eatre le travail le plus enrichissant que vous ayez jamais fait! C&rsquo;est aussi un excellent moyen de progresser vers la carri\u00e8re que vous avez choisie. Vous pouvez vous familiariser avec le travail dans le domaine qui vous int\u00e9resse, tout en ayant la possibilit\u00e9 d&rsquo;acqu\u00e9rir de l&rsquo;exp\u00e9rience pour votre CV et d&rsquo;obtenir des r\u00e9f\u00e9rences. Le b\u00e9n\u00e9volat vous permet d&rsquo;exprimer vos valeurs, d&rsquo;accro\u00eetre votre estime de soi, d&rsquo;avoir un sentiment d&rsquo;accomplissement, de nouer des relations et de redonner \u00e0 votre communaut\u00e9.<\/p>\n<p>Pour en savoir plus sur les programmes de b\u00e9n\u00e9volat des membres du R\u00e9seau Compassion Network, visitez leur site Web ci-dessous. Explorez l&rsquo;organisation, apprenez \u00e0 conna\u00eetre leurs offres et voyez si cela vous convient!<\/p>\n<p>Vous ne savez pas si le b\u00e9n\u00e9volat est fait pour vous, ou vous avez des questions sur la fa\u00e7on de vous impliquer? Consultez les <a href=\"https:\/\/reseaucompassionnetwork.ca\/fr\/foire-aux-questions\/\">Questions fr\u00e9quemment pos\u00e9es<\/a> pour plus d&rsquo;informations.<\/p>\n<p><!-- \/divi:paragraph --><\/p>\n<p>[\/et_pb_text][et_pb_text _builder_version=\u00a0\u00bb4.16&Prime; _module_preset=\u00a0\u00bbdefault\u00a0\u00bb global_colors_info=\u00a0\u00bb{}\u00a0\u00bb]<\/p>\n<h2>Les membres du R\u00e9seau Compassion Network qui ont un programme de b\u00e9n\u00e9volat<\/h2>\n<p>[\/et_pb_text][et_pb_accordion open_toggle_text_color=\u00a0\u00bb#B92727&Prime; icon_color=\u00a0\u00bb#006DA5&Prime; use_icon_font_size=\u00a0\u00bbon\u00a0\u00bb icon_font_size=\u00a0\u00bb26px\u00a0\u00bb module_class=\u00a0\u00bbpa-add-accordion-icon\u00a0\u00bb _builder_version=\u00a0\u00bb4.23&Prime; _module_preset=\u00a0\u00bbdefault\u00a0\u00bb toggle_text_color=\u00a0\u00bb#B92727&Prime; toggle_font=\u00a0\u00bb||||||||\u00a0\u00bb toggle_font_size=\u00a0\u00bb20px\u00a0\u00bb locked=\u00a0\u00bboff\u00a0\u00bb global_colors_info=\u00a0\u00bb{}\u00a0\u00bb][et_pb_accordion_item title=\u00a0\u00bbHidden Accordion\u00a0\u00bb open=\u00a0\u00bbon\u00a0\u00bb _builder_version=\u00a0\u00bb4.16&Prime; _module_preset=\u00a0\u00bbdefault\u00a0\u00bb custom_css_main_element=\u00a0\u00bbdisplay: none; ||\u00a0\u00bb global_colors_info=\u00a0\u00bb{}\u00a0\u00bb][\/et_pb_accordion_item][et_pb_accordion_item title=\u00a0\u00bbSt.Amant\u00a0\u00bb _builder_version=\u00a0\u00bb4.21.0&Prime; _module_preset=\u00a0\u00bbdefault\u00a0\u00bb global_colors_info=\u00a0\u00bb{}\u00a0\u00bb open=\u00a0\u00bboff\u00a0\u00bb]<\/p>\n<p>St.Amant est un centre de ressources pour les Manitobains atteints de d\u00e9ficiences d\u00e9veloppementales et d&rsquo;autisme. Nous sommes un organisme sans but lucratif qui offre un large \u00e9ventail de programmes et de services pour soutenir les personnes et leurs familles.<\/p>\n<p>St.Amant a un programme de b\u00e9n\u00e9volat dynamique o\u00f9 des personnes de tous \u00e2ges se r\u00e9unissent pour soutenir les personnes atteintes de d\u00e9ficiences d\u00e9veloppementales et nouer des amiti\u00e9s durables. St.Amant accueille toute personne de 12 ans et plus pour faire du b\u00e9n\u00e9volat dans notre organisation, et les familles avec de jeunes enfants peuvent faire du b\u00e9n\u00e9volat ensemble.<\/p>\n<p>L&rsquo;\u00e9ventail des possibilit\u00e9s de b\u00e9n\u00e9volat est vaste. Il peut s&rsquo;agir, par exemple, de soutenir des activit\u00e9s virtuelles, d&rsquo;\u00eatre un correspondant, d&rsquo;aider aux t\u00e2ches administratives ou encore de faire des activit\u00e9s tels aider les gens \u00e0 nager, \u00e0 faire du v\u00e9lo ou \u00e0 faire les choses qu&rsquo;ils aiment. Les possibilit\u00e9s sont infinies pour notre communaut\u00e9 de b\u00e9n\u00e9voles! Quel que soit le poste que vous occupez au sein de l&rsquo;organisation, vous faites une diff\u00e9rence dans la vie des enfants et des adultes atteints de d\u00e9ficience intellectuelle et d&rsquo;autisme, tout en vous amusant!<\/p>\n<p>Les possibilit\u00e9s de b\u00e9n\u00e9volat sont disponibles pendant la journ\u00e9e, le soir et le week-end.<\/p>\n<p>Les opportunit\u00e9s pour les adultes sont disponibles <a href=\"https:\/\/stamant.ca\/careers-volunteers\/adult-volunteers\/\" target=\"_blank\" rel=\"noopener\">ici<\/a>.<\/p>\n<p>Des opportunit\u00e9s pour les jeunes sont disponibles <a href=\"https:\/\/stamant.ca\/careers-volunteers\/youth-volunteers\/\" target=\"_blank\" rel=\"noopener\">ici<\/a>.<\/p>\n<p>(site en anglais seulement)<\/p>\n<p>[\/et_pb_accordion_item][et_pb_accordion_item title=\u00a0\u00bbActionmarguerite\u00a0\u00bb _builder_version=\u00a0\u00bb4.21.0&Prime; _module_preset=\u00a0\u00bbdefault\u00a0\u00bb global_colors_info=\u00a0\u00bb{}\u00a0\u00bb open=\u00a0\u00bboff\u00a0\u00bb]<\/p>\n<p>Actionmarguerite est un important fournisseur bilingue de soins de longue dur\u00e9e et de services exceptionnels de sant\u00e9.<\/p>\n<p>Les r\u00e9sidents d&rsquo;Actionmarguerite ont un large \u00e9ventail d&rsquo;int\u00e9r\u00eats, et nous recherchons des personnes comme vous pour aider \u00e0 cocr\u00e9er des environnements de vie o\u00f9 il fait bon vivre.<\/p>\n<p>Qu&rsquo;il s&rsquo;agisse d&rsquo;appr\u00e9cier les conversations et les promenades ou de partager des hobbies et des passe-temps, en tant que b\u00e9n\u00e9vole, vous disposez d&rsquo;un large \u00e9ventail d&rsquo;opportunit\u00e9s. Quel que soit l&rsquo;endroit o\u00f9 vous faites du b\u00e9n\u00e9volat au sein de l&rsquo;organisation, vous ajoutez du sens et de la joie \u00e0 la vie des personnes qui vivent et travaillent ici. Que vous aimiez \u00eatre en contact direct avec les r\u00e9sidents ou que vous pr\u00e9f\u00e9riez \u00eatre dans l&rsquo;ombre pour aider le personnel, nous pensons qu&rsquo;il y a une opportunit\u00e9 pour vous.<\/p>\n<p>Nos vies sont enrichies par une tapisserie de liens humains ; des personnes avec lesquelles nous pouvons partager des joies, des r\u00e9conforts et des luttes.<\/p>\n<p>Nous sommes impatients de tisser cette tapisserie avec vous !<\/p>\n<p>Nous acceptons d\u00e8s \u00e0 pr\u00e9sent les candidatures pour les activit\u00e9s qui d\u00e9buteront en janvier 2024.<\/p>\n<p>Pour en savoir plus sur le b\u00e9n\u00e9volat \u00e0 Actionmarguerite, veuillez <a href=\"actionmarguerite.ca\/fr\/carrieres\/devenez-benevole\/\" target=\"_blank\" rel=\"noopener\">cliquez ici<\/a>.<br \/>Pour poser votre candidature en tant que b\u00e9n\u00e9vole \u00e0 Actionmarguerite, veuillez <a href=\"https:\/\/app.betterimpact.com\/Application?OrganizationGuid=a63bfd94-856a-4a11-a0cc-39ab4daa325b&amp;ApplicationFormNumber=1\" target=\"_blank\" rel=\"noopener\">cliquer ici<\/a>.<\/p>\n<p>[\/et_pb_accordion_item][et_pb_accordion_item title=\u00a0\u00bbR\u00e9sidence Despins\/Villa Aulneau\u00a0\u00bb _builder_version=\u00a0\u00bb4.21.0&Prime; _module_preset=\u00a0\u00bbdefault\u00a0\u00bb global_colors_info=\u00a0\u00bb{}\u00a0\u00bb open=\u00a0\u00bboff\u00a0\u00bb]<\/p>\n<p>Les r\u00e9sidents de Villa Aulneau et R\u00e9sidence Despins ont un large \u00e9ventail d&rsquo;int\u00e9r\u00eats, et nous recherchons des personnes comme vous pour aider \u00e0 cocr\u00e9er des environnements de vie o\u00f9 il fait bon vivre.<\/p>\n<p>Qu&rsquo;il s&rsquo;agisse d&rsquo;appr\u00e9cier les conversations et les promenades ou de partager des hobbies et des passe-temps, en tant que b\u00e9n\u00e9vole, vous disposez d&rsquo;un large \u00e9ventail d&rsquo;opportunit\u00e9s. Quel que soit l&rsquo;endroit o\u00f9 vous faites du b\u00e9n\u00e9volat au sein de l&rsquo;organisation, vous ajoutez du sens et de la joie \u00e0 la vie des personnes qui vivent et travaillent ici. Que vous aimiez \u00eatre en contact direct avec les r\u00e9sidents ou que vous pr\u00e9f\u00e9riez \u00eatre dans l&rsquo;ombre pour aider le personnel, nous pensons qu&rsquo;il y a une opportunit\u00e9 pour vous.<\/p>\n<p>Nos vies sont enrichies par une tapisserie de liens humains ; des personnes avec lesquelles nous pouvons partager des joies, des r\u00e9conforts et des luttes.<\/p>\n<p>Nous sommes impatients de tisser cette tapisserie avec vous !<\/p>\n<p>Nous acceptons d\u00e8s \u00e0 pr\u00e9sent les candidatures pour les activit\u00e9s qui d\u00e9buteront en janvier 2024.<\/p>\n<p>Pour en savoir plus sur le b\u00e9n\u00e9volat \u00e0 la R\u00e9sidence Despins ou \u00e0 la Villa Aulneau, <a href=\"https:\/\/www.resdespins.ca\/french\/benevolat.php\" target=\"_blank\" rel=\"noopener\">cliquez ici<\/a>.<\/p>\n<p>[\/et_pb_accordion_item][et_pb_accordion_item title=\u00a0\u00bbH\u00f4pital Saint-Boniface\u00a0\u00bb _builder_version=\u00a0\u00bb4.21.0&Prime; _module_preset=\u00a0\u00bbdefault\u00a0\u00bb global_colors_info=\u00a0\u00bb{}\u00a0\u00bb open=\u00a0\u00bboff\u00a0\u00bb]<\/p>\n<p>La mission de l&rsquo;H\u00f4pital Saint-Boniface est ax\u00e9e sur la qualit\u00e9 des soins aux patients, l&rsquo;\u00e9ducation et la recherche pour l&rsquo;am\u00e9lioration des soins aux patients. Elle est accomplie gr\u00e2ce au travail d&rsquo;\u00e9quipe, \u00e0 l&rsquo;innovation et \u00e0 la recherche constante de soins compatissants pour les personnes dans le besoin.<\/p>\n<p>Deuxi\u00e8me plus grand h\u00f4pital du Manitoba, il offre des programmes d&rsquo;approche communautaire, des programmes de soins ambulatoires et des services aux patients hospitalis\u00e9s. L&rsquo;H\u00f4pital a fait preuve d&rsquo;un leadership provincial et d&rsquo;une expertise importante dans les domaines des sciences cardiaques, de la m\u00e9decine d&rsquo;urgence, des maladies gastro-intestinales, des neurosciences, de l&rsquo;oncologie, des soins palliatifs, des soins p\u00e9rinataux, de la m\u00e9decine g\u00e9riatrique et de la m\u00e9decine familiale.<\/p>\n<p>Saint-Boniface emploie 3 500 personnes dans diverses fonctions de soutien. En outre, quelque 340 m\u00e9decins ont des privil\u00e8ges d&rsquo;admission \u00e0 SBH.<a href=\"https:\/\/sarariel.ca\/fr\/benevole\/\" target=\"_blank\" rel=\"noopener\"><\/a><a href=\"https:\/\/stbonifacehospital.ca\/fr\/benevole\/\" target=\"_blank\" rel=\"noopener\"><\/a><\/p>\n<p>Pour en savoir plus sur le b\u00e9n\u00e9volat \u00e0 l&rsquo;h\u00f4pital, <a href=\"https:\/\/stbonifacehospital.ca\/fr\/benevole\/\" target=\"_blank\" rel=\"noopener\">cliquez ici<\/a>.<\/p>\n<p>[\/et_pb_accordion_item][et_pb_accordion_item title=\u00a0\u00bbCentre Flavie\u00a0\u00bb _builder_version=\u00a0\u00bb4.23&Prime; _module_preset=\u00a0\u00bbdefault\u00a0\u00bb global_colors_info=\u00a0\u00bb{}\u00a0\u00bb open=\u00a0\u00bboff\u00a0\u00bb]<\/p>\n<p>Le Centre Flavie s&rsquo;efforce d&rsquo;\u00eatre un alli\u00e9 efficace dans la lutte contre la pauvret\u00e9 afin que les plus vuln\u00e9rables puissent vivre dignement. Le Centre Flavie incarne les valeurs de justice sociale, de respect de toutes les personnes, de compassion pour les autres, de responsabilit\u00e9 environnementale et de soutien aux personnes d\u00e9munies et vuln\u00e9rables en leur apportant du r\u00e9confort par la distribution gratuite de biens mat\u00e9riels.<\/p>\n<p>Pour en savoir plus sur le b\u00e9n\u00e9volat au Centre Flavie, <a href=\"https:\/\/centreflavie.com\/dons\/benevole\/\" target=\"_blank\" rel=\"noopener\">cliquez ici<\/a>.<\/p>\n<p>[\/et_pb_accordion_item][et_pb_accordion_item title=\u00a0\u00bbSara Riel\u00a0\u00bb _builder_version=\u00a0\u00bb4.23&Prime; _module_preset=\u00a0\u00bbdefault\u00a0\u00bb global_colors_info=\u00a0\u00bb{}\u00a0\u00bb open=\u00a0\u00bboff\u00a0\u00bb]<\/p>\n<p>La mission de Sara Riel est de fournir aux personnes ayant des probl\u00e8mes de sant\u00e9 mentale et de toxicomanie un environnement s\u00fbr, inclusif et engageant o\u00f9 les besoins autod\u00e9termin\u00e9s sont valoris\u00e9s et o\u00f9 tous sont aid\u00e9s \u00e0 atteindre leurs objectifs.<\/p>\n<p>Notre vision est que les personnes ayant des probl\u00e8mes de sant\u00e9 mentale, de toxicomanie ou de d\u00e9pendance atteignent leur plein potentiel sur le plan mental, physique, social et spirituel.<\/p>\n<p>Pour en savoir plus sur le b\u00e9n\u00e9volat \u00e0 Sara Riel, <a href=\"https:\/\/sarariel.ca\/fr\/benevole\/\" target=\"_blank\" rel=\"noopener\">cliquez ici<\/a>.<\/p>\n<p><a href=\"https:\/\/sarariel.ca\/fr\/benevole\/\" target=\"_blank\" rel=\"noopener\"><\/a><\/p>\n<p>[\/et_pb_accordion_item][et_pb_accordion_item title=\u00a0\u00bbLe Centre de sant\u00e9 communautaire Youville Saint-Vital\u00a0\u00bb _builder_version=\u00a0\u00bb4.23&Prime; _module_preset=\u00a0\u00bbdefault\u00a0\u00bb global_colors_info=\u00a0\u00bb{}\u00a0\u00bb open=\u00a0\u00bboff\u00a0\u00bb]<\/p>\n<p>Le Centre de sant\u00e9 communautaire Youville Saint-Vital est un lieu o\u00f9 les gens sont entendus et peuvent travailler sur leurs probl\u00e8mes de sant\u00e9 avec une \u00e9quipe de professionnels de la sant\u00e9 bien inform\u00e9s. Le Centre Youville croit que la sant\u00e9 comprend les aspects physiques, \u00e9motionnels et spirituels de la vie. Des facteurs tels que le logement, l&rsquo;\u00e9ducation, la nourriture et le revenu ont un impact sur votre sant\u00e9. Que la personne ait besoin de soins de sant\u00e9, d&rsquo;une \u00e9ducation au bien-\u00eatre ou de conseils et de soutien, le Centre Youville peut l&rsquo;aider \u00e0 devenir une personne plus saine.<\/p>\n<p>L&rsquo;objectif du programme de b\u00e9n\u00e9volat du Centre Youville est d&rsquo;offrir aux membres de la communaut\u00e9 des occasions d&rsquo;enrichir les programmes, les services et les exp\u00e9riences des clients du Centre Youville. Que ce soit en premi\u00e8re ligne ou dans les coulisses, le b\u00e9n\u00e9vole peut aider \u00e0 construire un St. Vital plus fort et plus sain.<\/p>\n<p>Pour en savoir plus sur le b\u00e9n\u00e9volat \u00e0 Youville, <a href=\"http:\/\/www.youville.ca\/centre-sant\u00e9-communautaire\/b\u00e9n\u00e9volat-contactez\" target=\"_blank\" rel=\"noopener\">cliquez ici<\/a>.<\/p>\n<p>[\/et_pb_accordion_item][\/et_pb_accordion][\/et_pb_column][et_pb_column type=\u00a0\u00bb1_3&Prime; _builder_version=\u00a0\u00bb4.16&Prime; _module_preset=\u00a0\u00bbdefault\u00a0\u00bb global_colors_info=\u00a0\u00bb{}\u00a0\u00bb][et_pb_image src=\u00a0\u00bbhttps:\/\/reseaucompassionnetwork.ca\/wp-content\/uploads\/2022\/04\/MIke-K-St-Amant.jpg\u00a0\u00bb title_text=\u00a0\u00bbMIke-K-St-Amant\u00a0\u00bb _builder_version=\u00a0\u00bb4.17.4&Prime; _module_preset=\u00a0\u00bbdefault\u00a0\u00bb custom_padding=\u00a0\u00bb19px||||false|false\u00a0\u00bb locked=\u00a0\u00bboff\u00a0\u00bb global_colors_info=\u00a0\u00bb{}\u00a0\u00bb][\/et_pb_image][et_pb_text _builder_version=\u00a0\u00bb4.17.4&Prime; _module_preset=\u00a0\u00bbdefault\u00a0\u00bb text_font=\u00a0\u00bb||on||||||\u00a0\u00bb text_text_color=\u00a0\u00bb#006DA5&Prime; text_font_size=\u00a0\u00bb18px\u00a0\u00bb custom_padding=\u00a0\u00bb30px|28px|||false|false\u00a0\u00bb custom_css_main_element=\u00a0\u00bbline-height: 1.7em;\u00a0\u00bb locked=\u00a0\u00bboff\u00a0\u00bb global_colors_info=\u00a0\u00bb{}\u00a0\u00bb]<\/p>\n<p>St.Amant a un programme de b\u00e9n\u00e9volat dynamique o\u00f9 des personnes de tous \u00e2ges se r\u00e9unissent pour soutenir les personnes atteintes de d\u00e9ficiences d\u00e9veloppementales et nouer des amiti\u00e9s durables.<\/p>\n<p>[\/et_pb_text][\/et_pb_column][\/et_pb_row][\/et_pb_section]<\/p>\n","protected":false},"excerpt":{"rendered":"<p>Devenez b\u00e9n\u00e9vole! &nbsp; Vous \u00eates int\u00e9ress\u00e9 par le b\u00e9n\u00e9volat mais ne savez pas par o\u00f9 commencer ? Cliquez ici pour nous laisser vos coordonn\u00e9es et nous vous contacterons. Le b\u00e9n\u00e9volat peut \u00eatre le travail le plus enrichissant que vous ayez jamais fait! C&rsquo;est aussi un excellent moyen de progresser vers la carri\u00e8re que vous avez&hellip; <a class=\"continue\" href=\"https:\/\/reseaucompassionnetwork.ca\/fr\/rejoignez-notre-equipe-de-compassion\/\">Continue Reading<span> Rejoignez notre \u00e9quipe de compassion<\/span><\/a><\/p>\n","protected":false},"author":126,"featured_media":10132,"parent":0,"menu_order":0,"comment_status":"closed","ping_status":"closed","template":"","meta":{"_et_pb_use_builder":"on","_et_pb_old_content":"<!-- wp:paragraph -->\n<p>Sed ut perspiciatis unde omnis iste natus error sit voluptatem accusantium doloremque laudantium, totam rem aperiam, eaque ipsa quae ab illo inventore veritatis et quasi architecto beatae vitae dicta sunt explicabo. Nemo enim ipsam voluptatem quia voluptas sit aspernatur aut odit aut fugit, sed quia consequuntur magni dolores eos qui ratione voluptatem sequi nesciunt. Neque porro quisquam est, qui dolorem ipsum quia dolor sit amet, consectetur, adipisci velit, sed quia non numquam eius modi tempora incidunt ut labore et dolore magnam aliquam quaerat voluptatem. Ut enim ad minima veniam, quis nostrum exercitationem ullam corporis suscipit laboriosam, nisi ut aliquid ex ea commodi consequatur? Quis autem vel eum iure reprehenderit qui in ea voluptate velit esse quam nihil molestiae consequatur, vel illum qui dolorem eum fugiat quo voluptas nulla pariatur?<\/p>\n<!-- \/wp:paragraph -->","_et_gb_content_width":"","_monsterinsights_skip_tracking":false,"_monsterinsights_sitenote_active":false,"_monsterinsights_sitenote_note":"","_monsterinsights_sitenote_category":0,"footnotes":""},"class_list":["post-9100","page","type-page","status-publish","has-post-thumbnail","hentry"],"_links":{"self":[{"href":"https:\/\/reseaucompassionnetwork.ca\/fr\/wp-json\/wp\/v2\/pages\/9100","targetHints":{"allow":["GET"]}}],"collection":[{"href":"https:\/\/reseaucompassionnetwork.ca\/fr\/wp-json\/wp\/v2\/pages"}],"about":[{"href":"https:\/\/reseaucompassionnetwork.ca\/fr\/wp-json\/wp\/v2\/types\/page"}],"author":[{"embeddable":true,"href":"https:\/\/reseaucompassionnetwork.ca\/fr\/wp-json\/wp\/v2\/users\/126"}],"replies":[{"embeddable":true,"href":"https:\/\/reseaucompassionnetwork.ca\/fr\/wp-json\/wp\/v2\/comments?post=9100"}],"version-history":[{"count":38,"href":"https:\/\/reseaucompassionnetwork.ca\/fr\/wp-json\/wp\/v2\/pages\/9100\/revisions"}],"predecessor-version":[{"id":16700,"href":"https:\/\/reseaucompassionnetwork.ca\/fr\/wp-json\/wp\/v2\/pages\/9100\/revisions\/16700"}],"wp:featuredmedia":[{"embeddable":true,"href":"https:\/\/reseaucompassionnetwork.ca\/fr\/wp-json\/wp\/v2\/media\/10132"}],"wp:attachment":[{"href":"https:\/\/reseaucompassionnetwork.ca\/fr\/wp-json\/wp\/v2\/media?parent=9100"}],"curies":[{"name":"wp","href":"https:\/\/api.w.org\/{rel}","templated":true}]}}