

{"id":7962,"date":"2021-07-22T15:02:04","date_gmt":"2021-07-22T19:02:04","guid":{"rendered":"https:\/\/wordpress-364990-2038784.cloudwaysapps.com\/subventions-et-parrainage\/financement-annuel\/"},"modified":"2021-09-02T17:01:04","modified_gmt":"2021-09-02T21:01:04","slug":"financement-annuel","status":"publish","type":"page","link":"https:\/\/reseaucompassionnetwork.ca\/fr\/repondre-aux-besoins-non-satisfaits\/financement-annuel\/","title":{"rendered":"Financement annuel"},"content":{"rendered":"<p>[et_pb_section fb_built=\u00a0\u00bb1&Prime; fullwidth=\u00a0\u00bbon\u00a0\u00bb next_background_color=\u00a0\u00bb#ffffff\u00a0\u00bb _builder_version=\u00a0\u00bb4.6.0&Prime; use_background_color_gradient=\u00a0\u00bbon\u00a0\u00bb background_color_gradient_start=\u00a0\u00bb#f7f4eb\u00a0\u00bb background_color_gradient_end=\u00a0\u00bbrgba(0,0,0,0)\u00a0\u00bb background_color_gradient_direction=\u00a0\u00bb98deg\u00a0\u00bb background_color_gradient_start_position=\u00a0\u00bb28%\u00a0\u00bb background_color_gradient_overlays_image=\u00a0\u00bbon\u00a0\u00bb background_image=\u00a0\u00bbhttps:\/\/reseaucompassionnetwork.ca\/wp-content\/uploads\/2021\/07\/Replaces-women-in-bannerNEWresized-e1627499438549.jpg\u00a0\u00bb bottom_divider_style=\u00a0\u00bbwave2&Prime; bottom_divider_height=\u00a0\u00bb39px\u00a0\u00bb][et_pb_fullwidth_post_title title=\u00a0\u00bboff\u00a0\u00bb meta=\u00a0\u00bboff\u00a0\u00bb featured_placement=\u00a0\u00bbbackground\u00a0\u00bb admin_label=\u00a0\u00bbchange featured image in post details\u00a0\u00bb _builder_version=\u00a0\u00bb4.4.7&Prime; background_color=\u00a0\u00bbrgba(0,0,0,0)\u00a0\u00bb use_background_color_gradient=\u00a0\u00bbon\u00a0\u00bb background_color_gradient_start=\u00a0\u00bb#ffffff\u00a0\u00bb background_color_gradient_end=\u00a0\u00bbrgba(255,255,255,0)\u00a0\u00bb background_color_gradient_end_position=\u00a0\u00bb50%\u00a0\u00bb background_color_gradient_overlays_image=\u00a0\u00bbon\u00a0\u00bb][\/et_pb_fullwidth_post_title][\/et_pb_section][et_pb_section fb_built=\u00a0\u00bb1&Prime; _builder_version=\u00a0\u00bb4.4.7&Prime; background_color_gradient_start_position=\u00a0\u00bb30%\u00a0\u00bb custom_padding=\u00a0\u00bb0px||40px||false|false\u00a0\u00bb top_divider_style=\u00a0\u00bbnone\u00a0\u00bb top_divider_color=\u00a0\u00bb#f7f4eb\u00a0\u00bb top_divider_height=\u00a0\u00bb50px\u00a0\u00bb top_divider_flip=\u00a0\u00bbhorizontal\u00a0\u00bb bottom_divider_height=\u00a0\u00bb50px\u00a0\u00bb][et_pb_row _builder_version=\u00a0\u00bb4.4.7&Prime; custom_margin=\u00a0\u00bb0px||0px||false|false\u00a0\u00bb custom_padding=\u00a0\u00bb0px||0px||false|false\u00a0\u00bb][et_pb_column type=\u00a0\u00bb4_4&Prime; _builder_version=\u00a0\u00bb4.4.7&Prime;][et_pb_post_title meta=\u00a0\u00bboff\u00a0\u00bb featured_image=\u00a0\u00bboff\u00a0\u00bb _builder_version=\u00a0\u00bb4.4.7&Prime; title_text_color=\u00a0\u00bb#006699&Prime; custom_margin=\u00a0\u00bb0px||0px||false|false\u00a0\u00bb custom_padding=\u00a0\u00bb0px||0px||false|false\u00a0\u00bb][\/et_pb_post_title][\/et_pb_column][\/et_pb_row][et_pb_row column_structure=\u00a0\u00bb2_3,1_3&Prime; _builder_version=\u00a0\u00bb4.4.7&Prime; custom_padding=\u00a0\u00bb0px||25px||false|false\u00a0\u00bb][et_pb_column type=\u00a0\u00bb2_3&Prime; _builder_version=\u00a0\u00bb4.4.7&Prime;][et_pb_text _builder_version=\u00a0\u00bb4.4.7&Prime; custom_margin=\u00a0\u00bb||-2px|||\u00a0\u00bb]<\/p>\n<h2><\/h2>\n<h3><strong style=\"font-size: 16px; color: #555658; font-family: 'Open Sans', Helvetica, Arial, Lucida, sans-serif;\"><span>Programme de bourses<\/span><\/strong><\/h3>\n<p>Le R\u00e9seau Compassion Network est fier d\u2019offrir des bourses d\u2019\u00e9tudes et de formation<b>\u00a0<\/b>en ligne pour des individu(e)s ou des groupes. Pour en savoir plus,\u00a0<a href=\"\/fr\/education-et-formation\/programme-de-bourses\/\" style=\"font-size: 16px;\">cliquez ici<\/a>.<\/p>\n<p><strong><\/strong><\/p>\n<p>[\/et_pb_text][et_pb_text _builder_version=\u00a0\u00bb4.6.0&Prime; custom_margin=\u00a0\u00bb40px||||false|false\u00a0\u00bb]<\/p>\n<h3><\/h3>\n<p><strong>Fonds des Charit\u00e9s des Soeurs du Sauveur<\/strong><\/p>\n<p>Le Fonds des Charit\u00e9s des Soeurs du Sauveur a \u00e9t\u00e9 cr\u00e9\u00e9 en 2008 et est g\u00e9r\u00e9 par Dorais Charit\u00e9s. Depuis son lancement, plus de 70 groupes et organisations diff\u00e9rents ont re\u00e7u un soutien pour aider \u00e0 r\u00e9pondre aux besoins essentiels de la communaut\u00e9, tels que le logement des sans-abri, des repas sains pour les enfants qui ont faim dans notre province et bien plus encore.<\/p>\n<p>[\/et_pb_text][\/et_pb_column][et_pb_column type=\u00a0\u00bb1_3&Prime; _builder_version=\u00a0\u00bb4.4.7&Prime;][et_pb_image src=\u00a0\u00bbhttps:\/\/reseaucompassionnetwork.ca\/wp-content\/uploads\/2021\/08\/Annual-funding2.jpg\u00a0\u00bb title_text=\u00a0\u00bbAnnual-funding2&Prime; _builder_version=\u00a0\u00bb4.6.0&Prime; _module_preset=\u00a0\u00bbdefault\u00a0\u00bb][\/et_pb_image][\/et_pb_column][\/et_pb_row][\/et_pb_section]<\/p>\n","protected":false},"excerpt":{"rendered":"<p>Programme de bourses Le R\u00e9seau Compassion Network est fier d\u2019offrir des bourses d\u2019\u00e9tudes et de formation\u00a0en ligne pour des individu(e)s ou des groupes. Pour en savoir plus,\u00a0cliquez ici. Fonds des Charit\u00e9s des Soeurs du Sauveur Le Fonds des Charit\u00e9s des Soeurs du Sauveur a \u00e9t\u00e9 cr\u00e9\u00e9 en 2008 et est g\u00e9r\u00e9 par Dorais Charit\u00e9s. Depuis&hellip; <a class=\"continue\" href=\"https:\/\/reseaucompassionnetwork.ca\/fr\/repondre-aux-besoins-non-satisfaits\/financement-annuel\/\">Continue Reading<span> Financement annuel<\/span><\/a><\/p>\n","protected":false},"author":126,"featured_media":0,"parent":2806,"menu_order":0,"comment_status":"closed","ping_status":"closed","template":"","meta":{"_et_pb_use_builder":"on","_et_pb_old_content":"","_et_gb_content_width":"","_monsterinsights_skip_tracking":false,"_monsterinsights_sitenote_active":false,"_monsterinsights_sitenote_note":"","_monsterinsights_sitenote_category":0,"footnotes":""},"class_list":["post-7962","page","type-page","status-publish","hentry"],"_links":{"self":[{"href":"https:\/\/reseaucompassionnetwork.ca\/fr\/wp-json\/wp\/v2\/pages\/7962","targetHints":{"allow":["GET"]}}],"collection":[{"href":"https:\/\/reseaucompassionnetwork.ca\/fr\/wp-json\/wp\/v2\/pages"}],"about":[{"href":"https:\/\/reseaucompassionnetwork.ca\/fr\/wp-json\/wp\/v2\/types\/page"}],"author":[{"embeddable":true,"href":"https:\/\/reseaucompassionnetwork.ca\/fr\/wp-json\/wp\/v2\/users\/126"}],"replies":[{"embeddable":true,"href":"https:\/\/reseaucompassionnetwork.ca\/fr\/wp-json\/wp\/v2\/comments?post=7962"}],"version-history":[{"count":8,"href":"https:\/\/reseaucompassionnetwork.ca\/fr\/wp-json\/wp\/v2\/pages\/7962\/revisions"}],"predecessor-version":[{"id":8509,"href":"https:\/\/reseaucompassionnetwork.ca\/fr\/wp-json\/wp\/v2\/pages\/7962\/revisions\/8509"}],"up":[{"embeddable":true,"href":"https:\/\/reseaucompassionnetwork.ca\/fr\/wp-json\/wp\/v2\/pages\/2806"}],"wp:attachment":[{"href":"https:\/\/reseaucompassionnetwork.ca\/fr\/wp-json\/wp\/v2\/media?parent=7962"}],"curies":[{"name":"wp","href":"https:\/\/api.w.org\/{rel}","templated":true}]}}