

{"id":7928,"date":"2021-07-16T18:22:00","date_gmt":"2021-07-16T22:22:00","guid":{"rendered":"https:\/\/wordpress-364990-2038784.cloudwaysapps.com\/subventions-et-parrainage\/subventions-dinspiration-et-dexploration\/"},"modified":"2026-01-13T11:39:51","modified_gmt":"2026-01-13T17:39:51","slug":"subventions-inspiration","status":"publish","type":"page","link":"https:\/\/reseaucompassionnetwork.ca\/fr\/repondre-aux-besoins-non-satisfaits\/subventions-inspiration\/","title":{"rendered":"Subventions Inspiration"},"content":{"rendered":"<p>[et_pb_section fb_built=\u00a0\u00bb1&Prime; fullwidth=\u00a0\u00bbon\u00a0\u00bb next_background_color=\u00a0\u00bb#ffffff\u00a0\u00bb _builder_version=\u00a0\u00bb4.16&Prime; background_color=\u00a0\u00bb#F7F4EB\u00a0\u00bb background_color_gradient_direction=\u00a0\u00bb99deg\u00a0\u00bb background_color_gradient_start=\u00a0\u00bb#f7f4eb\u00a0\u00bb background_color_gradient_end=\u00a0\u00bbrgba(0,0,0,0)\u00a0\u00bb background_enable_image=\u00a0\u00bboff\u00a0\u00bb bottom_divider_style=\u00a0\u00bbwave2&Prime; bottom_divider_height=\u00a0\u00bb39px\u00a0\u00bb global_colors_info=\u00a0\u00bb{}\u00a0\u00bb][et_pb_fullwidth_post_title title=\u00a0\u00bboff\u00a0\u00bb meta=\u00a0\u00bboff\u00a0\u00bb featured_placement=\u00a0\u00bbbackground\u00a0\u00bb admin_label=\u00a0\u00bbchange featured image in post details\u00a0\u00bb _builder_version=\u00a0\u00bb4.16&Prime; background_color=\u00a0\u00bbrgba(0,0,0,0)\u00a0\u00bb use_background_color_gradient=\u00a0\u00bbon\u00a0\u00bb background_color_gradient_stops=\u00a0\u00bb#ffffff 0%|rgba(255,255,255,0) 50%\u00a0\u00bb background_color_gradient_overlays_image=\u00a0\u00bbon\u00a0\u00bb background_color_gradient_start=\u00a0\u00bb#ffffff\u00a0\u00bb background_color_gradient_end=\u00a0\u00bbrgba(255,255,255,0)\u00a0\u00bb background_color_gradient_end_position=\u00a0\u00bb50%\u00a0\u00bb global_colors_info=\u00a0\u00bb{}\u00a0\u00bb][\/et_pb_fullwidth_post_title][\/et_pb_section][et_pb_section fb_built=\u00a0\u00bb1&Prime; _builder_version=\u00a0\u00bb4.19.1&Prime; use_background_color_gradient=\u00a0\u00bbon\u00a0\u00bb background_color_gradient_stops=\u00a0\u00bb#ffffff 30%|#f0f6f9 99%\u00a0\u00bb custom_padding=\u00a0\u00bb0px||40px||false|false\u00a0\u00bb top_divider_style=\u00a0\u00bbnone\u00a0\u00bb top_divider_color=\u00a0\u00bb#f7f4eb\u00a0\u00bb top_divider_height=\u00a0\u00bb50px\u00a0\u00bb top_divider_flip=\u00a0\u00bbhorizontal\u00a0\u00bb bottom_divider_height=\u00a0\u00bb50px\u00a0\u00bb global_colors_info=\u00a0\u00bb{}\u00a0\u00bb][et_pb_row _builder_version=\u00a0\u00bb4.16&Prime; custom_margin=\u00a0\u00bb0px||0px||false|false\u00a0\u00bb custom_padding=\u00a0\u00bb0px||0px||false|false\u00a0\u00bb global_colors_info=\u00a0\u00bb{}\u00a0\u00bb][et_pb_column type=\u00a0\u00bb4_4&Prime; _builder_version=\u00a0\u00bb4.16&Prime; global_colors_info=\u00a0\u00bb{}\u00a0\u00bb][et_pb_post_title meta=\u00a0\u00bboff\u00a0\u00bb featured_image=\u00a0\u00bboff\u00a0\u00bb _builder_version=\u00a0\u00bb4.19.1&Prime; title_text_color=\u00a0\u00bb#006699&Prime; title_line_height=\u00a0\u00bb1.3em\u00a0\u00bb custom_margin=\u00a0\u00bb0px||0px||false|false\u00a0\u00bb custom_padding=\u00a0\u00bb0px||0px||false|false\u00a0\u00bb global_colors_info=\u00a0\u00bb{}\u00a0\u00bb][\/et_pb_post_title][\/et_pb_column][\/et_pb_row][et_pb_row column_structure=\u00a0\u00bb2_3,1_3&Prime; _builder_version=\u00a0\u00bb4.16&Prime; custom_padding=\u00a0\u00bb0px||25px||false|false\u00a0\u00bb global_colors_info=\u00a0\u00bb{}\u00a0\u00bb][et_pb_column type=\u00a0\u00bb2_3&Prime; _builder_version=\u00a0\u00bb4.16&Prime; global_colors_info=\u00a0\u00bb{}\u00a0\u00bb][et_pb_text _builder_version=\u00a0\u00bb4.17.4&Prime; custom_margin=\u00a0\u00bb||-2px|||\u00a0\u00bb custom_padding=\u00a0\u00bb||10px|||\u00a0\u00bb global_colors_info=\u00a0\u00bb{}\u00a0\u00bb]<\/p>\n<h2>Les subventions Inspiration sont con\u00e7ues pour aider \u00e0 concr\u00e9tiser les r\u00eaves et les id\u00e9es du personnel de premi\u00e8re ligne.<\/h2>\n<p>Nous recherchons des solutions innovantes et audacieuses \u00e0 des besoins non satisfaits, et les b\u00e9n\u00e9ficiaires re\u00e7oivent jusqu&rsquo;\u00e0 50 000 dollars pour mettre leurs plans en action.\u00a0<\/p>\n<p><span style=\"color: #003366; font-weight: 600;\">Veuillez noter\u00a0<\/span>que ces subventions sont ouvertes uniquement aux <a href=\"https:\/\/reseaucompassionnetwork.ca\/fr\/nos-agences-de-services\/\">membres<\/a> du R\u00e9seau Compassion Network. <strong>La prochaine session de demandes de subventions sera ouverte en 2027<\/strong>.<\/p>\n<p>Les subventions d&rsquo;inspiration ont permis de r\u00e9aliser des choses incroyables au sein du r\u00e9seau. Le personnel de premi\u00e8re ligne voit un besoin, trouve une solution, obtient l&rsquo;approbation de son leadership et donne vie \u00e0 des id\u00e9es novatrices.<\/p>\n<p>Depuis 2019, nous avons distribu\u00e9 plus de 700 000 $ \u00e0 des projets qui ont soutenu des enfants, des adultes, des personnes \u00e2g\u00e9es, des personnes handicap\u00e9es et tous les types de patients et de clients.<\/p>\n<p>Une liste compl\u00e8te des projets financ\u00e9s figure sur cette page, ou vous pouvez regarder la vid\u00e9o pour avoir une id\u00e9e de la fa\u00e7on dont les projets ont vu le jour par le pass\u00e9.<\/p>\n<p>[\/et_pb_text][et_pb_blurb url_new_window=\u00a0\u00bbon\u00a0\u00bb use_icon=\u00a0\u00bbon\u00a0\u00bb font_icon=\u00a0\u00bb&#x68;||divi||400&Prime; icon_color=\u00a0\u00bb#ffffff\u00a0\u00bb image_icon_background_color=\u00a0\u00bb#b92727&Prime; icon_placement=\u00a0\u00bbleft\u00a0\u00bb image_icon_width=\u00a0\u00bb16px\u00a0\u00bb _builder_version=\u00a0\u00bb4.27.4&Prime; image_icon_custom_padding=\u00a0\u00bb8px|8px|8px|8px|false|false\u00a0\u00bb custom_margin=\u00a0\u00bb||10px||false|false\u00a0\u00bb link_option_url=\u00a0\u00bbhttp:\/\/reseaucompassionnetwork.ca\/wp-content\/uploads\/2025\/01\/Grant-Guidelines-FR.pdf\u00a0\u00bb border_radii_image=\u00a0\u00bbon|100%|100%|100%|100%\u00a0\u00bb use_circle=\u00a0\u00bbon\u00a0\u00bb global_colors_info=\u00a0\u00bb{}\u00a0\u00bb image_icon_background_color__sticky_enabled=\u00a0\u00bb#b92727&Prime; image_icon_background_color__sticky=\u00a0\u00bb#b92727&Prime;]<\/p>\n<p><strong>Guide pratique des demandes de subvention<\/strong><\/p>\n<p>[\/et_pb_blurb][et_pb_blurb url_new_window=\u00a0\u00bbon\u00a0\u00bb use_icon=\u00a0\u00bbon\u00a0\u00bb font_icon=\u00a0\u00bb&#x68;||divi||400&Prime; icon_color=\u00a0\u00bb#ffffff\u00a0\u00bb image_icon_background_color=\u00a0\u00bb#b92727&Prime; icon_placement=\u00a0\u00bbleft\u00a0\u00bb image_icon_width=\u00a0\u00bb16px\u00a0\u00bb disabled_on=\u00a0\u00bboff|off|off\u00a0\u00bb _builder_version=\u00a0\u00bb4.27.4&Prime; image_icon_custom_padding=\u00a0\u00bb8px|8px|8px|8px|false|false\u00a0\u00bb custom_margin=\u00a0\u00bb||10px||false|false\u00a0\u00bb link_option_url=\u00a0\u00bbhttp:\/\/reseaucompassionnetwork.ca\/wp-content\/uploads\/2025\/01\/Grant-Poster-FR.pdf\u00a0\u00bb link_option_url_new_window=\u00a0\u00bbon\u00a0\u00bb border_radii_image=\u00a0\u00bbon|100%|100%|100%|100%\u00a0\u00bb use_circle=\u00a0\u00bbon\u00a0\u00bb global_colors_info=\u00a0\u00bb{}\u00a0\u00bb image_icon_background_color__sticky_enabled=\u00a0\u00bb#b92727&Prime; image_icon_background_color__sticky=\u00a0\u00bb#b92727&Prime;]<\/p>\n<p><strong>Affiche<\/strong><\/p>\n<p>[\/et_pb_blurb][et_pb_blurb url_new_window=\u00a0\u00bbon\u00a0\u00bb use_icon=\u00a0\u00bbon\u00a0\u00bb font_icon=\u00a0\u00bb&#x68;||divi||400&Prime; icon_color=\u00a0\u00bb#ffffff\u00a0\u00bb image_icon_background_color=\u00a0\u00bb#b92727&Prime; icon_placement=\u00a0\u00bbleft\u00a0\u00bb image_icon_width=\u00a0\u00bb16px\u00a0\u00bb disabled_on=\u00a0\u00bbon|on|on\u00a0\u00bb _builder_version=\u00a0\u00bb4.27.5&Prime; image_icon_custom_padding=\u00a0\u00bb8px|8px|8px|8px|false|false\u00a0\u00bb custom_margin=\u00a0\u00bb||10px||false|false\u00a0\u00bb link_option_url=\u00a0\u00bbhttps:\/\/reseaucompassionnetwork.ca\/wp-content\/uploads\/2025\/01\/Inspiration-Grant-Form-FR-2025.docx\u00a0\u00bb link_option_url_new_window=\u00a0\u00bbon\u00a0\u00bb hover_enabled=\u00a0\u00bb0&Prime; border_radii_image=\u00a0\u00bbon|100%|100%|100%|100%\u00a0\u00bb use_circle=\u00a0\u00bbon\u00a0\u00bb global_colors_info=\u00a0\u00bb{}\u00a0\u00bb image_icon_background_color__sticky_enabled=\u00a0\u00bb#b92727&Prime; image_icon_background_color__sticky=\u00a0\u00bb#b92727&Prime; disabled=\u00a0\u00bbon\u00a0\u00bb sticky_enabled=\u00a0\u00bb0&Prime;]<\/p>\n<p><strong>Formulaire de demande de la subvention Inspiration<\/strong> (format Microsoft Word)<\/p>\n<p>[\/et_pb_blurb][\/et_pb_column][et_pb_column type=\u00a0\u00bb1_3&Prime; _builder_version=\u00a0\u00bb4.16&Prime; global_colors_info=\u00a0\u00bb{}\u00a0\u00bb][et_pb_video src=\u00a0\u00bbhttps:\/\/www.youtube.com\/watch?v=clO0KD7DIwI\u00a0\u00bb _builder_version=\u00a0\u00bb4.16&Prime; _module_preset=\u00a0\u00bbdefault\u00a0\u00bb global_colors_info=\u00a0\u00bb{}\u00a0\u00bb][\/et_pb_video][et_pb_accordion _builder_version=\u00a0\u00bb4.27.4&Prime; _module_preset=\u00a0\u00bbdefault\u00a0\u00bb global_colors_info=\u00a0\u00bb{}\u00a0\u00bb][et_pb_accordion_item title=\u00a0\u00bbVotre titre va ici\u00a0\u00bb open=\u00a0\u00bbon\u00a0\u00bb _builder_version=\u00a0\u00bb4.27.4&Prime; _module_preset=\u00a0\u00bbdefault\u00a0\u00bb custom_css_free_form=\u00a0\u00bbselector {||  display: none;||}\u00a0\u00bb global_colors_info=\u00a0\u00bb{}\u00a0\u00bb]<\/p>\n<p>Your content goes here. Edit or remove this text inline or in the module Content settings. You can also style every aspect of this content in the module Design settings and even apply custom CSS to this text in the module Advanced settings.<\/p>\n<p>[\/et_pb_accordion_item][et_pb_accordion_item title=\u00a0\u00bbB\u00e9n\u00e9ficiaires 2023&Prime; _builder_version=\u00a0\u00bb4.27.4&Prime; _module_preset=\u00a0\u00bbdefault\u00a0\u00bb global_colors_info=\u00a0\u00bb{}\u00a0\u00bb open=\u00a0\u00bboff\u00a0\u00bb]<\/p>\n<ul>\n<li><strong>St.Amant<\/strong><br \/>Conception d&rsquo;un programme visant \u00e0 aider les familles ayant des enfants autistes \u00e0 trouver des moyens d&rsquo;am\u00e9liorer l&rsquo;apport nutritionnel de leurs enfants, qui ont souvent du mal \u00e0 se nourrir (probl\u00e8mes de go\u00fbt, de texture et de pr\u00e9f\u00e9rences).<\/li>\n<li><strong>Centre de sant\u00e9 de Winnipegosis<\/strong><br \/>Conception et construction d&rsquo;un syst\u00e8me am\u00e9lior\u00e9 de chemins ext\u00e9rieurs o\u00f9 les patient.e.s, le personnel et les familles de Winnipegosis, qui avaient du mal \u00e0 se d\u00e9placer en toute s\u00e9curit\u00e9 sur le terrain en fauteuil roulant ou avec l\u2019aide d\u2019une marchette, peuvent maintenant accueillir des gens, visiter la grotte locale et passer du temps dans la nature.<\/li>\n<li><strong>Huddle<\/strong><br \/>Les jeunes qui se rendent au Centre Huddle-Rassembler pour b\u00e9n\u00e9ficier d&rsquo;un soutien et de services \u00e9taient tr\u00e8s int\u00e9ress\u00e9s par l&rsquo;exploration de la gu\u00e9rison et de l&rsquo;apprentissage autochtones bas\u00e9s sur la terre. La subvention a permis de couvrir les frais de transport, de mat\u00e9riels \u00e9ducatifs et de personnel pour des sorties dans la nature.<\/li>\n<li><strong>St.Amant<\/strong><br \/>Former le personnel et les r\u00e9sident.e.s des maisons communautaires de St.Amant sur la mani\u00e8re de composter efficacement. La subvention a \u00e9galement couvert l\u2019approvisionnement en structures de compostage et les frais de ramassage.<\/li>\n<\/ul>\n<p>[\/et_pb_accordion_item][et_pb_accordion_item title=\u00a0\u00bbB\u00e9n\u00e9ficiaires 2022&Prime; _builder_version=\u00a0\u00bb4.27.4&Prime; _module_preset=\u00a0\u00bbdefault\u00a0\u00bb global_colors_info=\u00a0\u00bb{}\u00a0\u00bb open=\u00a0\u00bboff\u00a0\u00bb]<\/p>\n<ul>\n<li><strong>Centre Flavie<\/strong><br \/>Cr\u00e9ation d&rsquo;un jardin communautaire pour aider les client.e.s du Centre Flavie \u00e0 avoir acc\u00e8s \u00e0 des fruits et l\u00e9gumes frais dans les nouveaux locaux qui accueillent des dizaines de familles par jour.<\/li>\n<li><strong>Marymound<\/strong><br \/>Cr\u00e9ation d&rsquo;une classe verte \u00e0 Marymound pour encourager l&rsquo;exploration et l&rsquo;apprentissage dans des environnements diff\u00e9rents et culturellement appropri\u00e9s tout au long de l&rsquo;ann\u00e9e. Marymound s&rsquo;efforce de soutenir l&rsquo;\u00e9ducation, la culture et la croissance des jeunes Autochtones qu&rsquo;elle soutient.<\/li>\n<li><strong>H\u00f4pital Saint-Boniface<br \/><\/strong>Mise en \u0153uvre de groupes de discussion o\u00f9 les patient.e.s qui passent des services cardiaques p\u00e9diatriques aux services cardiaques pour adultes peuvent clairement identifier les moyens de rendre cette transition plus facile pour tous.<\/li>\n<li><strong>Centre Youville<\/strong><br \/>\u00c9laboration de <em>Milk Mentors<\/em>, un programme de soutien par les pairs dans le cadre duquel les familles se rencontrent lors de r\u00e9unions en personne, mais se voient \u00e9galement attribuer un mentor b\u00e9n\u00e9vole qui peut les aider pour qu&rsquo;ensemble ils apprennent \u00e0 bien nourrir b\u00e9b\u00e9.<\/li>\n<\/ul>\n<p>&nbsp;<\/p>\n<p>Actionmarguerite | 50 000<\/p>\n<p>Lancement d&rsquo;une campagne de renouvellement et d\u2019embellissement de la cour \u00e0 Actionmarguerite, qui comprenait notamment la conceptualisation de cet espace ext\u00e9rieur en fonction des besoins identifi\u00e9s des r\u00e9sident.e.s qui d\u00e9sirent profiter de la nature et se d\u00e9tendent avec leurs amis et leur famille.<\/p>\n<p>[\/et_pb_accordion_item][et_pb_accordion_item title=\u00a0\u00bbB\u00e9n\u00e9ficiaires 2021&Prime; _builder_version=\u00a0\u00bb4.27.4&Prime; _module_preset=\u00a0\u00bbdefault\u00a0\u00bb global_colors_info=\u00a0\u00bb{}\u00a0\u00bb open=\u00a0\u00bboff\u00a0\u00bb]<\/p>\n<ul>\n<li><strong>Centre de renouveau Aulneau<\/strong><br \/>Lancement d&rsquo;un Caf\u00e9 des parents &#8211; un groupe o\u00f9 les parents peuvent \u00e9tablir des liens dans une ambiance d\u00e9contract\u00e9e, partager et apprendre ensemble alors qu&rsquo;ils s&rsquo;efforcent d&rsquo;\u00e9lever des enfants heureux et en bonne sant\u00e9.<\/li>\n<li><strong>St.Amant<\/strong><br \/>Lancement de programmes de gu\u00e9rison et d&rsquo;enseignement autochtones pour s&rsquo;assurer que les personnes soutenues par St.Amant continuent de s&rsquo;engager dans leur culture et d&rsquo;apprendre \u00e0 la conna\u00eetre d&rsquo;une mani\u00e8re qui leur est significative.<\/li>\n<li><strong>St.Amant<\/strong><br \/>Lancement d&rsquo;un programme visant \u00e0 s\u00e9curiser de nouveaux appareils et \u00e0 fournir une formation pour aider les personnes soutenues par St.Amant \u00e0 rester connect\u00e9es num\u00e9riquement avec leur famille et leurs amis pendant la pand\u00e9mie.<\/li>\n<\/ul>\n<p>[\/et_pb_accordion_item][et_pb_accordion_item title=\u00a0\u00bbB\u00e9n\u00e9ficiaires 2020&Prime; _builder_version=\u00a0\u00bb4.27.4&Prime; _module_preset=\u00a0\u00bbdefault\u00a0\u00bb global_colors_info=\u00a0\u00bb{}\u00a0\u00bb open=\u00a0\u00bboff\u00a0\u00bb]<\/p>\n<ul>\n<li><strong>Foyer de soins personnels Dr. Gendreau<\/strong><br \/>Achat d&rsquo;une technologie de vid\u00e9oconf\u00e9rence pour aider les r\u00e9sident.e.s des r\u00e9gions rurales \u00e0 communiquer plus facilement et plus souvent avec leur famille et leurs amis.<\/li>\n<li><strong>Centre de sant\u00e9 Saint-Boniface<\/strong><br \/>Achat d&rsquo;un appareil VO2Max con\u00e7u pour mesurer la capacit\u00e9 cardiorespiratoire d&rsquo;une personne, donner aux patient.e.s une base de r\u00e9f\u00e9rence et les aider \u00e0 maintenir ou \u00e0 am\u00e9liorer leur \u00e9tat de sant\u00e9.<\/li>\n<li><strong>H\u00f4pital Saint-Boniface<\/strong><br \/>Achat du logiciel Anylogic pour aider les employ\u00e9.e.s des technologies de l&rsquo;information et de l&rsquo;am\u00e9nagement de l&rsquo;espace \u00e0 tracer les meilleurs trajets et processus pour le d\u00e9placement des patient.e.s dans l&rsquo;h\u00f4pital.<\/li>\n<li><strong>St.Amant<\/strong><br \/>Lancement du programme <em>Meaningful Connections<\/em> \u00e0 St.Amant pour aider tous les membres de la communaut\u00e9 \u00e0 trouver un sentiment d&rsquo;appartenance, de l&rsquo;amiti\u00e9 et une communaut\u00e9.<\/li>\n<li><strong>Centre Youville<\/strong><br \/>Lancement de <em>My Tween and Me<\/em> &#8211; un programme de soutien par les pairs o\u00f9 les parents se r\u00e9unissent pour partager des ressources, des conseils et du soutien pour ceux et celles qui s&rsquo;occupent d&rsquo;enfants \u00e2g\u00e9s de 9 \u00e0 12 ans.<\/li>\n<\/ul>\n<p>[\/et_pb_accordion_item][\/et_pb_accordion][\/et_pb_column][\/et_pb_row][\/et_pb_section]<\/p>\n","protected":false},"excerpt":{"rendered":"<p>Les subventions Inspiration sont con\u00e7ues pour aider \u00e0 concr\u00e9tiser les r\u00eaves et les id\u00e9es du personnel de premi\u00e8re ligne. Nous recherchons des solutions innovantes et audacieuses \u00e0 des besoins non satisfaits, et les b\u00e9n\u00e9ficiaires re\u00e7oivent jusqu&rsquo;\u00e0 50 000 dollars pour mettre leurs plans en action.\u00a0 Veuillez noter\u00a0que ces subventions sont ouvertes uniquement aux membres du&hellip; <a class=\"continue\" href=\"https:\/\/reseaucompassionnetwork.ca\/fr\/repondre-aux-besoins-non-satisfaits\/subventions-inspiration\/\">Continue Reading<span> Subventions Inspiration<\/span><\/a><\/p>\n","protected":false},"author":126,"featured_media":10085,"parent":2806,"menu_order":0,"comment_status":"closed","ping_status":"closed","template":"","meta":{"_et_pb_use_builder":"on","_et_pb_old_content":"","_et_gb_content_width":"","_monsterinsights_skip_tracking":false,"_monsterinsights_sitenote_active":false,"_monsterinsights_sitenote_note":"","_monsterinsights_sitenote_category":0,"footnotes":""},"class_list":["post-7928","page","type-page","status-publish","has-post-thumbnail","hentry"],"_links":{"self":[{"href":"https:\/\/reseaucompassionnetwork.ca\/fr\/wp-json\/wp\/v2\/pages\/7928","targetHints":{"allow":["GET"]}}],"collection":[{"href":"https:\/\/reseaucompassionnetwork.ca\/fr\/wp-json\/wp\/v2\/pages"}],"about":[{"href":"https:\/\/reseaucompassionnetwork.ca\/fr\/wp-json\/wp\/v2\/types\/page"}],"author":[{"embeddable":true,"href":"https:\/\/reseaucompassionnetwork.ca\/fr\/wp-json\/wp\/v2\/users\/126"}],"replies":[{"embeddable":true,"href":"https:\/\/reseaucompassionnetwork.ca\/fr\/wp-json\/wp\/v2\/comments?post=7928"}],"version-history":[{"count":43,"href":"https:\/\/reseaucompassionnetwork.ca\/fr\/wp-json\/wp\/v2\/pages\/7928\/revisions"}],"predecessor-version":[{"id":21844,"href":"https:\/\/reseaucompassionnetwork.ca\/fr\/wp-json\/wp\/v2\/pages\/7928\/revisions\/21844"}],"up":[{"embeddable":true,"href":"https:\/\/reseaucompassionnetwork.ca\/fr\/wp-json\/wp\/v2\/pages\/2806"}],"wp:featuredmedia":[{"embeddable":true,"href":"https:\/\/reseaucompassionnetwork.ca\/fr\/wp-json\/wp\/v2\/media\/10085"}],"wp:attachment":[{"href":"https:\/\/reseaucompassionnetwork.ca\/fr\/wp-json\/wp\/v2\/media?parent=7928"}],"curies":[{"name":"wp","href":"https:\/\/api.w.org\/{rel}","templated":true}]}}