

{"id":3023,"date":"2020-08-05T13:55:18","date_gmt":"2020-08-05T17:55:18","guid":{"rendered":"https:\/\/reseaucompassionnetwork.ca\/testing-form-translation\/"},"modified":"2020-08-10T12:30:22","modified_gmt":"2020-08-10T16:30:22","slug":"testing-form-translation","status":"publish","type":"page","link":"https:\/\/reseaucompassionnetwork.ca\/fr\/testing-form-translation\/","title":{"rendered":"Testing form translation"},"content":{"rendered":"<p>[et_pb_section fb_built=\u00a0\u00bb1&Prime; _builder_version=\u00a0\u00bb4.4.9&Prime;][et_pb_row _builder_version=\u00a0\u00bb4.4.9&Prime;][et_pb_column _builder_version=\u00a0\u00bb4.4.9&Prime; type=\u00a0\u00bb4_4&Prime;][et_pb_signup mailchimp_list=\u00a0\u00bbR\u00e9seau Compassion Network|a4aed6dc7e\u00a0\u00bb name_field=\u00a0\u00bbon\u00a0\u00bb use_custom_fields=\u00a0\u00bbon\u00a0\u00bb success_message=\u00a0\u00bbThank you for subscribing!\u00a0\u00bb title=\u00a0\u00bbStay connected\u00a0\u00bb description=\u00a0\u00bb&lt;hr&gt;Don\u2019t miss out on updates, new events, and new projects, subscribe to our CompassionAction newsletter today!\u00a0\u00bb use_spam_service=\u00a0\u00bbon\u00a0\u00bb recaptcha_list=\u00a0\u00bbR\u00e9seau compassion network (DR)-0&Prime; disabled_on=\u00a0\u00bboff|off|off\u00a0\u00bb _builder_version=\u00a0\u00bb4.4.9&Prime; form_field_background_color=\u00a0\u00bb#006699&Prime; form_field_text_color=\u00a0\u00bb#ffffff\u00a0\u00bb form_field_focus_background_color=\u00a0\u00bbrgba(230,240,245,0.17)\u00a0\u00bb header_text_align=\u00a0\u00bbleft\u00a0\u00bb header_font_size=\u00a0\u00bb30px\u00a0\u00bb header_line_height=\u00a0\u00bb1.5em\u00a0\u00bb form_field_text_align=\u00a0\u00bbleft\u00a0\u00bb form_field_font_size=\u00a0\u00bb16px\u00a0\u00bb background_color=\u00a0\u00bb#006699&Prime; custom_button=\u00a0\u00bbon\u00a0\u00bb button_text_size=\u00a0\u00bb16px\u00a0\u00bb button_bg_color=\u00a0\u00bbrgba(230,240,245,0.11)\u00a0\u00bb button_border_width=\u00a0\u00bb0px\u00a0\u00bb button_font=\u00a0\u00bb|600|on||||||\u00a0\u00bb button_use_icon=\u00a0\u00bboff\u00a0\u00bb max_width_tablet=\u00a0\u00bb100%\u00a0\u00bb max_width_phone=\u00a0\u00bb\u00a0\u00bb max_width_last_edited=\u00a0\u00bbon|phone\u00a0\u00bb module_alignment=\u00a0\u00bbcenter\u00a0\u00bb custom_margin_tablet=\u00a0\u00bb|80px||80px|false|true\u00a0\u00bb custom_margin_phone=\u00a0\u00bb|50px|0px|50px|false|true\u00a0\u00bb custom_margin_last_edited=\u00a0\u00bbon|phone\u00a0\u00bb hover_enabled=\u00a0\u00bb0&Prime; border_width_all_fields=\u00a0\u00bb1px\u00a0\u00bb border_color_all_fields=\u00a0\u00bb#ffffff\u00a0\u00bb][et_pb_signup_custom_field field_id=\u00a0\u00bb12&Prime; field_title=\u00a0\u00bbLangue pr\u00e9f\u00e9r\u00e9e\u00a0\u00bb field_type=\u00a0\u00bbselect\u00a0\u00bb select_options=\u00a0\u00bb%91{%22checked%22:0,%22value%22:%22Anglais%22,%22id%22:0,%22dragID%22:-1},{%22checked%22:0,%22value%22:%22Fran\u00e7ais%22,%22id%22:1,%22dragID%22:0}%93&Prime; _builder_version=\u00a0\u00bb4.4.7&Prime; predefined_field=\u00a0\u00bb12&Prime;][\/et_pb_signup_custom_field][\/et_pb_signup][\/et_pb_column][\/et_pb_row][\/et_pb_section]<\/p>\n","protected":false},"excerpt":{"rendered":"","protected":false},"author":126,"featured_media":0,"parent":0,"menu_order":0,"comment_status":"closed","ping_status":"closed","template":"","meta":{"_et_pb_use_builder":"on","_et_pb_old_content":"","_et_gb_content_width":"","_monsterinsights_skip_tracking":false,"_monsterinsights_sitenote_active":false,"_monsterinsights_sitenote_note":"","_monsterinsights_sitenote_category":0,"footnotes":""},"class_list":["post-3023","page","type-page","status-publish","hentry"],"_links":{"self":[{"href":"https:\/\/reseaucompassionnetwork.ca\/fr\/wp-json\/wp\/v2\/pages\/3023","targetHints":{"allow":["GET"]}}],"collection":[{"href":"https:\/\/reseaucompassionnetwork.ca\/fr\/wp-json\/wp\/v2\/pages"}],"about":[{"href":"https:\/\/reseaucompassionnetwork.ca\/fr\/wp-json\/wp\/v2\/types\/page"}],"author":[{"embeddable":true,"href":"https:\/\/reseaucompassionnetwork.ca\/fr\/wp-json\/wp\/v2\/users\/126"}],"replies":[{"embeddable":true,"href":"https:\/\/reseaucompassionnetwork.ca\/fr\/wp-json\/wp\/v2\/comments?post=3023"}],"version-history":[{"count":8,"href":"https:\/\/reseaucompassionnetwork.ca\/fr\/wp-json\/wp\/v2\/pages\/3023\/revisions"}],"predecessor-version":[{"id":3136,"href":"https:\/\/reseaucompassionnetwork.ca\/fr\/wp-json\/wp\/v2\/pages\/3023\/revisions\/3136"}],"wp:attachment":[{"href":"https:\/\/reseaucompassionnetwork.ca\/fr\/wp-json\/wp\/v2\/media?parent=3023"}],"curies":[{"name":"wp","href":"https:\/\/api.w.org\/{rel}","templated":true}]}}