

{"id":3009,"date":"2020-08-05T12:49:36","date_gmt":"2020-08-05T16:49:36","guid":{"rendered":"https:\/\/reseaucompassionnetwork.ca\/?page_id=3009"},"modified":"2020-09-16T12:09:44","modified_gmt":"2020-09-16T16:09:44","slug":"ateliers-et-offres-en-ligne","status":"publish","type":"page","link":"https:\/\/reseaucompassionnetwork.ca\/fr\/ateliers-et-offres-en-ligne\/","title":{"rendered":"Ateliers et offres en ligne"},"content":{"rendered":"<p>[et_pb_section fb_built=\u00a0\u00bb1&Prime; fullwidth=\u00a0\u00bbon\u00a0\u00bb next_background_color=\u00a0\u00bb#ffffff\u00a0\u00bb _builder_version=\u00a0\u00bb4.4.7&Prime; background_image=\u00a0\u00bbhttps:\/\/reseaucompassionnetwork.ca\/wp-content\/uploads\/2020\/06\/training-events-header-imgs.png\u00a0\u00bb bottom_divider_style=\u00a0\u00bbwave2&Prime; bottom_divider_height=\u00a0\u00bb39px\u00a0\u00bb][et_pb_fullwidth_post_title title=\u00a0\u00bboff\u00a0\u00bb meta=\u00a0\u00bboff\u00a0\u00bb featured_placement=\u00a0\u00bbbackground\u00a0\u00bb admin_label=\u00a0\u00bbchange featured image in post details\u00a0\u00bb _builder_version=\u00a0\u00bb4.4.7&Prime; background_color=\u00a0\u00bbrgba(0,0,0,0)\u00a0\u00bb use_background_color_gradient=\u00a0\u00bbon\u00a0\u00bb background_color_gradient_start=\u00a0\u00bb#ffffff\u00a0\u00bb background_color_gradient_end=\u00a0\u00bbrgba(255,255,255,0)\u00a0\u00bb background_color_gradient_end_position=\u00a0\u00bb50%\u00a0\u00bb background_color_gradient_overlays_image=\u00a0\u00bbon\u00a0\u00bb][\/et_pb_fullwidth_post_title][\/et_pb_section][et_pb_section fb_built=\u00a0\u00bb1&Prime; _builder_version=\u00a0\u00bb4.4.7&Prime; background_color_gradient_start_position=\u00a0\u00bb30%\u00a0\u00bb custom_padding=\u00a0\u00bb0px||50px||false|false\u00a0\u00bb top_divider_style=\u00a0\u00bbnone\u00a0\u00bb top_divider_color=\u00a0\u00bb#f7f4eb\u00a0\u00bb top_divider_height=\u00a0\u00bb50px\u00a0\u00bb top_divider_flip=\u00a0\u00bbhorizontal\u00a0\u00bb bottom_divider_height=\u00a0\u00bb50px\u00a0\u00bb][et_pb_row _builder_version=\u00a0\u00bb4.4.7&Prime; custom_margin=\u00a0\u00bb0px||0px||false|false\u00a0\u00bb custom_padding=\u00a0\u00bb0px||0px||false|false\u00a0\u00bb][et_pb_column type=\u00a0\u00bb4_4&Prime; _builder_version=\u00a0\u00bb4.4.7&Prime;][et_pb_post_title meta=\u00a0\u00bboff\u00a0\u00bb featured_image=\u00a0\u00bboff\u00a0\u00bb _builder_version=\u00a0\u00bb4.4.7&Prime; title_text_color=\u00a0\u00bb#006699&Prime; custom_margin=\u00a0\u00bb0px||0px||false|false\u00a0\u00bb custom_padding=\u00a0\u00bb0px||0px||false|false\u00a0\u00bb][\/et_pb_post_title][\/et_pb_column][\/et_pb_row][et_pb_row column_structure=\u00a0\u00bb2_3,1_3&Prime; _builder_version=\u00a0\u00bb4.4.7&Prime; custom_padding=\u00a0\u00bb0px||0px||false|false\u00a0\u00bb][et_pb_column type=\u00a0\u00bb2_3&Prime; _builder_version=\u00a0\u00bb4.4.7&Prime;][et_pb_text _builder_version=\u00a0\u00bb4.6.0&Prime; hover_enabled=\u00a0\u00bb0&Prime; sticky_enabled=\u00a0\u00bb0&Prime;]<\/p>\n<p><a href=\"https:\/\/www.mindfulsummits.com\/?utm_source=Summits%20emails&amp;utm_medium=email&amp;utm_campaign=Summits%20emails\"><\/a><\/p>\n<p class=\"p1\"><strong>Consultez r\u00e9guli\u00e8rement <a href=\"https:\/\/reseaucompassionnetwork.ca\/evenements\/?lang=fr\" target=\"_blank\" rel=\"noopener noreferrer\">notre calendrier<\/a> pour voir quels ateliers en ligne sont disponibles via R\u00e9seau Compassion et nos organisations membres.<\/strong><\/p>\n<h3>Free Mindful Self-Compassion Online Class avec Dr. Kristin Neff and Dr. Chris Germer<\/h3>\n<hr \/>\n<p>Avec le temps surr\u00e9aliste auquel nous sommes confront\u00e9s en ce moment, voici une offre g\u00e9n\u00e9reuse des docteurs Kristin Neff et Chris Germer, qui font des recherches sur l&rsquo;autocompassion depuis plus de dix ans : ce qu&rsquo;elle est, comment elle transforme nos vies et comment la construire.<\/p>\n<p><a href=\"https:\/\/product.soundstrue.com\/power-of-self-compassion\/free-video-series\/?ck_subscriber_id=302667523#a_aid=5e1cb581e4ceb&amp;a_bid=bebe62d3\">Par ce lien<\/a>, vous aurez acc\u00e8s \u00e0 trois vid\u00e9os gratuites.<\/p>\n<p>Dans la premi\u00e8re des trois vid\u00e9os, vous apprendrez :<\/p>\n<ul>\n<li>Pourquoi tant de personnes tr\u00e8s compatissantes h\u00e9sitent \u00e0 replier leur gentillesse sur elles-m\u00eames.<\/li>\n<li>Comment l&rsquo;autocompassion nous rend plus motiv\u00e9s et plus r\u00e9sistants que l&rsquo;autocritique.<\/li>\n<li>Une m\u00e9ditation guid\u00e9e pour les cas d&rsquo;anxi\u00e9t\u00e9 ou d&rsquo;insuffisance, en particulier si les pratiques de respiration ou de pleine conscience conventionnelles ne fonctionnent pas&#8230; et plus<\/li>\n<\/ul>\n<p>N&rsquo;h\u00e9sitez pas \u00e0 en faire part \u00e0 toute personne qui pourrait le trouver utile.<\/p>\n<h3>Purposeful Pauses to Lead and Live with Excellence<\/h3>\n<hr \/>\n<p>Voici une autre occasion d\u2019approfondir sa connaissance dans Insight Timer, un site Web\/application dont nous avons d\u00e9j\u00e0 partag\u00e9 auparavant. Purposeful Pauses to Lead and Live with Excellence, est une s\u00e9rie de dix le\u00e7ons ou \u00ab mini-formations \u00bb, d\u2019environ dix minutes chacune, qui peuvent aider \u00e0 puiser dans notre propre sagesse int\u00e9rieure et interrompre le rythme machinal qui prend souvent le dessus dans notre vie.<\/p>\n<p>Janice Martuarno dirige la formation. Elle est la fondatrice de l\u2019Institute for Mindful Leadership, une organisation \u00e0 but non lucratif qui se consacre \u00e0 la formation de professionnels pour qu\u2019ils puissent mener et vivre leur vie en utilisant la m\u00e9ditation et les pratiques de leadership conscient. Ses enseignements s\u2019appuient sur ses 20 ann\u00e9es d\u2019exp\u00e9rience en tant que cadre sup\u00e9rieur dans une entreprise du Fortune 200 et sur sa pratique approfondie du leadership conscient.<\/p>\n<p>Cette opportunit\u00e9 est offerte \u00e0 un tarif r\u00e9duit, seulement 20 $ pour les dix le\u00e7ons, vous pouvez acc\u00e9der \u00e0 la premi\u00e8re le\u00e7on gratuitement, \u00e0 titre d\u2019essai.<\/p>\n<p>Plus d\u2019informations <a href=\"https:\/\/insighttimer.com\/meditation-courses\/course_janices-course?_branch_match_id=723612933114506242&amp;utm_source=Email&amp;utm_campaign=marketing&amp;utm_medium=invite\">cliquez ici. <\/a><\/p>\n<p>[\/et_pb_text][\/et_pb_column][et_pb_column type=\u00a0\u00bb1_3&Prime; _builder_version=\u00a0\u00bb4.4.7&Prime;][et_pb_image src=\u00a0\u00bbhttps:\/\/reseaucompassionnetwork.ca\/wp-content\/uploads\/2020\/08\/online-learning-1.jpg\u00a0\u00bb title_text=\u00a0\u00bbonline-learning\u00a0\u00bb _builder_version=\u00a0\u00bb4.4.9&Prime; custom_margin=\u00a0\u00bb20px||||false|false\u00a0\u00bb custom_margin_tablet=\u00a0\u00bb\u00a0\u00bb custom_margin_phone=\u00a0\u00bb\u00a0\u00bb custom_margin_last_edited=\u00a0\u00bbon|desktop\u00a0\u00bb][\/et_pb_image][\/et_pb_column][\/et_pb_row][\/et_pb_section]<\/p>\n","protected":false},"excerpt":{"rendered":"<p>Consultez r\u00e9guli\u00e8rement notre calendrier pour voir quels ateliers en ligne sont disponibles via R\u00e9seau Compassion et nos organisations membres. Free Mindful Self-Compassion Online Class avec Dr. Kristin Neff and Dr. Chris Germer Avec le temps surr\u00e9aliste auquel nous sommes confront\u00e9s en ce moment, voici une offre g\u00e9n\u00e9reuse des docteurs Kristin Neff et Chris Germer, qui&hellip; <a class=\"continue\" href=\"https:\/\/reseaucompassionnetwork.ca\/fr\/ateliers-et-offres-en-ligne\/\">Continue Reading<span> Ateliers et offres en ligne<\/span><\/a><\/p>\n","protected":false},"author":126,"featured_media":0,"parent":0,"menu_order":0,"comment_status":"closed","ping_status":"closed","template":"","meta":{"_et_pb_use_builder":"on","_et_pb_old_content":"","_et_gb_content_width":"","_monsterinsights_skip_tracking":false,"_monsterinsights_sitenote_active":false,"_monsterinsights_sitenote_note":"","_monsterinsights_sitenote_category":0,"footnotes":""},"class_list":["post-3009","page","type-page","status-publish","hentry"],"_links":{"self":[{"href":"https:\/\/reseaucompassionnetwork.ca\/fr\/wp-json\/wp\/v2\/pages\/3009","targetHints":{"allow":["GET"]}}],"collection":[{"href":"https:\/\/reseaucompassionnetwork.ca\/fr\/wp-json\/wp\/v2\/pages"}],"about":[{"href":"https:\/\/reseaucompassionnetwork.ca\/fr\/wp-json\/wp\/v2\/types\/page"}],"author":[{"embeddable":true,"href":"https:\/\/reseaucompassionnetwork.ca\/fr\/wp-json\/wp\/v2\/users\/126"}],"replies":[{"embeddable":true,"href":"https:\/\/reseaucompassionnetwork.ca\/fr\/wp-json\/wp\/v2\/comments?post=3009"}],"version-history":[{"count":5,"href":"https:\/\/reseaucompassionnetwork.ca\/fr\/wp-json\/wp\/v2\/pages\/3009\/revisions"}],"predecessor-version":[{"id":6709,"href":"https:\/\/reseaucompassionnetwork.ca\/fr\/wp-json\/wp\/v2\/pages\/3009\/revisions\/6709"}],"wp:attachment":[{"href":"https:\/\/reseaucompassionnetwork.ca\/fr\/wp-json\/wp\/v2\/media?parent=3009"}],"curies":[{"name":"wp","href":"https:\/\/api.w.org\/{rel}","templated":true}]}}