

{"id":2812,"date":"2020-07-11T10:31:39","date_gmt":"2020-07-11T14:31:39","guid":{"rendered":"https:\/\/reseaucompassionnetwork.ca\/membres-potentiels-du-conseil-dadministration\/"},"modified":"2026-02-26T12:18:37","modified_gmt":"2026-02-26T18:18:37","slug":"devenir-membre-dun-ca-des-organismes-de-notre-reseau","status":"publish","type":"page","link":"https:\/\/reseaucompassionnetwork.ca\/fr\/devenir-membre-dun-ca-des-organismes-de-notre-reseau\/","title":{"rendered":"Devenir membre d&rsquo;un C.A. des organismes de notre r\u00e9seau"},"content":{"rendered":"<p>[et_pb_section fb_built=\u00a0\u00bb1&Prime; fullwidth=\u00a0\u00bbon\u00a0\u00bb next_background_color=\u00a0\u00bb#ffffff\u00a0\u00bb _builder_version=\u00a0\u00bb4.16&Prime; background_image=\u00a0\u00bbhttps:\/\/reseaucompassionnetwork.ca\/wp-content\/uploads\/2022\/04\/header-imgs-about-new.jpg\u00a0\u00bb bottom_divider_style=\u00a0\u00bbwave2&Prime; bottom_divider_height=\u00a0\u00bb39px\u00a0\u00bb global_colors_info=\u00a0\u00bb{}\u00a0\u00bb][et_pb_fullwidth_post_title title=\u00a0\u00bboff\u00a0\u00bb meta=\u00a0\u00bboff\u00a0\u00bb featured_placement=\u00a0\u00bbbackground\u00a0\u00bb admin_label=\u00a0\u00bbchange featured image in post details\u00a0\u00bb _builder_version=\u00a0\u00bb4.16&Prime; background_color=\u00a0\u00bbrgba(0,0,0,0)\u00a0\u00bb use_background_color_gradient=\u00a0\u00bbon\u00a0\u00bb background_color_gradient_stops=\u00a0\u00bb#ffffff 0%|rgba(255,255,255,0) 50%\u00a0\u00bb background_color_gradient_overlays_image=\u00a0\u00bbon\u00a0\u00bb background_color_gradient_start=\u00a0\u00bb#ffffff\u00a0\u00bb background_color_gradient_end=\u00a0\u00bbrgba(255,255,255,0)\u00a0\u00bb background_color_gradient_end_position=\u00a0\u00bb50%\u00a0\u00bb global_colors_info=\u00a0\u00bb{}\u00a0\u00bb][\/et_pb_fullwidth_post_title][\/et_pb_section][et_pb_section fb_built=\u00a0\u00bb1&Prime; _builder_version=\u00a0\u00bb4.19.1&Prime; use_background_color_gradient=\u00a0\u00bbon\u00a0\u00bb background_color_gradient_stops=\u00a0\u00bb#ffffff 30%|#f0f6f9 100%\u00a0\u00bb background_color_gradient_start_position=\u00a0\u00bb30%\u00a0\u00bb custom_padding=\u00a0\u00bb0px||40px||false|false\u00a0\u00bb top_divider_style=\u00a0\u00bbnone\u00a0\u00bb top_divider_color=\u00a0\u00bb#f7f4eb\u00a0\u00bb top_divider_height=\u00a0\u00bb50px\u00a0\u00bb top_divider_flip=\u00a0\u00bbhorizontal\u00a0\u00bb bottom_divider_height=\u00a0\u00bb50px\u00a0\u00bb global_colors_info=\u00a0\u00bb{}\u00a0\u00bb][et_pb_row _builder_version=\u00a0\u00bb4.17.3&Prime; custom_margin=\u00a0\u00bb0px||0px||false|false\u00a0\u00bb custom_padding=\u00a0\u00bb0px||0px||false|false\u00a0\u00bb global_colors_info=\u00a0\u00bb{}\u00a0\u00bb][et_pb_column type=\u00a0\u00bb4_4&Prime; _builder_version=\u00a0\u00bb4.16&Prime; global_colors_info=\u00a0\u00bb{}\u00a0\u00bb][et_pb_post_title meta=\u00a0\u00bboff\u00a0\u00bb featured_image=\u00a0\u00bboff\u00a0\u00bb _builder_version=\u00a0\u00bb4.19.1&Prime; title_text_color=\u00a0\u00bb#006699&Prime; title_line_height=\u00a0\u00bb1.3em\u00a0\u00bb custom_margin=\u00a0\u00bb0px||0px||false|false\u00a0\u00bb custom_padding=\u00a0\u00bb0px|400px|0px||false|false\u00a0\u00bb custom_padding_tablet=\u00a0\u00bb|0px|||false|false\u00a0\u00bb custom_padding_phone=\u00a0\u00bb|0px|||false|false\u00a0\u00bb custom_padding_last_edited=\u00a0\u00bbon|phone\u00a0\u00bb global_colors_info=\u00a0\u00bb{}\u00a0\u00bb][\/et_pb_post_title][\/et_pb_column][\/et_pb_row][et_pb_row column_structure=\u00a0\u00bb2_3,1_3&Prime; _builder_version=\u00a0\u00bb4.16&Prime; custom_padding=\u00a0\u00bb0px||25px||false|false\u00a0\u00bb global_colors_info=\u00a0\u00bb{}\u00a0\u00bb][et_pb_column type=\u00a0\u00bb2_3&Prime; _builder_version=\u00a0\u00bb4.16&Prime; global_colors_info=\u00a0\u00bb{}\u00a0\u00bb][et_pb_text _builder_version=\u00a0\u00bb4.16&Prime; global_colors_info=\u00a0\u00bb{}\u00a0\u00bb]<\/p>\n<h2>Faites partie du R\u00e9seau! Joignez l\u2019un de nos conseils d\u2019administration!<\/h2>\n<p>Les organisations de notre r\u00e9seau s\u2019appuient sur des membres de la communaut\u00e9 qui partagent leurs talents, leur temps et leur fa\u00e7on d\u2019\u00eatre en tant qu&rsquo;administrateurs b\u00e9n\u00e9voles au sein d&rsquo;un conseil d\u2019administration.<\/p>\n<p>Nous vous invitons \u00e0 envisager de joindre un conseil d\u2019administration de l\u2019une de nos organisations membres pour mettre \u00e0 profits vos comp\u00e9tences et ainsi participer \u00e0 guider l\u2019organisme dans ses vis\u00e9es futures et y fa\u00e7onner son avenir.<\/p>\n<h3>Les avantages de joindre un conseil d\u2019administration:<\/h3>\n<ul>\n<li>\u00c9largissez votre exp\u00e9rience en contribuant de vos expertises<\/li>\n<li>Travaillez avec un conseil d\u2019administration et une \u00e9quipe de direction dynamiques et engag\u00e9s<\/li>\n<li>D\u00e9veloppez de nouvelles comp\u00e9tences<\/li>\n<li>Agrandissez votre r\u00e9seau de relations professionnelles<\/li>\n<li>Contribuez \u00e0 la vitalit\u00e9 et au d\u00e9veloppement de votre communaut\u00e9<\/li>\n<\/ul>\n<h3>Nous croyons \u00e0 l\u2019investissement en tous et chacun. Les membres du conseil d\u2019administration ont la possibilit\u00e9 d\u2019affiner leurs comp\u00e9tences autour de la table du conseil en:<\/h3>\n<ul>\n<li>participant \u00e0 des conf\u00e9rences et \u00e0 des activit\u00e9s d\u2019apprentissage;<\/li>\n<li>participant \u00e0 des ateliers et \u00e0 des possibilit\u00e9s de d\u00e9veloppement professionnel, comme le leadership conscient, la r\u00e9duction du stress bas\u00e9 sur la pleine conscience, la formation en s\u00e9curit\u00e9 culturelle autochtone, et plus.<\/li>\n<\/ul>\n<p>Notre r\u00e9seau touche la vie de milliers de Manitobaines et Manitobains chaque ann\u00e9e. <strong>Faites une diff\u00e9rence dans votre communaut\u00e9!<\/strong><\/p>\n<h2>Quelques-uns des r\u00f4les et responsabilit\u00e9s<\/h2>\n<p>Pour R\u00e9seau Compassion Network, un membre de conseil d&rsquo;administration:<\/p>\n<ul>\n<li>Soutient activement et fait la promotion de la mission de l&rsquo;organisation membre du r\u00e9seau.<\/li>\n<li>Conna\u00eet bien la mission, les objectifs et le mandat de l&rsquo;organisme et est conscient des tendances dans la communaut\u00e9 qui pourraient avoir une incidence sur ces sujets.<\/li>\n<li>Apporte sa propre formation, ses comp\u00e9tences et son exp\u00e9rience \u00e0 toutes les d\u00e9cisions du conseil d&rsquo;administration.<\/li>\n<li>Contribue au programme de d\u00e9veloppement de la soci\u00e9t\u00e9, y compris par sa participation active \u00e0 des \u00e9v\u00e9nements et activit\u00e9s parrain\u00e9s par la soci\u00e9t\u00e9.<\/li>\n<li>Comprend la mission du R\u00e9seau Compassion Network ainsi que ses attentes concernant la responsabilit\u00e9 du parrainage et le d\u00e9veloppement continu d\u2019une culture de compassion.<\/li>\n<li>Respecte et repr\u00e9sente la diversit\u00e9.<\/li>\n<li>Porte attention aux personnes impuissantes et sans voix.<\/li>\n<\/ul>\n<p>La gouvernance du conseil est un processus de vigilance et de prise de d\u00e9cisions. La bonne gouvernance garantit que le suivi des progr\u00e8s vers les buts et objectifs strat\u00e9giques qui contribuent \u00e0 la r\u00e9alisation de la vision future de l&rsquo;organisation, la bonne gestion des ressources et les int\u00e9r\u00eats du R\u00e9seau Compassion Network et des parties prenantes sont refl\u00e9t\u00e9s dans les d\u00e9cisions cl\u00e9s.<\/p>\n<h3>R\u00f4le d&rsquo;intendance<\/h3>\n<p>Au sein du R\u00e9seau Compassion Network, tous les conseils partagent un r\u00f4le d&rsquo;intendance fondamental. Ce r\u00f4le que joue chaque membre du r\u00e9seau comprend au moins cinq (5) activit\u00e9s cl\u00e9s:<\/p>\n<ol>\n<li>Planification strat\u00e9gique de l&rsquo;organisation<\/li>\n<li>Identification et gestion des risques<\/li>\n<li>Assurer l&rsquo;efficacit\u00e9 du leadership et la planification de la rel\u00e8ve<\/li>\n<li>Communication avec les parties prenantes<\/li>\n<li>Assurer que les syst\u00e8mes internes de contr\u00f4le financier et de la gestion des informations sont en place pour prendre des d\u00e9cisions efficaces.<\/li>\n<\/ol>\n<p>Merci de l\u2019int\u00e9r\u00eat que vous portez envers la gouvernance de nos organismes. Si vous n\u2019\u00eates pas certains o\u00f9 vos aptitudes et vos int\u00e9r\u00eats pourraient servir, ou si vous avez des questions ou besoin davantage d\u2019informations, n&rsquo;h\u00e9sitez pas \u00e0 nous contacter et nous vous guiderons vers ce qui vous convient le mieux!<\/p>\n<p>Personne-ressource :<\/p>\n<p><strong>St\u00e9phane Dorge<\/strong><br \/>Directeur des services de gouvernance et secr\u00e9taire g\u00e9n\u00e9ral<br \/><a href=\"mailto:sdorge@reseaucompassionnetwork.ca\">sdorge@reseaucompassionnetwork.ca<\/a><br \/>T: 204.410.4960<\/p>\n<p>[\/et_pb_text][\/et_pb_column][et_pb_column type=\u00a0\u00bb1_3&Prime; _builder_version=\u00a0\u00bb4.16&Prime; global_colors_info=\u00a0\u00bb{}\u00a0\u00bb][et_pb_text _builder_version=\u00a0\u00bb4.27.5&Prime; _module_preset=\u00a0\u00bbdefault\u00a0\u00bb hover_enabled=\u00a0\u00bb0&Prime; global_colors_info=\u00a0\u00bb{}\u00a0\u00bb sticky_enabled=\u00a0\u00bb0&Prime;]<\/p>\n<p>Nous vous invitons \u00e0 en d\u00e9couvrir davantage sur les membres de notre r\u00e9seau et sur les types d&rsquo;exigences au sein de leur conseil d&rsquo;administration. Veuillez choisir une organisation ci-dessous pour en savoir plus!<\/p>\n<ul>\n<li><a href=\"https:\/\/reseaucompassionnetwork.ca\/wp-content\/uploads\/2024\/10\/48499-RCN-Board-Recruitment__abri_marguerite_FRE.pdf\" rel=\"attachment noopener wp-att-7729\" target=\"_blank\">Abri Marguerite\u00a0<\/a><a href=\"https:\/\/reseaucompassionnetwork.ca\/wp-content\/uploads\/2021\/05\/Youville-Board-Recuitment-2021-FR.pdf\" rel=\"attachment noopener wp-att-7721\" target=\"_blank\"><\/a><a href=\"https:\/\/reseaucompassionnetwork.ca\/wp-content\/uploads\/2023\/03\/Board-Recruitment_centre_flavie_FRE.pdf\" rel=\"attachment noopener wp-att-7693\" target=\"_blank\"><\/a><\/li>\n<li><a href=\"https:\/\/reseaucompassionnetwork.ca\/wp-content\/uploads\/2024\/10\/48499-RCN-Board-Recruitment_st_rose_FRE.pdf\" rel=\"attachment noopener wp-att-7713\" target=\"_blank\">Centre de sant\u00e9 Ste-Rose<\/a><\/li>\n<li><a href=\"https:\/\/reseaucompassionnetwork.ca\/wp-content\/uploads\/2024\/10\/48499-RCN-Board-Recruitment_centre_flavie_FRE.pdf\" rel=\"attachment noopener wp-att-7693\" target=\"_blank\">Centre Flavie<\/a><\/li>\n<li><a href=\"https:\/\/reseaucompassionnetwork.ca\/wp-content\/uploads\/2024\/10\/48499-RCN-Board-Recruitment_youville_FRE.pdf\" rel=\"attachment noopener wp-att-7721\" target=\"_blank\">Centre Youville<\/a><\/li>\n<li><a href=\"https:\/\/reseaucompassionnetwork.ca\/wp-content\/uploads\/2024\/10\/48499-RCN-Board-Recruitment_st.boniface_FRE.pdf\" rel=\"attachment noopener wp-att-7701\" target=\"_blank\">H\u00f4pital Saint-Boniface<\/a><\/li>\n<li><a href=\"https:\/\/reseaucompassionnetwork.ca\/wp-content\/uploads\/2024\/10\/48499-RCN-Board-Recruitment_st.boniface_foundation_FRE.pdf\" rel=\"attachment noopener wp-att-7723\" target=\"_blank\">Fondation de l\u2019H\u00f4pital Saint-Boniface<\/a><\/li>\n<li><a href=\"https:\/\/reseaucompassionnetwork.ca\/wp-content\/uploads\/2024\/10\/48499-RCN-Board-Recruitment_marymound_FRE.pdf\" rel=\"attachment noopener wp-att-7697\" target=\"_blank\">Marymound<\/a><\/li>\n<li><a href=\"https:\/\/reseaucompassionnetwork.ca\/wp-content\/uploads\/2024\/10\/48499-RCN-Board-Recruitment_Sara_Riel_FRE.pdf\" target=\"_blank\" rel=\"noopener\">Sara Riel<\/a><\/li>\n<li><a href=\"https:\/\/reseaucompassionnetwork.ca\/wp-content\/uploads\/2024\/08\/48499-RCN-Board-Recruitment_st.amant_FRE.pdf\" rel=\"attachment noopener wp-att-7705\" target=\"_blank\">St.Amant<\/a><\/li>\n<li><a href=\"https:\/\/reseaucompassionnetwork.ca\/wp-content\/uploads\/2024\/10\/48499-RCN-Board-Recruitment_st.amant_foundation_FRE.pdf\" rel=\"attachment noopener wp-att-7709\" target=\"_blank\">Fondation St.Amant<\/a><\/li>\n<li><a href=\"https:\/\/reseaucompassionnetwork.ca\/wp-content\/uploads\/2024\/10\/48499-RCN-Board-Recruitment_winnipegosis_FRE.pdf\" rel=\"attachment noopener wp-att-7717\" target=\"_blank\">Winnipegosis &amp; District Health Center\u00a0<\/a><\/li>\n<\/ul>\n<p>[\/et_pb_text][\/et_pb_column][\/et_pb_row][\/et_pb_section]<\/p>\n","protected":false},"excerpt":{"rendered":"<p>Faites partie du R\u00e9seau! Joignez l\u2019un de nos conseils d\u2019administration! Les organisations de notre r\u00e9seau s\u2019appuient sur des membres de la communaut\u00e9 qui partagent leurs talents, leur temps et leur fa\u00e7on d\u2019\u00eatre en tant qu&rsquo;administrateurs b\u00e9n\u00e9voles au sein d&rsquo;un conseil d\u2019administration. Nous vous invitons \u00e0 envisager de joindre un conseil d\u2019administration de l\u2019une de nos&hellip; <a class=\"continue\" href=\"https:\/\/reseaucompassionnetwork.ca\/fr\/devenir-membre-dun-ca-des-organismes-de-notre-reseau\/\">Continue Reading<span> Devenir membre d&rsquo;un C.A. des organismes de notre r\u00e9seau<\/span><\/a><\/p>\n","protected":false},"author":126,"featured_media":0,"parent":0,"menu_order":0,"comment_status":"closed","ping_status":"closed","template":"","meta":{"_et_pb_use_builder":"on","_et_pb_old_content":"","_et_gb_content_width":"","_monsterinsights_skip_tracking":false,"_monsterinsights_sitenote_active":false,"_monsterinsights_sitenote_note":"","_monsterinsights_sitenote_category":0,"footnotes":""},"class_list":["post-2812","page","type-page","status-publish","hentry"],"_links":{"self":[{"href":"https:\/\/reseaucompassionnetwork.ca\/fr\/wp-json\/wp\/v2\/pages\/2812","targetHints":{"allow":["GET"]}}],"collection":[{"href":"https:\/\/reseaucompassionnetwork.ca\/fr\/wp-json\/wp\/v2\/pages"}],"about":[{"href":"https:\/\/reseaucompassionnetwork.ca\/fr\/wp-json\/wp\/v2\/types\/page"}],"author":[{"embeddable":true,"href":"https:\/\/reseaucompassionnetwork.ca\/fr\/wp-json\/wp\/v2\/users\/126"}],"replies":[{"embeddable":true,"href":"https:\/\/reseaucompassionnetwork.ca\/fr\/wp-json\/wp\/v2\/comments?post=2812"}],"version-history":[{"count":38,"href":"https:\/\/reseaucompassionnetwork.ca\/fr\/wp-json\/wp\/v2\/pages\/2812\/revisions"}],"predecessor-version":[{"id":22782,"href":"https:\/\/reseaucompassionnetwork.ca\/fr\/wp-json\/wp\/v2\/pages\/2812\/revisions\/22782"}],"wp:attachment":[{"href":"https:\/\/reseaucompassionnetwork.ca\/fr\/wp-json\/wp\/v2\/media?parent=2812"}],"curies":[{"name":"wp","href":"https:\/\/api.w.org\/{rel}","templated":true}]}}