

{"id":2797,"date":"2020-07-11T10:19:54","date_gmt":"2020-07-11T14:19:54","guid":{"rendered":"https:\/\/reseaucompassionnetwork.ca\/projets-vedettes\/"},"modified":"2021-08-09T13:29:45","modified_gmt":"2021-08-09T17:29:45","slug":"projets-vedettes","status":"publish","type":"page","link":"https:\/\/reseaucompassionnetwork.ca\/fr\/projets-vedettes\/","title":{"rendered":"Les grandes nouvelles"},"content":{"rendered":"<p>[et_pb_section fb_built=\u00a0\u00bb1&Prime; fullwidth=\u00a0\u00bbon\u00a0\u00bb next_background_color=\u00a0\u00bb#ffffff\u00a0\u00bb _builder_version=\u00a0\u00bb4.6.0&Prime; background_image=\u00a0\u00bbhttps:\/\/reseaucompassionnetwork.ca\/wp-content\/uploads\/2021\/07\/Replaces-people-in-banner-bignews.jpg\u00a0\u00bb bottom_divider_style=\u00a0\u00bbwave2&Prime; bottom_divider_height=\u00a0\u00bb39px\u00a0\u00bb hover_enabled=\u00a0\u00bb0&Prime; use_background_color_gradient=\u00a0\u00bbon\u00a0\u00bb null=\u00a0\u00bb#29c4a9&Prime; background_color_gradient_start=\u00a0\u00bb#f7f4eb\u00a0\u00bb background_color_gradient_end=\u00a0\u00bbrgba(0,0,0,0)\u00a0\u00bb background_color_gradient_direction=\u00a0\u00bb96deg\u00a0\u00bb background_color_gradient_start_position=\u00a0\u00bb28%\u00a0\u00bb background_color_gradient_overlays_image=\u00a0\u00bbon\u00a0\u00bb sticky_enabled=\u00a0\u00bb0&Prime;][et_pb_fullwidth_post_title title=\u00a0\u00bboff\u00a0\u00bb meta=\u00a0\u00bboff\u00a0\u00bb featured_placement=\u00a0\u00bbbackground\u00a0\u00bb admin_label=\u00a0\u00bbchange featured image in post details\u00a0\u00bb _builder_version=\u00a0\u00bb4.4.7&Prime; background_color=\u00a0\u00bbrgba(0,0,0,0)\u00a0\u00bb use_background_color_gradient=\u00a0\u00bbon\u00a0\u00bb background_color_gradient_start=\u00a0\u00bb#ffffff\u00a0\u00bb background_color_gradient_end=\u00a0\u00bbrgba(255,255,255,0)\u00a0\u00bb background_color_gradient_end_position=\u00a0\u00bb50%\u00a0\u00bb background_color_gradient_overlays_image=\u00a0\u00bbon\u00a0\u00bb][\/et_pb_fullwidth_post_title][\/et_pb_section][et_pb_section fb_built=\u00a0\u00bb1&Prime; _builder_version=\u00a0\u00bb4.4.7&Prime; background_color_gradient_start_position=\u00a0\u00bb30%\u00a0\u00bb custom_padding=\u00a0\u00bb0px||40px||false|false\u00a0\u00bb top_divider_style=\u00a0\u00bbnone\u00a0\u00bb top_divider_color=\u00a0\u00bb#f7f4eb\u00a0\u00bb top_divider_height=\u00a0\u00bb50px\u00a0\u00bb top_divider_flip=\u00a0\u00bbhorizontal\u00a0\u00bb bottom_divider_height=\u00a0\u00bb50px\u00a0\u00bb][et_pb_row _builder_version=\u00a0\u00bb4.4.7&Prime; custom_margin=\u00a0\u00bb0px||0px||false|false\u00a0\u00bb custom_padding=\u00a0\u00bb0px||0px||false|false\u00a0\u00bb][et_pb_column type=\u00a0\u00bb4_4&Prime; _builder_version=\u00a0\u00bb4.4.7&Prime;][et_pb_post_title meta=\u00a0\u00bboff\u00a0\u00bb featured_image=\u00a0\u00bboff\u00a0\u00bb _builder_version=\u00a0\u00bb4.4.7&Prime; title_text_color=\u00a0\u00bb#006699&Prime; custom_margin=\u00a0\u00bb0px||0px||false|false\u00a0\u00bb custom_padding=\u00a0\u00bb0px||0px||false|false\u00a0\u00bb][\/et_pb_post_title][\/et_pb_column][\/et_pb_row][et_pb_row column_structure=\u00a0\u00bb2_3,1_3&Prime; _builder_version=\u00a0\u00bb4.4.7&Prime; custom_padding=\u00a0\u00bb0px||25px||false|false\u00a0\u00bb][et_pb_column type=\u00a0\u00bb2_3&Prime; _builder_version=\u00a0\u00bb4.4.7&Prime;][et_pb_text _builder_version=\u00a0\u00bb4.4.9&Prime;]<\/p>\n<h2>Nous participons \u00e0 des projets qui renforcent l&rsquo;autonomie des personnes et g\u00e9n\u00e8rent des solutions communautaires qui contribuent \u00e0 pr\u00e9venir et \u00e0 att\u00e9nuer les souffrances, l\u00e0 o\u00f9 les besoins sont les plus criants.<\/h2>\n<p>Voici quelques moyens que nous mettons en \u0153uvre pour cr\u00e9er une communaut\u00e9 pleine d&rsquo;espoir.<\/p>\n<h3>Possibilit\u00e9s de collaboration en mati\u00e8re d&rsquo;\u00e9ducation<\/h3>\n<hr>\n<p><img loading=\"lazy\" decoding=\"async\" src=\"https:\/\/reseaucompassionnetwork.ca\/wp-content\/uploads\/2020\/06\/media-training-unsplash-300x300-1-150x150.jpg\" width=\"150\" height=\"150\" alt=\"\" class=\"wp-image-2574 alignleft size-thumbnail\"> Fin 2019, 25 employ\u00e9s de notre r\u00e9seau se sont r\u00e9unis pour en apprendre davantage sur le journalisme, les m\u00e9dias et la mani\u00e8re de \u00ab\u00a0r\u00e9ussir\u00a0\u00bb des interviews en direct. Monique LaCoste, ancienne animatrice de radio et de t\u00e9l\u00e9vision, a offert la session en anglais, avec des possibilit\u00e9s de discussion et de pratique en fran\u00e7ais. La formation a \u00e9t\u00e9 dispens\u00e9e pour donner \u00e0 notre r\u00e9seau l&rsquo;occasion de gagner en confiance tout en s&rsquo;engageant aupr\u00e8s des m\u00e9dias et, en retour, d&rsquo;aider davantage de personnes vuln\u00e9rables dans notre communaut\u00e9.<\/p>\n<p>Nous nous effor\u00e7ons d&rsquo;apporter de la valeur \u00e0 notre r\u00e9seau d&rsquo;organisations gr\u00e2ce \u00e0 diverses possibilit\u00e9s de collaboration, telles qu&rsquo;un groupe de ressources humaines qui se r\u00e9unit tous les quelques mois avec une soci\u00e9t\u00e9 de conseil en ressources humaines pour discuter de sujets importants dans le domaine, comme l&rsquo;engagement, le leadership et les pratiques d&#8217;embauche.<\/p>\n<p>\u00c0 l&rsquo;automne, le groupe a \u00e9t\u00e9 accueilli pour une formation de deux jours sur les enqu\u00eates en milieu de travail. Depuis cette formation, les participants ont discut\u00e9 de nombreuses possibilit\u00e9s de partage des ressources au sein des professionnels des ressources humaines de notre r\u00e9seau.<\/p>\n<p>Des opportunit\u00e9s comme la formation aux m\u00e9dias et le groupe des ressources humaines sont des \u00e9l\u00e9ments importants de notre avenir. Nous voulons offrir \u00e0 nos organisations des espaces inclusifs pour apprendre et cr\u00e9er des changements novateurs et significatifs dans notre communaut\u00e9.<\/p>\n<h3>Ressources en mati\u00e8re de sant\u00e9 mentale<\/h3>\n<hr>\n<p><img loading=\"lazy\" decoding=\"async\" src=\"https:\/\/reseaucompassionnetwork.ca\/wp-content\/uploads\/2020\/06\/mountains-solo-300x300-1-150x150.jpg\" width=\"150\" height=\"150\" alt=\"\" class=\"wp-image-2575 alignleft size-thumbnail\">Le R\u00e9seau Compassion Network, en partenariat avec la Catholic Health Association of Manitoba (CHAM) et l&rsquo;Interfaith Health Association of Manitoba (IHCAM), est heureux de partager une compilation de ressources sur la sant\u00e9 mentale. Nous tenons \u00e0 remercier tout particuli\u00e8rement le personnel de St. Amant, de Aulneau Renewal Centre et de&rsquo;Sara Riel Inc. qui ont cr\u00e9\u00e9 bon nombre de ces outils.<\/p>\n<p>Ces informations sont con\u00e7ues pour aider chacun \u00e0 naviguer en ces temps difficiles et sans pr\u00e9c\u00e9dent. Nous esp\u00e9rons que ces outils \u00e0 distance pourront vous aider \u00e0 prendre soin de votre sant\u00e9 mentale, tout en prenant soin des autres.<\/p>\n<p><a href=\"https:\/\/reseaucompassionnetwork.ca\/2020\/05\/22\/la-compassion-en-vedette\/?lang=fr\" target=\"_blank\" rel=\"noopener noreferrer\">En savoir plus<\/a><\/p>\n<h3>Un avenir plein d&rsquo;espoir<\/h3>\n<hr>\n<p><img loading=\"lazy\" decoding=\"async\" src=\"https:\/\/reseaucompassionnetwork.ca\/wp-content\/uploads\/2020\/06\/Unsplash-future-hope-300x300-1-150x150.jpg\" width=\"150\" height=\"150\" alt=\"\" class=\"wp-image-2576 alignleft size-thumbnail\">Depuis plus de 20 ans, S\u0153ur Carole Peloquin a chang\u00e9 la vie des hommes incarc\u00e9r\u00e9s. En collaboration avec le R\u00e9seau Compassion Network, son h\u00e9ritage continuera \u00e0 fournir une communaut\u00e9 intentionnelle de soutien \u00e0 ceux qui sortent du syst\u00e8me carc\u00e9ral.<\/p>\n<p><a href=\"https:\/\/reseaucompassionnetwork.ca\/2020\/03\/13\/un-avenir-plein-despoir\/?lang=fr\" target=\"_blank\" rel=\"noopener noreferrer\">En savoir plus<\/a><\/p>\n<p>[\/et_pb_text][\/et_pb_column][et_pb_column type=\u00a0\u00bb1_3&Prime; _builder_version=\u00a0\u00bb4.4.7&Prime;][\/et_pb_column][\/et_pb_row][\/et_pb_section]<\/p>\n","protected":false},"excerpt":{"rendered":"<p>Nous participons \u00e0 des projets qui renforcent l&rsquo;autonomie des personnes et g\u00e9n\u00e8rent des solutions communautaires qui contribuent \u00e0 pr\u00e9venir et \u00e0 att\u00e9nuer les souffrances, l\u00e0 o\u00f9 les besoins sont les plus criants. Voici quelques moyens que nous mettons en \u0153uvre pour cr\u00e9er une communaut\u00e9 pleine d&rsquo;espoir. Possibilit\u00e9s de collaboration en mati\u00e8re d&rsquo;\u00e9ducation Fin 2019, 25&hellip; <a class=\"continue\" href=\"https:\/\/reseaucompassionnetwork.ca\/fr\/projets-vedettes\/\">Continue Reading<span> Les grandes nouvelles<\/span><\/a><\/p>\n","protected":false},"author":126,"featured_media":0,"parent":0,"menu_order":0,"comment_status":"closed","ping_status":"closed","template":"","meta":{"_et_pb_use_builder":"on","_et_pb_old_content":"","_et_gb_content_width":"","_monsterinsights_skip_tracking":false,"_monsterinsights_sitenote_active":false,"_monsterinsights_sitenote_note":"","_monsterinsights_sitenote_category":0,"footnotes":""},"class_list":["post-2797","page","type-page","status-publish","hentry"],"_links":{"self":[{"href":"https:\/\/reseaucompassionnetwork.ca\/fr\/wp-json\/wp\/v2\/pages\/2797","targetHints":{"allow":["GET"]}}],"collection":[{"href":"https:\/\/reseaucompassionnetwork.ca\/fr\/wp-json\/wp\/v2\/pages"}],"about":[{"href":"https:\/\/reseaucompassionnetwork.ca\/fr\/wp-json\/wp\/v2\/types\/page"}],"author":[{"embeddable":true,"href":"https:\/\/reseaucompassionnetwork.ca\/fr\/wp-json\/wp\/v2\/users\/126"}],"replies":[{"embeddable":true,"href":"https:\/\/reseaucompassionnetwork.ca\/fr\/wp-json\/wp\/v2\/comments?post=2797"}],"version-history":[{"count":13,"href":"https:\/\/reseaucompassionnetwork.ca\/fr\/wp-json\/wp\/v2\/pages\/2797\/revisions"}],"predecessor-version":[{"id":8156,"href":"https:\/\/reseaucompassionnetwork.ca\/fr\/wp-json\/wp\/v2\/pages\/2797\/revisions\/8156"}],"wp:attachment":[{"href":"https:\/\/reseaucompassionnetwork.ca\/fr\/wp-json\/wp\/v2\/media?parent=2797"}],"curies":[{"name":"wp","href":"https:\/\/api.w.org\/{rel}","templated":true}]}}