

{"id":2791,"date":"2020-07-11T10:15:28","date_gmt":"2020-07-11T14:15:28","guid":{"rendered":"https:\/\/reseaucompassionnetwork.ca\/vision-strategique\/"},"modified":"2025-12-04T10:13:41","modified_gmt":"2025-12-04T16:13:41","slug":"priorites-strategiques","status":"publish","type":"page","link":"https:\/\/reseaucompassionnetwork.ca\/fr\/priorites-strategiques\/","title":{"rendered":"Priorit\u00e9s strat\u00e9giques"},"content":{"rendered":"<p>[et_pb_section fb_built=\u00a0\u00bb1&Prime; fullwidth=\u00a0\u00bbon\u00a0\u00bb next_background_color=\u00a0\u00bb#ffffff\u00a0\u00bb _builder_version=\u00a0\u00bb4.16&Prime; background_image=\u00a0\u00bbhttp:\/\/reseaucompassionnetwork.ca\/wp-content\/uploads\/2022\/04\/header-imgs-about-new.jpg\u00a0\u00bb bottom_divider_style=\u00a0\u00bbwave2&Prime; bottom_divider_height=\u00a0\u00bb39px\u00a0\u00bb global_colors_info=\u00a0\u00bb{}\u00a0\u00bb][et_pb_fullwidth_post_title title=\u00a0\u00bboff\u00a0\u00bb meta=\u00a0\u00bboff\u00a0\u00bb featured_placement=\u00a0\u00bbbackground\u00a0\u00bb admin_label=\u00a0\u00bbchange featured image in post details\u00a0\u00bb _builder_version=\u00a0\u00bb4.16&Prime; background_color=\u00a0\u00bbrgba(0,0,0,0)\u00a0\u00bb use_background_color_gradient=\u00a0\u00bbon\u00a0\u00bb background_color_gradient_stops=\u00a0\u00bb#ffffff 0%|rgba(255,255,255,0) 50%\u00a0\u00bb background_color_gradient_overlays_image=\u00a0\u00bbon\u00a0\u00bb background_color_gradient_start=\u00a0\u00bb#ffffff\u00a0\u00bb background_color_gradient_end=\u00a0\u00bbrgba(255,255,255,0)\u00a0\u00bb background_color_gradient_end_position=\u00a0\u00bb50%\u00a0\u00bb global_colors_info=\u00a0\u00bb{}\u00a0\u00bb][\/et_pb_fullwidth_post_title][\/et_pb_section][et_pb_section fb_built=\u00a0\u00bb1&Prime; _builder_version=\u00a0\u00bb4.19.1&Prime; use_background_color_gradient=\u00a0\u00bbon\u00a0\u00bb background_color_gradient_stops=\u00a0\u00bb#ffffff 30%|#f0f6f9 100%\u00a0\u00bb background_color_gradient_start_position=\u00a0\u00bb30%\u00a0\u00bb custom_padding=\u00a0\u00bb0px||42px||false|false\u00a0\u00bb top_divider_style=\u00a0\u00bbnone\u00a0\u00bb top_divider_color=\u00a0\u00bb#f7f4eb\u00a0\u00bb top_divider_height=\u00a0\u00bb50px\u00a0\u00bb top_divider_flip=\u00a0\u00bbhorizontal\u00a0\u00bb bottom_divider_height=\u00a0\u00bb50px\u00a0\u00bb global_colors_info=\u00a0\u00bb{}\u00a0\u00bb][et_pb_row _builder_version=\u00a0\u00bb4.16&Prime; custom_margin=\u00a0\u00bb0px||0px||false|false\u00a0\u00bb custom_padding=\u00a0\u00bb0px||0px||false|false\u00a0\u00bb global_colors_info=\u00a0\u00bb{}\u00a0\u00bb][et_pb_column type=\u00a0\u00bb4_4&Prime; _builder_version=\u00a0\u00bb4.16&Prime; global_colors_info=\u00a0\u00bb{}\u00a0\u00bb][et_pb_post_title meta=\u00a0\u00bboff\u00a0\u00bb featured_image=\u00a0\u00bboff\u00a0\u00bb module_class=\u00a0\u00bbpage-title\u00a0\u00bb _builder_version=\u00a0\u00bb4.19.1&Prime; title_text_color=\u00a0\u00bb#006699&Prime; title_line_height=\u00a0\u00bb1.3em\u00a0\u00bb custom_margin=\u00a0\u00bb0px||0px||false|false\u00a0\u00bb custom_padding=\u00a0\u00bb0px||0px||false|false\u00a0\u00bb global_colors_info=\u00a0\u00bb{}\u00a0\u00bb][\/et_pb_post_title][\/et_pb_column][\/et_pb_row][et_pb_row column_structure=\u00a0\u00bb2_3,1_3&Prime; _builder_version=\u00a0\u00bb4.16&Prime; custom_padding=\u00a0\u00bb0px||25px||false|false\u00a0\u00bb global_colors_info=\u00a0\u00bb{}\u00a0\u00bb][et_pb_column type=\u00a0\u00bb2_3&Prime; _builder_version=\u00a0\u00bb4.16&Prime; global_colors_info=\u00a0\u00bb{}\u00a0\u00bb][et_pb_text _builder_version=\u00a0\u00bb4.27.0&Prime; global_colors_info=\u00a0\u00bb{}\u00a0\u00bb]<\/p>\n<h2>\u00c0 la suite de discussions et de r\u00e9flexions approfondies, R\u00e9seau Compassion Network a \u00e9labor\u00e9 un plan strat\u00e9gique 2023-2033 construit autour de quatre formes d&rsquo;activit\u00e9s :<\/h2>\n<h3>1. Activit\u00e9s strat\u00e9giques<\/h3>\n<p>Au cours des dix prochaines ann\u00e9es, RCN \u00e9largira les activit\u00e9s li\u00e9es a sa mission en trouvant des solutions qui auront des r\u00e9sultats constructifs et efficaces pour les Manitobaines et les Manitobains qui se heurtent \u00e0 des obstacles lies a la pauvret\u00e9 complexe.<\/p>\n<ul>\n<li>Mobiliser les capacit\u00e9s et l\u2019expertise des organisations membres de notre r\u00e9seau<\/li>\n<li>\u00c9tablir des liens avec d\u2019autres partenaires de la communaut\u00e9 qui peuvent nous aider a r\u00e9aliser notre strat\u00e9gie<\/li>\n<li>Am\u00e9liorer notre capacite a r\u00e9fl\u00e9chir aux d\u00e9fis \u00e0 r\u00e9soudre<\/li>\n<li>Maximiser et accroitre nos fonds<\/li>\n<\/ul>\n<h3>2. Activit\u00e9s de soutien au R\u00e9seau<\/h3>\n<p>En tant que propri\u00e9taire, nous continuerons \u00e0 soutenir les organisations du R\u00e9seau que nous parrainons dans les domaines qui apportent une valeur ajout\u00e9e au travail qu\u2019elles accomplissent au sein de la communaut\u00e9, tout en respectant leur capacit\u00e9 a gouverner et a d\u00e9finir l\u2019orientation de leurs missions respectives.<\/p>\n<ul>\n<li>Nourrir une culture de compassion<\/li>\n<li>Construire une communaut\u00e9 dans le R\u00e9seau<\/li>\n<li>B\u00e2tir des conseils d\u2019administration solides<\/li>\n<li>Offrir un appui lorsque requis<\/li>\n<\/ul>\n<h3>3. Activit\u00e9s op\u00e9rationnelles<\/h3>\n<p>Ces activit\u00e9s op\u00e9rationnelles permettent a l\u2019organisation de b\u00e2tir son image de marque et de continuer \u00e0 \u00eatre agile et souple pour faire avancer les choses.<\/p>\n<ul>\n<li>D\u00e9velopper la communication de notre image de marque<\/li>\n<li>Cultiver les relations avec la gouvernance catholique et l\u2019engagement des partenaires<\/li>\n<li>Soutenir les syst\u00e8mes internes (finances, information et administration)<\/li>\n<li>Soutenir notre personnel<\/li>\n<\/ul>\n<h3>4. Activit\u00e9s de r\u00e9conciliation<\/h3>\n<p>En tant qu\u2019organisation catholique responsable d\u2019organismes \u0153uvrant en sant\u00e9 et services sociaux au Manitoba, R\u00e9seau Compassion Network reconnait le r\u00f4le de l\u2019\u00c9glise catholique dans les pr\u00e9judices infliges aux peuples autochtones.<\/p>\n<p>Nous reconnaissons que dans nos organisations parrain\u00e9es, les pratiques de soins pass\u00e9s, les d\u2019\u00eatre et de s\u2019occuper des peuples autochtones peuvent avoir \u00e9t\u00e9 inappropri\u00e9es et avoir cause des pr\u00e9judices.<\/p>\n<p>Nous reconnaissons qu\u2019aujourd\u2019hui encore, les pr\u00e9judices se poursuivre sous d\u2019autres formes\u00a0: par le racisme, les barri\u00e8res syst\u00e9miques, les injustices quotidiennes et l\u2019iniquit\u00e9.<\/p>\n<p>Nous ne pouvons pas changer le pass\u00e9, mais nous sommes responsables des actions que nous entreprenons pour mettre fin aux pr\u00e9judices et aux injustices qui continuent d\u2019\u00eatre perp\u00e9tr\u00e9s.<\/p>\n<p>Nous sommes appel\u00e9s dans nos c\u0153urs et par notre engagement pour la justice social \u00e0 briser ces syst\u00e8mes, a r\u00e9clamer la justice, a \u00eatre le changement et la voix de l\u2019unit\u00e9 et des droits de l\u2019homme.<\/p>\n<ul>\n<li>D\u00e9velopper les connaissances et les ressources internes en faveur de la r\u00e9conciliation<\/li>\n<li>Cr\u00e9er des relations avec les populations autochtones<\/li>\n<li>S\u2019associer a des projets de transformation<\/li>\n<li>Travailler avec les organisations de notre R\u00e9seau et soutenir leur d\u00e9marche de r\u00e9conciliation<\/li>\n<\/ul>\n<p>[\/et_pb_text][\/et_pb_column][et_pb_column type=\u00a0\u00bb1_3&Prime; _builder_version=\u00a0\u00bb4.16&Prime; global_colors_info=\u00a0\u00bb{}\u00a0\u00bb][et_pb_image src=\u00a0\u00bbhttps:\/\/reseaucompassionnetwork.ca\/wp-content\/uploads\/2024\/12\/AR-PS-FR.png\u00a0\u00bb title_text=\u00a0\u00bbAR PS FR\u00a0\u00bb _builder_version=\u00a0\u00bb4.27.2&Prime; _module_preset=\u00a0\u00bbdefault\u00a0\u00bb custom_margin=\u00a0\u00bb0px||0px||false|false\u00a0\u00bb custom_padding=\u00a0\u00bb0px||10px||false|false\u00a0\u00bb global_colors_info=\u00a0\u00bb{}\u00a0\u00bb][\/et_pb_image][et_pb_image src=\u00a0\u00bbhttp:\/\/reseaucompassionnetwork.ca\/wp-content\/uploads\/2024\/11\/Annual-Report-300&#215;206.png\u00a0\u00bb alt=\u00a0\u00bbsmiling woman\u00a0\u00bb title_text=\u00a0\u00bbAnnual Report\u00a0\u00bb align=\u00a0\u00bbcenter\u00a0\u00bb _builder_version=\u00a0\u00bb4.27.2&Prime; custom_margin=\u00a0\u00bb10px||10px||false|false\u00a0\u00bb global_colors_info=\u00a0\u00bb{}\u00a0\u00bb][\/et_pb_image][et_pb_text _builder_version=\u00a0\u00bb4.27.4&Prime; _module_preset=\u00a0\u00bbdefault\u00a0\u00bb text_font=\u00a0\u00bb||on||||||\u00a0\u00bb text_text_color=\u00a0\u00bb#006DA5&Prime; text_font_size=\u00a0\u00bb18px\u00a0\u00bb link_font=\u00a0\u00bb||||||||\u00a0\u00bb custom_margin=\u00a0\u00bb||0px||false|false\u00a0\u00bb custom_padding=\u00a0\u00bb10px||0px||false|false\u00a0\u00bb hover_enabled=\u00a0\u00bb0&Prime; global_colors_info=\u00a0\u00bb{}\u00a0\u00bb sticky_enabled=\u00a0\u00bb0&Prime;]<\/p>\n<p>Nous sommes heureux de partager notre rapport annuel qui fait \u00e9tat des points culminants de nos activit\u00e9s apostoliques.<\/p>\n<p style=\"text-align: center;\"><a href=\"https:\/\/reseaucompassionnetwork.ca\/wp-content\/uploads\/2025\/11\/RCN-AnnualReport-Nov2025-digital.pdf\" rel=\"attachment noopener wp-att-17797\" target=\"_blank\">Rapport annuel 2024-2025<\/a><\/p>\n<p>[\/et_pb_text][et_pb_accordion _builder_version=\u00a0\u00bb4.27.4&Prime; _module_preset=\u00a0\u00bbdefault\u00a0\u00bb hover_enabled=\u00a0\u00bb0&Prime; global_colors_info=\u00a0\u00bb{}\u00a0\u00bb sticky_enabled=\u00a0\u00bb0&Prime;][et_pb_accordion_item title=\u00a0\u00bbArchives\u00a0\u00bb open=\u00a0\u00bbon\u00a0\u00bb _builder_version=\u00a0\u00bb4.27.4&Prime; _module_preset=\u00a0\u00bbdefault\u00a0\u00bb hover_enabled=\u00a0\u00bb0&Prime; global_colors_info=\u00a0\u00bb{}\u00a0\u00bb sticky_enabled=\u00a0\u00bb0&Prime;]<\/p>\n<p><a href=\"https:\/\/reseaucompassionnetwork.ca\/wp-content\/uploads\/2023\/12\/Annual-Report-FR-Web.pdf\" target=\"_blank\" rel=\"noopener\"><\/a><a href=\"https:\/\/reseaucompassionnetwork.ca\/wp-content\/uploads\/2024\/11\/48826-RC-Annual-Report-2023-2024-web.pdf\" rel=\"attachment noopener wp-att-17797\" target=\"_blank\">Rapport annuel 2023-2024<\/a><br \/><a href=\"https:\/\/reseaucompassionnetwork.ca\/wp-content\/uploads\/2023\/12\/Annual-Report-FR-Web.pdf\" target=\"_blank\" rel=\"noopener\">Rapport annuel 2022-2023<\/a><br \/><a href=\"https:\/\/reseaucompassionnetwork.ca\/wp-content\/uploads\/2022\/12\/45232-RC-Annual-Report-2021-2022-web.pdf\" rel=\"attachment noopener noreferrer wp-att-8757\" target=\"_blank\">Rapport annuel 2021-2022<\/a><br \/><a href=\"https:\/\/reseaucompassionnetwork.ca\/wp-content\/uploads\/2021\/11\/rapportannuel-1.pdf\" rel=\"attachment wp-att-8757 noopener noreferrer\" target=\"_blank\">Rapport annuel 2020-2021<\/a><br \/><a href=\"https:\/\/reseaucompassionnetwork.ca\/wp-content\/uploads\/2021\/01\/Rapport-annuel-2019-2020-Annual-Report.pdf\">Rapport annuel 2019-2020<\/a><\/p>\n<p>[\/et_pb_accordion_item][\/et_pb_accordion][\/et_pb_column][\/et_pb_row][\/et_pb_section]<\/p>\n","protected":false},"excerpt":{"rendered":"<p>\u00c0 la suite de discussions et de r\u00e9flexions approfondies, R\u00e9seau Compassion Network a \u00e9labor\u00e9 un plan strat\u00e9gique 2023-2033 construit autour de quatre formes d&rsquo;activit\u00e9s : 1. Activit\u00e9s strat\u00e9giques Au cours des dix prochaines ann\u00e9es, RCN \u00e9largira les activit\u00e9s li\u00e9es a sa mission en trouvant des solutions qui auront des r\u00e9sultats constructifs et efficaces pour les&hellip; <a class=\"continue\" href=\"https:\/\/reseaucompassionnetwork.ca\/fr\/priorites-strategiques\/\">Continue Reading<span> Priorit\u00e9s strat\u00e9giques<\/span><\/a><\/p>\n","protected":false},"author":126,"featured_media":0,"parent":0,"menu_order":0,"comment_status":"closed","ping_status":"closed","template":"","meta":{"_et_pb_use_builder":"on","_et_pb_old_content":"","_et_gb_content_width":"","_monsterinsights_skip_tracking":false,"_monsterinsights_sitenote_active":false,"_monsterinsights_sitenote_note":"","_monsterinsights_sitenote_category":0,"footnotes":""},"class_list":["post-2791","page","type-page","status-publish","hentry"],"_links":{"self":[{"href":"https:\/\/reseaucompassionnetwork.ca\/fr\/wp-json\/wp\/v2\/pages\/2791","targetHints":{"allow":["GET"]}}],"collection":[{"href":"https:\/\/reseaucompassionnetwork.ca\/fr\/wp-json\/wp\/v2\/pages"}],"about":[{"href":"https:\/\/reseaucompassionnetwork.ca\/fr\/wp-json\/wp\/v2\/types\/page"}],"author":[{"embeddable":true,"href":"https:\/\/reseaucompassionnetwork.ca\/fr\/wp-json\/wp\/v2\/users\/126"}],"replies":[{"embeddable":true,"href":"https:\/\/reseaucompassionnetwork.ca\/fr\/wp-json\/wp\/v2\/comments?post=2791"}],"version-history":[{"count":36,"href":"https:\/\/reseaucompassionnetwork.ca\/fr\/wp-json\/wp\/v2\/pages\/2791\/revisions"}],"predecessor-version":[{"id":21140,"href":"https:\/\/reseaucompassionnetwork.ca\/fr\/wp-json\/wp\/v2\/pages\/2791\/revisions\/21140"}],"wp:attachment":[{"href":"https:\/\/reseaucompassionnetwork.ca\/fr\/wp-json\/wp\/v2\/media?parent=2791"}],"curies":[{"name":"wp","href":"https:\/\/api.w.org\/{rel}","templated":true}]}}