

{"id":2769,"date":"2020-07-11T10:09:02","date_gmt":"2020-07-11T14:09:02","guid":{"rendered":"https:\/\/reseaucompassionnetwork.ca\/mission-vision-valeurs\/"},"modified":"2023-08-01T12:04:20","modified_gmt":"2023-08-01T17:04:20","slug":"mission-vision-valeurs","status":"publish","type":"page","link":"https:\/\/reseaucompassionnetwork.ca\/fr\/mission-vision-valeurs\/","title":{"rendered":"Mission, vision, valeurs"},"content":{"rendered":"<p>[et_pb_section fb_built=\u00a0\u00bb1&Prime; fullwidth=\u00a0\u00bbon\u00a0\u00bb next_background_color=\u00a0\u00bb#ffffff\u00a0\u00bb _builder_version=\u00a0\u00bb4.16&Prime; background_image=\u00a0\u00bbhttps:\/\/reseaucompassionnetwork.ca\/wp-content\/uploads\/2022\/04\/header-imgs-about-new.jpg\u00a0\u00bb bottom_divider_style=\u00a0\u00bbwave2&Prime; bottom_divider_height=\u00a0\u00bb39px\u00a0\u00bb global_colors_info=\u00a0\u00bb{}\u00a0\u00bb][et_pb_fullwidth_post_title title=\u00a0\u00bboff\u00a0\u00bb meta=\u00a0\u00bboff\u00a0\u00bb featured_placement=\u00a0\u00bbbackground\u00a0\u00bb admin_label=\u00a0\u00bbchange featured image in post details\u00a0\u00bb _builder_version=\u00a0\u00bb4.16&Prime; background_color=\u00a0\u00bbrgba(0,0,0,0)\u00a0\u00bb use_background_color_gradient=\u00a0\u00bbon\u00a0\u00bb background_color_gradient_stops=\u00a0\u00bb#ffffff 0%|rgba(255,255,255,0) 50%\u00a0\u00bb background_color_gradient_overlays_image=\u00a0\u00bbon\u00a0\u00bb background_color_gradient_start=\u00a0\u00bb#ffffff\u00a0\u00bb background_color_gradient_end=\u00a0\u00bbrgba(255,255,255,0)\u00a0\u00bb background_color_gradient_end_position=\u00a0\u00bb50%\u00a0\u00bb global_colors_info=\u00a0\u00bb{}\u00a0\u00bb][\/et_pb_fullwidth_post_title][\/et_pb_section][et_pb_section fb_built=\u00a0\u00bb1&Prime; _builder_version=\u00a0\u00bb4.19.1&Prime; use_background_color_gradient=\u00a0\u00bbon\u00a0\u00bb background_color_gradient_stops=\u00a0\u00bb#ffffff 30%|#f0f6f9 100%\u00a0\u00bb background_color_gradient_start_position=\u00a0\u00bb30%\u00a0\u00bb custom_padding=\u00a0\u00bb0px||0px||false|false\u00a0\u00bb top_divider_style=\u00a0\u00bbnone\u00a0\u00bb top_divider_color=\u00a0\u00bb#f7f4eb\u00a0\u00bb top_divider_height=\u00a0\u00bb50px\u00a0\u00bb top_divider_flip=\u00a0\u00bbhorizontal\u00a0\u00bb bottom_divider_height=\u00a0\u00bb50px\u00a0\u00bb global_colors_info=\u00a0\u00bb{}\u00a0\u00bb][et_pb_row _builder_version=\u00a0\u00bb4.16&Prime; custom_margin=\u00a0\u00bb0px||0px||false|false\u00a0\u00bb custom_padding=\u00a0\u00bb0px||0px||false|false\u00a0\u00bb global_colors_info=\u00a0\u00bb{}\u00a0\u00bb][et_pb_column type=\u00a0\u00bb4_4&Prime; _builder_version=\u00a0\u00bb4.16&Prime; global_colors_info=\u00a0\u00bb{}\u00a0\u00bb][et_pb_post_title meta=\u00a0\u00bboff\u00a0\u00bb featured_image=\u00a0\u00bboff\u00a0\u00bb _builder_version=\u00a0\u00bb4.19.1&Prime; title_text_color=\u00a0\u00bb#006699&Prime; title_line_height=\u00a0\u00bb1.3em\u00a0\u00bb custom_margin=\u00a0\u00bb0px||0px||false|false\u00a0\u00bb custom_padding=\u00a0\u00bb0px||0px||false|false\u00a0\u00bb global_colors_info=\u00a0\u00bb{}\u00a0\u00bb][\/et_pb_post_title][\/et_pb_column][\/et_pb_row][et_pb_row column_structure=\u00a0\u00bb2_3,1_3&Prime; _builder_version=\u00a0\u00bb4.16&Prime; custom_padding=\u00a0\u00bb0px||25px||false|false\u00a0\u00bb global_colors_info=\u00a0\u00bb{}\u00a0\u00bb][et_pb_column type=\u00a0\u00bb2_3&Prime; _builder_version=\u00a0\u00bb4.16&Prime; global_colors_info=\u00a0\u00bb{}\u00a0\u00bb][et_pb_text _builder_version=\u00a0\u00bb4.16&Prime; global_colors_info=\u00a0\u00bb{}\u00a0\u00bb]<\/p>\n<h2>Pourquoi existons-nous?<\/h2>\n<p>Nous avons \u00e9t\u00e9 fond\u00e9s par des congr\u00e9gations religieuses pionni\u00e8res. Elles nous ont l\u00e9gu\u00e9 en h\u00e9ritage leur volont\u00e9 de rassembler les gens de toutes confessions, traditions et cultures qui veulent \u00eatre des exemples d\u2019espoir et de compassion.<\/p>\n<h2>Qui sommes-nous?<\/h2>\n<p>Nous sommes l\u2019expression contemporaine du minist\u00e8re de gu\u00e9rison de J\u00e9sus Christ et de Son amour universel.<\/p>\n<ul>\n<li><strong style=\"font-size: 16px;\">Nous sommes inclusifs.<\/strong><span style=\"font-size: 16px;\"> Nous cheminons avec des gens de toutes confessions, traditions et cultures.<\/span><\/li>\n<li><strong style=\"font-size: 16px;\">Nous faisons une diff\u00e9rence.<\/strong><span style=\"font-size: 16px;\"> Nous aidons les gens \u00e0 r\u00e9aliser leur plein potentiel.<\/span><\/li>\n<li><strong style=\"font-size: 16px;\">Nous faisons preuve d\u2019audace.<\/strong><span style=\"font-size: 16px;\"> Nous prenons des d\u00e9cisions courageuses.<\/span><\/li>\n<li><strong style=\"font-size: 16px;\">Nous avons confiance en la providence.<\/strong><span style=\"font-size: 16px;\"> Nous embrassons les incertitudes d\u2019un monde en constant changement.<\/span><\/li>\n<li><strong style=\"font-size: 16px;\">Nous incarnons les valeurs de la justice sociale et de la charit\u00e9<\/strong><span style=\"font-size: 16px;\">. Nous sommes guid\u00e9s par les enseignements de l\u2019\u00c9glise.<\/span><\/li>\n<\/ul>\n<h2>Que faisons-nous?<\/h2>\n<p>Nous habilitons les personnes \u00e0 l\u2019action et \u00e0 la recherche de solutions pour pr\u00e9venir et apaiser la souffrance l\u00e0 o\u00f9 les besoins sont les plus criants.<\/p>\n<h2>O\u00f9 allons-nous?<\/h2>\n<p>Nous allons vers une communaut\u00e9 anim\u00e9e par l\u2019esp\u00e9rance dans laquelle chaque personne fait preuve de solidarit\u00e9 pour le bien-\u00eatre de tous.<\/p>\n<ul><\/ul>\n<p>[\/et_pb_text][\/et_pb_column][et_pb_column type=\u00a0\u00bb1_3&Prime; _builder_version=\u00a0\u00bb4.16&Prime; global_colors_info=\u00a0\u00bb{}\u00a0\u00bb][et_pb_image src=\u00a0\u00bbhttps:\/\/reseaucompassionnetwork.ca\/wp-content\/uploads\/2022\/03\/CFL-Unloading-Truck-2.jpg\u00a0\u00bb alt=\u00a0\u00bbmen collecting donations\u00a0\u00bb title_text=\u00a0\u00bbCFL-Unloading-Truck-2&Prime; _builder_version=\u00a0\u00bb4.16&Prime; global_colors_info=\u00a0\u00bb{}\u00a0\u00bb][\/et_pb_image][\/et_pb_column][\/et_pb_row][\/et_pb_section]<\/p>\n","protected":false},"excerpt":{"rendered":"<p>Pourquoi existons-nous? Nous avons \u00e9t\u00e9 fond\u00e9s par des congr\u00e9gations religieuses pionni\u00e8res. Elles nous ont l\u00e9gu\u00e9 en h\u00e9ritage leur volont\u00e9 de rassembler les gens de toutes confessions, traditions et cultures qui veulent \u00eatre des exemples d\u2019espoir et de compassion. Qui sommes-nous? Nous sommes l\u2019expression contemporaine du minist\u00e8re de gu\u00e9rison de J\u00e9sus Christ et de Son amour&hellip; <a class=\"continue\" href=\"https:\/\/reseaucompassionnetwork.ca\/fr\/mission-vision-valeurs\/\">Continue Reading<span> Mission, vision, valeurs<\/span><\/a><\/p>\n","protected":false},"author":126,"featured_media":0,"parent":0,"menu_order":0,"comment_status":"closed","ping_status":"closed","template":"","meta":{"_et_pb_use_builder":"on","_et_pb_old_content":"","_et_gb_content_width":"","_monsterinsights_skip_tracking":false,"_monsterinsights_sitenote_active":false,"_monsterinsights_sitenote_note":"","_monsterinsights_sitenote_category":0,"footnotes":""},"class_list":["post-2769","page","type-page","status-publish","hentry"],"_links":{"self":[{"href":"https:\/\/reseaucompassionnetwork.ca\/fr\/wp-json\/wp\/v2\/pages\/2769","targetHints":{"allow":["GET"]}}],"collection":[{"href":"https:\/\/reseaucompassionnetwork.ca\/fr\/wp-json\/wp\/v2\/pages"}],"about":[{"href":"https:\/\/reseaucompassionnetwork.ca\/fr\/wp-json\/wp\/v2\/types\/page"}],"author":[{"embeddable":true,"href":"https:\/\/reseaucompassionnetwork.ca\/fr\/wp-json\/wp\/v2\/users\/126"}],"replies":[{"embeddable":true,"href":"https:\/\/reseaucompassionnetwork.ca\/fr\/wp-json\/wp\/v2\/comments?post=2769"}],"version-history":[{"count":16,"href":"https:\/\/reseaucompassionnetwork.ca\/fr\/wp-json\/wp\/v2\/pages\/2769\/revisions"}],"predecessor-version":[{"id":13368,"href":"https:\/\/reseaucompassionnetwork.ca\/fr\/wp-json\/wp\/v2\/pages\/2769\/revisions\/13368"}],"wp:attachment":[{"href":"https:\/\/reseaucompassionnetwork.ca\/fr\/wp-json\/wp\/v2\/media?parent=2769"}],"curies":[{"name":"wp","href":"https:\/\/api.w.org\/{rel}","templated":true}]}}