

{"id":2766,"date":"2020-07-11T10:02:46","date_gmt":"2020-07-11T14:02:46","guid":{"rendered":"https:\/\/reseaucompassionnetwork.ca\/a-notre-sujet\/"},"modified":"2025-01-06T16:08:21","modified_gmt":"2025-01-06T22:08:21","slug":"ensemble-pour-la-communaute","status":"publish","type":"page","link":"https:\/\/reseaucompassionnetwork.ca\/fr\/ensemble-pour-la-communaute\/","title":{"rendered":"Ensemble pour la communaut\u00e9"},"content":{"rendered":"<p>[et_pb_section fb_built=\u00a0\u00bb1&Prime; fullwidth=\u00a0\u00bbon\u00a0\u00bb next_background_color=\u00a0\u00bb#ffffff\u00a0\u00bb _builder_version=\u00a0\u00bb4.16&Prime; background_image=\u00a0\u00bbhttp:\/\/reseaucompassionnetwork.ca\/wp-content\/uploads\/2022\/04\/header-imgs-about-new.jpg\u00a0\u00bb bottom_divider_style=\u00a0\u00bbwave2&Prime; bottom_divider_height=\u00a0\u00bb39px\u00a0\u00bb global_colors_info=\u00a0\u00bb{}\u00a0\u00bb][et_pb_fullwidth_post_title title=\u00a0\u00bboff\u00a0\u00bb meta=\u00a0\u00bboff\u00a0\u00bb featured_placement=\u00a0\u00bbbackground\u00a0\u00bb admin_label=\u00a0\u00bbchange featured image in post details\u00a0\u00bb _builder_version=\u00a0\u00bb4.16&Prime; background_color=\u00a0\u00bbrgba(0,0,0,0)\u00a0\u00bb use_background_color_gradient=\u00a0\u00bbon\u00a0\u00bb background_color_gradient_stops=\u00a0\u00bb#ffffff 0%|rgba(255,255,255,0) 50%\u00a0\u00bb background_color_gradient_overlays_image=\u00a0\u00bbon\u00a0\u00bb background_color_gradient_start=\u00a0\u00bb#ffffff\u00a0\u00bb background_color_gradient_end=\u00a0\u00bbrgba(255,255,255,0)\u00a0\u00bb background_color_gradient_end_position=\u00a0\u00bb50%\u00a0\u00bb global_colors_info=\u00a0\u00bb{}\u00a0\u00bb][\/et_pb_fullwidth_post_title][\/et_pb_section][et_pb_section fb_built=\u00a0\u00bb1&Prime; _builder_version=\u00a0\u00bb4.16&Prime; custom_padding=\u00a0\u00bb0px||0px||false|false\u00a0\u00bb top_divider_style=\u00a0\u00bbnone\u00a0\u00bb top_divider_color=\u00a0\u00bb#f7f4eb\u00a0\u00bb top_divider_height=\u00a0\u00bb50px\u00a0\u00bb top_divider_flip=\u00a0\u00bbhorizontal\u00a0\u00bb bottom_divider_height=\u00a0\u00bb50px\u00a0\u00bb global_colors_info=\u00a0\u00bb{}\u00a0\u00bb][et_pb_row _builder_version=\u00a0\u00bb4.16&Prime; custom_margin=\u00a0\u00bb0px||0px||false|false\u00a0\u00bb custom_padding=\u00a0\u00bb0px||0px||false|false\u00a0\u00bb global_colors_info=\u00a0\u00bb{}\u00a0\u00bb][et_pb_column type=\u00a0\u00bb4_4&Prime; _builder_version=\u00a0\u00bb4.16&Prime; global_colors_info=\u00a0\u00bb{}\u00a0\u00bb][et_pb_post_title meta=\u00a0\u00bboff\u00a0\u00bb featured_image=\u00a0\u00bboff\u00a0\u00bb module_class=\u00a0\u00bbpage-title\u00a0\u00bb _builder_version=\u00a0\u00bb4.19.1&Prime; title_text_color=\u00a0\u00bb#006699&Prime; title_line_height=\u00a0\u00bb1.3em\u00a0\u00bb custom_margin=\u00a0\u00bb0px||0px||false|false\u00a0\u00bb custom_padding=\u00a0\u00bb0px|400px|0px||false|false\u00a0\u00bb custom_padding_tablet=\u00a0\u00bb|0px|||false|false\u00a0\u00bb custom_padding_phone=\u00a0\u00bb|0px|||false|false\u00a0\u00bb custom_padding_last_edited=\u00a0\u00bbon|phone\u00a0\u00bb global_colors_info=\u00a0\u00bb{}\u00a0\u00bb][\/et_pb_post_title][\/et_pb_column][\/et_pb_row][et_pb_row column_structure=\u00a0\u00bb2_3,1_3&Prime; _builder_version=\u00a0\u00bb4.16&Prime; custom_padding=\u00a0\u00bb0px||50px||false|false\u00a0\u00bb global_colors_info=\u00a0\u00bb{}\u00a0\u00bb][et_pb_column type=\u00a0\u00bb2_3&Prime; _builder_version=\u00a0\u00bb4.16&Prime; global_colors_info=\u00a0\u00bb{}\u00a0\u00bb][et_pb_text _builder_version=\u00a0\u00bb4.23.1&Prime; global_colors_info=\u00a0\u00bb{}\u00a0\u00bb]<\/p>\n<h2>R\u00e9seau Compassion Network rassemble jour apr\u00e8s jour des personnes inspir\u00e9es \u00e0 servir les Manitobains l\u00e0 o\u00f9 les besoins sont les plus grands. C\u2019est avec d\u00e9termination que nous tentons d&rsquo;identifier les besoins \u00e9mergents et non satisfaits au sein des communaut\u00e9s que nous desservons.<\/h2>\n<p>Nous sommes responsables d&rsquo;une famille de 13 agences de sant\u00e9, de services sociaux et de services \u00e0 la personne au sein desquels, chaque jour, pr\u00e8s de 7 900 personnes de toutes confessions, traditions et cultures font une diff\u00e9rence dans la vie de ceux et celles qui franchissent nos portes en temps de besoin.<\/p>\n<p>Nous voulons investir dans des solutions audacieuses et innovantes pour faire une diff\u00e9rence dans la vie des gens qui sont confront\u00e9s \u00e0 des obstacles li\u00e9s \u00e0 la <strong>pauvret\u00e9 complexe<\/strong>, qui inclut quatre facteurs : l&rsquo;<strong>emploi et le revenu<\/strong>, le <strong>bien-\u00eatre global<\/strong>, l&rsquo;<strong>exclusion sociale<\/strong> et le <strong>logement<\/strong>.<\/p>\n<p>Ensemble, nos membres repr\u00e9sentent un r\u00e9seau d\u2019organisations travaillant sur un continuum de soins.<\/p>\n<h3>Nos services sont fournis dans cinq grands domaines :<\/h3>\n<p>1. Soins primaires, communautaires et de sant\u00e9 mentale<br \/>2. Soins aigus<br \/>3. Soins de longue dur\u00e9e<br \/>4. Services complets aux personnes vivant avec un handicap de d\u00e9veloppement<br \/>5. Logement et services sociaux<\/p>\n<p>Gr\u00e2ce aux services offerts par nos organisations membres, et nos propres projets et initiatives, R\u00e9seau Compassion Network veut \u00eatre un partenaire d&rsquo;importance pour assurer la vitalit\u00e9 de nos communaut\u00e9s, l\u00e0 o\u00f9 chacun peut aspirer \u00e0 atteindre son plein potentiel.<\/p>\n<p>[\/et_pb_text][\/et_pb_column][et_pb_column type=\u00a0\u00bb1_3&Prime; _builder_version=\u00a0\u00bb4.16&Prime; global_colors_info=\u00a0\u00bb{}\u00a0\u00bb][et_pb_image src=\u00a0\u00bbhttp:\/\/reseaucompassionnetwork.ca\/wp-content\/uploads\/2022\/04\/Aulneau-Therapy.jpg\u00a0\u00bb alt=\u00a0\u00bbcounselling\u00a0\u00bb title_text=\u00a0\u00bbAulneau-Therapy\u00a0\u00bb _builder_version=\u00a0\u00bb4.16&Prime; global_colors_info=\u00a0\u00bb{}\u00a0\u00bb][\/et_pb_image][\/et_pb_column][\/et_pb_row][\/et_pb_section][et_pb_section fb_built=\u00a0\u00bb1&Prime; _builder_version=\u00a0\u00bb4.16&Prime; background_color=\u00a0\u00bb#006699&Prime; custom_padding=\u00a0\u00bb0px||30px|||\u00a0\u00bb top_divider_color=\u00a0\u00bb#ffffff\u00a0\u00bb top_divider_height=\u00a0\u00bb50px\u00a0\u00bb global_colors_info=\u00a0\u00bb{}\u00a0\u00bb][et_pb_row column_structure=\u00a0\u00bb3_4,1_4&Prime; _builder_version=\u00a0\u00bb4.16&Prime; custom_padding=\u00a0\u00bb||0px|||\u00a0\u00bb global_colors_info=\u00a0\u00bb{}\u00a0\u00bb][et_pb_column type=\u00a0\u00bb3_4&Prime; _builder_version=\u00a0\u00bb4.16&Prime; global_colors_info=\u00a0\u00bb{}\u00a0\u00bb][et_pb_text _builder_version=\u00a0\u00bb4.16&Prime; text_text_color=\u00a0\u00bb#ffffff\u00a0\u00bb header_text_color=\u00a0\u00bb#ffffff\u00a0\u00bb header_2_text_color=\u00a0\u00bb#ffffff\u00a0\u00bb custom_padding=\u00a0\u00bb20px||||false|false\u00a0\u00bb global_colors_info=\u00a0\u00bb{}\u00a0\u00bb]<\/p>\n<h2>Port\u00e9 par l&rsquo;h\u00e9ritage des religieuses pionni\u00e8res qui nous ont pr\u00e9c\u00e9d\u00e9s, R\u00e9seau Compassion Network honore les traditions du pass\u00e9 en continuant d&rsquo;aider les gens. Anim\u00e9s par la compassion, nous accordons \u00e0 chacune et chacun une attention soign\u00e9e afin de bien comprendre sa situation et ses besoins.\u00a0<\/h2>\n<p>[\/et_pb_text][\/et_pb_column][et_pb_column type=\u00a0\u00bb1_4&Prime; _builder_version=\u00a0\u00bb4.16&Prime; global_colors_info=\u00a0\u00bb{}\u00a0\u00bb][\/et_pb_column][\/et_pb_row][\/et_pb_section][et_pb_section fb_built=\u00a0\u00bb1&Prime; _builder_version=\u00a0\u00bb4.19.1&Prime; use_background_color_gradient=\u00a0\u00bbon\u00a0\u00bb background_color_gradient_stops=\u00a0\u00bb#ffffff 30%|#f0f6f9 100%\u00a0\u00bb background_color_gradient_start_position=\u00a0\u00bb30%\u00a0\u00bb custom_padding=\u00a0\u00bb0px||0px||false|false\u00a0\u00bb top_divider_style=\u00a0\u00bbnone\u00a0\u00bb top_divider_color=\u00a0\u00bb#f7f4eb\u00a0\u00bb top_divider_height=\u00a0\u00bb50px\u00a0\u00bb top_divider_flip=\u00a0\u00bbhorizontal\u00a0\u00bb bottom_divider_height=\u00a0\u00bb50px\u00a0\u00bb global_colors_info=\u00a0\u00bb{}\u00a0\u00bb][et_pb_row column_structure=\u00a0\u00bb2_3,1_3&Prime; _builder_version=\u00a0\u00bb4.16&Prime; custom_padding=\u00a0\u00bb||0px||false|false\u00a0\u00bb global_colors_info=\u00a0\u00bb{}\u00a0\u00bb][et_pb_column type=\u00a0\u00bb2_3&Prime; _builder_version=\u00a0\u00bb4.16&Prime; global_colors_info=\u00a0\u00bb{}\u00a0\u00bb][et_pb_text _builder_version=\u00a0\u00bb4.19.1&Prime; global_colors_info=\u00a0\u00bb{}\u00a0\u00bb]<\/p>\n<h2>Notre promesse \u00e0 la communaut\u00e9 :<\/h2>\n<p>[\/et_pb_text][\/et_pb_column][et_pb_column type=\u00a0\u00bb1_3&Prime; _builder_version=\u00a0\u00bb4.16&Prime; global_colors_info=\u00a0\u00bb{}\u00a0\u00bb][\/et_pb_column][\/et_pb_row][et_pb_row column_structure=\u00a0\u00bb1_3,1_3,1_3&Prime; _builder_version=\u00a0\u00bb4.19.1&Prime; custom_padding=\u00a0\u00bb||0px||false|false\u00a0\u00bb global_colors_info=\u00a0\u00bb{}\u00a0\u00bb][et_pb_column type=\u00a0\u00bb1_3&Prime; _builder_version=\u00a0\u00bb4.16&Prime; global_colors_info=\u00a0\u00bb{}\u00a0\u00bb][et_pb_text _builder_version=\u00a0\u00bb4.19.1&Prime; global_colors_info=\u00a0\u00bb{}\u00a0\u00bb]<\/p>\n<p><img loading=\"lazy\" decoding=\"async\" src=\"https:\/\/reseaucompassionnetwork.ca\/wp-content\/uploads\/2022\/12\/Employee-258x300.png\" width=\"343\" height=\"400\" alt=\"\" class=\"wp-image-12399 alignnone size-medium\" \/><\/p>\n<p>[\/et_pb_text][\/et_pb_column][et_pb_column type=\u00a0\u00bb1_3&Prime; _builder_version=\u00a0\u00bb4.16&Prime; global_colors_info=\u00a0\u00bb{}\u00a0\u00bb][et_pb_text _builder_version=\u00a0\u00bb4.19.1&Prime; _module_preset=\u00a0\u00bbdefault\u00a0\u00bb width=\u00a0\u00bb100%\u00a0\u00bb custom_margin=\u00a0\u00bb|1px||||\u00a0\u00bb custom_padding=\u00a0\u00bb0px|||||\u00a0\u00bb global_colors_info=\u00a0\u00bb{}\u00a0\u00bb]<\/p>\n<p>\u2022 Nous accompagnons les gens et leur offrons aide et espoir <br \/>\u2022 Nous offrons un environnement accueillant et ouvert <br \/>\u2022 Nous, ensemble avec les membres de notre r\u00e9seau, formons une communaut\u00e9 qui partage des valeurs communes<br \/>\u2022 Nous \u00e9prouvons de la compassion pour chaque personne, nous souciant de tous ses besoins <br \/>\u2022 Nous nous engageons \u00e0 atteindre l\u2019excellence dans notre travail et dans l\u2019offre de nos programmes<\/p>\n<p>[\/et_pb_text][\/et_pb_column][et_pb_column type=\u00a0\u00bb1_3&Prime; _builder_version=\u00a0\u00bb4.16&Prime; global_colors_info=\u00a0\u00bb{}\u00a0\u00bb][\/et_pb_column][\/et_pb_row][et_pb_row column_structure=\u00a0\u00bb2_3,1_3&Prime; _builder_version=\u00a0\u00bb4.16&Prime; custom_padding=\u00a0\u00bb||0px||false|false\u00a0\u00bb global_colors_info=\u00a0\u00bb{}\u00a0\u00bb][et_pb_column type=\u00a0\u00bb2_3&Prime; _builder_version=\u00a0\u00bb4.16&Prime; global_colors_info=\u00a0\u00bb{}\u00a0\u00bb][et_pb_text _builder_version=\u00a0\u00bb4.19.1&Prime; global_colors_info=\u00a0\u00bb{}\u00a0\u00bb]<\/p>\n<h2>Notre engagement envers la francophonie :<\/h2>\n<p><span lang=\"FR-CA\">R\u00e9seau Compassion Network est fier d\u2019\u00eatre signataire de <\/span><span lang=\"FR-CA\">la D\u00e9claration d\u2019Ottawa qui comprend treize (13) grands principes, soient six valeurs et sept engagements qui servent \u00e0 inspirer les \u00e9tablissements de sant\u00e9 et de services sociaux \u00e0 prioriser leurs actions afin d\u2019am\u00e9liorer l\u2019offre de services et de programmes desservant la population d\u2019expression fran\u00e7aise. Onze (11) de nos organisations membres sont d\u00e9sign\u00e9es bilingues ou offrent des services dans les deux langues officielles.<\/span><\/p>\n<p><span lang=\"FR-CA\">Pour savoir davantage sur la D\u00e9claration d&rsquo;Ottawa, veuillez <a href=\"https:\/\/www.santefrancais.ca\/jemengage\/\" target=\"_blank\" rel=\"noopener\">cliquer ici<\/a>.<\/span><\/p>\n<p>Pour consulter l&rsquo;engagement du R\u00e9seau Compassion Network, <a href=\"https:\/\/reseaucompassionnetwork.ca\/wp-content\/uploads\/2023\/01\/RCN-OttawaDeclaration-Certificate-Nov2022.pdf\" rel=\"attachment noopener wp-att-12411\" target=\"_blank\">cliquez ici<\/a>.<\/p>\n<p>[\/et_pb_text][\/et_pb_column][et_pb_column type=\u00a0\u00bb1_3&Prime; _builder_version=\u00a0\u00bb4.16&Prime; global_colors_info=\u00a0\u00bb{}\u00a0\u00bb][\/et_pb_column][\/et_pb_row][\/et_pb_section]<\/p>\n","protected":false},"excerpt":{"rendered":"<p>R\u00e9seau Compassion Network rassemble jour apr\u00e8s jour des personnes inspir\u00e9es \u00e0 servir les Manitobains l\u00e0 o\u00f9 les besoins sont les plus grands. C\u2019est avec d\u00e9termination que nous tentons d&rsquo;identifier les besoins \u00e9mergents et non satisfaits au sein des communaut\u00e9s que nous desservons. Nous sommes responsables d&rsquo;une famille de 13 agences de sant\u00e9, de services sociaux&hellip; <a class=\"continue\" href=\"https:\/\/reseaucompassionnetwork.ca\/fr\/ensemble-pour-la-communaute\/\">Continue Reading<span> Ensemble pour la communaut\u00e9<\/span><\/a><\/p>\n","protected":false},"author":126,"featured_media":0,"parent":0,"menu_order":0,"comment_status":"closed","ping_status":"closed","template":"","meta":{"_et_pb_use_builder":"on","_et_pb_old_content":"","_et_gb_content_width":"","_monsterinsights_skip_tracking":false,"_monsterinsights_sitenote_active":false,"_monsterinsights_sitenote_note":"","_monsterinsights_sitenote_category":0,"footnotes":""},"class_list":["post-2766","page","type-page","status-publish","hentry"],"_links":{"self":[{"href":"https:\/\/reseaucompassionnetwork.ca\/fr\/wp-json\/wp\/v2\/pages\/2766","targetHints":{"allow":["GET"]}}],"collection":[{"href":"https:\/\/reseaucompassionnetwork.ca\/fr\/wp-json\/wp\/v2\/pages"}],"about":[{"href":"https:\/\/reseaucompassionnetwork.ca\/fr\/wp-json\/wp\/v2\/types\/page"}],"author":[{"embeddable":true,"href":"https:\/\/reseaucompassionnetwork.ca\/fr\/wp-json\/wp\/v2\/users\/126"}],"replies":[{"embeddable":true,"href":"https:\/\/reseaucompassionnetwork.ca\/fr\/wp-json\/wp\/v2\/comments?post=2766"}],"version-history":[{"count":34,"href":"https:\/\/reseaucompassionnetwork.ca\/fr\/wp-json\/wp\/v2\/pages\/2766\/revisions"}],"predecessor-version":[{"id":18414,"href":"https:\/\/reseaucompassionnetwork.ca\/fr\/wp-json\/wp\/v2\/pages\/2766\/revisions\/18414"}],"wp:attachment":[{"href":"https:\/\/reseaucompassionnetwork.ca\/fr\/wp-json\/wp\/v2\/media?parent=2766"}],"curies":[{"name":"wp","href":"https:\/\/api.w.org\/{rel}","templated":true}]}}