

{"id":22309,"date":"2026-02-09T07:53:52","date_gmt":"2026-02-09T13:53:52","guid":{"rendered":"https:\/\/reseaucompassionnetwork.ca\/service-dethique-en-soins-de-sante\/"},"modified":"2026-02-13T11:57:45","modified_gmt":"2026-02-13T17:57:45","slug":"service-dethique","status":"publish","type":"page","link":"https:\/\/reseaucompassionnetwork.ca\/fr\/service-dethique\/","title":{"rendered":"Service d\u2019\u00e9thique des soins de sant\u00e9"},"content":{"rendered":"<p>[et_pb_section fb_built=\u00a0\u00bb1&Prime; fullwidth=\u00a0\u00bbon\u00a0\u00bb next_background_color=\u00a0\u00bb#ffffff\u00a0\u00bb _builder_version=\u00a0\u00bb4.16&Prime; background_color=\u00a0\u00bb#FFFFFF\u00a0\u00bb background_color_gradient_direction=\u00a0\u00bb97deg\u00a0\u00bb background_color_gradient_start=\u00a0\u00bb#f7f4eb\u00a0\u00bb background_color_gradient_end=\u00a0\u00bbrgba(0,0,0,0)\u00a0\u00bb background_enable_image=\u00a0\u00bboff\u00a0\u00bb bottom_divider_style=\u00a0\u00bbwave2&Prime; bottom_divider_height=\u00a0\u00bb39px\u00a0\u00bb global_colors_info=\u00a0\u00bb{}\u00a0\u00bb][et_pb_fullwidth_post_title title=\u00a0\u00bboff\u00a0\u00bb meta=\u00a0\u00bboff\u00a0\u00bb featured_placement=\u00a0\u00bbbackground\u00a0\u00bb admin_label=\u00a0\u00bbchange featured image in post details\u00a0\u00bb _builder_version=\u00a0\u00bb4.16&Prime; background_color=\u00a0\u00bbrgba(0,0,0,0)\u00a0\u00bb use_background_color_gradient=\u00a0\u00bbon\u00a0\u00bb background_color_gradient_stops=\u00a0\u00bb#ffffff 0%|rgba(255,255,255,0) 50%\u00a0\u00bb background_color_gradient_overlays_image=\u00a0\u00bbon\u00a0\u00bb background_color_gradient_start=\u00a0\u00bb#ffffff\u00a0\u00bb background_color_gradient_end=\u00a0\u00bbrgba(255,255,255,0)\u00a0\u00bb background_color_gradient_end_position=\u00a0\u00bb50%\u00a0\u00bb global_colors_info=\u00a0\u00bb{}\u00a0\u00bb][\/et_pb_fullwidth_post_title][\/et_pb_section][et_pb_section fb_built=\u00a0\u00bb1&Prime; _builder_version=\u00a0\u00bb4.19.1&Prime; use_background_color_gradient=\u00a0\u00bbon\u00a0\u00bb background_color_gradient_stops=\u00a0\u00bb#ffffff 30%|#f0f6f9 99%\u00a0\u00bb custom_padding=\u00a0\u00bb0px||50px||false|false\u00a0\u00bb top_divider_style=\u00a0\u00bbnone\u00a0\u00bb top_divider_color=\u00a0\u00bb#f7f4eb\u00a0\u00bb top_divider_height=\u00a0\u00bb50px\u00a0\u00bb top_divider_flip=\u00a0\u00bbhorizontal\u00a0\u00bb bottom_divider_height=\u00a0\u00bb50px\u00a0\u00bb global_colors_info=\u00a0\u00bb{}\u00a0\u00bb][et_pb_row _builder_version=\u00a0\u00bb4.17.3&Prime; custom_margin=\u00a0\u00bb0px||0px||false|false\u00a0\u00bb custom_padding=\u00a0\u00bb0px||0px||false|false\u00a0\u00bb global_colors_info=\u00a0\u00bb{}\u00a0\u00bb][et_pb_column type=\u00a0\u00bb4_4&Prime; _builder_version=\u00a0\u00bb4.16&Prime; global_colors_info=\u00a0\u00bb{}\u00a0\u00bb][et_pb_post_title meta=\u00a0\u00bboff\u00a0\u00bb featured_image=\u00a0\u00bboff\u00a0\u00bb _builder_version=\u00a0\u00bb4.21.0&Prime; title_text_color=\u00a0\u00bb#006699&Prime; title_line_height=\u00a0\u00bb1.3em\u00a0\u00bb custom_margin=\u00a0\u00bb0px||0px||false|false\u00a0\u00bb custom_padding=\u00a0\u00bb0px|380px|0px||false|false\u00a0\u00bb custom_padding_tablet=\u00a0\u00bb|0px|||false|false\u00a0\u00bb custom_padding_phone=\u00a0\u00bb|0px|||false|false\u00a0\u00bb custom_padding_last_edited=\u00a0\u00bbon|tablet\u00a0\u00bb global_colors_info=\u00a0\u00bb{}\u00a0\u00bb][\/et_pb_post_title][\/et_pb_column][\/et_pb_row][et_pb_row column_structure=\u00a0\u00bb2_3,1_3&Prime; _builder_version=\u00a0\u00bb4.16&Prime; custom_padding=\u00a0\u00bb9px||0px||false|false\u00a0\u00bb global_colors_info=\u00a0\u00bb{}\u00a0\u00bb][et_pb_column type=\u00a0\u00bb2_3&Prime; _builder_version=\u00a0\u00bb4.16&Prime; global_colors_info=\u00a0\u00bb{}\u00a0\u00bb][et_pb_text admin_label=\u00a0\u00bbText\u00a0\u00bb _builder_version=\u00a0\u00bb4.27.5&Prime; background_size=\u00a0\u00bbinitial\u00a0\u00bb background_position=\u00a0\u00bbtop_left\u00a0\u00bb background_repeat=\u00a0\u00bbrepeat\u00a0\u00bb custom_margin=\u00a0\u00bb0px||0px||false|false\u00a0\u00bb custom_padding=\u00a0\u00bb0px||0px||false|false\u00a0\u00bb locked=\u00a0\u00bboff\u00a0\u00bb global_colors_info=\u00a0\u00bb{}\u00a0\u00bb]<\/p>\n<p><span data-teams=\"true\"><strong>Dans le monde complexe et en constante \u00e9volution de la sant\u00e9 et des services \u00e0 la personne, R\u00e9seau Compassion Network s\u2019engage \u00e0 offrir un solide soutien <\/strong><strong>en mati\u00e8re d&rsquo;\u00e9thique<\/strong><strong> <\/strong><strong>\u00e0 l\u2019ensemble de ses organisations membres qui travaillent \u00e0 offrir un continuum de soins et de services.<\/strong><\/span><\/p>\n<p class=\"title\"><span data-teams=\"true\">Katarina Lee-Ameduri, directrice de l\u2019\u00e9thique et \u00e9thicienne clinique \u00e0 l\u2019H\u00f4pital Saint-Boniface et au R\u00e9seau Compassion Network, accompagne les patient.e.s, les familles et le personnel dans la navigation de situations complexes, en pla\u00e7ant au c\u0153ur de son approche les volont\u00e9s et les croyances personnelles des patient.e.s. Vous trouverez ci-dessous une s\u00e9lection de ressources destin\u00e9es au personnel, aux familles et aux patient.e.s.<\/span><\/p>\n<p>[\/et_pb_text][et_pb_toggle title=\u00a0\u00bbS\u00e9rie d\u2019\u00e9ducation en \u00e9thique\u00a0\u00bb _builder_version=\u00a0\u00bb4.27.5&Prime; _module_preset=\u00a0\u00bbdefault\u00a0\u00bb title_font_size=\u00a0\u00bb20px\u00a0\u00bb hover_enabled=\u00a0\u00bb0&Prime; global_colors_info=\u00a0\u00bb{}\u00a0\u00bb sticky_enabled=\u00a0\u00bb0&Prime;]<\/p>\n<p><span>Des pr\u00e9sentations gratuites et virtuelles sont offertes plusieurs fois par mois sur des sujets tels que la prise de d\u00e9cision, les soins de fin de vie, la reproduction, les soins de longue dur\u00e9e, les soins aigus et les <\/span><span>diverses <\/span><span>situations en soins palliatifs, ainsi que bien d\u2019autres th\u00e8mes <\/span><span>o\u00f9 des questions d&rsquo;ordre \u00e9thique peuvent se poser<\/span><span>.<\/span><\/p>\n<p><span>Pour d\u00e9couvrir l\u2019ensemble des <\/span><span>sujets<\/span><span> abord\u00e9s et vous inscrire \u00e0 une s\u00e9ance, <\/span><a aria-label=\"Link visitez le site Web\" id=\"menur5ia\" href=\"https:\/\/www.healthcareethics.ca\/education\" rel=\"noreferrer noopener\" target=\"_blank\" class=\"fui-Link ___1q1shib f2hkw1w f3rmtva f1ewtqcl fyind8e f1k6fduh f1w7gpdv fk6fouc fjoy568 figsok6 f1s184ao f1mk8lai fnbmjn9 f1o700av f13mvf36 f1cmlufx f9n3di6 f1ids18y f1tx3yz7 f1deo86v f1eh06m1 f1iescvh fhgqx19 f1olyrje f1p93eir f1nev41a f1h8hb77 f1lqvz6u f10aw75t fsle3fq f17ae5zn\" title=\"https:\/\/www.healthcareethics.ca\/education\"><span>visite<\/span><span>z<\/span><span> le site Web<\/span><\/a><span> du Service d\u2019\u00e9thique des soins de sant\u00e9.<\/span><\/p>\n<p>[\/et_pb_toggle][et_pb_toggle title=\u00a0\u00bbRessources en \u00e9thique\u00a0\u00bb _builder_version=\u00a0\u00bb4.27.5&Prime; _module_preset=\u00a0\u00bbdefault\u00a0\u00bb title_font_size=\u00a0\u00bb20px\u00a0\u00bb global_colors_info=\u00a0\u00bb{}\u00a0\u00bb]<\/p>\n<p><span data-teams=\"true\">Des d\u00e9cisions \u00e9thiques sont prises chaque jour dans les domaines de la sant\u00e9 et des services sociaux, et la plupart du temps, le personnel, les patient.e.s et leurs proches sont en mesure de prendre leurs d\u00e9cisions ensemble, pour le mieux-\u00eatre de la personne concern\u00e9e. Toutefois, lorsque des conflits ou des questions difficiles surviennent dans le cadre de la mise en place d&rsquo;un plan de soins ad\u00e9quat, l\u2019\u00e9thique peut offrir un soutien et aider avec la prise de d\u00e9cisions. Pour en savoir plus sur l\u2019\u00e9thique et ses principes directeurs, <a aria-label=\"Link cliquez ici\" id=\"menur5ue\" href=\"https:\/\/www.healthcareethics.ca\/resources\" rel=\"noreferrer noopener\" target=\"_blank\" class=\"fui-Link ___1q1shib f2hkw1w f3rmtva f1ewtqcl fyind8e f1k6fduh f1w7gpdv fk6fouc fjoy568 figsok6 f1s184ao f1mk8lai fnbmjn9 f1o700av f13mvf36 f1cmlufx f9n3di6 f1ids18y f1tx3yz7 f1deo86v f1eh06m1 f1iescvh fhgqx19 f1olyrje f1p93eir f1nev41a f1h8hb77 f1lqvz6u f10aw75t fsle3fq f17ae5zn\" title=\"https:\/\/www.healthcareethics.ca\/resources\">cliquez ici<\/a>.<\/span><\/p>\n<p>[\/et_pb_toggle][et_pb_toggle title=\u00a0\u00bbRapport annuel du Service d\u2019\u00e9thique des soins de sant\u00e9\u00a0\u00bb _builder_version=\u00a0\u00bb4.27.5&Prime; _module_preset=\u00a0\u00bbdefault\u00a0\u00bb title_font_size=\u00a0\u00bb20px\u00a0\u00bb global_colors_info=\u00a0\u00bb{}\u00a0\u00bb]<\/p>\n<p>Pour consulter le rapport annuel 2024\/2025 du Service d\u2019\u00e9thique des soins de sant\u00e9 de l\u2019H\u00f4pital Saint-Boniface, veuillez <a href=\"https:\/\/reseaucompassionnetwork.ca\/wp-content\/uploads\/2026\/02\/HCES-Annual-Report-Final-2024-2025.pdf\" target=\"_blank\" rel=\"noopener\">cliquer ici<\/a>.<\/p>\n<p>[\/et_pb_toggle][\/et_pb_column][et_pb_column type=\u00a0\u00bb1_3&Prime; _builder_version=\u00a0\u00bb4.16&Prime; global_colors_info=\u00a0\u00bb{}\u00a0\u00bb][et_pb_text _builder_version=\u00a0\u00bb4.27.5&Prime; _module_preset=\u00a0\u00bbdefault\u00a0\u00bb custom_margin=\u00a0\u00bb||0px||false|false\u00a0\u00bb custom_padding=\u00a0\u00bb||0px||false|false\u00a0\u00bb global_colors_info=\u00a0\u00bb{}\u00a0\u00bb]<\/p>\n<h4>Pour rejoindre le service d&rsquo;\u00e9thique<\/h4>\n<p>[\/et_pb_text][et_pb_image src=\u00a0\u00bbhttps:\/\/reseaucompassionnetwork.ca\/wp-content\/uploads\/2026\/02\/Katarina-Lee-Ameduri.jpg\u00a0\u00bb alt=\u00a0\u00bbwoman at computer\u00a0\u00bb title_text=\u00a0\u00bbKatarina Lee-Ameduri\u00a0\u00bb _builder_version=\u00a0\u00bb4.27.5&Prime; custom_padding=\u00a0\u00bb9px||||false|false\u00a0\u00bb global_colors_info=\u00a0\u00bb{}\u00a0\u00bb][\/et_pb_image][et_pb_text _builder_version=\u00a0\u00bb4.27.5&Prime; _module_preset=\u00a0\u00bbdefault\u00a0\u00bb global_colors_info=\u00a0\u00bb{}\u00a0\u00bb]<\/p>\n<h5 class=\"et_pb_module_header\">Katarina Lee-Ameduri<\/h5>\n<p>Direction de l&rsquo;\u00e9thique, \u00c9thicienne Clinique, H\u00f4pital St-Boniface et R\u00e9seau Compassion Network<\/p>\n<div>\n<p>T\u00e9l\u00e9phone : 204-235-3267<br \/><a href=\"mailto:klee13@sbgh.mb.ca\">Courriel<\/a><\/p>\n<\/div>\n<div><\/div>\n<p>[\/et_pb_text][\/et_pb_column][\/et_pb_row][\/et_pb_section]<\/p>\n","protected":false},"excerpt":{"rendered":"<p>Dans le monde complexe et en constante \u00e9volution de la sant\u00e9 et des services \u00e0 la personne, R\u00e9seau Compassion Network s\u2019engage \u00e0 offrir un solide soutien en mati\u00e8re d&rsquo;\u00e9thique \u00e0 l\u2019ensemble de ses organisations membres qui travaillent \u00e0 offrir un continuum de soins et de services. Katarina Lee-Ameduri, directrice de l\u2019\u00e9thique et \u00e9thicienne clinique \u00e0&hellip; <a class=\"continue\" href=\"https:\/\/reseaucompassionnetwork.ca\/fr\/service-dethique\/\">Continue Reading<span> Service d\u2019\u00e9thique des soins de sant\u00e9<\/span><\/a><\/p>\n","protected":false},"author":4,"featured_media":10088,"parent":0,"menu_order":0,"comment_status":"closed","ping_status":"closed","template":"","meta":{"_et_pb_use_builder":"on","_et_pb_old_content":"","_et_gb_content_width":"","_monsterinsights_skip_tracking":false,"_monsterinsights_sitenote_active":false,"_monsterinsights_sitenote_note":"","_monsterinsights_sitenote_category":0,"footnotes":""},"class_list":["post-22309","page","type-page","status-publish","has-post-thumbnail","hentry"],"_links":{"self":[{"href":"https:\/\/reseaucompassionnetwork.ca\/fr\/wp-json\/wp\/v2\/pages\/22309","targetHints":{"allow":["GET"]}}],"collection":[{"href":"https:\/\/reseaucompassionnetwork.ca\/fr\/wp-json\/wp\/v2\/pages"}],"about":[{"href":"https:\/\/reseaucompassionnetwork.ca\/fr\/wp-json\/wp\/v2\/types\/page"}],"author":[{"embeddable":true,"href":"https:\/\/reseaucompassionnetwork.ca\/fr\/wp-json\/wp\/v2\/users\/4"}],"replies":[{"embeddable":true,"href":"https:\/\/reseaucompassionnetwork.ca\/fr\/wp-json\/wp\/v2\/comments?post=22309"}],"version-history":[{"count":13,"href":"https:\/\/reseaucompassionnetwork.ca\/fr\/wp-json\/wp\/v2\/pages\/22309\/revisions"}],"predecessor-version":[{"id":22567,"href":"https:\/\/reseaucompassionnetwork.ca\/fr\/wp-json\/wp\/v2\/pages\/22309\/revisions\/22567"}],"wp:featuredmedia":[{"embeddable":true,"href":"https:\/\/reseaucompassionnetwork.ca\/fr\/wp-json\/wp\/v2\/media\/10088"}],"wp:attachment":[{"href":"https:\/\/reseaucompassionnetwork.ca\/fr\/wp-json\/wp\/v2\/media?parent=22309"}],"curies":[{"name":"wp","href":"https:\/\/api.w.org\/{rel}","templated":true}]}}