

{"id":21473,"date":"2025-12-17T15:31:55","date_gmt":"2025-12-17T21:31:55","guid":{"rendered":"https:\/\/reseaucompassionnetwork.ca\/?page_id=21473"},"modified":"2025-12-17T16:40:31","modified_gmt":"2025-12-17T22:40:31","slug":"cohabit-apercu","status":"publish","type":"page","link":"https:\/\/reseaucompassionnetwork.ca\/fr\/cohabit-apercu\/","title":{"rendered":"Aper\u00e7u du projet Les suites Tach\u00e9"},"content":{"rendered":"<p>[et_pb_section fb_built=\u00a0\u00bb1&Prime; fullwidth=\u00a0\u00bbon\u00a0\u00bb next_background_color=\u00a0\u00bb#ffffff\u00a0\u00bb _builder_version=\u00a0\u00bb4.16&Prime; background_image=\u00a0\u00bbhttps:\/\/reseaucompassionnetwork.ca\/wp-content\/uploads\/2022\/04\/header-imgs-about-new.jpg\u00a0\u00bb bottom_divider_style=\u00a0\u00bbwave2&Prime; bottom_divider_height=\u00a0\u00bb39px\u00a0\u00bb global_colors_info=\u00a0\u00bb{}\u00a0\u00bb][et_pb_fullwidth_post_title title=\u00a0\u00bboff\u00a0\u00bb meta=\u00a0\u00bboff\u00a0\u00bb featured_placement=\u00a0\u00bbbackground\u00a0\u00bb admin_label=\u00a0\u00bbchange featured image in post details\u00a0\u00bb _builder_version=\u00a0\u00bb4.16&Prime; background_color=\u00a0\u00bbrgba(0,0,0,0)\u00a0\u00bb use_background_color_gradient=\u00a0\u00bbon\u00a0\u00bb background_color_gradient_stops=\u00a0\u00bb#ffffff 0%|rgba(255,255,255,0) 50%\u00a0\u00bb background_color_gradient_overlays_image=\u00a0\u00bbon\u00a0\u00bb background_color_gradient_start=\u00a0\u00bb#ffffff\u00a0\u00bb background_color_gradient_end=\u00a0\u00bbrgba(255,255,255,0)\u00a0\u00bb background_color_gradient_end_position=\u00a0\u00bb50%\u00a0\u00bb global_colors_info=\u00a0\u00bb{}\u00a0\u00bb][\/et_pb_fullwidth_post_title][\/et_pb_section][et_pb_section fb_built=\u00a0\u00bb1&Prime; _builder_version=\u00a0\u00bb4.21.0&Prime; use_background_color_gradient=\u00a0\u00bbon\u00a0\u00bb background_color_gradient_stops=\u00a0\u00bb#ffffff 30%|#f0f6f9 99%\u00a0\u00bb background_enable_image=\u00a0\u00bboff\u00a0\u00bb background_size=\u00a0\u00bbinitial\u00a0\u00bb background_position=\u00a0\u00bbtop_center\u00a0\u00bb custom_padding=\u00a0\u00bb0px||40px||false|false\u00a0\u00bb top_divider_style=\u00a0\u00bbnone\u00a0\u00bb top_divider_color=\u00a0\u00bb#f7f4eb\u00a0\u00bb top_divider_height=\u00a0\u00bb50px\u00a0\u00bb top_divider_flip=\u00a0\u00bbhorizontal\u00a0\u00bb bottom_divider_height=\u00a0\u00bb50px\u00a0\u00bb background_last_edited=\u00a0\u00bbon|desktop\u00a0\u00bb background_enable_image_phone=\u00a0\u00bboff\u00a0\u00bb background_position_phone=\u00a0\u00bbtop_center\u00a0\u00bb global_colors_info=\u00a0\u00bb{}\u00a0\u00bb][et_pb_row column_structure=\u00a0\u00bb2_3,1_3&Prime; admin_label=\u00a0\u00bbPage Title Row\u00a0\u00bb _builder_version=\u00a0\u00bb4.16&Prime; custom_margin=\u00a0\u00bb0px||0px||false|false\u00a0\u00bb custom_padding=\u00a0\u00bb0px||0px||false|false\u00a0\u00bb global_colors_info=\u00a0\u00bb{}\u00a0\u00bb][et_pb_column type=\u00a0\u00bb2_3&Prime; _builder_version=\u00a0\u00bb4.16&Prime; global_colors_info=\u00a0\u00bb{}\u00a0\u00bb][et_pb_post_title meta=\u00a0\u00bboff\u00a0\u00bb featured_image=\u00a0\u00bboff\u00a0\u00bb admin_label=\u00a0\u00bbPage Title\u00a0\u00bb module_class=\u00a0\u00bbpage-title\u00a0\u00bb _builder_version=\u00a0\u00bb4.21.0&Prime; title_text_color=\u00a0\u00bb#006699&Prime; title_line_height=\u00a0\u00bb1.3em\u00a0\u00bb custom_margin=\u00a0\u00bb0px||0px||false|false\u00a0\u00bb custom_padding=\u00a0\u00bb0px||0px||false|false\u00a0\u00bb custom_padding_tablet=\u00a0\u00bb|0px|||false|false\u00a0\u00bb custom_padding_phone=\u00a0\u00bb|0px|||false|false\u00a0\u00bb custom_padding_last_edited=\u00a0\u00bboff|desktop\u00a0\u00bb global_colors_info=\u00a0\u00bb{}\u00a0\u00bb][\/et_pb_post_title][\/et_pb_column][et_pb_column type=\u00a0\u00bb1_3&Prime; _builder_version=\u00a0\u00bb4.16&Prime; global_colors_info=\u00a0\u00bb{}\u00a0\u00bb][\/et_pb_column][\/et_pb_row][et_pb_row column_structure=\u00a0\u00bb2_3,1_3&Prime; _builder_version=\u00a0\u00bb4.16&Prime; custom_padding=\u00a0\u00bb0px||0px||false|false\u00a0\u00bb global_colors_info=\u00a0\u00bb{}\u00a0\u00bb][et_pb_column type=\u00a0\u00bb2_3&Prime; _builder_version=\u00a0\u00bb4.16&Prime; global_colors_info=\u00a0\u00bb{}\u00a0\u00bb][et_pb_text _builder_version=\u00a0\u00bb4.27.4&Prime; quote_font=\u00a0\u00bb||||||||\u00a0\u00bb quote_font_size=\u00a0\u00bb25px\u00a0\u00bb custom_margin=\u00a0\u00bb0px||15px||false|false\u00a0\u00bb custom_padding=\u00a0\u00bb0px||0px||false|false\u00a0\u00bb global_colors_info=\u00a0\u00bb{}\u00a0\u00bb]<\/p>\n<h4>Un premier projet \u00e0 Saint-Boniface<\/h4>\n<p>R\u00e9seau Compassion Network s&rsquo;est associ\u00e9 \u00e0 CoHabit pour y construire la premi\u00e8re version d\u2019une communaut\u00e9 inclusive qui pourra b\u00e9n\u00e9ficier d\u2019un immeuble totalement accessible.<\/p>\n<p>Gr\u00e2ce \u00e0 la g\u00e9n\u00e9rosit\u00e9 de la Ville de Winnipeg, qui a offert un terrain situ\u00e9 au 825 avenue Tach\u00e9, avec un bail de 99 ans \u00e0 un prix symbolique, R\u00e9seau Compassion Network et ses partenaires ont pu \u00a0commencer \u00e0 planifier ce qui sera un nouveau mod\u00e8le d\u2019habitation innovant con\u00e7u autour du concept de communaut\u00e9 intentionnelle.<\/p>\n<p>Le projet propos\u00e9 sur l&rsquo;avenue Tach\u00e9 comprendra 65 suites locatives, dont environ 20 appartements seront r\u00e9serv\u00e9s pour r\u00e9pondre aux besoins de personnes en situation de handicap n\u00e9cessitant un soutien suppl\u00e9mentaire au quotidien. Le reste des logements sera disponible au prix du march\u00e9.<\/p>\n<p><strong>Un partenariat significatif<\/strong><\/p>\n<p>CoHabit est un organisme \u00e0 but non lucratif situ\u00e9 \u00e0 Winnipeg dont la vision est de construire des appartements accessibles, int\u00e9gr\u00e9s et abordables qui favorisent une culture communautaire connect\u00e9e pour toutes les personnes qui y vivent et qui recherchent un sentiment d&rsquo;appartenance.<\/p>\n<p>En plus de lutter contre la solitude et l&rsquo;isolement, CoHabit offrira des services sur place afin d&rsquo;\u00e9liminer les obstacles qui emp\u00eachent les personnes ayant un handicap physique ou autre de vivre dans ce complexe d&rsquo;appartements.<\/p>\n<p>\u00c0 RCN, \u00ab nous utilisons souvent le prisme de la pauvret\u00e9 complexe pour nous aider \u00e0 d\u00e9terminer o\u00f9 nous sommes le plus utiles dans la communaut\u00e9 \u00bb, explique Daniel Lussier, directeur g\u00e9n\u00e9ral du R\u00e9seau Compassion Network. \u00ab Certaines personnes en situation de handicap n&rsquo;ont pas acc\u00e8s \u00e0 un logement et \u00e0 des soins appropri\u00e9s en raison de leurs moyens financiers ou de leurs besoins m\u00e9dicaux complexes. Nous pensons que cela ne devrait pas \u00eatre le cas en 2025, et lorsque nous avons d\u00e9couvert CoHabit et ce qu&rsquo;ils essaient de r\u00e9aliser, nous avons su que nous pouvions contribuer \u00e0 trouver une solution. \u00bb<\/p>\n<h4>Concept architectural<\/h4>\n<p>Vous trouverez ci-dessous les concepts architecturaux actuellement propos\u00e9s pour le projet situ\u00e9 au 825, avenue Tach\u00e9.<\/p>\n<p>[\/et_pb_text][et_pb_gallery gallery_ids=\u00a0\u00bb20914,20913,20917,20912,20918,20911,20910,20916,20909,20915&Prime; fullwidth=\u00a0\u00bbon\u00a0\u00bb _builder_version=\u00a0\u00bb4.27.4&Prime; _module_preset=\u00a0\u00bbdefault\u00a0\u00bb dbdb_version=\u00a0\u00bb4.12.1&Prime; global_colors_info=\u00a0\u00bb{}\u00a0\u00bb][\/et_pb_gallery][et_pb_text _builder_version=\u00a0\u00bb4.27.4&Prime; _module_preset=\u00a0\u00bbdefault\u00a0\u00bb custom_padding=\u00a0\u00bb||0px||false|false\u00a0\u00bb global_colors_info=\u00a0\u00bb{}\u00a0\u00bb]<\/p>\n<h4>L&rsquo;histoire de CoHabit<\/h4>\n<p>L&rsquo;amour d&rsquo;une m\u00e8re peut \u00eatre indestructible, mais il peut aussi lib\u00e9rer une d\u00e9termination qui change la vie de toute une communaut\u00e9. Margy Nelson, fondatrice de CoHabit, esp\u00e8re pouvoir contribuer \u00e0 apporter de beaux changements dans la vie de son fils Bryce, qui vit avec une paralysie c\u00e9r\u00e9brale, et d&rsquo;autres personnes comme lui.<\/p>\n<p>[\/et_pb_text][et_pb_testimonial author=\u00a0\u00bbMargy Nelson\u00a0\u00bb portrait_url=\u00a0\u00bbhttps:\/\/reseaucompassionnetwork.ca\/wp-content\/uploads\/2025\/11\/sb-margy-supplied-A25.webp\u00a0\u00bb _builder_version=\u00a0\u00bb4.27.4&Prime; _module_preset=\u00a0\u00bbdefault\u00a0\u00bb body_text_color=\u00a0\u00bb#555658&Prime; background_color=\u00a0\u00bb#E6F0F5&Prime; global_colors_info=\u00a0\u00bb{}\u00a0\u00bb]<\/p>\n<p>\u00ab\u00a0Pendant la pand\u00e9mie, les gens me demandaient souvent comment allait Bryce. Je leur r\u00e9pondais qu&rsquo;il \u00e9tait exactement le m\u00eame. Il a toujours \u00e9t\u00e9 isol\u00e9 et solitaire ; c&rsquo;est nous qui avons v\u00e9cu cela pour la premi\u00e8re fois. C&rsquo;est pourquoi CoHabit existe; pour tenter de donner aux gens en situation de handicap un lieu de vie o\u00f9 ils peuvent cr\u00e9er des liens, \u00eatre incluent dans la soci\u00e9t\u00e9, gagner en ind\u00e9pendance et leur donner un sentiment d\u2019appartenance.\u00a0\u00bb<\/p>\n<p>[\/et_pb_testimonial][et_pb_text _builder_version=\u00a0\u00bb4.27.4&Prime; _module_preset=\u00a0\u00bbdefault\u00a0\u00bb hover_enabled=\u00a0\u00bb0&Prime; global_colors_info=\u00a0\u00bb{}\u00a0\u00bb sticky_enabled=\u00a0\u00bb0&Prime;]<\/p>\n<h4>En savoir plus sur ce projet<\/h4>\n<p>R\u00e9seau Compassion Network a r\u00e9dig\u00e9 des articles qui pr\u00e9sentent le contexte, l&rsquo;histoire et la mission de CoHabit, ainsi que les nombreuses raisons qui nous ont pouss\u00e9s \u00e0 nous associer \u00e0 eux. Pour mieux comprendre les d\u00e9fis auxquels sont confront\u00e9es les personnes en situation de handicap, \u00a0ou pour en savoir plus sur les d\u00e9tails du projet, s\u00e9lectionnez un article ci-dessous.<\/p>\n<p>[\/et_pb_text][et_pb_blog fullwidth=\u00a0\u00bboff\u00a0\u00bb include_categories=\u00a0\u00bb163&Prime; show_author=\u00a0\u00bboff\u00a0\u00bb show_date=\u00a0\u00bboff\u00a0\u00bb show_categories=\u00a0\u00bboff\u00a0\u00bb _builder_version=\u00a0\u00bb4.27.4&Prime; _module_preset=\u00a0\u00bbdefault\u00a0\u00bb global_colors_info=\u00a0\u00bb{}\u00a0\u00bb][\/et_pb_blog][\/et_pb_column][et_pb_column type=\u00a0\u00bb1_3&Prime; _builder_version=\u00a0\u00bb4.16&Prime; global_colors_info=\u00a0\u00bb{}\u00a0\u00bb][et_pb_image src=\u00a0\u00bbhttps:\/\/reseaucompassionnetwork.ca\/wp-content\/uploads\/2025\/11\/CoHabit-logo_web_colour.png\u00a0\u00bb alt=\u00a0\u00bbMcLaren Hotel Render\u00a0\u00bb title_text=\u00a0\u00bbCoHabit logo_web_colour\u00a0\u00bb _builder_version=\u00a0\u00bb4.27.4&Prime; _module_preset=\u00a0\u00bbdefault\u00a0\u00bb custom_margin=\u00a0\u00bb18px||||false|false\u00a0\u00bb locked=\u00a0\u00bboff\u00a0\u00bb global_colors_info=\u00a0\u00bb{}\u00a0\u00bb][\/et_pb_image][et_pb_button button_url=\u00a0\u00bbhttps:\/\/cohabit.ca\/\u00a0\u00bb url_new_window=\u00a0\u00bbon\u00a0\u00bb button_text=\u00a0\u00bbSite Web CoHabit\u00a0\u00bb _builder_version=\u00a0\u00bb4.27.4&Prime; _module_preset=\u00a0\u00bbdefault\u00a0\u00bb global_colors_info=\u00a0\u00bb{}\u00a0\u00bb][\/et_pb_button][et_pb_button button_url=\u00a0\u00bbhttps:\/\/reseaucompassionnetwork.ca\/fr\/cohabit-media\/\u00a0\u00bb button_text=\u00a0\u00bbM\u00e9dia\u00a0\u00bb _builder_version=\u00a0\u00bb4.27.4&Prime; _module_preset=\u00a0\u00bbdefault\u00a0\u00bb global_colors_info=\u00a0\u00bb{}\u00a0\u00bb][\/et_pb_button][\/et_pb_column][\/et_pb_row][\/et_pb_section]<\/p>\n","protected":false},"excerpt":{"rendered":"<p>Un premier projet \u00e0 Saint-Boniface R\u00e9seau Compassion Network s&rsquo;est associ\u00e9 \u00e0 CoHabit pour y construire la premi\u00e8re version d\u2019une communaut\u00e9 inclusive qui pourra b\u00e9n\u00e9ficier d\u2019un immeuble totalement accessible. Gr\u00e2ce \u00e0 la g\u00e9n\u00e9rosit\u00e9 de la Ville de Winnipeg, qui a offert un terrain situ\u00e9 au 825 avenue Tach\u00e9, avec un bail de 99 ans \u00e0 un&hellip; <a class=\"continue\" href=\"https:\/\/reseaucompassionnetwork.ca\/fr\/cohabit-apercu\/\">Continue Reading<span> Aper\u00e7u du projet Les suites Tach\u00e9<\/span><\/a><\/p>\n","protected":false},"author":4,"featured_media":10085,"parent":0,"menu_order":0,"comment_status":"closed","ping_status":"closed","template":"","meta":{"_et_pb_use_builder":"on","_et_pb_old_content":"","_et_gb_content_width":"","_monsterinsights_skip_tracking":false,"_monsterinsights_sitenote_active":false,"_monsterinsights_sitenote_note":"","_monsterinsights_sitenote_category":0,"footnotes":""},"class_list":["post-21473","page","type-page","status-publish","has-post-thumbnail","hentry"],"_links":{"self":[{"href":"https:\/\/reseaucompassionnetwork.ca\/fr\/wp-json\/wp\/v2\/pages\/21473","targetHints":{"allow":["GET"]}}],"collection":[{"href":"https:\/\/reseaucompassionnetwork.ca\/fr\/wp-json\/wp\/v2\/pages"}],"about":[{"href":"https:\/\/reseaucompassionnetwork.ca\/fr\/wp-json\/wp\/v2\/types\/page"}],"author":[{"embeddable":true,"href":"https:\/\/reseaucompassionnetwork.ca\/fr\/wp-json\/wp\/v2\/users\/4"}],"replies":[{"embeddable":true,"href":"https:\/\/reseaucompassionnetwork.ca\/fr\/wp-json\/wp\/v2\/comments?post=21473"}],"version-history":[{"count":6,"href":"https:\/\/reseaucompassionnetwork.ca\/fr\/wp-json\/wp\/v2\/pages\/21473\/revisions"}],"predecessor-version":[{"id":21492,"href":"https:\/\/reseaucompassionnetwork.ca\/fr\/wp-json\/wp\/v2\/pages\/21473\/revisions\/21492"}],"wp:featuredmedia":[{"embeddable":true,"href":"https:\/\/reseaucompassionnetwork.ca\/fr\/wp-json\/wp\/v2\/media\/10085"}],"wp:attachment":[{"href":"https:\/\/reseaucompassionnetwork.ca\/fr\/wp-json\/wp\/v2\/media?parent=21473"}],"curies":[{"name":"wp","href":"https:\/\/api.w.org\/{rel}","templated":true}]}}