

{"id":21437,"date":"2025-12-17T10:52:21","date_gmt":"2025-12-17T16:52:21","guid":{"rendered":"https:\/\/reseaucompassionnetwork.ca\/?page_id=21437"},"modified":"2025-12-17T11:13:51","modified_gmt":"2025-12-17T17:13:51","slug":"25-subventions","status":"publish","type":"page","link":"https:\/\/reseaucompassionnetwork.ca\/fr\/25-subventions\/","title":{"rendered":"Subventions du 25e anniversaire"},"content":{"rendered":"<p>[et_pb_section fb_built=\u00a0\u00bb1&Prime; fullwidth=\u00a0\u00bbon\u00a0\u00bb next_background_color=\u00a0\u00bb#ffffff\u00a0\u00bb _builder_version=\u00a0\u00bb4.16&Prime; background_image=\u00a0\u00bbhttps:\/\/reseaucompassionnetwork.ca\/wp-content\/uploads\/2022\/04\/header-imgs-about-new.jpg\u00a0\u00bb bottom_divider_style=\u00a0\u00bbwave2&Prime; bottom_divider_height=\u00a0\u00bb39px\u00a0\u00bb global_colors_info=\u00a0\u00bb{}\u00a0\u00bb][et_pb_fullwidth_post_title title=\u00a0\u00bboff\u00a0\u00bb meta=\u00a0\u00bboff\u00a0\u00bb featured_placement=\u00a0\u00bbbackground\u00a0\u00bb admin_label=\u00a0\u00bbchange featured image in post details\u00a0\u00bb _builder_version=\u00a0\u00bb4.16&Prime; background_color=\u00a0\u00bbrgba(0,0,0,0)\u00a0\u00bb use_background_color_gradient=\u00a0\u00bbon\u00a0\u00bb background_color_gradient_stops=\u00a0\u00bb#ffffff 0%|rgba(255,255,255,0) 50%\u00a0\u00bb background_color_gradient_overlays_image=\u00a0\u00bbon\u00a0\u00bb background_color_gradient_start=\u00a0\u00bb#ffffff\u00a0\u00bb background_color_gradient_end=\u00a0\u00bbrgba(255,255,255,0)\u00a0\u00bb background_color_gradient_end_position=\u00a0\u00bb50%\u00a0\u00bb global_colors_info=\u00a0\u00bb{}\u00a0\u00bb][\/et_pb_fullwidth_post_title][\/et_pb_section][et_pb_section fb_built=\u00a0\u00bb1&Prime; _builder_version=\u00a0\u00bb4.21.0&Prime; use_background_color_gradient=\u00a0\u00bbon\u00a0\u00bb background_color_gradient_stops=\u00a0\u00bb#ffffff 30%|#f0f6f9 99%\u00a0\u00bb background_enable_image=\u00a0\u00bboff\u00a0\u00bb background_size=\u00a0\u00bbinitial\u00a0\u00bb background_position=\u00a0\u00bbtop_center\u00a0\u00bb custom_padding=\u00a0\u00bb0px||40px||false|false\u00a0\u00bb top_divider_style=\u00a0\u00bbnone\u00a0\u00bb top_divider_color=\u00a0\u00bb#f7f4eb\u00a0\u00bb top_divider_height=\u00a0\u00bb50px\u00a0\u00bb top_divider_flip=\u00a0\u00bbhorizontal\u00a0\u00bb bottom_divider_height=\u00a0\u00bb50px\u00a0\u00bb background_last_edited=\u00a0\u00bbon|desktop\u00a0\u00bb background_enable_image_phone=\u00a0\u00bboff\u00a0\u00bb background_position_phone=\u00a0\u00bbtop_center\u00a0\u00bb global_colors_info=\u00a0\u00bb{}\u00a0\u00bb][et_pb_row column_structure=\u00a0\u00bb2_3,1_3&Prime; admin_label=\u00a0\u00bbPage Title Row\u00a0\u00bb _builder_version=\u00a0\u00bb4.16&Prime; custom_margin=\u00a0\u00bb0px||0px||false|false\u00a0\u00bb custom_padding=\u00a0\u00bb0px||0px||false|false\u00a0\u00bb global_colors_info=\u00a0\u00bb{}\u00a0\u00bb][et_pb_column type=\u00a0\u00bb2_3&Prime; _builder_version=\u00a0\u00bb4.16&Prime; global_colors_info=\u00a0\u00bb{}\u00a0\u00bb][et_pb_post_title meta=\u00a0\u00bboff\u00a0\u00bb featured_image=\u00a0\u00bboff\u00a0\u00bb admin_label=\u00a0\u00bbPage Title\u00a0\u00bb module_class=\u00a0\u00bbpage-title\u00a0\u00bb _builder_version=\u00a0\u00bb4.21.0&Prime; title_text_color=\u00a0\u00bb#006699&Prime; title_line_height=\u00a0\u00bb1.3em\u00a0\u00bb custom_margin=\u00a0\u00bb0px||0px||false|false\u00a0\u00bb custom_padding=\u00a0\u00bb0px||0px||false|false\u00a0\u00bb custom_padding_tablet=\u00a0\u00bb|0px|||false|false\u00a0\u00bb custom_padding_phone=\u00a0\u00bb|0px|||false|false\u00a0\u00bb custom_padding_last_edited=\u00a0\u00bboff|desktop\u00a0\u00bb global_colors_info=\u00a0\u00bb{}\u00a0\u00bb][\/et_pb_post_title][\/et_pb_column][et_pb_column type=\u00a0\u00bb1_3&Prime; _builder_version=\u00a0\u00bb4.16&Prime; global_colors_info=\u00a0\u00bb{}\u00a0\u00bb][\/et_pb_column][\/et_pb_row][et_pb_row column_structure=\u00a0\u00bb2_3,1_3&Prime; _builder_version=\u00a0\u00bb4.16&Prime; custom_padding=\u00a0\u00bb0px||50px||false|false\u00a0\u00bb global_colors_info=\u00a0\u00bb{}\u00a0\u00bb][et_pb_column type=\u00a0\u00bb2_3&Prime; _builder_version=\u00a0\u00bb4.16&Prime; global_colors_info=\u00a0\u00bb{}\u00a0\u00bb][et_pb_text _builder_version=\u00a0\u00bb4.27.4&Prime; quote_font=\u00a0\u00bb||||||||\u00a0\u00bb quote_font_size=\u00a0\u00bb25px\u00a0\u00bb custom_margin=\u00a0\u00bb0px||15px||false|false\u00a0\u00bb custom_padding=\u00a0\u00bb0px||0px||false|false\u00a0\u00bb global_colors_info=\u00a0\u00bb{}\u00a0\u00bb]<\/p>\n<h2 class=\"entry-title\">Investir un million de dollars dans notre communaut\u00e9<\/h2>\n<p>\u00c0 l\u2019occasion de son 25e anniversaire, R\u00e9seau Compassion Network a d\u00e9cid\u00e9 d\u2019investir 250 000 dollars dans nos communaut\u00e9s\u2026 quatre fois, pour une contribution totale d\u2019un million de dollars qui sera inject\u00e9 en sant\u00e9 et services sociaux au Manitoba.<\/p>\n<p>\u00ab Ces fonds refl\u00e8tent o\u00f9 nous en sommes en tant qu\u2019organisation et les causes qui sont importantes pour nous \u00bb, explique Daniel Lussier, direction g\u00e9n\u00e9rale du R\u00e9seau Compassion Network. \u00ab Nos organisations et nos partenaires ont de grandes id\u00e9es, ils veulent toujours faire mieux, et surtout, ils veulent \u00eatre avec les gens de la communaut\u00e9. Si nous pouvons soutenir ces objectifs, je pense que c\u2019est une belle fa\u00e7on de marquer notre 25e anniversaire. \u00bb<\/p>\n<p>Ces investissements ponctuels dans nos agences, notre r\u00e9seau et notre province visent \u00e0 c\u00e9l\u00e9brer l\u2019esprit d\u2019innovation, d\u2019amour et de compassion que nous ont inculqu\u00e9 les religieuses qui nous ont confi\u00e9 leur mission. Poursuivez votre lecture pour en savoir plus sur ce que ces subventions permettront de r\u00e9aliser :<\/p>\n<p><strong>Soutien \u00e0 nos organisations membres<\/strong><\/p>\n<p>Le premier fonds soutiendra un ou deux projets pilotes visant \u00e0 aider les personnes confront\u00e9es \u00e0 des obstacles li\u00e9s \u00e0 la pauvret\u00e9 complexe. Nos agences membres comprennent l\u2019importance de valider un concept avant de pr\u00e9senter une demande officielle au gouvernement pour obtenir un financement permanent ou ponctuel. De nombreuses organisations ont d\u00e9j\u00e0 des id\u00e9es novatrices qui n\u00e9cessitent simplement un investissement en capital ou un soutien suppl\u00e9mentaire pour voir le jour. Nous sommes impatients d\u2019aider ces id\u00e9es \u00e0 faire une diff\u00e9rence dans la communaut\u00e9.<\/p>\n<p><strong>Soutenir les parcours de r\u00e9conciliation<\/strong><\/p>\n<p>Nos organisations membres sont toutes engag\u00e9es dans un parcours de r\u00e9conciliation, une voie qu\u2019elles suivent en fonction des besoins des personnes qu\u2019elles servent, de leur personnel et des communaut\u00e9s dans lesquelles elles travaillent. Elles s\u2019efforcent d\u2019apprendre, de d\u00e9sapprendre et de trouver diff\u00e9rentes voies pour aller de l\u2019avant. Nous travaillerons avec nos organisations membres afin de mieux comprendre comment nous pouvons les aider \u00e0 poursuivre leur chemin vers la r\u00e9conciliation.<\/p>\n<p><strong>Soutenir les services en fran\u00e7ais au Manitoba<\/strong><\/p>\n<p>Au Manitoba, seulement 43 % des postes d\u00e9sign\u00e9s bilingues dans les services de sant\u00e9 et les services sociaux sont occup\u00e9s par du personnel francophone. Dans des communaut\u00e9s comme Saint-Boniface et dans les r\u00e9gions rurales de la province, un bon nombre de patient.e.s et de client.e.s souhaitent recevoir des soins dans l\u2019une des deux langues officielles de leur choix. Gr\u00e2ce \u00e0 une subvention d\u2019un million de dollars accord\u00e9e par le gouvernement f\u00e9d\u00e9ral, nous avons lanc\u00e9 un projet quinquennal intitul\u00e9 Vitalit\u00e9 sant\u00e9!, qui rassemble 14 partenaires issus des secteurs gouvernemental, \u00e9ducatif et de sant\u00e9 et services sociaux afin de trouver des solutions cr\u00e9atives. Le groupe explore des id\u00e9es, des options et des solutions pour surmonter les obstacles et se r\u00e9jouit de travailler ensemble sur ce projet qui aura un impact r\u00e9el sur l\u2019ensemble de notre communaut\u00e9. La subvention de 250 000 dollars, qui sera \u00e9gal\u00e9e par un autre partenaire, sera consacr\u00e9e \u00e0 ce projet afin d\u2019assurer sa croissance et sa p\u00e9rennit\u00e9 pour les ann\u00e9es \u00e0 venir.<\/p>\n<p><strong>Soutenir des projets communautaires plus larges<\/strong><\/p>\n<p>Nos communaut\u00e9s regorgent d\u2019organisations et de personnes qui accomplissent un travail incroyable pour soutenir ceux et celles qui font face \u00e0 des obstacles les emp\u00eachant de mener une vie \u00e9panouie et heureuse. Nous croyons fermement en notre r\u00f4le de catalyseur au sein de la communaut\u00e9 ; nous savons que nos partenaires connaissent leur client\u00e8le et les solutions dont elle a besoin. Nous sommes impatients de soutenir un projet nouveau et innovant d\u2019un partenaire communautaire qui changera la vie de ceux et celles qu\u2019il sert.<\/p>\n<p>[\/et_pb_text][\/et_pb_column][et_pb_column type=\u00a0\u00bb1_3&Prime; _builder_version=\u00a0\u00bb4.16&Prime; global_colors_info=\u00a0\u00bb{}\u00a0\u00bb][et_pb_image src=\u00a0\u00bbhttps:\/\/reseaucompassionnetwork.ca\/wp-content\/uploads\/2025\/11\/Screenshot-2025-11-04-at-10.20.53-AM-1.png\u00a0\u00bb alt=\u00a0\u00bbMcLaren Hotel Render\u00a0\u00bb title_text=\u00a0\u00bbScreenshot 2025-11-04 at 10.20.53\u202fAM\u00a0\u00bb _builder_version=\u00a0\u00bb4.27.4&Prime; _module_preset=\u00a0\u00bbdefault\u00a0\u00bb custom_margin=\u00a0\u00bb18px||||false|false\u00a0\u00bb locked=\u00a0\u00bboff\u00a0\u00bb global_colors_info=\u00a0\u00bb{}\u00a0\u00bb][\/et_pb_image][et_pb_button button_url=\u00a0\u00bbhttps:\/\/rcn.framer.website\/francais\u00a0\u00bb button_text=\u00a0\u00bbExposition virtuelle\u00a0\u00bb _builder_version=\u00a0\u00bb4.27.4&Prime; _module_preset=\u00a0\u00bbdefault\u00a0\u00bb global_colors_info=\u00a0\u00bb{}\u00a0\u00bb][\/et_pb_button][et_pb_button button_url=\u00a0\u00bbhttps:\/\/reseaucompassionnetwork.ca\/fr\/25-photos\/\u00a0\u00bb button_text=\u00a0\u00bbPhotos des c\u00e9l\u00e9brations\u00a0\u00bb _builder_version=\u00a0\u00bb4.27.4&Prime; _module_preset=\u00a0\u00bbdefault\u00a0\u00bb hover_enabled=\u00a0\u00bb0&Prime; global_colors_info=\u00a0\u00bb{}\u00a0\u00bb sticky_enabled=\u00a0\u00bb0&Prime;][\/et_pb_button][\/et_pb_column][\/et_pb_row][\/et_pb_section]<\/p>\n","protected":false},"excerpt":{"rendered":"<p>Investir un million de dollars dans notre communaut\u00e9 \u00c0 l\u2019occasion de son 25e anniversaire, R\u00e9seau Compassion Network a d\u00e9cid\u00e9 d\u2019investir 250 000 dollars dans nos communaut\u00e9s\u2026 quatre fois, pour une contribution totale d\u2019un million de dollars qui sera inject\u00e9 en sant\u00e9 et services sociaux au Manitoba. \u00ab Ces fonds refl\u00e8tent o\u00f9 nous en sommes en&hellip; <a class=\"continue\" href=\"https:\/\/reseaucompassionnetwork.ca\/fr\/25-subventions\/\">Continue Reading<span> Subventions du 25e anniversaire<\/span><\/a><\/p>\n","protected":false},"author":4,"featured_media":10085,"parent":0,"menu_order":0,"comment_status":"closed","ping_status":"closed","template":"","meta":{"_et_pb_use_builder":"on","_et_pb_old_content":"","_et_gb_content_width":"","_monsterinsights_skip_tracking":false,"_monsterinsights_sitenote_active":false,"_monsterinsights_sitenote_note":"","_monsterinsights_sitenote_category":0,"footnotes":""},"class_list":["post-21437","page","type-page","status-publish","has-post-thumbnail","hentry"],"_links":{"self":[{"href":"https:\/\/reseaucompassionnetwork.ca\/fr\/wp-json\/wp\/v2\/pages\/21437","targetHints":{"allow":["GET"]}}],"collection":[{"href":"https:\/\/reseaucompassionnetwork.ca\/fr\/wp-json\/wp\/v2\/pages"}],"about":[{"href":"https:\/\/reseaucompassionnetwork.ca\/fr\/wp-json\/wp\/v2\/types\/page"}],"author":[{"embeddable":true,"href":"https:\/\/reseaucompassionnetwork.ca\/fr\/wp-json\/wp\/v2\/users\/4"}],"replies":[{"embeddable":true,"href":"https:\/\/reseaucompassionnetwork.ca\/fr\/wp-json\/wp\/v2\/comments?post=21437"}],"version-history":[{"count":8,"href":"https:\/\/reseaucompassionnetwork.ca\/fr\/wp-json\/wp\/v2\/pages\/21437\/revisions"}],"predecessor-version":[{"id":21453,"href":"https:\/\/reseaucompassionnetwork.ca\/fr\/wp-json\/wp\/v2\/pages\/21437\/revisions\/21453"}],"wp:featuredmedia":[{"embeddable":true,"href":"https:\/\/reseaucompassionnetwork.ca\/fr\/wp-json\/wp\/v2\/media\/10085"}],"wp:attachment":[{"href":"https:\/\/reseaucompassionnetwork.ca\/fr\/wp-json\/wp\/v2\/media?parent=21437"}],"curies":[{"name":"wp","href":"https:\/\/api.w.org\/{rel}","templated":true}]}}