

{"id":20944,"date":"2025-11-14T10:34:10","date_gmt":"2025-11-14T16:34:10","guid":{"rendered":"https:\/\/reseaucompassionnetwork.ca\/?page_id=20944"},"modified":"2025-12-17T15:23:01","modified_gmt":"2025-12-17T21:23:01","slug":"25-photos","status":"publish","type":"page","link":"https:\/\/reseaucompassionnetwork.ca\/fr\/25-photos\/","title":{"rendered":"C\u00e9l\u00e9brations du 25e anniversaire"},"content":{"rendered":"<p>[et_pb_section fb_built=\u00a0\u00bb1&Prime; fullwidth=\u00a0\u00bbon\u00a0\u00bb next_background_color=\u00a0\u00bb#ffffff\u00a0\u00bb _builder_version=\u00a0\u00bb4.16&Prime; background_image=\u00a0\u00bbhttps:\/\/reseaucompassionnetwork.ca\/wp-content\/uploads\/2022\/04\/header-imgs-about-new.jpg\u00a0\u00bb bottom_divider_style=\u00a0\u00bbwave2&Prime; bottom_divider_height=\u00a0\u00bb39px\u00a0\u00bb global_colors_info=\u00a0\u00bb{}\u00a0\u00bb][et_pb_fullwidth_post_title title=\u00a0\u00bboff\u00a0\u00bb meta=\u00a0\u00bboff\u00a0\u00bb featured_placement=\u00a0\u00bbbackground\u00a0\u00bb admin_label=\u00a0\u00bbchange featured image in post details\u00a0\u00bb _builder_version=\u00a0\u00bb4.16&Prime; background_color=\u00a0\u00bbrgba(0,0,0,0)\u00a0\u00bb use_background_color_gradient=\u00a0\u00bbon\u00a0\u00bb background_color_gradient_stops=\u00a0\u00bb#ffffff 0%|rgba(255,255,255,0) 50%\u00a0\u00bb background_color_gradient_overlays_image=\u00a0\u00bbon\u00a0\u00bb background_color_gradient_start=\u00a0\u00bb#ffffff\u00a0\u00bb background_color_gradient_end=\u00a0\u00bbrgba(255,255,255,0)\u00a0\u00bb background_color_gradient_end_position=\u00a0\u00bb50%\u00a0\u00bb global_colors_info=\u00a0\u00bb{}\u00a0\u00bb][\/et_pb_fullwidth_post_title][\/et_pb_section][et_pb_section fb_built=\u00a0\u00bb1&Prime; _builder_version=\u00a0\u00bb4.21.0&Prime; use_background_color_gradient=\u00a0\u00bbon\u00a0\u00bb background_color_gradient_stops=\u00a0\u00bb#ffffff 30%|#f0f6f9 99%\u00a0\u00bb background_enable_image=\u00a0\u00bboff\u00a0\u00bb background_size=\u00a0\u00bbinitial\u00a0\u00bb background_position=\u00a0\u00bbtop_center\u00a0\u00bb custom_padding=\u00a0\u00bb0px||40px||false|false\u00a0\u00bb top_divider_style=\u00a0\u00bbnone\u00a0\u00bb top_divider_color=\u00a0\u00bb#f7f4eb\u00a0\u00bb top_divider_height=\u00a0\u00bb50px\u00a0\u00bb top_divider_flip=\u00a0\u00bbhorizontal\u00a0\u00bb bottom_divider_height=\u00a0\u00bb50px\u00a0\u00bb background_last_edited=\u00a0\u00bbon|desktop\u00a0\u00bb background_enable_image_phone=\u00a0\u00bboff\u00a0\u00bb background_position_phone=\u00a0\u00bbtop_center\u00a0\u00bb global_colors_info=\u00a0\u00bb{}\u00a0\u00bb][et_pb_row column_structure=\u00a0\u00bb2_3,1_3&Prime; admin_label=\u00a0\u00bbPage Title Row\u00a0\u00bb _builder_version=\u00a0\u00bb4.16&Prime; custom_margin=\u00a0\u00bb0px||0px||false|false\u00a0\u00bb custom_padding=\u00a0\u00bb0px||0px||false|false\u00a0\u00bb global_colors_info=\u00a0\u00bb{}\u00a0\u00bb][et_pb_column type=\u00a0\u00bb2_3&Prime; _builder_version=\u00a0\u00bb4.16&Prime; global_colors_info=\u00a0\u00bb{}\u00a0\u00bb][et_pb_post_title meta=\u00a0\u00bboff\u00a0\u00bb featured_image=\u00a0\u00bboff\u00a0\u00bb admin_label=\u00a0\u00bbPage Title\u00a0\u00bb module_class=\u00a0\u00bbpage-title\u00a0\u00bb _builder_version=\u00a0\u00bb4.21.0&Prime; title_text_color=\u00a0\u00bb#006699&Prime; title_line_height=\u00a0\u00bb1.3em\u00a0\u00bb custom_margin=\u00a0\u00bb0px||0px||false|false\u00a0\u00bb custom_padding=\u00a0\u00bb0px||0px||false|false\u00a0\u00bb custom_padding_tablet=\u00a0\u00bb|0px|||false|false\u00a0\u00bb custom_padding_phone=\u00a0\u00bb|0px|||false|false\u00a0\u00bb custom_padding_last_edited=\u00a0\u00bboff|desktop\u00a0\u00bb global_colors_info=\u00a0\u00bb{}\u00a0\u00bb][\/et_pb_post_title][\/et_pb_column][et_pb_column type=\u00a0\u00bb1_3&Prime; _builder_version=\u00a0\u00bb4.16&Prime; global_colors_info=\u00a0\u00bb{}\u00a0\u00bb][\/et_pb_column][\/et_pb_row][et_pb_row column_structure=\u00a0\u00bb2_3,1_3&Prime; _builder_version=\u00a0\u00bb4.16&Prime; custom_padding=\u00a0\u00bb0px||0px||false|false\u00a0\u00bb global_colors_info=\u00a0\u00bb{}\u00a0\u00bb][et_pb_column type=\u00a0\u00bb2_3&Prime; _builder_version=\u00a0\u00bb4.16&Prime; global_colors_info=\u00a0\u00bb{}\u00a0\u00bb][et_pb_text _builder_version=\u00a0\u00bb4.27.4&Prime; quote_font=\u00a0\u00bb||||||||\u00a0\u00bb quote_font_size=\u00a0\u00bb25px\u00a0\u00bb custom_margin=\u00a0\u00bb0px||15px||false|false\u00a0\u00bb custom_padding=\u00a0\u00bb0px||0px||false|false\u00a0\u00bb global_colors_info=\u00a0\u00bb{}\u00a0\u00bb]<\/p>\n<h2>Une soir\u00e9e m\u00e9morable<\/h2>\n<p>Le jeudi 6 novembre 2025, le personnel, les b\u00e9n\u00e9voles ayant \u0153uvr\u00e9 au sein de conseils d\u2019administration et de nombreux partenaires qui ont appuy\u00e9 R\u00e9seau Compassion Network (RCN) au fil des derni\u00e8res deux d\u00e9cennies se sont r\u00e9unis au Mus\u00e9e du Manitoba pour c\u00e9l\u00e9brer 25 ans de service \u00e0 notre communaut\u00e9.<\/p>\n<p>Un bon nombre de S\u0153urs Grises, la congr\u00e9gation fondatrice de RCN, \u00a0ont tenu \u00e0 accueillir chaque invit\u00e9.e en leur mettant autour du cou un foulard taupe, la couleur de leur tenue religieuse. La leader de congr\u00e9gation, S\u0153ur Aurore Larkin, a expliqu\u00e9 que le taupe cache les traces de taches ou de salet\u00e9 d\u00fb au travail acharn\u00e9, et nous a tous et toutes invit\u00e9 \u00e0 continuer \u00e0 retrousser nos manches et \u00e0 aider ceux et celles qui en ont le plus besoin.<\/p>\n<p>Nous avons \u00e9galement eu l\u2019honneur de recevoir des mains du maire Scott Gillingham, le Prix du service communautaire de la ville de Winnipeg, qui r\u00e9compense le d\u00e9vouement du R\u00e9seau Compassion Network et de ses organisations membres \u00e0 r\u00e9pondre aux besoins non satisfaits de notre communaut\u00e9 avec c\u0153ur, compassion et humilit\u00e9. Ses paroles touchantes ont vraiment \u00e9t\u00e9 l\u2019un des moments forts de l\u2019\u00e9v\u00e9nement.<\/p>\n<p>Vous trouverez ci-dessous une s\u00e9lection de photos de cette soir\u00e9e sp\u00e9ciale. Merci \u00e0 tous ceux et celles qui ont pu \u00eatre parmi nous !<\/p>\n<p><em>Merci \u00e0\u00a0<\/em><a href=\"https:\/\/www.adventureswithinmedia.com\/\"><em>Adventures Within Media<\/em><\/a><em>\u00a0pour ces magnifiques photos !<\/em><\/p>\n<p>[\/et_pb_text][et_pb_gallery gallery_ids=\u00a0\u00bb20855,20858,20857,20856,20854,20853,20852,20851,20850,20849,20847,20846,20845,20848,20844,20843,20842,20841,20839,20840,20838,20837,20836,20835,20834,20833,20832,20831,20830,20829,20828&Prime; fullwidth=\u00a0\u00bbon\u00a0\u00bb _builder_version=\u00a0\u00bb4.27.4&Prime; _module_preset=\u00a0\u00bbdefault\u00a0\u00bb dbdb_arrows_text_color=\u00a0\u00bb#E6F0F5&Prime; dbdb_version=\u00a0\u00bb4.12.1&Prime; dbdb_slider_swipe_mode=\u00a0\u00bbon\u00a0\u00bb dbdb_lightbox_swipe=\u00a0\u00bbon\u00a0\u00bb global_colors_info=\u00a0\u00bb{}\u00a0\u00bb][\/et_pb_gallery][et_pb_text _builder_version=\u00a0\u00bb4.27.4&Prime; _module_preset=\u00a0\u00bbdefault\u00a0\u00bb global_colors_info=\u00a0\u00bb{}\u00a0\u00bb]<\/p>\n<h2>Couverture m\u00e9diatique<\/h2>\n<p>N<span data-teams=\"true\">ous remercions nos partenaires m\u00e9diatiques qui ont contribu\u00e9 \u00e0 faire conna\u00eetre les c\u00e9l\u00e9brations de notre 25e anniversaire et du m\u00eame coup notre histoire et le travail accompli depuis 2000.<\/span><\/p>\n<p>[\/et_pb_text][\/et_pb_column][et_pb_column type=\u00a0\u00bb1_3&Prime; _builder_version=\u00a0\u00bb4.16&Prime; global_colors_info=\u00a0\u00bb{}\u00a0\u00bb][et_pb_image src=\u00a0\u00bbhttps:\/\/reseaucompassionnetwork.ca\/wp-content\/uploads\/2025\/11\/Screenshot-2025-11-04-at-10.20.53-AM-1.png\u00a0\u00bb alt=\u00a0\u00bbMcLaren Hotel Render\u00a0\u00bb title_text=\u00a0\u00bbScreenshot 2025-11-04 at 10.20.53\u202fAM\u00a0\u00bb _builder_version=\u00a0\u00bb4.27.4&Prime; _module_preset=\u00a0\u00bbdefault\u00a0\u00bb custom_margin=\u00a0\u00bb18px||||false|false\u00a0\u00bb locked=\u00a0\u00bboff\u00a0\u00bb global_colors_info=\u00a0\u00bb{}\u00a0\u00bb][\/et_pb_image][et_pb_button button_url=\u00a0\u00bbhttps:\/\/rcn.framer.website\/francais\u00a0\u00bb button_text=\u00a0\u00bbExposition virtuelle\u00a0\u00bb _builder_version=\u00a0\u00bb4.27.4&Prime; _module_preset=\u00a0\u00bbdefault\u00a0\u00bb global_colors_info=\u00a0\u00bb{}\u00a0\u00bb][\/et_pb_button][et_pb_button button_url=\u00a0\u00bbhttps:\/\/reseaucompassionnetwork.ca\/fr\/25-subventions\/\u00a0\u00bb button_text=\u00a0\u00bbSubventions du 25e anniversaire\u00a0\u00bb _builder_version=\u00a0\u00bb4.27.4&Prime; _module_preset=\u00a0\u00bbdefault\u00a0\u00bb global_colors_info=\u00a0\u00bb{}\u00a0\u00bb][\/et_pb_button][\/et_pb_column][\/et_pb_row][et_pb_row column_structure=\u00a0\u00bb1_3,1_3,1_3&Prime; _builder_version=\u00a0\u00bb4.27.4&Prime; _module_preset=\u00a0\u00bbdefault\u00a0\u00bb global_colors_info=\u00a0\u00bb{}\u00a0\u00bb][et_pb_column type=\u00a0\u00bb1_3&Prime; _builder_version=\u00a0\u00bb4.27.4&Prime; _module_preset=\u00a0\u00bbdefault\u00a0\u00bb global_colors_info=\u00a0\u00bb{}\u00a0\u00bb][et_pb_blurb title=\u00a0\u00bb1 million $ et 4 fonds pour les 25 ans du R\u00e9seau Compassion Network\u00a0\u00bb image=\u00a0\u00bbhttps:\/\/reseaucompassionnetwork.ca\/wp-content\/uploads\/2025\/12\/Screenshot-2025-12-15-at-10.42.20-AM.png\u00a0\u00bb _builder_version=\u00a0\u00bb4.27.4&Prime; _module_preset=\u00a0\u00bbdefault\u00a0\u00bb global_colors_info=\u00a0\u00bb{}\u00a0\u00bb]<\/p>\n<p><em>Radio-Canada \u2022 6 novembre 2025<\/em><\/p>\n<p><a href=\"https:\/\/ici.radio-canada.ca\/nouvelle\/2206058\/anniversaire-reseau-compassion\" target=\"_blank\" rel=\"noopener\">Cliquez ici <\/a>pour visioner<\/p>\n<p>[\/et_pb_blurb][et_pb_blurb title=\u00a0\u00bbAn umbrella for the community\u00a0\u00bb image=\u00a0\u00bbhttps:\/\/reseaucompassionnetwork.ca\/wp-content\/uploads\/2025\/11\/VB_SWISHEVENT_0193-1.jpg\u00a0\u00bb _builder_version=\u00a0\u00bb4.27.4&Prime; _module_preset=\u00a0\u00bbdefault\u00a0\u00bb global_colors_info=\u00a0\u00bb{}\u00a0\u00bb]<\/p>\n<p><em>Community Review \u2022 19 novembre 2025<\/em><\/p>\n<p><a href=\"https:\/\/www.winnipegfreepress.com\/our-communities\/east\/2025\/11\/19\/an-umbrella-for-the-community\" target=\"_blank\" rel=\"noopener\">Cliquez ici<\/a> pour lire <em>(en anglais)<\/em><\/p>\n<p>[\/et_pb_blurb][\/et_pb_column][et_pb_column type=\u00a0\u00bb1_3&Prime; _builder_version=\u00a0\u00bb4.27.4&Prime; _module_preset=\u00a0\u00bbdefault\u00a0\u00bb global_colors_info=\u00a0\u00bb{}\u00a0\u00bb][et_pb_blurb title=\u00a0\u00bbR\u00e9seau Compassion Network celebrating 25 year\u00a0\u00bb image=\u00a0\u00bbhttps:\/\/reseaucompassionnetwork.ca\/wp-content\/uploads\/2025\/12\/3401942_web1_sf-reseau2-july30-copy-1.png\u00a0\u00bb _builder_version=\u00a0\u00bb4.27.4&Prime; _module_preset=\u00a0\u00bbdefault\u00a0\u00bb global_colors_info=\u00a0\u00bb{}\u00a0\u00bb]<\/p>\n<p><em>Community Review \u2022 30 juillet 2025<\/em><\/p>\n<p><a href=\"https:\/\/www.winnipegfreepress.com\/our-communities\/east\/2025\/07\/30\/reseau-compassion-network-celebrating-25-years\" target=\"_blank\" rel=\"noopener\">Cliquez ici<\/a> pour lire <em>(en anglais)<\/em><\/p>\n<p>[\/et_pb_blurb][\/et_pb_column][et_pb_column type=\u00a0\u00bb1_3&Prime; _builder_version=\u00a0\u00bb4.27.4&Prime; _module_preset=\u00a0\u00bbdefault\u00a0\u00bb global_colors_info=\u00a0\u00bb{}\u00a0\u00bb][\/et_pb_column][\/et_pb_row][\/et_pb_section]<\/p>\n","protected":false},"excerpt":{"rendered":"<p>Une soir\u00e9e m\u00e9morable Le jeudi 6 novembre 2025, le personnel, les b\u00e9n\u00e9voles ayant \u0153uvr\u00e9 au sein de conseils d\u2019administration et de nombreux partenaires qui ont appuy\u00e9 R\u00e9seau Compassion Network (RCN) au fil des derni\u00e8res deux d\u00e9cennies se sont r\u00e9unis au Mus\u00e9e du Manitoba pour c\u00e9l\u00e9brer 25 ans de service \u00e0 notre communaut\u00e9. Un bon nombre&hellip; <a class=\"continue\" href=\"https:\/\/reseaucompassionnetwork.ca\/fr\/25-photos\/\">Continue Reading<span> C\u00e9l\u00e9brations du 25e anniversaire<\/span><\/a><\/p>\n","protected":false},"author":4,"featured_media":10085,"parent":0,"menu_order":0,"comment_status":"closed","ping_status":"closed","template":"","meta":{"_et_pb_use_builder":"on","_et_pb_old_content":"","_et_gb_content_width":"","_monsterinsights_skip_tracking":false,"_monsterinsights_sitenote_active":false,"_monsterinsights_sitenote_note":"","_monsterinsights_sitenote_category":0,"footnotes":""},"class_list":["post-20944","page","type-page","status-publish","has-post-thumbnail","hentry"],"_links":{"self":[{"href":"https:\/\/reseaucompassionnetwork.ca\/fr\/wp-json\/wp\/v2\/pages\/20944","targetHints":{"allow":["GET"]}}],"collection":[{"href":"https:\/\/reseaucompassionnetwork.ca\/fr\/wp-json\/wp\/v2\/pages"}],"about":[{"href":"https:\/\/reseaucompassionnetwork.ca\/fr\/wp-json\/wp\/v2\/types\/page"}],"author":[{"embeddable":true,"href":"https:\/\/reseaucompassionnetwork.ca\/fr\/wp-json\/wp\/v2\/users\/4"}],"replies":[{"embeddable":true,"href":"https:\/\/reseaucompassionnetwork.ca\/fr\/wp-json\/wp\/v2\/comments?post=20944"}],"version-history":[{"count":13,"href":"https:\/\/reseaucompassionnetwork.ca\/fr\/wp-json\/wp\/v2\/pages\/20944\/revisions"}],"predecessor-version":[{"id":21471,"href":"https:\/\/reseaucompassionnetwork.ca\/fr\/wp-json\/wp\/v2\/pages\/20944\/revisions\/21471"}],"wp:featuredmedia":[{"embeddable":true,"href":"https:\/\/reseaucompassionnetwork.ca\/fr\/wp-json\/wp\/v2\/media\/10085"}],"wp:attachment":[{"href":"https:\/\/reseaucompassionnetwork.ca\/fr\/wp-json\/wp\/v2\/media?parent=20944"}],"curies":[{"name":"wp","href":"https:\/\/api.w.org\/{rel}","templated":true}]}}