

{"id":19980,"date":"2025-08-19T15:55:30","date_gmt":"2025-08-19T20:55:30","guid":{"rendered":"https:\/\/reseaucompassionnetwork.ca\/?page_id=19980"},"modified":"2026-03-24T12:24:49","modified_gmt":"2026-03-24T17:24:49","slug":"coeur","status":"publish","type":"page","link":"https:\/\/reseaucompassionnetwork.ca\/fr\/coeur\/","title":{"rendered":"Au c\u0153ur du service humain"},"content":{"rendered":"<p>[et_pb_section fb_built=\u00a0\u00bb1&Prime; fullwidth=\u00a0\u00bbon\u00a0\u00bb next_background_color=\u00a0\u00bb#ffffff\u00a0\u00bb _builder_version=\u00a0\u00bb4.16&Prime; background_color=\u00a0\u00bb#FFFFFF\u00a0\u00bb background_color_gradient_direction=\u00a0\u00bb97deg\u00a0\u00bb background_color_gradient_start=\u00a0\u00bb#f7f4eb\u00a0\u00bb background_color_gradient_end=\u00a0\u00bbrgba(0,0,0,0)\u00a0\u00bb background_enable_image=\u00a0\u00bboff\u00a0\u00bb bottom_divider_style=\u00a0\u00bbwave2&Prime; bottom_divider_height=\u00a0\u00bb39px\u00a0\u00bb global_colors_info=\u00a0\u00bb{}\u00a0\u00bb][et_pb_fullwidth_post_title title=\u00a0\u00bboff\u00a0\u00bb meta=\u00a0\u00bboff\u00a0\u00bb featured_placement=\u00a0\u00bbbackground\u00a0\u00bb admin_label=\u00a0\u00bbchange featured image in post details\u00a0\u00bb _builder_version=\u00a0\u00bb4.16&Prime; background_color=\u00a0\u00bbrgba(0,0,0,0)\u00a0\u00bb use_background_color_gradient=\u00a0\u00bbon\u00a0\u00bb background_color_gradient_stops=\u00a0\u00bb#ffffff 0%|rgba(255,255,255,0) 50%\u00a0\u00bb background_color_gradient_overlays_image=\u00a0\u00bbon\u00a0\u00bb background_color_gradient_start=\u00a0\u00bb#ffffff\u00a0\u00bb background_color_gradient_end=\u00a0\u00bbrgba(255,255,255,0)\u00a0\u00bb background_color_gradient_end_position=\u00a0\u00bb50%\u00a0\u00bb global_colors_info=\u00a0\u00bb{}\u00a0\u00bb][\/et_pb_fullwidth_post_title][\/et_pb_section][et_pb_section fb_built=\u00a0\u00bb1&Prime; _builder_version=\u00a0\u00bb4.19.1&Prime; use_background_color_gradient=\u00a0\u00bbon\u00a0\u00bb background_color_gradient_stops=\u00a0\u00bb#ffffff 30%|#f0f6f9 99%\u00a0\u00bb custom_padding=\u00a0\u00bb0px||50px||false|false\u00a0\u00bb top_divider_style=\u00a0\u00bbnone\u00a0\u00bb top_divider_color=\u00a0\u00bb#f7f4eb\u00a0\u00bb top_divider_height=\u00a0\u00bb50px\u00a0\u00bb top_divider_flip=\u00a0\u00bbhorizontal\u00a0\u00bb bottom_divider_height=\u00a0\u00bb50px\u00a0\u00bb global_colors_info=\u00a0\u00bb{}\u00a0\u00bb][et_pb_row _builder_version=\u00a0\u00bb4.17.3&Prime; custom_margin=\u00a0\u00bb0px||0px||false|false\u00a0\u00bb custom_padding=\u00a0\u00bb0px||0px||false|false\u00a0\u00bb global_colors_info=\u00a0\u00bb{}\u00a0\u00bb][et_pb_column type=\u00a0\u00bb4_4&Prime; _builder_version=\u00a0\u00bb4.16&Prime; global_colors_info=\u00a0\u00bb{}\u00a0\u00bb][et_pb_post_title meta=\u00a0\u00bboff\u00a0\u00bb featured_image=\u00a0\u00bboff\u00a0\u00bb _builder_version=\u00a0\u00bb4.27.4&Prime; title_text_color=\u00a0\u00bb#006699&Prime; title_line_height=\u00a0\u00bb1.3em\u00a0\u00bb custom_margin=\u00a0\u00bb0px||0px||false|false\u00a0\u00bb custom_padding=\u00a0\u00bb0px|380px|0px||false|false\u00a0\u00bb custom_padding_tablet=\u00a0\u00bb|0px|||false|false\u00a0\u00bb custom_padding_phone=\u00a0\u00bb|0px|||false|false\u00a0\u00bb custom_padding_last_edited=\u00a0\u00bbon|tablet\u00a0\u00bb global_colors_info=\u00a0\u00bb{}\u00a0\u00bb][\/et_pb_post_title][\/et_pb_column][\/et_pb_row][et_pb_row column_structure=\u00a0\u00bb2_3,1_3&Prime; _builder_version=\u00a0\u00bb4.16&Prime; custom_padding=\u00a0\u00bb0px||0px||false|false\u00a0\u00bb global_colors_info=\u00a0\u00bb{}\u00a0\u00bb][et_pb_column type=\u00a0\u00bb2_3&Prime; _builder_version=\u00a0\u00bb4.16&Prime; global_colors_info=\u00a0\u00bb{}\u00a0\u00bb][et_pb_text admin_label=\u00a0\u00bbText\u00a0\u00bb _builder_version=\u00a0\u00bb4.27.4&Prime; background_size=\u00a0\u00bbinitial\u00a0\u00bb background_position=\u00a0\u00bbtop_left\u00a0\u00bb background_repeat=\u00a0\u00bbrepeat\u00a0\u00bb custom_margin=\u00a0\u00bb0px||-2px||false|false\u00a0\u00bb custom_padding=\u00a0\u00bb0px||0px||false|false\u00a0\u00bb locked=\u00a0\u00bboff\u00a0\u00bb global_colors_info=\u00a0\u00bb{}\u00a0\u00bb]<\/p>\n<p>R\u00e9seau Compassion Network a cr\u00e9\u00e9 la programmation Au c\u0153ur du service humain afin d\u2019aider les coll\u00e8gues au sein de nos organisations \u00e0 cultiver et \u00e0 prot\u00e9ger les qualit\u00e9s de pr\u00e9sence, de connexion, d\u2019amour et de compassion\u00a0 dans leur travail au quotidien.<\/p>\n<p>Lors de divers\u00a0rassemblements hebdomadaires, mensuels et annuels, nous nous r\u00e9unissons pour prendre soin des dons\u00a0et talents\u00a0qui sont en nous et qui nous poussent \u00e0 servir.<\/p>\n<p>Pour mieux comprendre l\u2019importance de la compassion dans les soins de sant\u00e9\u00a0et services sociaux, et\u00a0comment elle guide notre\u00a0mission, <a aria-label=\"Link cliquez ici\" id=\"menur2pg\" href=\"https:\/\/reseaucompassionnetwork.ca\/fr\/pourquoi-la-compassion-comprendre-notre-valeur-directrice\/\" rel=\"noreferrer noopener\" target=\"_blank\" class=\"fui-Link ___1q1shib f2hkw1w f3rmtva f1ewtqcl fyind8e f1k6fduh f1w7gpdv fk6fouc fjoy568 figsok6 f1s184ao f1mk8lai fnbmjn9 f1o700av f13mvf36 f1cmlufx f9n3di6 f1ids18y f1tx3yz7 f1deo86v f1eh06m1 f1iescvh fhgqx19 f1olyrje f1p93eir f1nev41a f1h8hb77 f1lqvz6u f10aw75t fsle3fq f17ae5zn\" title=\"https:\/\/reseaucompassionnetwork.ca\/fr\/pourquoi-la-compassion-comprendre-notre-valeur-directrice\/\">cliquez ici<\/a>.<\/p>\n<p><span>Pour en savoir plus sur chacune de nos offres, cliquez ci-dessous.<\/span><\/p>\n<p>[\/et_pb_text][et_pb_toggle title=\u00a0\u00bbCercle de m\u00e9ditation hebdomadaire\u00a0\u00bb _builder_version=\u00a0\u00bb4.27.4&Prime; _module_preset=\u00a0\u00bbdefault\u00a0\u00bb title_font_size=\u00a0\u00bb20px\u00a0\u00bb global_colors_info=\u00a0\u00bb{}\u00a0\u00bb]<\/p>\n<ul>\n<li>Une rencontre hebdomadaire en ligne.<\/li>\n<li>Venez. Assoyez-vous. Respirez. Reposez-vous.<\/li>\n<li>Ouvert \u00e0 tous et toutes; aucune exp\u00e9rience ni engagement requis.<\/li>\n<li>Participation gratuite.<\/li>\n<\/ul>\n<p><strong>Rejoignez-nous pour notre cercle de m\u00e9ditation<\/strong><strong>, tous les mardis \u00e0 12h05 via Zoom. Ces sessions sont offertes sans frais. <a href=\"https:\/\/us02web.zoom.us\/j\/5824298161\">Cliquez ICI<\/a> pour rejoindre la session.<\/strong><\/p>\n<p>[\/et_pb_toggle][et_pb_toggle title=\u00a0\u00bbRetraites mensuelles d&rsquo;une demi-journ\u00e9e\u00a0\u00bb _builder_version=\u00a0\u00bb4.27.6&Prime; _module_preset=\u00a0\u00bbdefault\u00a0\u00bb title_font_size=\u00a0\u00bb20px\u00a0\u00bb global_colors_info=\u00a0\u00bb{}\u00a0\u00bb]<\/p>\n<ul>\n<li>Un m\u00e9lange de pratiques guid\u00e9es et silencieuses, de moments pass\u00e9s dans la nature et d&rsquo;exercices physiques doux et bienveillants.<\/li>\n<li>Une occasion de d\u00e9velopper votre pratique contemplative personnelle.<\/li>\n<li>Un samedi matin sur deux pendant un mois, puis un jeudi soir sur deux le mois suivant.<\/li>\n<li>Organis\u00e9e \u00e0 Saint-Boniface, sans frais de participation.<\/li>\n<\/ul>\n<div>\n<p>Pour plus d&rsquo;informations ou pour vous inscrire \u00e0 une session, veuillez cliquer sur la date ci-dessous.<\/p>\n<ul>\n<li><a href=\"https:\/\/reseaucompassionnetwork.ca\/fr\/eventscalendar\/retraite-mensuel-avr-26\/\">jeudi le 16 avril, 2026, de 17 h \u00e0 21 h<\/a><\/li>\n<li><a href=\"https:\/\/reseaucompassionnetwork.ca\/fr\/eventscalendar\/retraite-mensuel-mai-26\/\" target=\"_blank\" rel=\"noopener\">samedi le 23 mai, 2026, de 8 h \u00e0 12 h<\/a><\/li>\n<li><a href=\"https:\/\/reseaucompassionnetwork.ca\/fr\/eventscalendar\/retraite-mensuel-juin-26\/\" target=\"_blank\" rel=\"noopener\">jeudi le 25 juin, 2026, de 17 h \u00e0 21 h<\/a><\/li>\n<\/ul>\n<\/div>\n<p>[\/et_pb_toggle][et_pb_toggle title=\u00a0\u00bbRetraite Essence du leadership\u00a0\u00bb _builder_version=\u00a0\u00bb4.27.6&Prime; _module_preset=\u00a0\u00bbdefault\u00a0\u00bb title_font_size=\u00a0\u00bb20px\u00a0\u00bb hover_enabled=\u00a0\u00bb0&Prime; global_colors_info=\u00a0\u00bb{}\u00a0\u00bb sticky_enabled=\u00a0\u00bb0&Prime;]<\/p>\n<div class=\"elementToProof\">\n<p>Ces retraites sont sur invitation et destin\u00e9es aux gestionnaires du R\u00e9seau Compassion Network. Passez 3 jours en retraite avec des pairs et profitez de moments dans la nature. Offrez-vous le temps de respirer, de r\u00e9fl\u00e9chir et de puiser dans votre sagesse int\u00e9rieure. Nous encourageons tous les leaders \u00e0 participer au moins une fois \u00e0 cette opportunit\u00e9. Nous nous r\u00e9jouissons d\u2019avance de pouvoir passer un moment privil\u00e9gi\u00e9 ensemble.<\/p>\n<ul>\n<li>R\u00e9serv\u00e9e aux employ\u00e9.e.s \u0153uvrant dans une des organisations membres du R\u00e9seau Compassion Network.<\/li>\n<li>D\u2019une dur\u00e9e de 3 \u00e0 4 jours, nuit\u00e9es et repas inclus.<\/li>\n<li>Sur invitation uniquement. Veuillez-vous adresser \u00e0 votre direction si vous \u00eates int\u00e9ress\u00e9.e \u00e0 participer.<\/li>\n<\/ul>\n<p>Si vous avez des questions sur la retraite, veuillez envoyer un courriel \u00e0\u00a0Andrew Terhoch, facilitateur, \u00e0 l\u2019adresse <u><a href=\"mailto:aterhoch@stamant.ca\">aterhoch@stamant.ca<\/a><\/u>.<\/p>\n<p>&nbsp;<\/p>\n<\/div>\n<p>[\/et_pb_toggle][\/et_pb_column][et_pb_column type=\u00a0\u00bb1_3&Prime; _builder_version=\u00a0\u00bb4.16&Prime; global_colors_info=\u00a0\u00bb{}\u00a0\u00bb][et_pb_image src=\u00a0\u00bbhttps:\/\/reseaucompassionnetwork.ca\/wp-content\/uploads\/2025\/08\/Photo-2024-03-11-09-31-20-small.jpg\u00a0\u00bb alt=\u00a0\u00bbwoman at computer\u00a0\u00bb title_text=\u00a0\u00bbPhoto 2024-03-11 09 31 20-small\u00a0\u00bb _builder_version=\u00a0\u00bb4.27.4&Prime; custom_padding=\u00a0\u00bb9px||||false|false\u00a0\u00bb global_colors_info=\u00a0\u00bb{}\u00a0\u00bb][\/et_pb_image][et_pb_button button_url=\u00a0\u00bbhttps:\/\/reseaucompassionnetwork.ca\/fr\/ressources\/\u00a0\u00bb button_text=\u00a0\u00bbAutres ressources d&rsquo;apprentissage\u00a0\u00bb _builder_version=\u00a0\u00bb4.19.5&Prime; _module_preset=\u00a0\u00bbdefault\u00a0\u00bb custom_css_main_element=\u00a0\u00bbwidth: 100%;||line-height:1.4em!important;\u00a0\u00bb locked=\u00a0\u00bboff\u00a0\u00bb global_colors_info=\u00a0\u00bb{}\u00a0\u00bb][\/et_pb_button][et_pb_slider show_arrows=\u00a0\u00bboff\u00a0\u00bb disabled_on=\u00a0\u00bbon|on|on\u00a0\u00bb admin_label=\u00a0\u00bbreviews\u00a0\u00bb module_id=\u00a0\u00bbreviews\u00a0\u00bb _builder_version=\u00a0\u00bb4.23.1&Prime; _module_preset=\u00a0\u00bbdefault\u00a0\u00bb header_font_size=\u00a0\u00bb18px\u00a0\u00bb header_line_height=\u00a0\u00bb1.8em\u00a0\u00bb body_font=\u00a0\u00bb||||||||\u00a0\u00bb body_text_color=\u00a0\u00bb#006da5&Prime; body_font_size=\u00a0\u00bb18px\u00a0\u00bb background_color=\u00a0\u00bbrgba(0,0,0,0)\u00a0\u00bb text_orientation=\u00a0\u00bbleft\u00a0\u00bb width=\u00a0\u00bb100%\u00a0\u00bb module_alignment=\u00a0\u00bbleft\u00a0\u00bb min_height=\u00a0\u00bb500px\u00a0\u00bb min_height_tablet=\u00a0\u00bb500px\u00a0\u00bb min_height_phone=\u00a0\u00bb500px\u00a0\u00bb custom_margin=\u00a0\u00bb50px|0px||0px|false|false\u00a0\u00bb custom_padding=\u00a0\u00bb|0px||0px|false|false\u00a0\u00bb animation_style=\u00a0\u00bbslide\u00a0\u00bb auto=\u00a0\u00bbon\u00a0\u00bb auto_speed=\u00a0\u00bb8000&Prime; custom_css_slide_title=\u00a0\u00bbfont-weight: 500;\u00a0\u00bb db_height=\u00a0\u00bbmigrated\u00a0\u00bb disabled=\u00a0\u00bbon\u00a0\u00bb global_colors_info=\u00a0\u00bb{}\u00a0\u00bb][et_pb_slide heading=\u00a0\u00bb\u00ab M\u00eame si vous pensez que vous \u00eates d\u00e9j\u00e0 une personne compatissante, prenez quand m\u00eame le cours! Ces six derni\u00e8res semaines, ma capacit\u00e9 \u00e0 mettre en pratique mes connaissances sur la compassion envers soi-m\u00eame dans ma vie s&rsquo;est consid\u00e9rablement am\u00e9lior\u00e9e \u00bb. \u00a0\u00bb _builder_version=\u00a0\u00bb4.17.4&Prime; _module_preset=\u00a0\u00bbdefault\u00a0\u00bb header_font=\u00a0\u00bbOpen Sans||on||||||\u00a0\u00bb header_text_color=\u00a0\u00bb#006DA5&Prime; header_font_size=\u00a0\u00bb18px\u00a0\u00bb header_line_height=\u00a0\u00bb1.8em\u00a0\u00bb body_line_height=\u00a0\u00bb1.2em\u00a0\u00bb text_orientation=\u00a0\u00bbleft\u00a0\u00bb background_layout=\u00a0\u00bblight\u00a0\u00bb custom_css_slide_title=\u00a0\u00bbmargin-bottom:50px!important;\u00a0\u00bb global_colors_info=\u00a0\u00bb{}\u00a0\u00bb sticky_transition=\u00a0\u00bbon\u00a0\u00bb]<span style=\"font-weight: 500\">Sasha Kullman<\/span><br \/>\n<span style=\"color#006da5;font-weight: bold;font-size: 14px;line-height: 1.0em !important\">Le cours abr\u00e9g\u00e9 de la compassion attentive en soi<br \/>\n<\/span>[\/et_pb_slide][et_pb_slide heading=\u00a0\u00bb\u00ab J&rsquo;ai appr\u00e9ci\u00e9 les Breakout Rooms de Zoom, les discussions et \u00e9couter les exp\u00e9riences des autres. J&rsquo;ai \u00e9t\u00e9 surprise de voir \u00e0 quel point les gens \u00e9taient pr\u00eats \u00e0 \u00eatre ouverts et vuln\u00e9rables. Cela t\u00e9moigne de la s\u00e9curit\u00e9 cr\u00e9\u00e9e dans l&rsquo;espace par les animateurs \u00bb. \u00a0\u00bb _builder_version=\u00a0\u00bb4.17.4&Prime; _module_preset=\u00a0\u00bbdefault\u00a0\u00bb header_font=\u00a0\u00bbOpen Sans||on||||||\u00a0\u00bb header_text_color=\u00a0\u00bb#006DA5&Prime; header_font_size=\u00a0\u00bb18px\u00a0\u00bb header_line_height=\u00a0\u00bb1.8em\u00a0\u00bb body_line_height=\u00a0\u00bb1.2em\u00a0\u00bb text_orientation=\u00a0\u00bbleft\u00a0\u00bb background_layout=\u00a0\u00bblight\u00a0\u00bb custom_css_slide_title=\u00a0\u00bbmargin-bottom:50px!important;\u00a0\u00bb global_colors_info=\u00a0\u00bb{}\u00a0\u00bb sticky_transition=\u00a0\u00bbon\u00a0\u00bb]<span style=\"font-weight: 500\">Mel Forbes<\/span><br \/>\n<span style=\"color#006da5;font-weight: bold;font-size: 14px;line-height: 1.0em !important\">Le cours abr\u00e9g\u00e9 de la compassion attentive en soi<br \/>\n<\/span>[\/et_pb_slide][et_pb_slide heading=\u00a0\u00bb\u00ab J&rsquo;ai appr\u00e9ci\u00e9 l&rsquo;accent mis sur la fa\u00e7on dont les moments de pleine conscience se produisent \u00e0 tout moment de la journ\u00e9e, et pas seulement au cours d&rsquo;une pratique sp\u00e9cifique \u00bb.\u00a0\u00bb _builder_version=\u00a0\u00bb4.17.4&Prime; _module_preset=\u00a0\u00bbdefault\u00a0\u00bb header_font=\u00a0\u00bbOpen Sans||on||||||\u00a0\u00bb header_text_color=\u00a0\u00bb#006DA5&Prime; header_font_size=\u00a0\u00bb18px\u00a0\u00bb header_line_height=\u00a0\u00bb1.8em\u00a0\u00bb body_line_height=\u00a0\u00bb1.2em\u00a0\u00bb text_orientation=\u00a0\u00bbleft\u00a0\u00bb background_layout=\u00a0\u00bblight\u00a0\u00bb custom_css_slide_title=\u00a0\u00bbmargin-bottom:50px!important;\u00a0\u00bb global_colors_info=\u00a0\u00bb{}\u00a0\u00bb sticky_transition=\u00a0\u00bbon\u00a0\u00bb]<span style=\"font-weight: 500\">Cory Tucker<\/span><br \/>\n<span style=\"color#006da5;font-weight: bold;font-size: 14px;line-height: 1.0em !important\">Le cours abr\u00e9g\u00e9 de la compassion attentive en soi<br \/>\n<\/span>[\/et_pb_slide][et_pb_slide heading=\u00a0\u00bb\u00ab Les po\u00e8mes \u00e9taient un ajout fantastique qui a ajout\u00e9 de la profondeur et de la compr\u00e9hension aux enseignements. Le cours \u00e9tait merveilleux. J&rsquo;ai appris tant de techniques utiles et les instructeurs ont \u00e9t\u00e9 formidables \u00bb.\u00a0\u00bb _builder_version=\u00a0\u00bb4.17.4&Prime; _module_preset=\u00a0\u00bbdefault\u00a0\u00bb header_font=\u00a0\u00bbOpen Sans||on||||||\u00a0\u00bb header_text_color=\u00a0\u00bb#006DA5&Prime; header_font_size=\u00a0\u00bb18px\u00a0\u00bb header_line_height=\u00a0\u00bb1.8em\u00a0\u00bb body_line_height=\u00a0\u00bb1.2em\u00a0\u00bb text_orientation=\u00a0\u00bbleft\u00a0\u00bb background_layout=\u00a0\u00bblight\u00a0\u00bb custom_css_slide_title=\u00a0\u00bbmargin-bottom:50px!important;\u00a0\u00bb global_colors_info=\u00a0\u00bb{}\u00a0\u00bb sticky_transition=\u00a0\u00bbon\u00a0\u00bb]<span style=\"font-weight: 500\">Kimberly Pottinger<\/span><br \/>\n<span style=\"color#006da5;font-weight: bold;font-size: 14px;line-height: 1.0em !important\">Le cours abr\u00e9g\u00e9 de la compassion attentive en soi<br \/>\n<\/span>[\/et_pb_slide][et_pb_slide heading=\u00a0\u00bb\u00ab Le cours \u00e9tait parfait, je ne changerais rien. Vous apprendrez \u00e0 vous aimer et \u00e0 vous accepter tel que vous \u00eates avec plus de facilit\u00e9, et vous vous surprendrez \u00e0 faire de m\u00eame avec les autres autour de vous. Je ne saurais trop remercier les animateurs. Ils \u00e9taient tous les deux excellents et tellement accueillants et gentils \u00bb.\u00a0\u00bb _builder_version=\u00a0\u00bb4.17.4&Prime; _module_preset=\u00a0\u00bbdefault\u00a0\u00bb header_font=\u00a0\u00bbOpen Sans||on||||||\u00a0\u00bb header_text_color=\u00a0\u00bb#006DA5&Prime; header_font_size=\u00a0\u00bb18px\u00a0\u00bb header_line_height=\u00a0\u00bb1.8em\u00a0\u00bb body_line_height=\u00a0\u00bb1.2em\u00a0\u00bb text_orientation=\u00a0\u00bbleft\u00a0\u00bb background_layout=\u00a0\u00bblight\u00a0\u00bb custom_css_slide_title=\u00a0\u00bbmargin-bottom:50px!important;\u00a0\u00bb global_colors_info=\u00a0\u00bb{}\u00a0\u00bb sticky_transition=\u00a0\u00bbon\u00a0\u00bb]<span style=\"font-weight: 500\">Manon Roy<\/span><br \/>\n<span style=\"color#006da5;font-weight: bold;font-size: 14px;line-height: 1.0em !important\">Le cours abr\u00e9g\u00e9 de la compassion attentive en soi<\/span>[\/et_pb_slide][\/et_pb_slider][\/et_pb_column][\/et_pb_row][\/et_pb_section]<\/p>\n","protected":false},"excerpt":{"rendered":"<p>R\u00e9seau Compassion Network a cr\u00e9\u00e9 la programmation Au c\u0153ur du service humain afin d\u2019aider les coll\u00e8gues au sein de nos organisations \u00e0 cultiver et \u00e0 prot\u00e9ger les qualit\u00e9s de pr\u00e9sence, de connexion, d\u2019amour et de compassion\u00a0 dans leur travail au quotidien. Lors de divers\u00a0rassemblements hebdomadaires, mensuels et annuels, nous nous r\u00e9unissons pour prendre soin des&hellip; <a class=\"continue\" href=\"https:\/\/reseaucompassionnetwork.ca\/fr\/coeur\/\">Continue Reading<span> Au c\u0153ur du service humain<\/span><\/a><\/p>\n","protected":false},"author":4,"featured_media":10088,"parent":0,"menu_order":0,"comment_status":"closed","ping_status":"closed","template":"","meta":{"_et_pb_use_builder":"on","_et_pb_old_content":"","_et_gb_content_width":"","_monsterinsights_skip_tracking":false,"_monsterinsights_sitenote_active":false,"_monsterinsights_sitenote_note":"","_monsterinsights_sitenote_category":0,"footnotes":""},"class_list":["post-19980","page","type-page","status-publish","has-post-thumbnail","hentry"],"_links":{"self":[{"href":"https:\/\/reseaucompassionnetwork.ca\/fr\/wp-json\/wp\/v2\/pages\/19980","targetHints":{"allow":["GET"]}}],"collection":[{"href":"https:\/\/reseaucompassionnetwork.ca\/fr\/wp-json\/wp\/v2\/pages"}],"about":[{"href":"https:\/\/reseaucompassionnetwork.ca\/fr\/wp-json\/wp\/v2\/types\/page"}],"author":[{"embeddable":true,"href":"https:\/\/reseaucompassionnetwork.ca\/fr\/wp-json\/wp\/v2\/users\/4"}],"replies":[{"embeddable":true,"href":"https:\/\/reseaucompassionnetwork.ca\/fr\/wp-json\/wp\/v2\/comments?post=19980"}],"version-history":[{"count":30,"href":"https:\/\/reseaucompassionnetwork.ca\/fr\/wp-json\/wp\/v2\/pages\/19980\/revisions"}],"predecessor-version":[{"id":22986,"href":"https:\/\/reseaucompassionnetwork.ca\/fr\/wp-json\/wp\/v2\/pages\/19980\/revisions\/22986"}],"wp:featuredmedia":[{"embeddable":true,"href":"https:\/\/reseaucompassionnetwork.ca\/fr\/wp-json\/wp\/v2\/media\/10088"}],"wp:attachment":[{"href":"https:\/\/reseaucompassionnetwork.ca\/fr\/wp-json\/wp\/v2\/media?parent=19980"}],"curies":[{"name":"wp","href":"https:\/\/api.w.org\/{rel}","templated":true}]}}