

{"id":19723,"date":"2025-07-07T19:38:58","date_gmt":"2025-07-08T00:38:58","guid":{"rendered":"https:\/\/reseaucompassionnetwork.ca\/?page_id=19723"},"modified":"2026-01-26T11:29:55","modified_gmt":"2026-01-26T17:29:55","slug":"we247","status":"publish","type":"page","link":"https:\/\/reseaucompassionnetwork.ca\/fr\/we247\/","title":{"rendered":"Un nouveau r\u00f4le essentiel au West End 24\/7"},"content":{"rendered":"<p>[et_pb_section fb_built=\u00a0\u00bb1&Prime; fullwidth=\u00a0\u00bbon\u00a0\u00bb next_background_color=\u00a0\u00bb#ffffff\u00a0\u00bb _builder_version=\u00a0\u00bb4.16&Prime; background_image=\u00a0\u00bbhttps:\/\/reseaucompassionnetwork.ca\/wp-content\/uploads\/2022\/04\/header-imgs-about-new.jpg\u00a0\u00bb bottom_divider_style=\u00a0\u00bbwave2&Prime; bottom_divider_height=\u00a0\u00bb39px\u00a0\u00bb global_colors_info=\u00a0\u00bb{}\u00a0\u00bb][et_pb_fullwidth_post_title title=\u00a0\u00bboff\u00a0\u00bb meta=\u00a0\u00bboff\u00a0\u00bb featured_placement=\u00a0\u00bbbackground\u00a0\u00bb admin_label=\u00a0\u00bbchange featured image in post details\u00a0\u00bb _builder_version=\u00a0\u00bb4.16&Prime; background_color=\u00a0\u00bbrgba(0,0,0,0)\u00a0\u00bb use_background_color_gradient=\u00a0\u00bbon\u00a0\u00bb background_color_gradient_stops=\u00a0\u00bb#ffffff 0%|rgba(255,255,255,0) 50%\u00a0\u00bb background_color_gradient_overlays_image=\u00a0\u00bbon\u00a0\u00bb background_color_gradient_start=\u00a0\u00bb#ffffff\u00a0\u00bb background_color_gradient_end=\u00a0\u00bbrgba(255,255,255,0)\u00a0\u00bb background_color_gradient_end_position=\u00a0\u00bb50%\u00a0\u00bb global_colors_info=\u00a0\u00bb{}\u00a0\u00bb][\/et_pb_fullwidth_post_title][\/et_pb_section][et_pb_section fb_built=\u00a0\u00bb1&Prime; _builder_version=\u00a0\u00bb4.21.0&Prime; use_background_color_gradient=\u00a0\u00bbon\u00a0\u00bb background_color_gradient_stops=\u00a0\u00bb#ffffff 30%|#f0f6f9 99%\u00a0\u00bb background_enable_image=\u00a0\u00bboff\u00a0\u00bb background_size=\u00a0\u00bbinitial\u00a0\u00bb background_position=\u00a0\u00bbtop_center\u00a0\u00bb custom_padding=\u00a0\u00bb0px||40px||false|false\u00a0\u00bb top_divider_style=\u00a0\u00bbnone\u00a0\u00bb top_divider_color=\u00a0\u00bb#f7f4eb\u00a0\u00bb top_divider_height=\u00a0\u00bb50px\u00a0\u00bb top_divider_flip=\u00a0\u00bbhorizontal\u00a0\u00bb bottom_divider_height=\u00a0\u00bb50px\u00a0\u00bb background_last_edited=\u00a0\u00bbon|desktop\u00a0\u00bb background_enable_image_phone=\u00a0\u00bboff\u00a0\u00bb background_position_phone=\u00a0\u00bbtop_center\u00a0\u00bb global_colors_info=\u00a0\u00bb{}\u00a0\u00bb][et_pb_row column_structure=\u00a0\u00bb2_3,1_3&Prime; admin_label=\u00a0\u00bbPage Title Row\u00a0\u00bb _builder_version=\u00a0\u00bb4.16&Prime; custom_margin=\u00a0\u00bb0px||0px||false|false\u00a0\u00bb custom_padding=\u00a0\u00bb0px||0px||false|false\u00a0\u00bb global_colors_info=\u00a0\u00bb{}\u00a0\u00bb][et_pb_column type=\u00a0\u00bb2_3&Prime; _builder_version=\u00a0\u00bb4.16&Prime; global_colors_info=\u00a0\u00bb{}\u00a0\u00bb][et_pb_post_title meta=\u00a0\u00bboff\u00a0\u00bb featured_image=\u00a0\u00bboff\u00a0\u00bb admin_label=\u00a0\u00bbPage Title\u00a0\u00bb module_class=\u00a0\u00bbpage-title\u00a0\u00bb _builder_version=\u00a0\u00bb4.27.5&Prime; title_text_color=\u00a0\u00bb#006699&Prime; title_line_height=\u00a0\u00bb1.3em\u00a0\u00bb custom_margin=\u00a0\u00bb0px||0px||false|false\u00a0\u00bb custom_padding=\u00a0\u00bb0px||0px||false|false\u00a0\u00bb custom_padding_tablet=\u00a0\u00bb|0px|||false|false\u00a0\u00bb custom_padding_phone=\u00a0\u00bb|0px|||false|false\u00a0\u00bb custom_padding_last_edited=\u00a0\u00bboff|desktop\u00a0\u00bb global_colors_info=\u00a0\u00bb{}\u00a0\u00bb][\/et_pb_post_title][\/et_pb_column][et_pb_column type=\u00a0\u00bb1_3&Prime; _builder_version=\u00a0\u00bb4.16&Prime; global_colors_info=\u00a0\u00bb{}\u00a0\u00bb][\/et_pb_column][\/et_pb_row][et_pb_row column_structure=\u00a0\u00bb2_3,1_3&Prime; _builder_version=\u00a0\u00bb4.16&Prime; custom_padding=\u00a0\u00bb0px||50px||false|false\u00a0\u00bb global_colors_info=\u00a0\u00bb{}\u00a0\u00bb][et_pb_column type=\u00a0\u00bb2_3&Prime; _builder_version=\u00a0\u00bb4.16&Prime; global_colors_info=\u00a0\u00bb{}\u00a0\u00bb][et_pb_text _builder_version=\u00a0\u00bb4.27.5&Prime; quote_font=\u00a0\u00bb||||||||\u00a0\u00bb quote_font_size=\u00a0\u00bb25px\u00a0\u00bb custom_margin=\u00a0\u00bb0px||15px||false|false\u00a0\u00bb custom_padding=\u00a0\u00bb0px||0px||false|false\u00a0\u00bb hover_enabled=\u00a0\u00bb0&Prime; global_colors_info=\u00a0\u00bb{}\u00a0\u00bb sticky_enabled=\u00a0\u00bb0&Prime;]<\/p>\n<h3>Un projet pilote important<\/h3>\n<p>Alors qu\u2019il participait \u00e0 un groupe de travail provincial visant \u00e0 mettre fin \u00e0 l\u2019itin\u00e9rance chez les jeunes, R\u00e9seau Compassion Network (RCN) s\u2019est vu offrir la possibilit\u00e9 de soutenir un projet pilote de trois ans visant \u00e0 mettre en place une ressource centralis\u00e9e pour soutenir le personnel et les op\u00e9rations de quatre refuges de nuit pour jeunes \u00e0 Winnipeg.<\/p>\n<p>Ces nouveaux espaces s\u00e9curitaires font partie d\u2019un syst\u00e8me de soutien \u00e0 trois niveaux consid\u00e9r\u00e9s comme essentiel pour r\u00e9pondre aux besoins de ces jeunes, \u00e0 commencer par ce syst\u00e8me de refuges de nuit, suivi de logements de transition avec un soutien complet, puis d\u2019un troisi\u00e8me niveau de soutien \u00e0 l\u2019emploi et \u00e0 l\u2019\u00e9ducation.<\/p>\n<p>Au cours de ce projet pilote, RCN versera un total de 225 000 dollars en finan\u00e7ant ce nouveau r\u00f4le jug\u00e9 essentiel pour garantir le succ\u00e8s de ces espaces s\u00fbrs et ainsi mieux aider les jeunes qui en ont besoin.<\/p>\n<ul><\/ul>\n<p>[\/et_pb_text][et_pb_code _builder_version=\u00a0\u00bb4.27.5&Prime; _module_preset=\u00a0\u00bbdefault\u00a0\u00bb global_colors_info=\u00a0\u00bb{}\u00a0\u00bb]<\/p>\n<div class=\"three-image-row\"><!-- [et_pb_line_break_holder] -->  <\/p>\n<div class=\"img-wrap\"><!-- [et_pb_line_break_holder] -->    <img decoding=\"async\" src=\"https:\/\/reseaucompassionnetwork.ca\/wp-content\/uploads\/2026\/02\/WE2472.jpg\" alt=\"\"><!-- [et_pb_line_break_holder] -->  <\/div>\n<p><!-- [et_pb_line_break_holder] -->  <\/p>\n<div class=\"img-wrap\"><!-- [et_pb_line_break_holder] -->    <img decoding=\"async\" src=\"https:\/\/reseaucompassionnetwork.ca\/wp-content\/uploads\/2026\/02\/WE2473-1.jpg\" alt=\"\"><!-- [et_pb_line_break_holder] -->  <\/div>\n<p><!-- [et_pb_line_break_holder] -->  <\/p>\n<div class=\"img-wrap\"><!-- [et_pb_line_break_holder] -->    <img decoding=\"async\" src=\"https:\/\/reseaucompassionnetwork.ca\/wp-content\/uploads\/2026\/02\/WE2471.jpg\" alt=\"\"><!-- [et_pb_line_break_holder] -->  <\/div>\n<p><!-- [et_pb_line_break_holder] --><\/div>\n<p><!-- [et_pb_line_break_holder] --><!-- [et_pb_line_break_holder] --><\/p>\n<style><!-- [et_pb_line_break_holder] -->  .three-image-row {<!-- [et_pb_line_break_holder] -->    display: flex;<!-- [et_pb_line_break_holder] -->    gap: 1rem;<!-- [et_pb_line_break_holder] -->    align-items: stretch;<!-- [et_pb_line_break_holder] -->  }<!-- [et_pb_line_break_holder] --><!-- [et_pb_line_break_holder] -->  .img-wrap {<!-- [et_pb_line_break_holder] -->    flex: 1;<!-- [et_pb_line_break_holder] -->    max-height: 250px; \/* tweak if needed *\/<!-- [et_pb_line_break_holder] -->    overflow: hidden;<!-- [et_pb_line_break_holder] -->  }<!-- [et_pb_line_break_holder] --><!-- [et_pb_line_break_holder] -->  .img-wrap img {<!-- [et_pb_line_break_holder] -->    width: 100%;<!-- [et_pb_line_break_holder] -->    height: 100%;<!-- [et_pb_line_break_holder] -->    object-fit: contain;<!-- [et_pb_line_break_holder] -->    display: block;<!-- [et_pb_line_break_holder] -->  }<!-- [et_pb_line_break_holder] --><\/style>\n<p><!-- [et_pb_line_break_holder] -->[\/et_pb_code][et_pb_text _builder_version=\u00a0\u00bb4.27.5&Prime; _module_preset=\u00a0\u00bbdefault\u00a0\u00bb global_colors_info=\u00a0\u00bb{}\u00a0\u00bb]<\/p>\n<p style=\"text-align: center;\">Le personnel de WE24 travaille 7 jours sur 7 pour venir en aide aux jeunes dans le besoin<br \/><em>(photos gracieusement fournies par WE24)<\/em><\/p>\n<p>[\/et_pb_text][et_pb_text _builder_version=\u00a0\u00bb4.27.5&Prime; _module_preset=\u00a0\u00bbdefault\u00a0\u00bb hover_enabled=\u00a0\u00bb0&Prime; global_colors_info=\u00a0\u00bb{}\u00a0\u00bb sticky_enabled=\u00a0\u00bb0&Prime;]<\/p>\n<h3>Appui aux services d\u2019aide \u00e0 la jeunesse de Winnipeg<\/h3>\n<p>Summer Price est la nouvelle coordonnatrice du d\u00e9veloppement durable des espaces s\u00e9curitaires pour les jeunes au\u00a0<em>West End 24\/7 Safe Space<\/em>\u00a0(WE24). Elle souligne que c\u2019est un long titre pour dire qu\u2019elle est l\u00e0 pour les jeunes, quelle que soit leur situation. Au WE24, les adolescent.e.s et les jeunes adultes \u00e2g\u00e9s de 13 \u00e0 26 ans sont les bienvenus pour venir manger, se faire des amis et passer du temps dans un endroit calme sur la rue Langside. Mme Prince et une \u00e9quipe de collaborateur.trice.s d\u00e9vou\u00e9.e.s travaillent sans rel\u00e2che pour s\u2019assurer que les jeunes du quartier ont quelqu\u2019un vers qui se tourner lorsqu\u2019ils en ont besoin.<\/p>\n<p>L\u2019organisation travaille avec des jeunes de tous horizons. Certains vivent avec leurs parents ou leur famille, mais ont besoin d\u2019un soutien suppl\u00e9mentaire. D\u2019autres sont pris en charge par les services sociaux et ont peut-\u00eatre quitt\u00e9 leur foyer d\u2019accueil ou se sentent perdus et seuls. \u00ab Nous accueillons tout le monde avec une approche tenant compte des traumatismes subis et sans jugement \u00bb, explique Mme Prince. \u00a0\u00ab\u00a0Nous ne proc\u00e9dons pas \u00e0 une admission traditionnelle, avec des formulaires et des questions. Nous ne voulons pas \u00eatre simplement \u00ab un autre travailleur \u00bb, nous voulons \u00e9tablir des relations avec eux. \u00bb<\/p>\n<p>Actuellement, Winnipeg compte quelques organisations qui offrent refuges et des services de nuit aux ados et jeunes adultes :\u00a0<em>Rossbrook House<\/em>,\u00a0<em>Tina\u2019s Safe Haven<\/em>,\u00a0<em>Velma\u2019s House<\/em>,\u00a0<em>The Link<\/em>\u00a0et WE24. Ce qui leur manquait, c\u2019\u00e9tait un moyen de se connecter entre les sites et de travailler ensemble plus facilement pour le bien de leurs communaut\u00e9s. C\u2019est l\u00e0 que le r\u00f4le de Mme Prince entre en jeu.<\/p>\n<p>\u00a0\u00ab Nous avons \u00e9t\u00e9 invit\u00e9s aux r\u00e9unions du Bureau de l\u2019innovation sociale du Manitoba, o\u00f9 nous nous sommes concentr\u00e9s sur la mani\u00e8re de mieux soutenir les adolescent.e.s et les jeunes adultes qui rencontrent plus d\u2019obstacles que la plupart des autres \u00bb, explique Daniel Lussier, directeur g\u00e9n\u00e9ral du RCN.\u00a0 \u00ab\u00a0Il existe une corr\u00e9lation directe entre les jeunes qui sortent du syst\u00e8me de protection de l\u2019enfance et ceux qui se retrouvent sans domicile, dans nos rues. Lorsque nous avons appris que des organismes comme WE24 avaient besoin de financement pour \u00eatre plus efficaces et travailler en partenariat plus \u00e9troitement avec d\u2019autres organisations offrant des services similaires, nous avons \u00e9t\u00e9 tr\u00e8s int\u00e9ress\u00e9s de savoir comment nous pouvions aider. \u00bb<\/p>\n<p>\u00a0\u00ab Les besoins des jeunes ne cessent de cro\u00eetre, et il y a beaucoup de travail formidable qui se fait dans la communaut\u00e9\u00a0\u00bb, explique Mme Prince. \u00ab\u00a0Nous travaillons souvent avec les m\u00eames individus, nous sommes confront\u00e9s aux m\u00eames d\u00e9fis et nous pouvons nous entraider ; si un refuge est plein, ou si nous avons besoin d\u2019une recommandation pour des services de logement, par exemple, nous pouvons compter les uns sur les autres. Nous ne voulons pas que quelqu\u2019un passe entre les mailles du filet, c\u2019est pourquoi nous devons travailler en \u00e9troite collaboration. \u00bb Daniel Lussier confirme que c\u2019est ce qui a incit\u00e9 le Bureau de l\u2019innovation sociale du Manitoba \u00e0 envisager ce nouveau r\u00f4le comme une solution potentielle. \u00ab Au cours des derni\u00e8res ann\u00e9es, le nombre de jeunes qui cherchent un refuge pour la nuit a consid\u00e9rablement augment\u00e9 \u00bb, explique-t-il. \u00ab Nous avons entendu dire que ce ne sont pas seulement les jeunes qui ont besoin de plus de soutien, mais aussi les \u00e9quipes qui travaillent avec eux, qui ont besoin d\u2019une meilleure aide pour g\u00e9rer les situations de crise et se soutenir mutuellement en tant que coll\u00e8gues. \u00bb<\/p>\n<p>Les grands refuges centraux situ\u00e9s dans le centre-ville intimident les jeunes et ne disposent pas toujours des services sp\u00e9cifiques n\u00e9cessaires aux jeunes sans-abris. Le projet pilote de trois ans permettra de continuer \u00e0 r\u00e9pondre de mani\u00e8re plus appropri\u00e9e aux besoins particuliers de ces personnes.<\/p>\n<p>[\/et_pb_text][\/et_pb_column][et_pb_column type=\u00a0\u00bb1_3&Prime; _builder_version=\u00a0\u00bb4.16&Prime; global_colors_info=\u00a0\u00bb{}\u00a0\u00bb][et_pb_image src=\u00a0\u00bbhttps:\/\/reseaucompassionnetwork.ca\/wp-content\/uploads\/2026\/01\/we24-150&#215;150.png\u00a0\u00bb alt=\u00a0\u00bbMcLaren Hotel Render\u00a0\u00bb title_text=\u00a0\u00bbwe24&Prime; _builder_version=\u00a0\u00bb4.27.5&Prime; _module_preset=\u00a0\u00bbdefault\u00a0\u00bb custom_margin=\u00a0\u00bb18px||||false|false\u00a0\u00bb locked=\u00a0\u00bboff\u00a0\u00bb global_colors_info=\u00a0\u00bb{}\u00a0\u00bb][\/et_pb_image][et_pb_button button_url=\u00a0\u00bbhttps:\/\/spenceneighbourhood.org\/we24\/\u00a0\u00bb url_new_window=\u00a0\u00bbon\u00a0\u00bb button_text=\u00a0\u00bbSite Web de WE24\/7&Prime; _builder_version=\u00a0\u00bb4.27.5&Prime; _module_preset=\u00a0\u00bbdefault\u00a0\u00bb global_colors_info=\u00a0\u00bb{}\u00a0\u00bb][\/et_pb_button][\/et_pb_column][\/et_pb_row][\/et_pb_section]<\/p>\n","protected":false},"excerpt":{"rendered":"<p>Un projet pilote important Alors qu\u2019il participait \u00e0 un groupe de travail provincial visant \u00e0 mettre fin \u00e0 l\u2019itin\u00e9rance chez les jeunes, R\u00e9seau Compassion Network (RCN) s\u2019est vu offrir la possibilit\u00e9 de soutenir un projet pilote de trois ans visant \u00e0 mettre en place une ressource centralis\u00e9e pour soutenir le personnel et les op\u00e9rations de&hellip; <a class=\"continue\" href=\"https:\/\/reseaucompassionnetwork.ca\/fr\/we247\/\">Continue Reading<span> Un nouveau r\u00f4le essentiel au West End 24\/7<\/span><\/a><\/p>\n","protected":false},"author":4,"featured_media":10085,"parent":0,"menu_order":0,"comment_status":"closed","ping_status":"closed","template":"","meta":{"_et_pb_use_builder":"on","_et_pb_old_content":"","_et_gb_content_width":"","_monsterinsights_skip_tracking":false,"_monsterinsights_sitenote_active":false,"_monsterinsights_sitenote_note":"","_monsterinsights_sitenote_category":0,"footnotes":""},"class_list":["post-19723","page","type-page","status-publish","has-post-thumbnail","hentry"],"_links":{"self":[{"href":"https:\/\/reseaucompassionnetwork.ca\/fr\/wp-json\/wp\/v2\/pages\/19723","targetHints":{"allow":["GET"]}}],"collection":[{"href":"https:\/\/reseaucompassionnetwork.ca\/fr\/wp-json\/wp\/v2\/pages"}],"about":[{"href":"https:\/\/reseaucompassionnetwork.ca\/fr\/wp-json\/wp\/v2\/types\/page"}],"author":[{"embeddable":true,"href":"https:\/\/reseaucompassionnetwork.ca\/fr\/wp-json\/wp\/v2\/users\/4"}],"replies":[{"embeddable":true,"href":"https:\/\/reseaucompassionnetwork.ca\/fr\/wp-json\/wp\/v2\/comments?post=19723"}],"version-history":[{"count":12,"href":"https:\/\/reseaucompassionnetwork.ca\/fr\/wp-json\/wp\/v2\/pages\/19723\/revisions"}],"predecessor-version":[{"id":22160,"href":"https:\/\/reseaucompassionnetwork.ca\/fr\/wp-json\/wp\/v2\/pages\/19723\/revisions\/22160"}],"wp:featuredmedia":[{"embeddable":true,"href":"https:\/\/reseaucompassionnetwork.ca\/fr\/wp-json\/wp\/v2\/media\/10085"}],"wp:attachment":[{"href":"https:\/\/reseaucompassionnetwork.ca\/fr\/wp-json\/wp\/v2\/media?parent=19723"}],"curies":[{"name":"wp","href":"https:\/\/api.w.org\/{rel}","templated":true}]}}