

{"id":19696,"date":"2025-07-07T18:20:07","date_gmt":"2025-07-07T23:20:07","guid":{"rendered":"https:\/\/reseaucompassionnetwork.ca\/?page_id=19696"},"modified":"2025-07-30T10:44:34","modified_gmt":"2025-07-30T15:44:34","slug":"vitalite-partenaires","status":"publish","type":"page","link":"https:\/\/reseaucompassionnetwork.ca\/fr\/vitalite-partenaires\/","title":{"rendered":"Les partenaires de Vitalit\u00e9 sant\u00e9!"},"content":{"rendered":"<p>[et_pb_section fb_built=\u00a0\u00bb1&Prime; fullwidth=\u00a0\u00bbon\u00a0\u00bb next_background_color=\u00a0\u00bb#ffffff\u00a0\u00bb _builder_version=\u00a0\u00bb4.16&Prime; background_image=\u00a0\u00bbhttps:\/\/reseaucompassionnetwork.ca\/wp-content\/uploads\/2022\/04\/header-imgs-about-new.jpg\u00a0\u00bb bottom_divider_style=\u00a0\u00bbwave2&Prime; bottom_divider_height=\u00a0\u00bb39px\u00a0\u00bb global_colors_info=\u00a0\u00bb{}\u00a0\u00bb][et_pb_fullwidth_post_title title=\u00a0\u00bboff\u00a0\u00bb meta=\u00a0\u00bboff\u00a0\u00bb featured_placement=\u00a0\u00bbbackground\u00a0\u00bb admin_label=\u00a0\u00bbchange featured image in post details\u00a0\u00bb _builder_version=\u00a0\u00bb4.16&Prime; background_color=\u00a0\u00bbrgba(0,0,0,0)\u00a0\u00bb use_background_color_gradient=\u00a0\u00bbon\u00a0\u00bb background_color_gradient_stops=\u00a0\u00bb#ffffff 0%|rgba(255,255,255,0) 50%\u00a0\u00bb background_color_gradient_overlays_image=\u00a0\u00bbon\u00a0\u00bb background_color_gradient_start=\u00a0\u00bb#ffffff\u00a0\u00bb background_color_gradient_end=\u00a0\u00bbrgba(255,255,255,0)\u00a0\u00bb background_color_gradient_end_position=\u00a0\u00bb50%\u00a0\u00bb global_colors_info=\u00a0\u00bb{}\u00a0\u00bb][\/et_pb_fullwidth_post_title][\/et_pb_section][et_pb_section fb_built=\u00a0\u00bb1&Prime; _builder_version=\u00a0\u00bb4.21.0&Prime; use_background_color_gradient=\u00a0\u00bbon\u00a0\u00bb background_color_gradient_stops=\u00a0\u00bb#ffffff 30%|#f0f6f9 99%\u00a0\u00bb background_enable_image=\u00a0\u00bboff\u00a0\u00bb background_size=\u00a0\u00bbinitial\u00a0\u00bb background_position=\u00a0\u00bbtop_center\u00a0\u00bb custom_padding=\u00a0\u00bb0px||40px||false|false\u00a0\u00bb top_divider_style=\u00a0\u00bbnone\u00a0\u00bb top_divider_color=\u00a0\u00bb#f7f4eb\u00a0\u00bb top_divider_height=\u00a0\u00bb50px\u00a0\u00bb top_divider_flip=\u00a0\u00bbhorizontal\u00a0\u00bb bottom_divider_height=\u00a0\u00bb50px\u00a0\u00bb background_last_edited=\u00a0\u00bbon|desktop\u00a0\u00bb background_enable_image_phone=\u00a0\u00bboff\u00a0\u00bb background_position_phone=\u00a0\u00bbtop_center\u00a0\u00bb global_colors_info=\u00a0\u00bb{}\u00a0\u00bb][et_pb_row column_structure=\u00a0\u00bb2_3,1_3&Prime; admin_label=\u00a0\u00bbPage Title Row\u00a0\u00bb _builder_version=\u00a0\u00bb4.16&Prime; custom_margin=\u00a0\u00bb0px||0px||false|false\u00a0\u00bb custom_padding=\u00a0\u00bb0px||0px||false|false\u00a0\u00bb global_colors_info=\u00a0\u00bb{}\u00a0\u00bb][et_pb_column type=\u00a0\u00bb2_3&Prime; _builder_version=\u00a0\u00bb4.16&Prime; global_colors_info=\u00a0\u00bb{}\u00a0\u00bb][et_pb_post_title meta=\u00a0\u00bboff\u00a0\u00bb featured_image=\u00a0\u00bboff\u00a0\u00bb admin_label=\u00a0\u00bbPage Title\u00a0\u00bb module_class=\u00a0\u00bbpage-title\u00a0\u00bb _builder_version=\u00a0\u00bb4.21.0&Prime; title_text_color=\u00a0\u00bb#006699&Prime; title_line_height=\u00a0\u00bb1.3em\u00a0\u00bb custom_margin=\u00a0\u00bb0px||0px||false|false\u00a0\u00bb custom_padding=\u00a0\u00bb0px||0px||false|false\u00a0\u00bb custom_padding_tablet=\u00a0\u00bb|0px|||false|false\u00a0\u00bb custom_padding_phone=\u00a0\u00bb|0px|||false|false\u00a0\u00bb custom_padding_last_edited=\u00a0\u00bboff|desktop\u00a0\u00bb global_colors_info=\u00a0\u00bb{}\u00a0\u00bb][\/et_pb_post_title][\/et_pb_column][et_pb_column type=\u00a0\u00bb1_3&Prime; _builder_version=\u00a0\u00bb4.16&Prime; global_colors_info=\u00a0\u00bb{}\u00a0\u00bb][\/et_pb_column][\/et_pb_row][et_pb_row column_structure=\u00a0\u00bb2_3,1_3&Prime; _builder_version=\u00a0\u00bb4.16&Prime; custom_padding=\u00a0\u00bb0px||50px||false|false\u00a0\u00bb global_colors_info=\u00a0\u00bb{}\u00a0\u00bb][et_pb_column type=\u00a0\u00bb2_3&Prime; _builder_version=\u00a0\u00bb4.16&Prime; global_colors_info=\u00a0\u00bb{}\u00a0\u00bb][et_pb_text _builder_version=\u00a0\u00bb4.27.4&Prime; quote_font=\u00a0\u00bb||||||||\u00a0\u00bb quote_font_size=\u00a0\u00bb25px\u00a0\u00bb custom_margin=\u00a0\u00bb0px||15px||false|false\u00a0\u00bb custom_padding=\u00a0\u00bb0px||0px||false|false\u00a0\u00bb global_colors_info=\u00a0\u00bb{}\u00a0\u00bb]<\/p>\n<p>Le projet Vitalit\u00e9 sant\u00e9! b\u00e9n\u00e9ficie du soutien pr\u00e9cieux de la Soci\u00e9t\u00e9 Sant\u00e9 en fran\u00e7ais, financ\u00e9e par Sant\u00e9 Canada, ainsi que de l\u2019engagement g\u00e9n\u00e9reux de notre communaut\u00e9 de nombreux partenaires.\u00a0<\/p>\n<p>Apr\u00e8s plus d&rsquo;un an consacr\u00e9 \u00e0 la t\u00e2che, la valeur du temps mis \u00e0 contribution par les partenaires \u00e9quivaut aux dollars vers\u00e9s par la Soci\u00e9t\u00e9 Sant\u00e9 en fran\u00e7ais, ce qui t\u00e9moigne d&rsquo;une excellente valeur et d&rsquo;une collaboration communautaire sans pr\u00e9c\u00e9dent ! Merci \u00e0 toutes et tous pour vos contributions, votre \u00e9nergie et votre vision partag\u00e9e.<\/p>\n<ul><\/ul>\n<p>[\/et_pb_text][et_pb_text _builder_version=\u00a0\u00bb4.27.4&Prime; _module_preset=\u00a0\u00bbdefault\u00a0\u00bb global_colors_info=\u00a0\u00bb{}\u00a0\u00bb]<\/p>\n<h2>Notre groupe de travail comprend :<\/h2>\n<ul>\n<ul>\n<li class=\"p1\"><a href=\"https:\/\/ustboniface.ca\/accueil\" target=\"_blank\" rel=\"noopener\">Universit\u00e9 de Saint-Boniface<\/a><\/li>\n<li class=\"p1\"><a href=\"https:\/\/www.dsfm.mb.ca\/\" target=\"_blank\" rel=\"noopener\">Division scolaire franco-manitobaine<\/a><\/li>\n<li class=\"p1\"><a href=\"https:\/\/soinscommunsmb.ca\/\" target=\"_blank\" rel=\"noopener\">Soins Communs<\/a><\/li>\n<li class=\"p1\"><a href=\"https:\/\/wrha.mb.ca\/fr\/\" target=\"_blank\" rel=\"noopener\">Office r\u00e9gional de la sant\u00e9 de Winnipeg<\/a><\/li>\n<li class=\"p1\"><a href=\"https:\/\/southernhealth.ca\/fr\/\" target=\"_blank\" rel=\"noopener\">Southern Health \/ Sant\u00e9 Sud<\/a><\/li>\n<li class=\"p1\"><a href=\"https:\/\/www.gov.mb.ca\/fs\/index.fr.html\" target=\"_blank\" rel=\"noopener\">Minist\u00e8re des familles<\/a><\/li>\n<li class=\"p1\"><a href=\"https:\/\/www.gov.mb.ca\/fls-slf\/intro.fr.html\" target=\"_blank\" rel=\"noopener\">Secr\u00e9tariat aux affaires francophones<\/a><\/li>\n<li class=\"p1\"><a href=\"https:\/\/www.actionmarguerite.ca\/fr\/accueil\/\" target=\"_blank\" rel=\"noopener\">Actionmarguerite<\/a><\/li>\n<li class=\"p1\"><a href=\"https:\/\/stbonifacehospital.ca\/fr\/\" target=\"_blank\" rel=\"noopener\">H\u00f4pital St-Boniface<\/a><\/li>\n<li class=\"p1\"><a href=\"https:\/\/centredesante.mb.ca\/\" target=\"_blank\" rel=\"noopener\">Centre de sant\u00e9 Saint-Boniface<\/a><\/li>\n<li class=\"p1\"><a href=\"https:\/\/santeenfrancais.com\/\" target=\"_blank\" rel=\"noopener\">Sant\u00e9 en fran\u00e7ais<\/a><\/li>\n<li class=\"p1\"><a href=\"https:\/\/accueilfrancophonemb.com\/\" target=\"_blank\" rel=\"noopener\">Accueil francophone<\/a><\/li>\n<li class=\"p1\"><a href=\"https:\/\/www.cdem.com\/\" target=\"_blank\" rel=\"noopener\">Conseil de d\u00e9veloppement \u00e9conomique des municipalit\u00e9s bilingues du Manitoba<b><span lang=\"FR-CA\">\u00a0<\/span><\/b><span lang=\"FR-CA\">(CDEM)<\/span><\/a><\/li>\n<\/ul>\n<\/ul>\n<p>[\/et_pb_text][\/et_pb_column][et_pb_column type=\u00a0\u00bb1_3&Prime; _builder_version=\u00a0\u00bb4.16&Prime; global_colors_info=\u00a0\u00bb{}\u00a0\u00bb][et_pb_image src=\u00a0\u00bbhttps:\/\/reseaucompassionnetwork.ca\/wp-content\/uploads\/2025\/01\/Vitalite\u2560u-sante\u2560u-Logo-Stacked-Colour-1.png\u00a0\u00bb alt=\u00a0\u00bbMcLaren Hotel Render\u00a0\u00bb title_text=\u00a0\u00bbVitalite\u2560u\u0308-sante\u2560u\u0308-Logo-Stacked-Colour\u00a0\u00bb _builder_version=\u00a0\u00bb4.27.4&Prime; _module_preset=\u00a0\u00bbdefault\u00a0\u00bb custom_margin=\u00a0\u00bb18px||||false|false\u00a0\u00bb locked=\u00a0\u00bboff\u00a0\u00bb global_colors_info=\u00a0\u00bb{}\u00a0\u00bb][\/et_pb_image][et_pb_button button_url=\u00a0\u00bbhttps:\/\/reseaucompassionnetwork.ca\/wp-content\/uploads\/2025\/10\/49727-RCN-Vitalite-Sante-Infographic-Sheet_fr-FIN.pdf\u00a0\u00bb url_new_window=\u00a0\u00bbon\u00a0\u00bb button_text=\u00a0\u00bbFiche d&rsquo;information\u00a0\u00bb _builder_version=\u00a0\u00bb4.27.4&Prime; _module_preset=\u00a0\u00bbdefault\u00a0\u00bb global_colors_info=\u00a0\u00bb{}\u00a0\u00bb][\/et_pb_button][et_pb_button button_url=\u00a0\u00bbhttps:\/\/reseaucompassionnetwork.ca\/fr\/vitalite-mises-a-jour\/\u00a0\u00bb button_text=\u00a0\u00bbMises \u00e0 jour\u00a0\u00bb _builder_version=\u00a0\u00bb4.27.4&Prime; _module_preset=\u00a0\u00bbdefault\u00a0\u00bb global_colors_info=\u00a0\u00bb{}\u00a0\u00bb][\/et_pb_button][et_pb_button button_url=\u00a0\u00bbhttps:\/\/reseaucompassionnetwork.ca\/fr\/vitalite-media\/\u00a0\u00bb button_text=\u00a0\u00bbM\u00e9dia\u00a0\u00bb _builder_version=\u00a0\u00bb4.27.4&Prime; _module_preset=\u00a0\u00bbdefault\u00a0\u00bb hover_enabled=\u00a0\u00bb0&Prime; global_colors_info=\u00a0\u00bb{}\u00a0\u00bb sticky_enabled=\u00a0\u00bb0&Prime;][\/et_pb_button][\/et_pb_column][\/et_pb_row][\/et_pb_section]<\/p>\n","protected":false},"excerpt":{"rendered":"<p>Le projet Vitalit\u00e9 sant\u00e9! b\u00e9n\u00e9ficie du soutien pr\u00e9cieux de la Soci\u00e9t\u00e9 Sant\u00e9 en fran\u00e7ais, financ\u00e9e par Sant\u00e9 Canada, ainsi que de l\u2019engagement g\u00e9n\u00e9reux de notre communaut\u00e9 de nombreux partenaires.\u00a0 Apr\u00e8s plus d&rsquo;un an consacr\u00e9 \u00e0 la t\u00e2che, la valeur du temps mis \u00e0 contribution par les partenaires \u00e9quivaut aux dollars vers\u00e9s par la Soci\u00e9t\u00e9 Sant\u00e9&hellip; <a class=\"continue\" href=\"https:\/\/reseaucompassionnetwork.ca\/fr\/vitalite-partenaires\/\">Continue Reading<span> Les partenaires de Vitalit\u00e9 sant\u00e9!<\/span><\/a><\/p>\n","protected":false},"author":4,"featured_media":10085,"parent":0,"menu_order":0,"comment_status":"closed","ping_status":"closed","template":"","meta":{"_et_pb_use_builder":"on","_et_pb_old_content":"","_et_gb_content_width":"","_monsterinsights_skip_tracking":false,"_monsterinsights_sitenote_active":false,"_monsterinsights_sitenote_note":"","_monsterinsights_sitenote_category":0,"footnotes":""},"class_list":["post-19696","page","type-page","status-publish","has-post-thumbnail","hentry"],"_links":{"self":[{"href":"https:\/\/reseaucompassionnetwork.ca\/fr\/wp-json\/wp\/v2\/pages\/19696","targetHints":{"allow":["GET"]}}],"collection":[{"href":"https:\/\/reseaucompassionnetwork.ca\/fr\/wp-json\/wp\/v2\/pages"}],"about":[{"href":"https:\/\/reseaucompassionnetwork.ca\/fr\/wp-json\/wp\/v2\/types\/page"}],"author":[{"embeddable":true,"href":"https:\/\/reseaucompassionnetwork.ca\/fr\/wp-json\/wp\/v2\/users\/4"}],"replies":[{"embeddable":true,"href":"https:\/\/reseaucompassionnetwork.ca\/fr\/wp-json\/wp\/v2\/comments?post=19696"}],"version-history":[{"count":14,"href":"https:\/\/reseaucompassionnetwork.ca\/fr\/wp-json\/wp\/v2\/pages\/19696\/revisions"}],"predecessor-version":[{"id":19914,"href":"https:\/\/reseaucompassionnetwork.ca\/fr\/wp-json\/wp\/v2\/pages\/19696\/revisions\/19914"}],"wp:featuredmedia":[{"embeddable":true,"href":"https:\/\/reseaucompassionnetwork.ca\/fr\/wp-json\/wp\/v2\/media\/10085"}],"wp:attachment":[{"href":"https:\/\/reseaucompassionnetwork.ca\/fr\/wp-json\/wp\/v2\/media?parent=19696"}],"curies":[{"name":"wp","href":"https:\/\/api.w.org\/{rel}","templated":true}]}}