

{"id":19644,"date":"2025-07-03T12:10:10","date_gmt":"2025-07-03T17:10:10","guid":{"rendered":"https:\/\/reseaucompassionnetwork.ca\/?page_id=19644"},"modified":"2025-07-18T10:34:08","modified_gmt":"2025-07-18T15:34:08","slug":"programme-scolaire","status":"publish","type":"page","link":"https:\/\/reseaucompassionnetwork.ca\/fr\/programme-scolaire\/","title":{"rendered":"Programme scolaire de d\u00e9jeuners"},"content":{"rendered":"<p>[et_pb_section fb_built=\u00a0\u00bb1&Prime; fullwidth=\u00a0\u00bbon\u00a0\u00bb next_background_color=\u00a0\u00bb#ffffff\u00a0\u00bb _builder_version=\u00a0\u00bb4.16&Prime; background_image=\u00a0\u00bbhttps:\/\/reseaucompassionnetwork.ca\/wp-content\/uploads\/2022\/04\/header-imgs-about-new.jpg\u00a0\u00bb bottom_divider_style=\u00a0\u00bbwave2&Prime; bottom_divider_height=\u00a0\u00bb39px\u00a0\u00bb global_colors_info=\u00a0\u00bb{}\u00a0\u00bb][et_pb_fullwidth_post_title title=\u00a0\u00bboff\u00a0\u00bb meta=\u00a0\u00bboff\u00a0\u00bb featured_placement=\u00a0\u00bbbackground\u00a0\u00bb admin_label=\u00a0\u00bbchange featured image in post details\u00a0\u00bb _builder_version=\u00a0\u00bb4.16&Prime; background_color=\u00a0\u00bbrgba(0,0,0,0)\u00a0\u00bb use_background_color_gradient=\u00a0\u00bbon\u00a0\u00bb background_color_gradient_stops=\u00a0\u00bb#ffffff 0%|rgba(255,255,255,0) 50%\u00a0\u00bb background_color_gradient_overlays_image=\u00a0\u00bbon\u00a0\u00bb background_color_gradient_start=\u00a0\u00bb#ffffff\u00a0\u00bb background_color_gradient_end=\u00a0\u00bbrgba(255,255,255,0)\u00a0\u00bb background_color_gradient_end_position=\u00a0\u00bb50%\u00a0\u00bb global_colors_info=\u00a0\u00bb{}\u00a0\u00bb][\/et_pb_fullwidth_post_title][\/et_pb_section][et_pb_section fb_built=\u00a0\u00bb1&Prime; _builder_version=\u00a0\u00bb4.21.0&Prime; use_background_color_gradient=\u00a0\u00bbon\u00a0\u00bb background_color_gradient_stops=\u00a0\u00bb#ffffff 30%|#f0f6f9 99%\u00a0\u00bb background_enable_image=\u00a0\u00bboff\u00a0\u00bb background_size=\u00a0\u00bbinitial\u00a0\u00bb background_position=\u00a0\u00bbtop_center\u00a0\u00bb custom_padding=\u00a0\u00bb0px||40px||false|false\u00a0\u00bb top_divider_style=\u00a0\u00bbnone\u00a0\u00bb top_divider_color=\u00a0\u00bb#f7f4eb\u00a0\u00bb top_divider_height=\u00a0\u00bb50px\u00a0\u00bb top_divider_flip=\u00a0\u00bbhorizontal\u00a0\u00bb bottom_divider_height=\u00a0\u00bb50px\u00a0\u00bb background_last_edited=\u00a0\u00bbon|desktop\u00a0\u00bb background_enable_image_phone=\u00a0\u00bboff\u00a0\u00bb background_position_phone=\u00a0\u00bbtop_center\u00a0\u00bb global_colors_info=\u00a0\u00bb{}\u00a0\u00bb][et_pb_row column_structure=\u00a0\u00bb2_3,1_3&Prime; admin_label=\u00a0\u00bbPage Title Row\u00a0\u00bb _builder_version=\u00a0\u00bb4.16&Prime; custom_margin=\u00a0\u00bb0px||0px||false|false\u00a0\u00bb custom_padding=\u00a0\u00bb0px||0px||false|false\u00a0\u00bb global_colors_info=\u00a0\u00bb{}\u00a0\u00bb][et_pb_column type=\u00a0\u00bb2_3&Prime; _builder_version=\u00a0\u00bb4.16&Prime; global_colors_info=\u00a0\u00bb{}\u00a0\u00bb][et_pb_post_title meta=\u00a0\u00bboff\u00a0\u00bb featured_image=\u00a0\u00bboff\u00a0\u00bb admin_label=\u00a0\u00bbPage Title\u00a0\u00bb module_class=\u00a0\u00bbpage-title\u00a0\u00bb _builder_version=\u00a0\u00bb4.21.0&Prime; title_text_color=\u00a0\u00bb#006699&Prime; title_line_height=\u00a0\u00bb1.3em\u00a0\u00bb custom_margin=\u00a0\u00bb0px||0px||false|false\u00a0\u00bb custom_padding=\u00a0\u00bb0px||0px||false|false\u00a0\u00bb custom_padding_tablet=\u00a0\u00bb|0px|||false|false\u00a0\u00bb custom_padding_phone=\u00a0\u00bb|0px|||false|false\u00a0\u00bb custom_padding_last_edited=\u00a0\u00bboff|desktop\u00a0\u00bb global_colors_info=\u00a0\u00bb{}\u00a0\u00bb][\/et_pb_post_title][\/et_pb_column][et_pb_column type=\u00a0\u00bb1_3&Prime; _builder_version=\u00a0\u00bb4.16&Prime; global_colors_info=\u00a0\u00bb{}\u00a0\u00bb][\/et_pb_column][\/et_pb_row][et_pb_row column_structure=\u00a0\u00bb2_3,1_3&Prime; _builder_version=\u00a0\u00bb4.16&Prime; custom_padding=\u00a0\u00bb0px||50px||false|false\u00a0\u00bb global_colors_info=\u00a0\u00bb{}\u00a0\u00bb][et_pb_column type=\u00a0\u00bb2_3&Prime; _builder_version=\u00a0\u00bb4.16&Prime; global_colors_info=\u00a0\u00bb{}\u00a0\u00bb][et_pb_text _builder_version=\u00a0\u00bb4.27.4&Prime; quote_font=\u00a0\u00bb||||||||\u00a0\u00bb quote_font_size=\u00a0\u00bb25px\u00a0\u00bb custom_margin=\u00a0\u00bb0px||15px||false|false\u00a0\u00bb custom_padding=\u00a0\u00bb0px||0px||false|false\u00a0\u00bb global_colors_info=\u00a0\u00bb{}\u00a0\u00bb]<\/p>\n<h2>En 2014, lorsque le personnel du R\u00e9seau Compassion Network (RCN) a appris que des enfants arrivaient dans des \u00e9coles locales sans avoir mang\u00e9, il s&rsquo;est empress\u00e9 de passer \u00e0 l&rsquo;action.<\/h2>\n<p>\u00ab On nous a signal\u00e9 que des \u00e9l\u00e8ves vivant dans des quartiers correspondants aux codes postaux parmi les plus pauvres du Canada n&rsquo;\u00e9taient pas en mesure d&rsquo;avoir des repas nutritifs pour commencer leur journ\u00e9e \u00bb, mentionne Bob Lafreni\u00e8re, directeur des finances de RCN.\u00ab\u00a0Personne ne m\u00e9rite de souffrir de la faim, surtout pas lorsqu&rsquo;on essaye d&rsquo;apprendre et de grandir \u00e0 l&rsquo;\u00e9cole.\u00a0\u00bb<\/p>\n<p>Au sein du R\u00e9seau Compassion Network, quelques organisations disposent de cuisines commerciales, et lorsque Aur\u00e8le Foidart, directeur g\u00e9n\u00e9ral de Charit\u00e9s Despins, a \u00e9t\u00e9 contact\u00e9 pour savoir si son personnel en cuisine serait ouvert \u00e0 apporter cette contribution, il n&rsquo;a pas h\u00e9sit\u00e9. \u00ab Bob m&rsquo;a demand\u00e9 si nous pouvions l&rsquo;aider et je lui ai r\u00e9pondu que j&rsquo;\u00e9tais s\u00fbr que nous pourrions nous d\u00e9brouiller \u00bb, raconte-t-il. \u00ab Nous avons commenc\u00e9 avec 70 enfants; notre personnel leur pr\u00e9parant des petits-d\u00e9jeuners cinq jours par semaine. \u00bb<\/p>\n<p>Au d\u00e9part, les repas \u00e9taient livr\u00e9s aux \u00e9l\u00e8ves de l&rsquo;\u00c9cole Pr\u00e9cieux-Sang, une \u00e9cole primaire de Saint-Boniface. Le programme a ensuite \u00e9t\u00e9 \u00e9tendu \u00e0 l&rsquo;\u00c9cole Tach\u00e9 et au Coll\u00e8ge Louis-Riel, deux autres \u00e9tablissements de Saint-Boniface. Pendant trois ans, les \u00e9l\u00e8ves de ces \u00e9coles ont re\u00e7u un premier repas nutritif dont ils avaient besoin pour se concentrer \u00e0 l&rsquo;\u00e9cole, apprendre et ainsi avoir une meilleure chance de r\u00e9aliser leur plein potentiel et d&rsquo;appr\u00e9cier un peu plus leur vie scolaire.<\/p>\n<p>Au final, le personnel de Charit\u00e9s Despins a pr\u00e9par\u00e9 plus de 112 000 repas sur une p\u00e9riode de six ans. Le fonds de dotation des S\u0153ur du Sauveur a permis de couvrir la majeure partie des co\u00fbts des repas, soit trois dollars par petit-d\u00e9jeuner. La balance d\u2019un dollar par repas a \u00e9t\u00e9 assum\u00e9 par Charit\u00e9s Despins.<\/p>\n<p>Pendant ce temps, le Coll\u00e8ge Louis-Riel a travaill\u00e9 \u00e0 l&rsquo;ach\u00e8vement de sa propre cuisine commerciale. \u00ab Nous avons poursuivi ce projet jusqu&rsquo;en 2020 \u00bb, explique M. Foidart. \u00ab Nous \u00e9tions une solution provisoire, et tous les repas sont d\u00e9sormais pr\u00e9par\u00e9s \u00e0 l&rsquo;\u00e9cole. Nous avons \u00e9t\u00e9 heureux de contribuer \u00e0 combler cette lacune. \u00bb<\/p>\n<p>La Division scolaire franco-manitobaine, \u00e0 laquelle appartiennent les trois \u00e9coles, finance et administre ce programme depuis 2020, une \u00e9volution dont M. Foidart se r\u00e9jouit. \u00ab C&rsquo;\u00e9tait un tr\u00e8s bon projet auquel nous avons particip\u00e9 et l&rsquo;ensemble de notre personnel y a adh\u00e9r\u00e9 et s&rsquo;est senti \u00e0 l&rsquo;aise d\u2019y contribuer. Cela fait partie d&rsquo;un voisinage amical, et les avantages l&#8217;emporteront toujours sur les co\u00fbts. \u00bb<\/p>\n<p>[\/et_pb_text][\/et_pb_column][et_pb_column type=\u00a0\u00bb1_3&Prime; _builder_version=\u00a0\u00bb4.16&Prime; global_colors_info=\u00a0\u00bb{}\u00a0\u00bb][et_pb_image src=\u00a0\u00bbhttps:\/\/reseaucompassionnetwork.ca\/wp-content\/uploads\/2025\/06\/zMYi37VK9U2SnKbRbR27WTupWXI-copy.jpg\u00a0\u00bb alt=\u00a0\u00bbMcLaren Hotel Render\u00a0\u00bb title_text=\u00a0\u00bbzMYi37VK9U2SnKbRbR27WTupWXI copy\u00a0\u00bb _builder_version=\u00a0\u00bb4.27.4&Prime; _module_preset=\u00a0\u00bbdefault\u00a0\u00bb custom_margin=\u00a0\u00bb18px||||false|false\u00a0\u00bb hover_enabled=\u00a0\u00bb0&Prime; locked=\u00a0\u00bboff\u00a0\u00bb global_colors_info=\u00a0\u00bb{}\u00a0\u00bb sticky_enabled=\u00a0\u00bb0&Prime;][\/et_pb_image][et_pb_text _builder_version=\u00a0\u00bb4.23.1&Prime; _module_preset=\u00a0\u00bbdefault\u00a0\u00bb global_colors_info=\u00a0\u00bb{}\u00a0\u00bb][\/et_pb_text][\/et_pb_column][\/et_pb_row][\/et_pb_section]<\/p>\n","protected":false},"excerpt":{"rendered":"<p>En 2014, lorsque le personnel du R\u00e9seau Compassion Network (RCN) a appris que des enfants arrivaient dans des \u00e9coles locales sans avoir mang\u00e9, il s&rsquo;est empress\u00e9 de passer \u00e0 l&rsquo;action. \u00ab On nous a signal\u00e9 que des \u00e9l\u00e8ves vivant dans des quartiers correspondants aux codes postaux parmi les plus pauvres du Canada n&rsquo;\u00e9taient pas en&hellip; <a class=\"continue\" href=\"https:\/\/reseaucompassionnetwork.ca\/fr\/programme-scolaire\/\">Continue Reading<span> Programme scolaire de d\u00e9jeuners<\/span><\/a><\/p>\n","protected":false},"author":4,"featured_media":10085,"parent":0,"menu_order":0,"comment_status":"closed","ping_status":"closed","template":"","meta":{"_et_pb_use_builder":"on","_et_pb_old_content":"","_et_gb_content_width":"","_monsterinsights_skip_tracking":false,"_monsterinsights_sitenote_active":false,"_monsterinsights_sitenote_note":"","_monsterinsights_sitenote_category":0,"footnotes":""},"class_list":["post-19644","page","type-page","status-publish","has-post-thumbnail","hentry"],"_links":{"self":[{"href":"https:\/\/reseaucompassionnetwork.ca\/fr\/wp-json\/wp\/v2\/pages\/19644","targetHints":{"allow":["GET"]}}],"collection":[{"href":"https:\/\/reseaucompassionnetwork.ca\/fr\/wp-json\/wp\/v2\/pages"}],"about":[{"href":"https:\/\/reseaucompassionnetwork.ca\/fr\/wp-json\/wp\/v2\/types\/page"}],"author":[{"embeddable":true,"href":"https:\/\/reseaucompassionnetwork.ca\/fr\/wp-json\/wp\/v2\/users\/4"}],"replies":[{"embeddable":true,"href":"https:\/\/reseaucompassionnetwork.ca\/fr\/wp-json\/wp\/v2\/comments?post=19644"}],"version-history":[{"count":8,"href":"https:\/\/reseaucompassionnetwork.ca\/fr\/wp-json\/wp\/v2\/pages\/19644\/revisions"}],"predecessor-version":[{"id":19844,"href":"https:\/\/reseaucompassionnetwork.ca\/fr\/wp-json\/wp\/v2\/pages\/19644\/revisions\/19844"}],"wp:featuredmedia":[{"embeddable":true,"href":"https:\/\/reseaucompassionnetwork.ca\/fr\/wp-json\/wp\/v2\/media\/10085"}],"wp:attachment":[{"href":"https:\/\/reseaucompassionnetwork.ca\/fr\/wp-json\/wp\/v2\/media?parent=19644"}],"curies":[{"name":"wp","href":"https:\/\/api.w.org\/{rel}","templated":true}]}}