

{"id":18392,"date":"2025-01-06T15:16:24","date_gmt":"2025-01-06T21:16:24","guid":{"rendered":"https:\/\/reseaucompassionnetwork.ca\/ensemble-pour-la-communaute-copy\/"},"modified":"2025-06-19T10:29:37","modified_gmt":"2025-06-19T15:29:37","slug":"celebrations25","status":"publish","type":"page","link":"https:\/\/reseaucompassionnetwork.ca\/fr\/celebrations25\/","title":{"rendered":"C\u00e9l\u00e9brons 25 ans de service !"},"content":{"rendered":"<p>[et_pb_section fb_built=\u00a0\u00bb1&Prime; fullwidth=\u00a0\u00bbon\u00a0\u00bb next_background_color=\u00a0\u00bb#ffffff\u00a0\u00bb _builder_version=\u00a0\u00bb4.16&Prime; background_image=\u00a0\u00bbhttps:\/\/reseaucompassionnetwork.ca\/wp-content\/uploads\/2022\/04\/header-imgs-about-new.jpg\u00a0\u00bb bottom_divider_style=\u00a0\u00bbwave2&Prime; bottom_divider_height=\u00a0\u00bb39px\u00a0\u00bb global_colors_info=\u00a0\u00bb{}\u00a0\u00bb][et_pb_fullwidth_post_title title=\u00a0\u00bboff\u00a0\u00bb meta=\u00a0\u00bboff\u00a0\u00bb featured_placement=\u00a0\u00bbbackground\u00a0\u00bb admin_label=\u00a0\u00bbchange featured image in post details\u00a0\u00bb _builder_version=\u00a0\u00bb4.16&Prime; background_color=\u00a0\u00bbrgba(0,0,0,0)\u00a0\u00bb use_background_color_gradient=\u00a0\u00bbon\u00a0\u00bb background_color_gradient_stops=\u00a0\u00bb#ffffff 0%|rgba(255,255,255,0) 50%\u00a0\u00bb background_color_gradient_overlays_image=\u00a0\u00bbon\u00a0\u00bb background_color_gradient_start=\u00a0\u00bb#ffffff\u00a0\u00bb background_color_gradient_end=\u00a0\u00bbrgba(255,255,255,0)\u00a0\u00bb background_color_gradient_end_position=\u00a0\u00bb50%\u00a0\u00bb global_colors_info=\u00a0\u00bb{}\u00a0\u00bb][\/et_pb_fullwidth_post_title][\/et_pb_section][et_pb_section fb_built=\u00a0\u00bb1&Prime; _builder_version=\u00a0\u00bb4.16&Prime; custom_padding=\u00a0\u00bb0px||0px||false|false\u00a0\u00bb top_divider_style=\u00a0\u00bbnone\u00a0\u00bb top_divider_color=\u00a0\u00bb#f7f4eb\u00a0\u00bb top_divider_height=\u00a0\u00bb50px\u00a0\u00bb top_divider_flip=\u00a0\u00bbhorizontal\u00a0\u00bb bottom_divider_height=\u00a0\u00bb50px\u00a0\u00bb global_colors_info=\u00a0\u00bb{}\u00a0\u00bb][et_pb_row _builder_version=\u00a0\u00bb4.16&Prime; custom_margin=\u00a0\u00bb0px||0px||false|false\u00a0\u00bb custom_padding=\u00a0\u00bb0px||0px||false|false\u00a0\u00bb global_colors_info=\u00a0\u00bb{}\u00a0\u00bb][et_pb_column type=\u00a0\u00bb4_4&Prime; _builder_version=\u00a0\u00bb4.16&Prime; global_colors_info=\u00a0\u00bb{}\u00a0\u00bb][et_pb_post_title meta=\u00a0\u00bboff\u00a0\u00bb featured_image=\u00a0\u00bboff\u00a0\u00bb module_class=\u00a0\u00bbpage-title\u00a0\u00bb _builder_version=\u00a0\u00bb4.19.1&Prime; title_text_color=\u00a0\u00bb#006699&Prime; title_line_height=\u00a0\u00bb1.3em\u00a0\u00bb custom_margin=\u00a0\u00bb0px||0px||false|false\u00a0\u00bb custom_padding=\u00a0\u00bb0px|400px|0px||false|false\u00a0\u00bb custom_padding_tablet=\u00a0\u00bb|0px|||false|false\u00a0\u00bb custom_padding_phone=\u00a0\u00bb|0px|||false|false\u00a0\u00bb custom_padding_last_edited=\u00a0\u00bbon|phone\u00a0\u00bb global_colors_info=\u00a0\u00bb{}\u00a0\u00bb][\/et_pb_post_title][\/et_pb_column][\/et_pb_row][et_pb_row column_structure=\u00a0\u00bb2_3,1_3&Prime; _builder_version=\u00a0\u00bb4.16&Prime; custom_padding=\u00a0\u00bb0px||50px||false|false\u00a0\u00bb global_colors_info=\u00a0\u00bb{}\u00a0\u00bb][et_pb_column type=\u00a0\u00bb2_3&Prime; _builder_version=\u00a0\u00bb4.16&Prime; global_colors_info=\u00a0\u00bb{}\u00a0\u00bb][et_pb_text _builder_version=\u00a0\u00bb4.27.2&Prime; global_colors_info=\u00a0\u00bb{}\u00a0\u00bb]<\/p>\n<h2>Depuis 2000, R\u00e9seau Compassion Network accompagne les gens dans nos communaut\u00e9s pour comprendre leur histoire et leur situation, en restant \u00e0 l\u2019\u00e9coute des d\u00e9fis sociaux \u00e9mergents, alors que notre monde continue de changer.<\/h2>\n<p>Nous tenons notre promesse de soutenir les gens en temps de besoin, d\u2019offrir de l\u2019aide et de l\u2019espoir dans un environnement accueillant et bienveillant. Notre engagement en faveur de la justice sociale et notre volont\u00e9 de prendre des mesures audacieuses et courageuses nous ont permis de faire avancer les choses tout en am\u00e9liorant les conditions de vie.<\/p>\n<h4>Une passion commune pour faire une diff\u00e9rence<\/h4>\n<p>Nous nous soucions de notre province et de faire les bonnes choses pour les bonnes raisons. Chaque jour, il y a des Manitobaines et des Manitobains dont les besoins ne sont pas pris en compte. Au R\u00e9seau Compassion Network, nous veillons \u00e0 identifier ces besoins et \u00e0 y r\u00e9pondre \u2013 que ce soit par l\u2019interm\u00e9diaire du travail des organisations membres de notre r\u00e9seau, ou de nos propres projets et initiatives destin\u00e9s aux personnes les plus vuln\u00e9rables. Nous nous effor\u00e7ons de trouver ce qu\u2019il y a de bon dans nos communaut\u00e9s et de cultiver le potentiel abrit\u00e9 en chacun avec un esprit d\u2019amour et de compassion.<\/p>\n<h4>Un h\u00e9ritage \u00e0 c\u00e9l\u00e9brer<\/h4>\n<p>Avec un quart de si\u00e8cle de service derri\u00e8re nous, et en restant fid\u00e8les \u00e0 nos fondatrices pionni\u00e8res, nous envisageons les 25 prochaines ann\u00e9es comme une p\u00e9riode remplie d\u2019espoir o\u00f9 chaque personne agit en solidarit\u00e9\u00a0pour le bien-\u00eatre des autres \u2013 et o\u00f9 des partenariats r\u00e9ussis avec des organisations partageant le m\u00eame esprit de justice sociale produisent de r\u00e9els avantages pour ceux et celles qui en ont le plus besoin.<\/p>\n<p><em>Pour lire notre communiqu\u00e9 de presse \u00e0 ce sujet, <a href=\"http:\/\/reseaucompassionnetwork.ca\/wp-content\/uploads\/2025\/01\/Communique-25e-RCN_FINAL51.pdf\">cliquez ici<\/a>.<\/em><\/p>\n<p>[\/et_pb_text][\/et_pb_column][et_pb_column type=\u00a0\u00bb1_3&Prime; _builder_version=\u00a0\u00bb4.16&Prime; global_colors_info=\u00a0\u00bb{}\u00a0\u00bb][et_pb_image src=\u00a0\u00bbhttps:\/\/reseaucompassionnetwork.ca\/wp-content\/uploads\/2025\/10\/2-copy.png\u00a0\u00bb alt=\u00a0\u00bbcounselling\u00a0\u00bb title_text=\u00a0\u00bb2 copy\u00a0\u00bb _builder_version=\u00a0\u00bb4.27.4&Prime; hover_enabled=\u00a0\u00bb0&Prime; global_colors_info=\u00a0\u00bb{}\u00a0\u00bb url=\u00a0\u00bbhttps:\/\/reseaucompassionnetwork.framer.media\/\u00a0\u00bb sticky_enabled=\u00a0\u00bb0&Prime;][\/et_pb_image][\/et_pb_column][\/et_pb_row][\/et_pb_section]<\/p>\n","protected":false},"excerpt":{"rendered":"<p>Depuis 2000, R\u00e9seau Compassion Network accompagne les gens dans nos communaut\u00e9s pour comprendre leur histoire et leur situation, en restant \u00e0 l\u2019\u00e9coute des d\u00e9fis sociaux \u00e9mergents, alors que notre monde continue de changer. Nous tenons notre promesse de soutenir les gens en temps de besoin, d\u2019offrir de l\u2019aide et de l\u2019espoir dans un environnement accueillant&hellip; <a class=\"continue\" href=\"https:\/\/reseaucompassionnetwork.ca\/fr\/celebrations25\/\">Continue Reading<span> C\u00e9l\u00e9brons 25 ans de service !<\/span><\/a><\/p>\n","protected":false},"author":4,"featured_media":0,"parent":0,"menu_order":0,"comment_status":"closed","ping_status":"closed","template":"","meta":{"_et_pb_use_builder":"on","_et_pb_old_content":"","_et_gb_content_width":"","_monsterinsights_skip_tracking":false,"_monsterinsights_sitenote_active":false,"_monsterinsights_sitenote_note":"","_monsterinsights_sitenote_category":0,"footnotes":""},"class_list":["post-18392","page","type-page","status-publish","hentry"],"_links":{"self":[{"href":"https:\/\/reseaucompassionnetwork.ca\/fr\/wp-json\/wp\/v2\/pages\/18392","targetHints":{"allow":["GET"]}}],"collection":[{"href":"https:\/\/reseaucompassionnetwork.ca\/fr\/wp-json\/wp\/v2\/pages"}],"about":[{"href":"https:\/\/reseaucompassionnetwork.ca\/fr\/wp-json\/wp\/v2\/types\/page"}],"author":[{"embeddable":true,"href":"https:\/\/reseaucompassionnetwork.ca\/fr\/wp-json\/wp\/v2\/users\/4"}],"replies":[{"embeddable":true,"href":"https:\/\/reseaucompassionnetwork.ca\/fr\/wp-json\/wp\/v2\/comments?post=18392"}],"version-history":[{"count":11,"href":"https:\/\/reseaucompassionnetwork.ca\/fr\/wp-json\/wp\/v2\/pages\/18392\/revisions"}],"predecessor-version":[{"id":19458,"href":"https:\/\/reseaucompassionnetwork.ca\/fr\/wp-json\/wp\/v2\/pages\/18392\/revisions\/19458"}],"wp:attachment":[{"href":"https:\/\/reseaucompassionnetwork.ca\/fr\/wp-json\/wp\/v2\/media?parent=18392"}],"curies":[{"name":"wp","href":"https:\/\/api.w.org\/{rel}","templated":true}]}}