

{"id":17742,"date":"2024-11-22T11:27:13","date_gmt":"2024-11-22T17:27:13","guid":{"rendered":"https:\/\/reseaucompassionnetwork.ca\/clan-mothers-copy\/"},"modified":"2025-01-20T10:12:02","modified_gmt":"2025-01-20T16:12:02","slug":"paniers-de-noel","status":"publish","type":"page","link":"https:\/\/reseaucompassionnetwork.ca\/fr\/paniers-de-noel\/","title":{"rendered":"Paniers de No\u00ebl"},"content":{"rendered":"<p>[et_pb_section fb_built=\u00a0\u00bb1&Prime; fullwidth=\u00a0\u00bbon\u00a0\u00bb next_background_color=\u00a0\u00bb#ffffff\u00a0\u00bb _builder_version=\u00a0\u00bb4.16&Prime; background_image=\u00a0\u00bbhttp:\/\/reseaucompassionnetwork.ca\/wp-content\/uploads\/2022\/04\/header-imgs-about-new.jpg\u00a0\u00bb bottom_divider_style=\u00a0\u00bbwave2&Prime; bottom_divider_height=\u00a0\u00bb39px\u00a0\u00bb global_colors_info=\u00a0\u00bb{}\u00a0\u00bb][et_pb_fullwidth_post_title title=\u00a0\u00bboff\u00a0\u00bb meta=\u00a0\u00bboff\u00a0\u00bb featured_placement=\u00a0\u00bbbackground\u00a0\u00bb admin_label=\u00a0\u00bbchange featured image in post details\u00a0\u00bb _builder_version=\u00a0\u00bb4.16&Prime; background_color=\u00a0\u00bbrgba(0,0,0,0)\u00a0\u00bb use_background_color_gradient=\u00a0\u00bbon\u00a0\u00bb background_color_gradient_stops=\u00a0\u00bb#ffffff 0%|rgba(255,255,255,0) 50%\u00a0\u00bb background_color_gradient_overlays_image=\u00a0\u00bbon\u00a0\u00bb background_color_gradient_start=\u00a0\u00bb#ffffff\u00a0\u00bb background_color_gradient_end=\u00a0\u00bbrgba(255,255,255,0)\u00a0\u00bb background_color_gradient_end_position=\u00a0\u00bb50%\u00a0\u00bb global_colors_info=\u00a0\u00bb{}\u00a0\u00bb][\/et_pb_fullwidth_post_title][\/et_pb_section][et_pb_section fb_built=\u00a0\u00bb1&Prime; _builder_version=\u00a0\u00bb4.21.0&Prime; use_background_color_gradient=\u00a0\u00bbon\u00a0\u00bb background_color_gradient_stops=\u00a0\u00bb#ffffff 30%|#f0f6f9 99%\u00a0\u00bb background_enable_image=\u00a0\u00bboff\u00a0\u00bb background_size=\u00a0\u00bbinitial\u00a0\u00bb background_position=\u00a0\u00bbtop_center\u00a0\u00bb custom_padding=\u00a0\u00bb0px||40px||false|false\u00a0\u00bb top_divider_style=\u00a0\u00bbnone\u00a0\u00bb top_divider_color=\u00a0\u00bb#f7f4eb\u00a0\u00bb top_divider_height=\u00a0\u00bb50px\u00a0\u00bb top_divider_flip=\u00a0\u00bbhorizontal\u00a0\u00bb bottom_divider_height=\u00a0\u00bb50px\u00a0\u00bb background_last_edited=\u00a0\u00bbon|desktop\u00a0\u00bb background_enable_image_phone=\u00a0\u00bboff\u00a0\u00bb background_position_phone=\u00a0\u00bbtop_center\u00a0\u00bb global_colors_info=\u00a0\u00bb{}\u00a0\u00bb][et_pb_row column_structure=\u00a0\u00bb2_3,1_3&Prime; admin_label=\u00a0\u00bbPage Title Row\u00a0\u00bb _builder_version=\u00a0\u00bb4.16&Prime; custom_margin=\u00a0\u00bb0px||0px||false|false\u00a0\u00bb custom_padding=\u00a0\u00bb0px||0px||false|false\u00a0\u00bb global_colors_info=\u00a0\u00bb{}\u00a0\u00bb][et_pb_column type=\u00a0\u00bb2_3&Prime; _builder_version=\u00a0\u00bb4.16&Prime; global_colors_info=\u00a0\u00bb{}\u00a0\u00bb][et_pb_post_title meta=\u00a0\u00bboff\u00a0\u00bb featured_image=\u00a0\u00bboff\u00a0\u00bb admin_label=\u00a0\u00bbPage Title\u00a0\u00bb module_class=\u00a0\u00bbpage-title\u00a0\u00bb _builder_version=\u00a0\u00bb4.21.0&Prime; title_text_color=\u00a0\u00bb#006699&Prime; title_line_height=\u00a0\u00bb1.3em\u00a0\u00bb custom_margin=\u00a0\u00bb0px||0px||false|false\u00a0\u00bb custom_padding=\u00a0\u00bb0px||0px||false|false\u00a0\u00bb custom_padding_tablet=\u00a0\u00bb|0px|||false|false\u00a0\u00bb custom_padding_phone=\u00a0\u00bb|0px|||false|false\u00a0\u00bb custom_padding_last_edited=\u00a0\u00bboff|desktop\u00a0\u00bb global_colors_info=\u00a0\u00bb{}\u00a0\u00bb][\/et_pb_post_title][\/et_pb_column][et_pb_column type=\u00a0\u00bb1_3&Prime; _builder_version=\u00a0\u00bb4.16&Prime; global_colors_info=\u00a0\u00bb{}\u00a0\u00bb][\/et_pb_column][\/et_pb_row][et_pb_row column_structure=\u00a0\u00bb2_3,1_3&Prime; _builder_version=\u00a0\u00bb4.16&Prime; custom_padding=\u00a0\u00bb0px||50px||false|false\u00a0\u00bb global_colors_info=\u00a0\u00bb{}\u00a0\u00bb][et_pb_column type=\u00a0\u00bb2_3&Prime; _builder_version=\u00a0\u00bb4.16&Prime; global_colors_info=\u00a0\u00bb{}\u00a0\u00bb][et_pb_text _builder_version=\u00a0\u00bb4.27.2&Prime; quote_font=\u00a0\u00bb||||||||\u00a0\u00bb quote_font_size=\u00a0\u00bb25px\u00a0\u00bb custom_margin=\u00a0\u00bb0px||15px||false|false\u00a0\u00bb custom_padding=\u00a0\u00bb0px||0px||false|false\u00a0\u00bb global_colors_info=\u00a0\u00bb{}\u00a0\u00bb]<\/p>\n<h2>Un projet de paniers de No\u00ebl fort appr\u00e9ci\u00e9 et b\u00e9n\u00e9ficiant d\u2019un grand soutien de la part de la communaut\u00e9 est r\u00e9cemment pass\u00e9 sous la banni\u00e8re du R\u00e9seau Compassion Network. L\u2019initiative men\u00e9e par des b\u00e9n\u00e9voles, qui \u00e9tait auparavant g\u00e9r\u00e9e \u00e0 partir de la Paroisse de la Cath\u00e9drale Saint-Boniface, apporte de la lumi\u00e8re et de l\u2019amour aux familles pendant les F\u00eates depuis presque 30 ans.<\/h2>\n<p>Rachel LeGal est b\u00e9n\u00e9vole depuis longtemps; suffisamment longtemps pour que ses enfants aient grandi et am\u00e8nent d\u00e9sormais leurs propres enfants pour aider \u00e0 la confection des paniers. \u00ab\u00a0Ma fille a commenc\u00e9 \u00e0 aider \u00e0 l\u2019\u00e2ge de 6 ans \u00bb, raconte Mme LeGal. \u00ab Pour nous, cette initiative fait partie de No\u00ebl, et je connais beaucoup de gens qui ont particip\u00e9 \u00e0 cette activit\u00e9 toute leur vie. C\u2019est quelque chose de vraiment sp\u00e9cial.\u00a0\u00bb<\/p>\n<p>Au fil des d\u00e9cennies, les besoins des familles ont \u00e9volu\u00e9, tout comme le nombre de familles qui pourraient b\u00e9n\u00e9ficier d\u2019un peu plus de g\u00e9n\u00e9rosit\u00e9 \u00e0 No\u00ebl. \u00ab En 2024, notre objectif \u00e9tait de distribuer des cadeaux \u00e0 209 familles, soit 40 de plus que l\u2019ann\u00e9e pr\u00e9c\u00e9dente. C\u2019est un peu intimidant, mais nous ne refusons jamais personne et nous trouvons toujours un moyen \u00bb, d\u00e9clare LeGal avec l\u2019enthousiasme qu\u2019on lui conna\u00eet.<\/p>\n<p>Mme LeGal et les autres b\u00e9n\u00e9voles qui forment un comit\u00e9 tiss\u00e9 serr\u00e9, travaillent avec certaines \u00e9coles de la Division scolaire franco-manitobaine et de la Division scolaire Louis-Riel, principalement dans le quartier de Saint-Boniface et ses environs, pour identifier les familles qui pourraient b\u00e9n\u00e9ficier d\u2019un panier. \u00ab Les \u00e9coles accueillent des \u00e9l\u00e8ves et des familles du monde entier, y compris d\u2019Ukraine \u00bb, explique Mme LeGal, \u00ab et nous voulons que les nouveaux arrivants se sentent bien accueillis et soutenus. \u00bb<\/p>\n<p>Une fois les familles s\u00e9lectionn\u00e9es, les b\u00e9n\u00e9voles les contactent pour savoir quels types de cadeaux ou d\u2019articles m\u00e9nagers seraient appr\u00e9ci\u00e9s, une liste personnalis\u00e9e qui est ensuite fournie \u00e0 toute personne ou groupe souhaitant parrainer un panier. \u00ab Nous avons mis en place des lignes directrices pour faciliter la contribution des gens \u00bb, poursuit Rachel LeGal. \u00ab Une famille de deux personnes re\u00e7oit un panier d\u2019une valeur d\u2019environ 200 dollars, et plus il y a de personnes dans la famille, plus le montant est \u00e9lev\u00e9. Nous incluons des cadeaux pour les enfants, choisis en fonction de leurs souhaits, et peut-\u00eatre un petit quelque chose pour maman et papa, ainsi qu\u2019une carte-cadeau chez <em>No Frills<\/em> ou <em>Superstore<\/em> pour qu\u2019ils puissent acheter le type de repas de No\u00ebl qui leur convient le mieux. \u00bb<\/p>\n<p><img loading=\"lazy\" decoding=\"async\" src=\"https:\/\/reseaucompassionnetwork.ca\/wp-content\/uploads\/2024\/11\/Rachel-Water-300x198.png\" width=\"300\" height=\"198\" alt=\"\" class=\"wp-image-17778 alignleft size-medium\" \/><\/p>\n<p>Le nombre de familles dans le besoin \u00e9tant plus \u00e9lev\u00e9 cette ann\u00e9e, LeGal esp\u00e8re que des familles, des organisations, des \u00e9coles ou des amis manifestent un int\u00e9r\u00eat \u00e0 parrainer une famille. \u00ab Nous nous r\u00e9unissons normalement dans le gymnase d\u2019une \u00e9cole pour organiser tous les paniers, mais nous n\u2019aurons pas assez de place pour tous les faire cette ann\u00e9e \u00bb, explique-t-elle. \u00ab Nous avons plus que jamais besoin que la communaut\u00e9 s\u2019implique. Nous avons la chance de vivre dans un pays o\u00f9 nous pouvons nous sentir en s\u00e9curit\u00e9 tout au long de l\u2019ann\u00e9e, et nous aimerions \u00e9tendre ce sentiment \u00e0 petite \u00e9chelle, en soutenant les gens dans notre communaut\u00e9 qui en ont besoin et les aider \u00e0 trouver un nouveau mode de vie empreint de compassion et de douceur. \u00bb<br \/>\u2022\u2022\u2022<br \/>Si vous souhaitez faire un don au programme de paniers, veuillez <a href=\"https:\/\/www.zeffy.com\/fr-CA\/donation-form\/1285429d-0852-435f-bbcd-fd31c848de2f\" target=\"_blank\" rel=\"noopener\">cliquer ici<\/a>.<br \/>Si vous avez des questions sur le programme, envoyez-nous <a href=\"mailto:compassion@reseaucompassionnetwork.ca\" target=\"_blank\" rel=\"noopener\">un courriel<\/a>.<\/p>\n<p>[\/et_pb_text][\/et_pb_column][et_pb_column type=\u00a0\u00bb1_3&Prime; _builder_version=\u00a0\u00bb4.16&Prime; global_colors_info=\u00a0\u00bb{}\u00a0\u00bb][et_pb_image src=\u00a0\u00bbhttp:\/\/reseaucompassionnetwork.ca\/wp-content\/uploads\/2024\/11\/Hampers2-1.jpeg\u00a0\u00bb alt=\u00a0\u00bbClan Mothers-Sidebar Welcome Centre pic\u00a0\u00bb title_text=\u00a0\u00bbChristmas hamper program\u00a0\u00bb _builder_version=\u00a0\u00bb4.27.2&Prime; _module_preset=\u00a0\u00bbdefault\u00a0\u00bb custom_margin=\u00a0\u00bb18px||||false|false\u00a0\u00bb locked=\u00a0\u00bboff\u00a0\u00bb global_colors_info=\u00a0\u00bb{}\u00a0\u00bb][\/et_pb_image][et_pb_button button_url=\u00a0\u00bbhttps:\/\/www.zeffy.com\/fr-CA\/donation-form\/1285429d-0852-435f-bbcd-fd31c848de2f\u00a0\u00bb url_new_window=\u00a0\u00bbon\u00a0\u00bb button_text=\u00a0\u00bbFaire un don\u00a0\u00bb button_alignment=\u00a0\u00bbcenter\u00a0\u00bb _builder_version=\u00a0\u00bb4.27.2&Prime; _module_preset=\u00a0\u00bbdefault\u00a0\u00bb global_colors_info=\u00a0\u00bb{}\u00a0\u00bb][\/et_pb_button][et_pb_image src=\u00a0\u00bbhttp:\/\/reseaucompassionnetwork.ca\/wp-content\/uploads\/2024\/11\/La-Liberte-Cover.png\u00a0\u00bb title_text=\u00a0\u00bbLa Liberte\u0301 Cover\u00a0\u00bb _builder_version=\u00a0\u00bb4.27.2&Prime; _module_preset=\u00a0\u00bbdefault\u00a0\u00bb global_colors_info=\u00a0\u00bb{}\u00a0\u00bb][\/et_pb_image][et_pb_button button_url=\u00a0\u00bbhttps:\/\/www.la-liberte.ca\/2024\/11\/20\/des-paniers-de-noel-de-plus-en-plus-precieux\/\u00a0\u00bb url_new_window=\u00a0\u00bbon\u00a0\u00bb button_text=\u00a0\u00bbLisez l&rsquo;article\u00a0\u00bb button_alignment=\u00a0\u00bbcenter\u00a0\u00bb _builder_version=\u00a0\u00bb4.27.2&Prime; _module_preset=\u00a0\u00bbdefault\u00a0\u00bb global_colors_info=\u00a0\u00bb{}\u00a0\u00bb][\/et_pb_button][\/et_pb_column][\/et_pb_row][\/et_pb_section]<\/p>\n","protected":false},"excerpt":{"rendered":"<p>Un projet de paniers de No\u00ebl fort appr\u00e9ci\u00e9 et b\u00e9n\u00e9ficiant d\u2019un grand soutien de la part de la communaut\u00e9 est r\u00e9cemment pass\u00e9 sous la banni\u00e8re du R\u00e9seau Compassion Network. L\u2019initiative men\u00e9e par des b\u00e9n\u00e9voles, qui \u00e9tait auparavant g\u00e9r\u00e9e \u00e0 partir de la Paroisse de la Cath\u00e9drale Saint-Boniface, apporte de la lumi\u00e8re et de l\u2019amour aux&hellip; <a class=\"continue\" href=\"https:\/\/reseaucompassionnetwork.ca\/fr\/paniers-de-noel\/\">Continue Reading<span> Paniers de No\u00ebl<\/span><\/a><\/p>\n","protected":false},"author":4,"featured_media":10085,"parent":0,"menu_order":0,"comment_status":"closed","ping_status":"closed","template":"","meta":{"_et_pb_use_builder":"on","_et_pb_old_content":"","_et_gb_content_width":"","_monsterinsights_skip_tracking":false,"_monsterinsights_sitenote_active":false,"_monsterinsights_sitenote_note":"","_monsterinsights_sitenote_category":0,"footnotes":""},"class_list":["post-17742","page","type-page","status-publish","has-post-thumbnail","hentry"],"_links":{"self":[{"href":"https:\/\/reseaucompassionnetwork.ca\/fr\/wp-json\/wp\/v2\/pages\/17742","targetHints":{"allow":["GET"]}}],"collection":[{"href":"https:\/\/reseaucompassionnetwork.ca\/fr\/wp-json\/wp\/v2\/pages"}],"about":[{"href":"https:\/\/reseaucompassionnetwork.ca\/fr\/wp-json\/wp\/v2\/types\/page"}],"author":[{"embeddable":true,"href":"https:\/\/reseaucompassionnetwork.ca\/fr\/wp-json\/wp\/v2\/users\/4"}],"replies":[{"embeddable":true,"href":"https:\/\/reseaucompassionnetwork.ca\/fr\/wp-json\/wp\/v2\/comments?post=17742"}],"version-history":[{"count":7,"href":"https:\/\/reseaucompassionnetwork.ca\/fr\/wp-json\/wp\/v2\/pages\/17742\/revisions"}],"predecessor-version":[{"id":18542,"href":"https:\/\/reseaucompassionnetwork.ca\/fr\/wp-json\/wp\/v2\/pages\/17742\/revisions\/18542"}],"wp:featuredmedia":[{"embeddable":true,"href":"https:\/\/reseaucompassionnetwork.ca\/fr\/wp-json\/wp\/v2\/media\/10085"}],"wp:attachment":[{"href":"https:\/\/reseaucompassionnetwork.ca\/fr\/wp-json\/wp\/v2\/media?parent=17742"}],"curies":[{"name":"wp","href":"https:\/\/api.w.org\/{rel}","templated":true}]}}