

{"id":17390,"date":"2024-10-23T09:31:26","date_gmt":"2024-10-23T14:31:26","guid":{"rendered":"https:\/\/reseaucompassionnetwork.ca\/?page_id=17390"},"modified":"2024-11-01T13:22:08","modified_gmt":"2024-11-01T18:22:08","slug":"qui-nous-aidons-oct24","status":"publish","type":"page","link":"https:\/\/reseaucompassionnetwork.ca\/fr\/qui-nous-aidons-oct24\/","title":{"rendered":"Qui nous aidons"},"content":{"rendered":"<p>[et_pb_section fb_built=\u00a0\u00bb1&Prime; fullwidth=\u00a0\u00bbon\u00a0\u00bb next_background_color=\u00a0\u00bb#ffffff\u00a0\u00bb _builder_version=\u00a0\u00bb4.16&Prime; background_color=\u00a0\u00bb#F7F4EB\u00a0\u00bb background_color_gradient_direction=\u00a0\u00bb99deg\u00a0\u00bb background_color_gradient_start=\u00a0\u00bb#f7f4eb\u00a0\u00bb background_color_gradient_end=\u00a0\u00bbrgba(0,0,0,0)\u00a0\u00bb background_enable_image=\u00a0\u00bboff\u00a0\u00bb bottom_divider_style=\u00a0\u00bbwave2&Prime; bottom_divider_height=\u00a0\u00bb39px\u00a0\u00bb global_colors_info=\u00a0\u00bb{}\u00a0\u00bb][et_pb_fullwidth_post_title title=\u00a0\u00bboff\u00a0\u00bb meta=\u00a0\u00bboff\u00a0\u00bb featured_placement=\u00a0\u00bbbackground\u00a0\u00bb admin_label=\u00a0\u00bbchange featured image in post details\u00a0\u00bb _builder_version=\u00a0\u00bb4.16&Prime; background_color=\u00a0\u00bbrgba(0,0,0,0)\u00a0\u00bb use_background_color_gradient=\u00a0\u00bbon\u00a0\u00bb background_color_gradient_stops=\u00a0\u00bb#ffffff 0%|rgba(255,255,255,0) 50%\u00a0\u00bb background_color_gradient_overlays_image=\u00a0\u00bbon\u00a0\u00bb background_color_gradient_start=\u00a0\u00bb#ffffff\u00a0\u00bb background_color_gradient_end=\u00a0\u00bbrgba(255,255,255,0)\u00a0\u00bb background_color_gradient_end_position=\u00a0\u00bb50%\u00a0\u00bb global_colors_info=\u00a0\u00bb{}\u00a0\u00bb][\/et_pb_fullwidth_post_title][\/et_pb_section][et_pb_section fb_built=\u00a0\u00bb1&Prime; _builder_version=\u00a0\u00bb4.21.0&Prime; use_background_color_gradient=\u00a0\u00bbon\u00a0\u00bb background_color_gradient_stops=\u00a0\u00bb#ffffff 30%|#f0f6f9 99%\u00a0\u00bb background_image=\u00a0\u00bbhttps:\/\/reseaucompassionnetwork.ca\/wp-content\/uploads\/2023\/08\/Heart-and-Hand-BG.png\u00a0\u00bb background_size=\u00a0\u00bbinitial\u00a0\u00bb background_position=\u00a0\u00bbtop_center\u00a0\u00bb custom_padding=\u00a0\u00bb0px||40px||false|false\u00a0\u00bb top_divider_style=\u00a0\u00bbnone\u00a0\u00bb top_divider_color=\u00a0\u00bb#f7f4eb\u00a0\u00bb top_divider_height=\u00a0\u00bb50px\u00a0\u00bb top_divider_flip=\u00a0\u00bbhorizontal\u00a0\u00bb bottom_divider_height=\u00a0\u00bb50px\u00a0\u00bb background_last_edited=\u00a0\u00bbon|phone\u00a0\u00bb background_image_phone=\u00a0\u00bbhttps:\/\/reseaucompassionnetwork.ca\/wp-content\/uploads\/2023\/08\/Heart-and-Hand-BG-Mobile.png\u00a0\u00bb background_enable_image_phone=\u00a0\u00bbon\u00a0\u00bb background_position_phone=\u00a0\u00bbtop_center\u00a0\u00bb global_colors_info=\u00a0\u00bb{}\u00a0\u00bb][et_pb_row _builder_version=\u00a0\u00bb4.17.3&Prime; custom_margin=\u00a0\u00bb0px||0px||false|false\u00a0\u00bb custom_padding=\u00a0\u00bb0px||0px||false|false\u00a0\u00bb global_colors_info=\u00a0\u00bb{}\u00a0\u00bb][et_pb_column type=\u00a0\u00bb4_4&Prime; _builder_version=\u00a0\u00bb4.16&Prime; global_colors_info=\u00a0\u00bb{}\u00a0\u00bb][et_pb_post_title meta=\u00a0\u00bboff\u00a0\u00bb featured_image=\u00a0\u00bboff\u00a0\u00bb _builder_version=\u00a0\u00bb4.21.0&Prime; title_text_color=\u00a0\u00bb#006699&Prime; title_line_height=\u00a0\u00bb1.3em\u00a0\u00bb custom_margin=\u00a0\u00bb0px||0px||false|false\u00a0\u00bb custom_padding=\u00a0\u00bb0px|380px|0px||false|false\u00a0\u00bb custom_padding_tablet=\u00a0\u00bb|0px|||false|false\u00a0\u00bb custom_padding_phone=\u00a0\u00bb|0px|||false|false\u00a0\u00bb custom_padding_last_edited=\u00a0\u00bbon|tablet\u00a0\u00bb global_colors_info=\u00a0\u00bb{}\u00a0\u00bb][\/et_pb_post_title][\/et_pb_column][\/et_pb_row][et_pb_row column_structure=\u00a0\u00bb2_3,1_3&Prime; _builder_version=\u00a0\u00bb4.16&Prime; custom_padding=\u00a0\u00bb0px||25px||false|false\u00a0\u00bb global_colors_info=\u00a0\u00bb{}\u00a0\u00bb][et_pb_column type=\u00a0\u00bb2_3&Prime; _builder_version=\u00a0\u00bb4.16&Prime; global_colors_info=\u00a0\u00bb{}\u00a0\u00bb][et_pb_text _builder_version=\u00a0\u00bb4.27.2&Prime; custom_margin=\u00a0\u00bb||-2px|||\u00a0\u00bb global_colors_info=\u00a0\u00bb{}\u00a0\u00bb]<\/p>\n<h2>Chaque jour, R\u00e9seau Compassion Network rassemble des gens inspir\u00e9s \u00e0 servir les Manitobaines et les Manitobains l\u00e0 o\u00f9 les besoins sont les plus grands.<\/h2>\n<p>Ce sont pr\u00e8s de 8 000 personnes qui travaillent jour apr\u00e8s jour au sein de notre famille de 13 agences de sant\u00e9, de services sociaux et de services \u00e0 la personne.<\/p>\n<p>Issus de toutes confessions, traditions et cultures, nous sommes guid\u00e9s par un esprit d\u2019amour et de compassion. Ensemble, nous identifions les besoins non satisfaits dans nos communaut\u00e9s, trouvons des solutions et les mettons en \u0153uvre. C\u2019est cela, le travail du R\u00e9seau Compassion Network.<\/p>\n<h3>R\u00e9pondre avec le c\u0153ur<\/h3>\n<p>Gr\u00e2ce \u00e0 ses projets et initiatives, et \u00e0 l&rsquo;important travail de ses membres, R\u00e9seau Compassion Network soutient les plus vuln\u00e9rables du Manitoba \u2014 des personnes qui souffrent de diff\u00e9rentes fa\u00e7ons et qui sont souvent n\u00e9glig\u00e9es :<\/p>\n<ul>\n<li>Des gens de nos propres communaut\u00e9s<\/li>\n<li>Des personnes marginalis\u00e9es qui ne peuvent pas acc\u00e9der au syst\u00e8me de sant\u00e9 et de services sociaux<\/li>\n<li>Des gens confront\u00e9s aux <a href=\"https:\/\/reseaucompassionnetwork.ca\/fr\/quest-ce-que-la-pauvrete-complexe\/\">d\u00e9fis complexes de la pauvret\u00e9<\/a><\/li>\n<\/ul>\n<h3>Notre travail<\/h3>\n<p>Pour beaucoup, le principal obstacle \u00e0 une vie meilleure est la pauvret\u00e9&#8230; non seulement en termes de revenus, mais aussi en fonction du bien-\u00eatre physique, mental et spirituel. C&rsquo;est pourquoi nous dirigeons et appuyons un large \u00e9ventail de programmes et de services :<\/p>\n<div style=\"margin-top: -10px;\">\n<ul>\n<li>Des <a href=\"https:\/\/reseaucompassionnetwork.ca\/fr\/les-suites-marion\/\">logements \u00e0 loyer mod\u00e9r\u00e9<\/a>, s\u00e9curitaires, abordables et accueillants<\/li>\n<li>Des centres pour les jeunes qui les mettent en contact avec une multitude de services gratuits et int\u00e9gr\u00e9s<\/li>\n<li>Des projets transformateurs avec les peuples autochtones pour <a href=\"https:\/\/reseaucompassionnetwork.ca\/fr\/reconciliation\/\">favoriser la r\u00e9conciliation<\/a><\/li>\n<li>Des soins de longue dur\u00e9e qui viennent en aide aux personnes \u00e2g\u00e9es et \u00e0 celles qui ont \u00e9t\u00e9 mal desservies par le pass\u00e9<\/li>\n<\/ul>\n<\/div>\n<p>[\/et_pb_text][\/et_pb_column][et_pb_column type=\u00a0\u00bb1_3&Prime; _builder_version=\u00a0\u00bb4.16&Prime; global_colors_info=\u00a0\u00bb{}\u00a0\u00bb][et_pb_image src=\u00a0\u00bbhttps:\/\/reseaucompassionnetwork.ca\/wp-content\/uploads\/2024\/12\/ChristmasFigures-800&#215;800-1.jpg\u00a0\u00bb alt=\u00a0\u00bbTwo Christmas drummer figurines dressed in festive red and green outfits\u00a0\u00bb title_text=\u00a0\u00bbBeautiful Christmas toys come out to play\u00a0\u00bb _builder_version=\u00a0\u00bb4.27.2&Prime; _module_preset=\u00a0\u00bbdefault\u00a0\u00bb box_shadow_style=\u00a0\u00bbpreset5&Prime; box_shadow_vertical=\u00a0\u00bb0px\u00a0\u00bb box_shadow_spread=\u00a0\u00bb20px\u00a0\u00bb box_shadow_color=\u00a0\u00bb#E6F0F5&Prime; global_colors_info=\u00a0\u00bb{}\u00a0\u00bb][\/et_pb_image][et_pb_text _builder_version=\u00a0\u00bb4.27.2&Prime; _module_preset=\u00a0\u00bbdefault\u00a0\u00bb text_text_color=\u00a0\u00bb#B92727&Prime; text_font_size=\u00a0\u00bb20px\u00a0\u00bb text_line_height=\u00a0\u00bb1.8em\u00a0\u00bb header_2_line_height=\u00a0\u00bb1.2em\u00a0\u00bb background_color=\u00a0\u00bb#E6F0F5&Prime; custom_margin=\u00a0\u00bb||0px||false|false\u00a0\u00bb custom_padding=\u00a0\u00bb||50px||false|false\u00a0\u00bb box_shadow_style=\u00a0\u00bbpreset5&Prime; box_shadow_vertical=\u00a0\u00bb0px\u00a0\u00bb box_shadow_spread=\u00a0\u00bb20px\u00a0\u00bb box_shadow_color=\u00a0\u00bb#E6F0F5&Prime; locked=\u00a0\u00bboff\u00a0\u00bb global_colors_info=\u00a0\u00bb{}\u00a0\u00bb]<\/p>\n<h2>Vous aussi, vous pouvez aider quelqu\u2019un<\/h2>\n<p><em>Faites une diff\u00e9rence en posant un acte de compassion. Donnez \u00e0 notre fonds pour les paniers de No\u00ebl et aidez une famille dans le besoin \u00e0 remplir son temps des F\u00eates de douceur et de joie.<\/em><\/p>\n<p>[\/et_pb_text][et_pb_button button_url=\u00a0\u00bbhttps:\/\/www.zeffy.com\/fr-CA\/donation-form\/1285429d-0852-435f-bbcd-fd31c848de2f\u00a0\u00bb url_new_window=\u00a0\u00bbon\u00a0\u00bb button_text=\u00a0\u00bbFaire un don\u00a0\u00bb admin_label=\u00a0\u00bbButton\u00a0\u00bb _builder_version=\u00a0\u00bb4.27.2&Prime; _module_preset=\u00a0\u00bbdefault\u00a0\u00bb custom_margin=\u00a0\u00bb-55px||55px||false|false\u00a0\u00bb hover_enabled=\u00a0\u00bb0&Prime; locked=\u00a0\u00bboff\u00a0\u00bb global_colors_info=\u00a0\u00bb{}\u00a0\u00bb sticky_enabled=\u00a0\u00bb0&Prime;][\/et_pb_button][et_pb_text _builder_version=\u00a0\u00bb4.27.2&Prime; _module_preset=\u00a0\u00bbdefault\u00a0\u00bb custom_margin=\u00a0\u00bb||0px||false|false\u00a0\u00bb custom_padding=\u00a0\u00bb||0px||false|false\u00a0\u00bb locked=\u00a0\u00bboff\u00a0\u00bb global_colors_info=\u00a0\u00bb{}\u00a0\u00bb]<\/p>\n<h2>Restez connect\u00e9<\/h2>\n<p>Ne manquez pas les mises \u00e0 jour concernant nos \u00e9v\u00e8nements et nos nouveaux projets. Abonnez-vous \u00e0 notre bulletin \u00e9lectronique Compassion en action d\u00e8s aujourd\u2019hui!<\/p>\n<p>[\/et_pb_text][et_pb_button button_url=\u00a0\u00bbhttp:\/\/eepurl.com\/hTFzN9&Prime; url_new_window=\u00a0\u00bbon\u00a0\u00bb button_text=\u00a0\u00bbS&rsquo;abonner\u00a0\u00bb _builder_version=\u00a0\u00bb4.27.2&Prime; _module_preset=\u00a0\u00bbdefault\u00a0\u00bb custom_margin=\u00a0\u00bb||55px||false|false\u00a0\u00bb locked=\u00a0\u00bboff\u00a0\u00bb global_colors_info=\u00a0\u00bb{}\u00a0\u00bb][\/et_pb_button][et_pb_text _builder_version=\u00a0\u00bb4.27.2&Prime; _module_preset=\u00a0\u00bbdefault\u00a0\u00bb custom_margin=\u00a0\u00bb||0px||false|false\u00a0\u00bb custom_padding=\u00a0\u00bb||0px||false|false\u00a0\u00bb locked=\u00a0\u00bboff\u00a0\u00bb global_colors_info=\u00a0\u00bb{}\u00a0\u00bb]<\/p>\n<h2>Suivez-nous<\/h2>\n<p>[\/et_pb_text][et_pb_social_media_follow _builder_version=\u00a0\u00bb4.27.2&Prime; _module_preset=\u00a0\u00bbdefault\u00a0\u00bb locked=\u00a0\u00bboff\u00a0\u00bb global_colors_info=\u00a0\u00bb{}\u00a0\u00bb][et_pb_social_media_follow_network social_network=\u00a0\u00bbfacebook\u00a0\u00bb url=\u00a0\u00bbhttps:\/\/www.facebook.com\/ReseauCompassionNetwork\u00a0\u00bb _builder_version=\u00a0\u00bb4.21.0&Prime; _module_preset=\u00a0\u00bbdefault\u00a0\u00bb background_color=\u00a0\u00bb#B92727&Prime; background_enable_color=\u00a0\u00bbon\u00a0\u00bb global_colors_info=\u00a0\u00bb{}\u00a0\u00bb background__hover_enabled=\u00a0\u00bbon|hover\u00a0\u00bb background_color__hover=\u00a0\u00bb#006DA5&Prime; background_enable_color__hover=\u00a0\u00bbon\u00a0\u00bb follow_button=\u00a0\u00bboff\u00a0\u00bb url_new_window=\u00a0\u00bbon\u00a0\u00bb]facebook[\/et_pb_social_media_follow_network][et_pb_social_media_follow_network social_network=\u00a0\u00bbinstagram\u00a0\u00bb url=\u00a0\u00bbhttps:\/\/www.instagram.com\/reseaucompassionnetwork\/\u00a0\u00bb _builder_version=\u00a0\u00bb4.21.0&Prime; _module_preset=\u00a0\u00bbdefault\u00a0\u00bb background_color=\u00a0\u00bb#B92727&Prime; background_enable_color=\u00a0\u00bbon\u00a0\u00bb global_colors_info=\u00a0\u00bb{}\u00a0\u00bb background__hover_enabled=\u00a0\u00bbon|hover\u00a0\u00bb background_color__hover=\u00a0\u00bb#006DA5&Prime; background_enable_color__hover=\u00a0\u00bbon\u00a0\u00bb follow_button=\u00a0\u00bboff\u00a0\u00bb url_new_window=\u00a0\u00bbon\u00a0\u00bb]instagram[\/et_pb_social_media_follow_network][et_pb_social_media_follow_network social_network=\u00a0\u00bblinkedin\u00a0\u00bb url=\u00a0\u00bbhttps:\/\/www.linkedin.com\/company\/r%C3%A9seau-compassion-network\/\u00a0\u00bb _builder_version=\u00a0\u00bb4.21.0&Prime; _module_preset=\u00a0\u00bbdefault\u00a0\u00bb background_color=\u00a0\u00bb#B92727&Prime; background_enable_color=\u00a0\u00bbon\u00a0\u00bb global_colors_info=\u00a0\u00bb{}\u00a0\u00bb background__hover_enabled=\u00a0\u00bbon|hover\u00a0\u00bb background_color__hover=\u00a0\u00bb#006DA5&Prime; background_enable_color__hover=\u00a0\u00bbon\u00a0\u00bb follow_button=\u00a0\u00bboff\u00a0\u00bb url_new_window=\u00a0\u00bbon\u00a0\u00bb]linkedin[\/et_pb_social_media_follow_network][\/et_pb_social_media_follow][\/et_pb_column][\/et_pb_row][\/et_pb_section]<\/p>\n","protected":false},"excerpt":{"rendered":"<p>Chaque jour, R\u00e9seau Compassion Network rassemble des gens inspir\u00e9s \u00e0 servir les Manitobaines et les Manitobains l\u00e0 o\u00f9 les besoins sont les plus grands. Ce sont pr\u00e8s de 8 000 personnes qui travaillent jour apr\u00e8s jour au sein de notre famille de 13 agences de sant\u00e9, de services sociaux et de services \u00e0 la personne.&hellip; <a class=\"continue\" href=\"https:\/\/reseaucompassionnetwork.ca\/fr\/qui-nous-aidons-oct24\/\">Continue Reading<span> Qui nous aidons<\/span><\/a><\/p>\n","protected":false},"author":126,"featured_media":10085,"parent":0,"menu_order":0,"comment_status":"closed","ping_status":"closed","template":"","meta":{"_et_pb_use_builder":"on","_et_pb_old_content":"[et_pb_section fb_built=\"1\" fullwidth=\"on\" next_background_color=\"#ffffff\" _builder_version=\"4.16\" background_color=\"#F7F4EB\" background_color_gradient_direction=\"99deg\" background_color_gradient_start=\"#f7f4eb\" background_color_gradient_end=\"rgba(0,0,0,0)\" background_enable_image=\"off\" bottom_divider_style=\"wave2\" bottom_divider_height=\"39px\" global_colors_info=\"{}\"][et_pb_fullwidth_post_title title=\"off\" meta=\"off\" featured_placement=\"background\" admin_label=\"change featured image in post details\" _builder_version=\"4.16\" background_color=\"rgba(0,0,0,0)\" use_background_color_gradient=\"on\" background_color_gradient_stops=\"#ffffff 0%|rgba(255,255,255,0) 50%\" background_color_gradient_overlays_image=\"on\" background_color_gradient_start=\"#ffffff\" background_color_gradient_end=\"rgba(255,255,255,0)\" background_color_gradient_end_position=\"50%\" global_colors_info=\"{}\"][\/et_pb_fullwidth_post_title][\/et_pb_section][et_pb_section fb_built=\"1\" _builder_version=\"4.21.0\" use_background_color_gradient=\"on\" background_color_gradient_stops=\"#ffffff 30%|#f0f6f9 99%\" background_image=\"https:\/\/reseaucompassionnetwork.ca\/wp-content\/uploads\/2023\/08\/Heart-and-Hand-BG.png\" background_size=\"initial\" background_position=\"top_center\" custom_padding=\"0px||40px||false|false\" top_divider_style=\"none\" top_divider_color=\"#f7f4eb\" top_divider_height=\"50px\" top_divider_flip=\"horizontal\" bottom_divider_height=\"50px\" background_last_edited=\"on|phone\" background_image_phone=\"https:\/\/reseaucompassionnetwork.ca\/wp-content\/uploads\/2023\/08\/Heart-and-Hand-BG-Mobile.png\" background_enable_image_phone=\"on\" background_position_phone=\"top_center\" global_colors_info=\"{}\"][et_pb_row _builder_version=\"4.17.3\" custom_margin=\"0px||0px||false|false\" custom_padding=\"0px||0px||false|false\" global_colors_info=\"{}\"][et_pb_column type=\"4_4\" _builder_version=\"4.16\" global_colors_info=\"{}\"][et_pb_post_title meta=\"off\" featured_image=\"off\" _builder_version=\"4.21.0\" title_text_color=\"#006699\" title_line_height=\"1.3em\" custom_margin=\"0px||0px||false|false\" custom_padding=\"0px|380px|0px||false|false\" custom_padding_tablet=\"|0px|||false|false\" custom_padding_phone=\"|0px|||false|false\" custom_padding_last_edited=\"on|tablet\" global_colors_info=\"{}\"][\/et_pb_post_title][\/et_pb_column][\/et_pb_row][et_pb_row column_structure=\"2_3,1_3\" _builder_version=\"4.16\" custom_padding=\"0px||25px||false|false\" global_colors_info=\"{}\"][et_pb_column type=\"2_3\" _builder_version=\"4.16\" global_colors_info=\"{}\"][et_pb_text _builder_version=\"4.27.2\" custom_margin=\"||-2px|||\" hover_enabled=\"0\" global_colors_info=\"{}\" sticky_enabled=\"0\"]\n<h2>Every day, R\u00e9seau Compassion Network brings together people inspired to serve Manitobans where the need is greatest. That\u2019s nearly 8,000 Manitobans working day after day across our family of 13 health, social, and human services agencies.<\/h2>\nTogether, we are moved by a spirit of love. From all faiths, traditions, and cultures, we identify unmet needs, find solutions, and put them into action. Because that\u2019s what community means to us.\n<h3>Responding from the Heart<\/h3>\nThrough our projects and initiatives and with our network members, R\u00e9seau Compassion Network serves Manitoba\u2019s most vulnerable\u2014people who suffer in many different ways, but are often overlooked:\n<ul>\n \t<li>People right here in our own communities<\/li>\n \t<li>People who are marginalized and can not be reached by the health and social services system<\/li>\n \t<li>People facing the <a href=\"https:\/\/reseaucompassionnetwork.ca\/what-is-complex-poverty\/\">complex challenges of poverty<\/a><\/li>\n<\/ul>\n<h3>Our Work<\/h3>\nFor many, the number one barrier to a better life is poverty\u2026 not just in terms of income, but also in their physical, mental and spiritual well-being. That\u2019s why we lead and support a wide range of programs and services:\n<div style=\"margin-top: -10px;\">\n<ul>\n \t<li>Low-income housing that is safe, affordable and welcoming<\/li>\n \t<li>Youth hubs that connect young people to a multitude of free, integrated services<\/li>\n \t<li>Transformational projects with Indigenous people in <a href=\"https:\/\/reseaucompassionnetwork.ca\/reconciliation\/\">support of reconciliation<\/a><\/li>\n \t<li>Long-term care that assists the elderly and those who have been underserved in the past<\/li>\n<\/ul>\n<\/div>\n[\/et_pb_text][\/et_pb_column][et_pb_column type=\"1_3\" _builder_version=\"4.16\" global_colors_info=\"{}\"][et_pb_image src=\"https:\/\/reseaucompassionnetwork.ca\/wp-content\/uploads\/2024\/12\/iStockTest-615604872.jpg\" alt=\"Youth and Counsellor Talking\" title_text=\"Beautiful Christmas toys come out to play\" _builder_version=\"4.27.2\" _module_preset=\"default\" box_shadow_style=\"preset5\" box_shadow_vertical=\"0px\" box_shadow_spread=\"20px\" box_shadow_color=\"#E6F0F5\" global_colors_info=\"{}\"][\/et_pb_image][et_pb_text _builder_version=\"4.27.2\" _module_preset=\"default\" text_text_color=\"#B92727\" text_font_size=\"20px\" text_line_height=\"1.8em\" header_2_line_height=\"1.2em\" background_color=\"#E6F0F5\" custom_margin=\"||0px||false|false\" custom_padding=\"||50px||false|false\" box_shadow_style=\"preset5\" box_shadow_vertical=\"0px\" box_shadow_spread=\"20px\" box_shadow_color=\"#E6F0F5\" locked=\"off\" global_colors_info=\"{}\"]\n<h2>You Can Help Someone Too<\/h2>\n<em>Make a difference with an act of kindness. Donate to our Christmas Hamper fund and help us fill the season with compassion.<\/em>\n\n[\/et_pb_text][et_pb_button button_url=\"https:\/\/www.zeffy.com\/en-CA\/donation-form\/1285429d-0852-435f-bbcd-fd31c848de2f\" url_new_window=\"on\" button_text=\"Donate Now\" _builder_version=\"4.27.2\" _module_preset=\"default\" custom_margin=\"-55px||55px||false|false\" locked=\"off\" global_colors_info=\"{}\"][\/et_pb_button][et_pb_text _builder_version=\"4.21.0\" _module_preset=\"default\" custom_margin=\"||0px||false|false\" custom_padding=\"||0px||false|false\" locked=\"off\" global_colors_info=\"{}\"]\n<h2>Stay Connected<\/h2>\nDon't miss updates about our events and new projects. Subscribe to our Compassion in Action newsletter today!\n\n[\/et_pb_text][et_pb_button button_url=\"http:\/\/eepurl.com\/hTFzN9\" url_new_window=\"on\" button_text=\"Subscribe\" _builder_version=\"4.27.2\" _module_preset=\"default\" custom_margin=\"||55px||false|false\" hover_enabled=\"0\" locked=\"off\" global_colors_info=\"{}\" sticky_enabled=\"0\"][\/et_pb_button][et_pb_text _builder_version=\"4.21.0\" _module_preset=\"default\" custom_margin=\"||0px||false|false\" custom_padding=\"||0px||false|false\" locked=\"off\" global_colors_info=\"{}\"]\n<h2>Follow Us<\/h2>\n[\/et_pb_text][et_pb_social_media_follow _builder_version=\"4.27.2\" _module_preset=\"default\" locked=\"off\" global_colors_info=\"{}\"][et_pb_social_media_follow_network social_network=\"facebook\" url=\"https:\/\/www.facebook.com\/ReseauCompassionNetwork\" _builder_version=\"4.21.0\" _module_preset=\"default\" background_color=\"#B92727\" background_enable_color=\"on\" global_colors_info=\"{}\" background__hover_enabled=\"on|hover\" background_color__hover=\"#006DA5\" background_enable_color__hover=\"on\" follow_button=\"off\" url_new_window=\"on\"]facebook[\/et_pb_social_media_follow_network][et_pb_social_media_follow_network social_network=\"instagram\" url=\"https:\/\/www.instagram.com\/reseaucompassionnetwork\/\" _builder_version=\"4.21.0\" _module_preset=\"default\" background_color=\"#B92727\" background_enable_color=\"on\" global_colors_info=\"{}\" background__hover_enabled=\"on|hover\" background_color__hover=\"#006DA5\" background_enable_color__hover=\"on\" follow_button=\"off\" url_new_window=\"on\"]instagram[\/et_pb_social_media_follow_network][et_pb_social_media_follow_network social_network=\"linkedin\" url=\"https:\/\/www.linkedin.com\/company\/r%C3%A9seau-compassion-network\/\" _builder_version=\"4.21.0\" _module_preset=\"default\" background_color=\"#B92727\" background_enable_color=\"on\" global_colors_info=\"{}\" background__hover_enabled=\"on|hover\" background_color__hover=\"#006DA5\" background_enable_color__hover=\"on\" follow_button=\"off\" url_new_window=\"on\"]linkedin[\/et_pb_social_media_follow_network][\/et_pb_social_media_follow][\/et_pb_column][\/et_pb_row][\/et_pb_section]","_et_gb_content_width":"","_monsterinsights_skip_tracking":false,"_monsterinsights_sitenote_active":false,"_monsterinsights_sitenote_note":"","_monsterinsights_sitenote_category":0,"footnotes":""},"class_list":["post-17390","page","type-page","status-publish","has-post-thumbnail","hentry"],"_links":{"self":[{"href":"https:\/\/reseaucompassionnetwork.ca\/fr\/wp-json\/wp\/v2\/pages\/17390","targetHints":{"allow":["GET"]}}],"collection":[{"href":"https:\/\/reseaucompassionnetwork.ca\/fr\/wp-json\/wp\/v2\/pages"}],"about":[{"href":"https:\/\/reseaucompassionnetwork.ca\/fr\/wp-json\/wp\/v2\/types\/page"}],"author":[{"embeddable":true,"href":"https:\/\/reseaucompassionnetwork.ca\/fr\/wp-json\/wp\/v2\/users\/126"}],"replies":[{"embeddable":true,"href":"https:\/\/reseaucompassionnetwork.ca\/fr\/wp-json\/wp\/v2\/comments?post=17390"}],"version-history":[{"count":19,"href":"https:\/\/reseaucompassionnetwork.ca\/fr\/wp-json\/wp\/v2\/pages\/17390\/revisions"}],"predecessor-version":[{"id":17565,"href":"https:\/\/reseaucompassionnetwork.ca\/fr\/wp-json\/wp\/v2\/pages\/17390\/revisions\/17565"}],"wp:featuredmedia":[{"embeddable":true,"href":"https:\/\/reseaucompassionnetwork.ca\/fr\/wp-json\/wp\/v2\/media\/10085"}],"wp:attachment":[{"href":"https:\/\/reseaucompassionnetwork.ca\/fr\/wp-json\/wp\/v2\/media?parent=17390"}],"curies":[{"name":"wp","href":"https:\/\/api.w.org\/{rel}","templated":true}]}}