

{"id":16662,"date":"2024-07-15T12:32:29","date_gmt":"2024-07-15T17:32:29","guid":{"rendered":"https:\/\/reseaucompassionnetwork.ca\/clan-mothers-copy\/"},"modified":"2025-08-13T09:36:08","modified_gmt":"2025-08-13T14:36:08","slug":"expansion-centre-flavie","status":"publish","type":"page","link":"https:\/\/reseaucompassionnetwork.ca\/fr\/expansion-centre-flavie\/","title":{"rendered":"Expansion Centre Flavie"},"content":{"rendered":"<p>[et_pb_section fb_built=\u00a0\u00bb1&Prime; fullwidth=\u00a0\u00bbon\u00a0\u00bb next_background_color=\u00a0\u00bb#ffffff\u00a0\u00bb _builder_version=\u00a0\u00bb4.16&Prime; background_image=\u00a0\u00bbhttps:\/\/reseaucompassionnetwork.ca\/wp-content\/uploads\/2022\/04\/header-imgs-about-new.jpg\u00a0\u00bb bottom_divider_style=\u00a0\u00bbwave2&Prime; bottom_divider_height=\u00a0\u00bb39px\u00a0\u00bb global_colors_info=\u00a0\u00bb{}\u00a0\u00bb][et_pb_fullwidth_post_title title=\u00a0\u00bboff\u00a0\u00bb meta=\u00a0\u00bboff\u00a0\u00bb featured_placement=\u00a0\u00bbbackground\u00a0\u00bb admin_label=\u00a0\u00bbchange featured image in post details\u00a0\u00bb _builder_version=\u00a0\u00bb4.16&Prime; background_color=\u00a0\u00bbrgba(0,0,0,0)\u00a0\u00bb use_background_color_gradient=\u00a0\u00bbon\u00a0\u00bb background_color_gradient_stops=\u00a0\u00bb#ffffff 0%|rgba(255,255,255,0) 50%\u00a0\u00bb background_color_gradient_overlays_image=\u00a0\u00bbon\u00a0\u00bb background_color_gradient_start=\u00a0\u00bb#ffffff\u00a0\u00bb background_color_gradient_end=\u00a0\u00bbrgba(255,255,255,0)\u00a0\u00bb background_color_gradient_end_position=\u00a0\u00bb50%\u00a0\u00bb global_colors_info=\u00a0\u00bb{}\u00a0\u00bb][\/et_pb_fullwidth_post_title][\/et_pb_section][et_pb_section fb_built=\u00a0\u00bb1&Prime; _builder_version=\u00a0\u00bb4.21.0&Prime; use_background_color_gradient=\u00a0\u00bbon\u00a0\u00bb background_color_gradient_stops=\u00a0\u00bb#ffffff 30%|#f0f6f9 99%\u00a0\u00bb background_enable_image=\u00a0\u00bboff\u00a0\u00bb background_size=\u00a0\u00bbinitial\u00a0\u00bb background_position=\u00a0\u00bbtop_center\u00a0\u00bb custom_padding=\u00a0\u00bb0px||40px||false|false\u00a0\u00bb top_divider_style=\u00a0\u00bbnone\u00a0\u00bb top_divider_color=\u00a0\u00bb#f7f4eb\u00a0\u00bb top_divider_height=\u00a0\u00bb50px\u00a0\u00bb top_divider_flip=\u00a0\u00bbhorizontal\u00a0\u00bb bottom_divider_height=\u00a0\u00bb50px\u00a0\u00bb background_last_edited=\u00a0\u00bbon|desktop\u00a0\u00bb background_enable_image_phone=\u00a0\u00bboff\u00a0\u00bb background_position_phone=\u00a0\u00bbtop_center\u00a0\u00bb global_colors_info=\u00a0\u00bb{}\u00a0\u00bb][et_pb_row column_structure=\u00a0\u00bb2_3,1_3&Prime; admin_label=\u00a0\u00bbPage Title Row\u00a0\u00bb _builder_version=\u00a0\u00bb4.16&Prime; custom_margin=\u00a0\u00bb0px||0px||false|false\u00a0\u00bb custom_padding=\u00a0\u00bb0px||0px||false|false\u00a0\u00bb global_colors_info=\u00a0\u00bb{}\u00a0\u00bb][et_pb_column type=\u00a0\u00bb2_3&Prime; _builder_version=\u00a0\u00bb4.16&Prime; global_colors_info=\u00a0\u00bb{}\u00a0\u00bb][et_pb_post_title meta=\u00a0\u00bboff\u00a0\u00bb featured_image=\u00a0\u00bboff\u00a0\u00bb admin_label=\u00a0\u00bbPage Title\u00a0\u00bb module_class=\u00a0\u00bbpage-title\u00a0\u00bb _builder_version=\u00a0\u00bb4.21.0&Prime; title_text_color=\u00a0\u00bb#006699&Prime; title_line_height=\u00a0\u00bb1.3em\u00a0\u00bb custom_margin=\u00a0\u00bb0px||0px||false|false\u00a0\u00bb custom_padding=\u00a0\u00bb0px||0px||false|false\u00a0\u00bb custom_padding_tablet=\u00a0\u00bb|0px|||false|false\u00a0\u00bb custom_padding_phone=\u00a0\u00bb|0px|||false|false\u00a0\u00bb custom_padding_last_edited=\u00a0\u00bboff|desktop\u00a0\u00bb global_colors_info=\u00a0\u00bb{}\u00a0\u00bb][\/et_pb_post_title][\/et_pb_column][et_pb_column type=\u00a0\u00bb1_3&Prime; _builder_version=\u00a0\u00bb4.16&Prime; global_colors_info=\u00a0\u00bb{}\u00a0\u00bb][\/et_pb_column][\/et_pb_row][et_pb_row column_structure=\u00a0\u00bb2_3,1_3&Prime; _builder_version=\u00a0\u00bb4.16&Prime; custom_padding=\u00a0\u00bb0px||50px||false|false\u00a0\u00bb global_colors_info=\u00a0\u00bb{}\u00a0\u00bb][et_pb_column type=\u00a0\u00bb2_3&Prime; _builder_version=\u00a0\u00bb4.16&Prime; global_colors_info=\u00a0\u00bb{}\u00a0\u00bb][et_pb_text _builder_version=\u00a0\u00bb4.23.1&Prime; quote_font=\u00a0\u00bb||||||||\u00a0\u00bb quote_font_size=\u00a0\u00bb25px\u00a0\u00bb custom_margin=\u00a0\u00bb0px||15px||false|false\u00a0\u00bb custom_padding=\u00a0\u00bb0px||0px||false|false\u00a0\u00bb hover_enabled=\u00a0\u00bb0&Prime; global_colors_info=\u00a0\u00bb{}\u00a0\u00bb sticky_enabled=\u00a0\u00bb0&Prime;]<\/p>\n<h2>Ce qui a commenc\u00e9 comme un projet secondaire pour deux s\u0153urs grises en 1979 est maintenant devenu un phare d&rsquo;espoir et de g\u00e9n\u00e9rosit\u00e9 \u00e0 Winnipeg. Depuis la distribution d&rsquo;articles \u00e0 partir de la maison provinciale des s\u0153urs jusqu&rsquo;\u00e0 la construction d&rsquo;une installation sp\u00e9cialis\u00e9e sur la rue Archibald en 2023, le Centre Flavie fournit gratuitement des articles m\u00e9nagers, de l\u2019ameublement, des v\u00eatements et des jouets depuis pr\u00e8s d&rsquo;un demi-si\u00e8cle.<\/h2>\n<p>Les temps ont chang\u00e9 au cours de ces d\u00e9cennies, mais les besoins de la communaut\u00e9 sont rest\u00e9s les m\u00eames, voire ont augment\u00e9. Lorsque le Centre Flavie a r\u00e9alis\u00e9 que son emplacement sur le boulevard Provencher n&rsquo;\u00e9tait plus assez grand pour r\u00e9pondre \u00e0 la demande, le R\u00e9seau Compassion Network a offert son soutien sous la forme d&rsquo;un consultant immobilier et d&rsquo;un gestionnaire de projet, Raymond Simard, ainsi que d&rsquo;une contribution financi\u00e8re de 550 000 $ pour lancer la campagne de financement.<\/p>\n<p>\u00ab\u00a0La contribution du R\u00e9seau Compassion Network envers la construction de notre nouvel emplacement nous a permis de nous concentrer sur l&rsquo;enrichissement de notre mission plut\u00f4t que sur la recherche constante de fonds, ce qui fait une \u00e9norme diff\u00e9rence\u00a0\u00bb, partage Gilbert Vielfaure, directeur g\u00e9n\u00e9ral du Centre Flavie. \u00ab\u00a0Les services fournis par Raymond nous ont permis d&rsquo;obtenir une qualit\u00e9 de construction sup\u00e9rieure, ce qui est synonyme de durabilit\u00e9, et nous permet d&rsquo;offrir les meilleurs services possibles aux gens qui font appel au Centre en temps de besoin.\u00a0\u00bb<\/p>\n<p>L&rsquo;entrep\u00f4t situ\u00e9 au 301, rue Archibald se trouve sur une ligne d&rsquo;autobus, ce qui permet aux clients d&rsquo;acc\u00e9der facilement \u00e0 l&rsquo;immeuble. L&rsquo;espace a une superficie de 13 000 pieds carr\u00e9s o\u00f9 plus de 100 familles par jour sont servies, et une puissante \u00e9quipe de b\u00e9n\u00e9voles trie et cat\u00e9gorise chaque article donn\u00e9 au Centre pour la distribution. En 2019, plus de 54 000 articles ont \u00e9t\u00e9 ramen\u00e9s \u00e0 la maison par les clients, un chiffre qui a d\u00e9finitivement augment\u00e9.<\/p>\n<p>\u00ab\u00a0Nous constatons un changement dans les populations qui utilisent nos services\u00a0\u00bb, admet M. Vielfaure. \u00ab\u00a0Il y a de plus en plus de familles en g\u00e9n\u00e9ral, mais aussi des immigrants, des r\u00e9fugi\u00e9s et des travailleurs pauvres. Les besoins sont importants, c&rsquo;est certain.\u00a0\u00bb<\/p>\n<p>C&rsquo;est pourquoi les contributions du R\u00e9seau Compassion Network ont fait une telle diff\u00e9rence pour la mission. \u00ab\u00a0Nous n&rsquo;aurions pas pu d\u00e9fendre nos id\u00e9aux et maintenir nos standards tout au long de ce projet de construction et d&#8217;emm\u00e9nagement sans le soutien du RCN\u00a0\u00bb, conclut M. Vielfaure. \u00ab\u00a0Leurs contributions ont fait la diff\u00e9rence entre un projet &lsquo;normal&rsquo; et un projet extraordinaire. Nous leur en sommes \u00e9ternellement reconnaissants.\u00a0\u00bb<\/p>\n<p>Pour en savoir plus sur le projet, veuillez consulter :<\/p>\n<ul>\n<li><a href=\"https:\/\/centreflavie.com\/\" target=\"_blank\" rel=\"noopener\">Le site Web du Centre Flavie<\/a><\/li>\n<li><a href=\"https:\/\/reseaucompassionnetwork.ca\/fr\/le-centre-flavie-inaugure-son-nouvel-espace\/\" target=\"_blank\" rel=\"noopener\">Le Centre Flavie inaugure son nouvel espace<\/a><\/li>\n<li><a href=\"https:\/\/youtu.be\/eWg-sF5Q3-0\" target=\"_blank\" rel=\"noopener\">Vid\u00e9o d\u00e9crivant le nouveau site et les nouvelles sources de revenus<\/a><\/li>\n<\/ul>\n<p>[\/et_pb_text][\/et_pb_column][et_pb_column type=\u00a0\u00bb1_3&Prime; _builder_version=\u00a0\u00bb4.16&Prime; global_colors_info=\u00a0\u00bb{}\u00a0\u00bb][et_pb_image src=\u00a0\u00bbhttps:\/\/reseaucompassionnetwork.ca\/wp-content\/uploads\/2023\/09\/Centre-Flavie-woman-looking-at-kids-clothes.jpg\u00a0\u00bb alt=\u00a0\u00bbWoman looking at kids clothes at Centre Flavie\u00a0\u00bb title_text=\u00a0\u00bbCentre-Flavie-woman-looking-at-kids-clothes\u00a0\u00bb _builder_version=\u00a0\u00bb4.23.1&Prime; _module_preset=\u00a0\u00bbdefault\u00a0\u00bb custom_margin=\u00a0\u00bb18px||||false|false\u00a0\u00bb hover_enabled=\u00a0\u00bb0&Prime; locked=\u00a0\u00bboff\u00a0\u00bb global_colors_info=\u00a0\u00bb{}\u00a0\u00bb sticky_enabled=\u00a0\u00bb0&Prime;][\/et_pb_image][et_pb_text _builder_version=\u00a0\u00bb4.23.1&Prime; _module_preset=\u00a0\u00bbdefault\u00a0\u00bb hover_enabled=\u00a0\u00bb0&Prime; global_colors_info=\u00a0\u00bb{}\u00a0\u00bb sticky_enabled=\u00a0\u00bb0&Prime;]<\/p>\n<p><img loading=\"lazy\" decoding=\"async\" src=\"https:\/\/reseaucompassionnetwork.ca\/wp-content\/uploads\/2021\/11\/Centre-Flavie-300x82.png\" width=\"300\" height=\"82\" alt=\"\" class=\"wp-image-8762 alignnone size-medium\" \/><\/p>\n<p>[\/et_pb_text][et_pb_image src=\u00a0\u00bbhttps:\/\/reseaucompassionnetwork.ca\/wp-content\/uploads\/2024\/07\/Gilbert.jpg\u00a0\u00bb _builder_version=\u00a0\u00bb4.23.1&Prime; _module_preset=\u00a0\u00bbdefault\u00a0\u00bb title_text=\u00a0\u00bbGilbert\u00a0\u00bb hover_enabled=\u00a0\u00bb0&Prime; sticky_enabled=\u00a0\u00bb0&Prime;][\/et_pb_image][et_pb_text _builder_version=\u00a0\u00bb4.23.1&Prime; _module_preset=\u00a0\u00bbdefault\u00a0\u00bb hover_enabled=\u00a0\u00bb0&Prime; sticky_enabled=\u00a0\u00bb0&Prime;]<\/p>\n<p><em>Gilbert Vielfaure, photographi\u00e9 lors de l&rsquo;ouverture officielle du nouvel espace du Centre Flavie sur la rue Archibald. \u00c0 ses c\u00f4t\u00e9s, Julie Turenne-Maynard, ancienne pr\u00e9sidente du conseil d&rsquo;administration, qui a jou\u00e9 un r\u00f4le d\u00e9terminant dans le succ\u00e8s de la campagne de financement.<\/em><\/p>\n<p>[\/et_pb_text][\/et_pb_column][\/et_pb_row][\/et_pb_section]<\/p>\n","protected":false},"excerpt":{"rendered":"<p>Ce qui a commenc\u00e9 comme un projet secondaire pour deux s\u0153urs grises en 1979 est maintenant devenu un phare d&rsquo;espoir et de g\u00e9n\u00e9rosit\u00e9 \u00e0 Winnipeg. Depuis la distribution d&rsquo;articles \u00e0 partir de la maison provinciale des s\u0153urs jusqu&rsquo;\u00e0 la construction d&rsquo;une installation sp\u00e9cialis\u00e9e sur la rue Archibald en 2023, le Centre Flavie fournit gratuitement des&hellip; <a class=\"continue\" href=\"https:\/\/reseaucompassionnetwork.ca\/fr\/expansion-centre-flavie\/\">Continue Reading<span> Expansion Centre Flavie<\/span><\/a><\/p>\n","protected":false},"author":4,"featured_media":10085,"parent":0,"menu_order":0,"comment_status":"closed","ping_status":"closed","template":"","meta":{"_et_pb_use_builder":"on","_et_pb_old_content":"","_et_gb_content_width":"","_monsterinsights_skip_tracking":false,"_monsterinsights_sitenote_active":false,"_monsterinsights_sitenote_note":"","_monsterinsights_sitenote_category":0,"footnotes":""},"class_list":["post-16662","page","type-page","status-publish","has-post-thumbnail","hentry"],"_links":{"self":[{"href":"https:\/\/reseaucompassionnetwork.ca\/fr\/wp-json\/wp\/v2\/pages\/16662","targetHints":{"allow":["GET"]}}],"collection":[{"href":"https:\/\/reseaucompassionnetwork.ca\/fr\/wp-json\/wp\/v2\/pages"}],"about":[{"href":"https:\/\/reseaucompassionnetwork.ca\/fr\/wp-json\/wp\/v2\/types\/page"}],"author":[{"embeddable":true,"href":"https:\/\/reseaucompassionnetwork.ca\/fr\/wp-json\/wp\/v2\/users\/4"}],"replies":[{"embeddable":true,"href":"https:\/\/reseaucompassionnetwork.ca\/fr\/wp-json\/wp\/v2\/comments?post=16662"}],"version-history":[{"count":4,"href":"https:\/\/reseaucompassionnetwork.ca\/fr\/wp-json\/wp\/v2\/pages\/16662\/revisions"}],"predecessor-version":[{"id":19970,"href":"https:\/\/reseaucompassionnetwork.ca\/fr\/wp-json\/wp\/v2\/pages\/16662\/revisions\/19970"}],"wp:featuredmedia":[{"embeddable":true,"href":"https:\/\/reseaucompassionnetwork.ca\/fr\/wp-json\/wp\/v2\/media\/10085"}],"wp:attachment":[{"href":"https:\/\/reseaucompassionnetwork.ca\/fr\/wp-json\/wp\/v2\/media?parent=16662"}],"curies":[{"name":"wp","href":"https:\/\/api.w.org\/{rel}","templated":true}]}}