

{"id":14991,"date":"2024-01-03T12:03:57","date_gmt":"2024-01-03T18:03:57","guid":{"rendered":"https:\/\/reseaucompassionnetwork.ca\/?page_id=14991"},"modified":"2024-02-12T13:16:59","modified_gmt":"2024-02-12T19:16:59","slug":"rcn-organisations-impact-dec","status":"publish","type":"page","link":"https:\/\/reseaucompassionnetwork.ca\/fr\/rcn-organisations-impact-dec\/","title":{"rendered":"Le Centre Flavie trouve une fa\u00e7on \u00ab\u00a0unique\u00a0\u00bb de lutter contre la pauvret\u00e9"},"content":{"rendered":"<p>[et_pb_section fb_built=\u00a0\u00bb1&Prime; fullwidth=\u00a0\u00bbon\u00a0\u00bb next_background_color=\u00a0\u00bb#ffffff\u00a0\u00bb _builder_version=\u00a0\u00bb4.16&Prime; background_image=\u00a0\u00bbhttps:\/\/reseaucompassionnetwork.ca\/wp-content\/uploads\/2022\/04\/header-imgs-about-new.jpg\u00a0\u00bb bottom_divider_style=\u00a0\u00bbwave2&Prime; bottom_divider_height=\u00a0\u00bb39px\u00a0\u00bb global_colors_info=\u00a0\u00bb{}\u00a0\u00bb][et_pb_fullwidth_post_title title=\u00a0\u00bboff\u00a0\u00bb meta=\u00a0\u00bboff\u00a0\u00bb featured_placement=\u00a0\u00bbbackground\u00a0\u00bb admin_label=\u00a0\u00bbchange featured image in post details\u00a0\u00bb _builder_version=\u00a0\u00bb4.16&Prime; background_color=\u00a0\u00bbrgba(0,0,0,0)\u00a0\u00bb use_background_color_gradient=\u00a0\u00bbon\u00a0\u00bb background_color_gradient_stops=\u00a0\u00bb#ffffff 0%|rgba(255,255,255,0) 50%\u00a0\u00bb background_color_gradient_overlays_image=\u00a0\u00bbon\u00a0\u00bb background_color_gradient_start=\u00a0\u00bb#ffffff\u00a0\u00bb background_color_gradient_end=\u00a0\u00bbrgba(255,255,255,0)\u00a0\u00bb background_color_gradient_end_position=\u00a0\u00bb50%\u00a0\u00bb global_colors_info=\u00a0\u00bb{}\u00a0\u00bb][\/et_pb_fullwidth_post_title][\/et_pb_section][et_pb_section fb_built=\u00a0\u00bb1&Prime; _builder_version=\u00a0\u00bb4.16&Prime; use_background_color_gradient=\u00a0\u00bbon\u00a0\u00bb background_color_gradient_stops=\u00a0\u00bb#ffffff 30%|#f0f6f9 99%\u00a0\u00bb background_image=\u00a0\u00bbhttps:\/\/reseaucompassionnetwork.ca\/wp-content\/uploads\/2023\/08\/Heart-and-Hand-BG.png\u00a0\u00bb background_size=\u00a0\u00bbinitial\u00a0\u00bb background_position=\u00a0\u00bbtop_center\u00a0\u00bb custom_padding=\u00a0\u00bb0px||40px||false|false\u00a0\u00bb top_divider_style=\u00a0\u00bbnone\u00a0\u00bb top_divider_color=\u00a0\u00bb#f7f4eb\u00a0\u00bb top_divider_height=\u00a0\u00bb50px\u00a0\u00bb top_divider_flip=\u00a0\u00bbhorizontal\u00a0\u00bb bottom_divider_height=\u00a0\u00bb50px\u00a0\u00bb background_last_edited=\u00a0\u00bbon|phone\u00a0\u00bb background_image_phone=\u00a0\u00bbhttps:\/\/reseaucompassionnetwork.ca\/wp-content\/uploads\/2023\/08\/Heart-and-Hand-BG-Mobile.png\u00a0\u00bb background_enable_image_phone=\u00a0\u00bbon\u00a0\u00bb background_position_phone=\u00a0\u00bbtop_center\u00a0\u00bb global_colors_info=\u00a0\u00bb{}\u00a0\u00bb][et_pb_row admin_label=\u00a0\u00bbPage Title Row\u00a0\u00bb _builder_version=\u00a0\u00bb4.16&Prime; custom_margin=\u00a0\u00bb0px||0px||false|false\u00a0\u00bb custom_padding=\u00a0\u00bb0px||0px||false|false\u00a0\u00bb global_colors_info=\u00a0\u00bb{}\u00a0\u00bb][et_pb_column type=\u00a0\u00bb4_4&Prime; _builder_version=\u00a0\u00bb4.16&Prime; global_colors_info=\u00a0\u00bb{}\u00a0\u00bb][et_pb_post_title meta=\u00a0\u00bboff\u00a0\u00bb featured_image=\u00a0\u00bboff\u00a0\u00bb admin_label=\u00a0\u00bbPage Title\u00a0\u00bb module_class=\u00a0\u00bbpage-title\u00a0\u00bb _builder_version=\u00a0\u00bb4.23.1&Prime; title_text_color=\u00a0\u00bb#006699&Prime; title_line_height=\u00a0\u00bb1.3em\u00a0\u00bb custom_margin=\u00a0\u00bb0px||0px||false|false\u00a0\u00bb custom_padding=\u00a0\u00bb0px|400px|0px||false|false\u00a0\u00bb custom_padding_tablet=\u00a0\u00bb|0px|||false|false\u00a0\u00bb custom_padding_phone=\u00a0\u00bb|0px|||false|false\u00a0\u00bb custom_padding_last_edited=\u00a0\u00bbon|phone\u00a0\u00bb global_colors_info=\u00a0\u00bb{}\u00a0\u00bb][\/et_pb_post_title][\/et_pb_column][\/et_pb_row][et_pb_row column_structure=\u00a0\u00bb2_3,1_3&Prime; _builder_version=\u00a0\u00bb4.16&Prime; custom_padding=\u00a0\u00bb0px||50px||false|false\u00a0\u00bb global_colors_info=\u00a0\u00bb{}\u00a0\u00bb][et_pb_column type=\u00a0\u00bb2_3&Prime; _builder_version=\u00a0\u00bb4.16&Prime; global_colors_info=\u00a0\u00bb{}\u00a0\u00bb][et_pb_text _builder_version=\u00a0\u00bb4.23.1&Prime; quote_font=\u00a0\u00bb||||||||\u00a0\u00bb quote_font_size=\u00a0\u00bb25px\u00a0\u00bb custom_margin=\u00a0\u00bb0px||5px||false|false\u00a0\u00bb custom_padding=\u00a0\u00bb||0px||false|false\u00a0\u00bb global_colors_info=\u00a0\u00bb{}\u00a0\u00bb]<\/p>\n<h2>R\u00e9seau Compassion Network est responsable d&rsquo;une famille de 13 agences de sant\u00e9, de services sociaux et de services \u00e0 la personne, et l&rsquo;une de nos organisations a besoin de votre appui.<\/h2>\n<p>Afin de mieux soutenir les gens qui franchissent leurs portes en temps de besoin chaque jour, le Centre Flavie aide jusqu&rsquo;\u00e0 100 familles vuln\u00e9rables aui tentent de joindre les deux bouts.<\/p>\n<p>Le Centre Flavie apporte r\u00e9confort et soutien aux personnes d\u00e9munies et vuln\u00e9rables en distribuant gratuitement des biens mat\u00e9riels. Pour ce faire, le Centre accepte des milliers de dons chaque ann\u00e9e et redistribue des meubles, des appareils \u00e9lectrom\u00e9nagers, des articles m\u00e9nagers et des v\u00eatements aux personnes dans le besoin.<\/p>\n<p><img loading=\"lazy\" decoding=\"async\" src=\"https:\/\/reseaucompassionnetwork.ca\/wp-content\/uploads\/2021\/11\/Centre-Flavie-300x82.png\" width=\"195\" height=\"49\" alt=\"\" class=\"wp-image-8761 aligncenter size-medium\" style=\"float: left; padding-right: 20px; padding-bottom: 15px; padding-top: 15px;\" \/><\/p>\n<p>Pour amasser les fonds n\u00e9cessaires \u00e0 la r\u00e9alisation de ses objectifs, le Centre Flavie a cr\u00e9\u00e9 <strong>Boutique Unique<\/strong>, une boutique en ligne de produits de style <em>vintage<\/em> et d&rsquo;occasion qui propose chaque mois une vente aux ench\u00e8res de produits de toute sorte!<\/p>\n<p>Le Centre Flavie et sa Boutique Unique travaillent comme alli\u00e9s dans la lutte contre la pauvret\u00e9, afin que les plus vuln\u00e9rables puissent vivre dans la dignit\u00e9.<\/p>\n<p>[\/et_pb_text][et_pb_divider _builder_version=\u00a0\u00bb4.23.1&Prime; _module_preset=\u00a0\u00bbdefault\u00a0\u00bb custom_margin=\u00a0\u00bb||0px||false|false\u00a0\u00bb global_colors_info=\u00a0\u00bb{}\u00a0\u00bb][\/et_pb_divider][et_pb_text _builder_version=\u00a0\u00bb4.23.1&Prime; _module_preset=\u00a0\u00bbdefault\u00a0\u00bb hover_enabled=\u00a0\u00bb0&Prime; global_colors_info=\u00a0\u00bb{}\u00a0\u00bb sticky_enabled=\u00a0\u00bb0&Prime;]<\/p>\n<h3>Pour en savoir plus sur le Centre Flavie, ou pour participer \u00e0 la prochaine vente aux ench\u00e8res de Boutique Unique, magasinez <span style=\"text-decoration: underline;\"><a href=\"https:\/\/shopboutiqueunique.com\/fr\/notre-histoire\/\" target=\"_blank\" rel=\"noopener\">Boutique Unique | Centre Flavie<\/a><\/span>.<\/h3>\n<p>[\/et_pb_text][\/et_pb_column][et_pb_column type=\u00a0\u00bb1_3&Prime; _builder_version=\u00a0\u00bb4.16&Prime; global_colors_info=\u00a0\u00bb{}\u00a0\u00bb][et_pb_image src=\u00a0\u00bbhttps:\/\/reseaucompassionnetwork.ca\/wp-content\/uploads\/2023\/09\/Centre-Flavie-woman-looking-at-kids-clothes.jpg\u00a0\u00bb alt=\u00a0\u00bbWoman looking at kids clothes at Centre Flavie\u00a0\u00bb title_text=\u00a0\u00bbCentre-Flavie-woman-looking-at-kids-clothes\u00a0\u00bb _builder_version=\u00a0\u00bb4.23.1&Prime; _module_preset=\u00a0\u00bbdefault\u00a0\u00bb global_colors_info=\u00a0\u00bb{}\u00a0\u00bb][\/et_pb_image][et_pb_text _builder_version=\u00a0\u00bb4.23.1&Prime; _module_preset=\u00a0\u00bbdefault\u00a0\u00bb text_text_color=\u00a0\u00bb#006DA5&Prime; text_font_size=\u00a0\u00bb18px\u00a0\u00bb text_line_height=\u00a0\u00bb2em\u00a0\u00bb global_colors_info=\u00a0\u00bb{}\u00a0\u00bb]<\/p>\n<p><em>Le R\u00e9seau Compassion Network et ses organisations membres sont fiers de faire partie de la communaut\u00e9 dans laquelle ils travaillent. Nous sommes convaincus que nous pouvons avoir un impact significatif sur la vie des gens.<\/em><\/p>\n<p>[\/et_pb_text][et_pb_text _builder_version=\u00a0\u00bb4.23.1&Prime; _module_preset=\u00a0\u00bbdefault\u00a0\u00bb custom_margin=\u00a0\u00bb||0px||false|false\u00a0\u00bb custom_padding=\u00a0\u00bb||0px||false|false\u00a0\u00bb locked=\u00a0\u00bboff\u00a0\u00bb global_colors_info=\u00a0\u00bb{}\u00a0\u00bb]<\/p>\n<h2>Restez connect\u00e9<\/h2>\n<p>Ne manquez pas les mises \u00e0 jour concernant nos \u00e9v\u00e8nements et nos nouveaux projets. Abonnez-vous \u00e0 notre bulletin \u00e9lectronique Compassion en action d\u00e8s aujourd\u2019hui![\/et_pb_text][et_pb_button button_url=\u00a0\u00bbhttp:\/\/eepurl.com\/hTFzN9&Prime; url_new_window=\u00a0\u00bbon\u00a0\u00bb button_text=\u00a0\u00bbS&rsquo;abonner\u00a0\u00bb _builder_version=\u00a0\u00bb4.21.0&Prime; _module_preset=\u00a0\u00bbdefault\u00a0\u00bb custom_margin=\u00a0\u00bb||55px||false|false\u00a0\u00bb locked=\u00a0\u00bboff\u00a0\u00bb global_colors_info=\u00a0\u00bb{}\u00a0\u00bb][\/et_pb_button][et_pb_text _builder_version=\u00a0\u00bb4.21.0&Prime; _module_preset=\u00a0\u00bbdefault\u00a0\u00bb custom_margin=\u00a0\u00bb||0px||false|false\u00a0\u00bb custom_padding=\u00a0\u00bb||0px||false|false\u00a0\u00bb locked=\u00a0\u00bboff\u00a0\u00bb global_colors_info=\u00a0\u00bb{}\u00a0\u00bb]<\/p>\n<h2>Suivez-nous<\/h2>\n<p>[\/et_pb_text][et_pb_social_media_follow _builder_version=\u00a0\u00bb4.21.0&Prime; _module_preset=\u00a0\u00bbdefault\u00a0\u00bb locked=\u00a0\u00bboff\u00a0\u00bb global_colors_info=\u00a0\u00bb{}\u00a0\u00bb][et_pb_social_media_follow_network social_network=\u00a0\u00bbfacebook\u00a0\u00bb url=\u00a0\u00bbhttps:\/\/www.facebook.com\/ReseauCompassionNetwork\u00a0\u00bb _builder_version=\u00a0\u00bb4.21.0&Prime; _module_preset=\u00a0\u00bbdefault\u00a0\u00bb background_color=\u00a0\u00bb#B92727&Prime; background_enable_color=\u00a0\u00bbon\u00a0\u00bb global_colors_info=\u00a0\u00bb{}\u00a0\u00bb background__hover_enabled=\u00a0\u00bbon|hover\u00a0\u00bb background_color__hover=\u00a0\u00bb#006DA5&Prime; background_enable_color__hover=\u00a0\u00bbon\u00a0\u00bb follow_button=\u00a0\u00bboff\u00a0\u00bb url_new_window=\u00a0\u00bbon\u00a0\u00bb]facebook[\/et_pb_social_media_follow_network][et_pb_social_media_follow_network social_network=\u00a0\u00bbtwitter\u00a0\u00bb url=\u00a0\u00bbhttps:\/\/twitter.com\/RCompassionN\u00a0\u00bb _builder_version=\u00a0\u00bb4.21.0&Prime; _module_preset=\u00a0\u00bbdefault\u00a0\u00bb background_color=\u00a0\u00bb#B92727&Prime; background_enable_color=\u00a0\u00bbon\u00a0\u00bb global_colors_info=\u00a0\u00bb{}\u00a0\u00bb background__hover_enabled=\u00a0\u00bbon|hover\u00a0\u00bb background_color__hover=\u00a0\u00bb#006DA5&Prime; background_enable_color__hover=\u00a0\u00bbon\u00a0\u00bb follow_button=\u00a0\u00bboff\u00a0\u00bb url_new_window=\u00a0\u00bbon\u00a0\u00bb]twitter[\/et_pb_social_media_follow_network][et_pb_social_media_follow_network social_network=\u00a0\u00bbinstagram\u00a0\u00bb url=\u00a0\u00bbhttps:\/\/www.instagram.com\/reseaucompassionnetwork\/\u00a0\u00bb _builder_version=\u00a0\u00bb4.21.0&Prime; _module_preset=\u00a0\u00bbdefault\u00a0\u00bb background_color=\u00a0\u00bb#B92727&Prime; background_enable_color=\u00a0\u00bbon\u00a0\u00bb global_colors_info=\u00a0\u00bb{}\u00a0\u00bb background__hover_enabled=\u00a0\u00bbon|hover\u00a0\u00bb background_color__hover=\u00a0\u00bb#006DA5&Prime; background_enable_color__hover=\u00a0\u00bbon\u00a0\u00bb follow_button=\u00a0\u00bboff\u00a0\u00bb url_new_window=\u00a0\u00bbon\u00a0\u00bb]instagram[\/et_pb_social_media_follow_network][et_pb_social_media_follow_network social_network=\u00a0\u00bblinkedin\u00a0\u00bb url=\u00a0\u00bbhttps:\/\/www.linkedin.com\/company\/r%C3%A9seau-compassion-network\/\u00a0\u00bb _builder_version=\u00a0\u00bb4.21.0&Prime; _module_preset=\u00a0\u00bbdefault\u00a0\u00bb background_color=\u00a0\u00bb#B92727&Prime; background_enable_color=\u00a0\u00bbon\u00a0\u00bb global_colors_info=\u00a0\u00bb{}\u00a0\u00bb background__hover_enabled=\u00a0\u00bbon|hover\u00a0\u00bb background_color__hover=\u00a0\u00bb#006DA5&Prime; background_enable_color__hover=\u00a0\u00bbon\u00a0\u00bb follow_button=\u00a0\u00bboff\u00a0\u00bb url_new_window=\u00a0\u00bbon\u00a0\u00bb]linkedin[\/et_pb_social_media_follow_network][\/et_pb_social_media_follow][\/et_pb_column][\/et_pb_row][\/et_pb_section]<\/p>\n","protected":false},"excerpt":{"rendered":"<p>R\u00e9seau Compassion Network est responsable d&rsquo;une famille de 13 agences de sant\u00e9, de services sociaux et de services \u00e0 la personne, et l&rsquo;une de nos organisations a besoin de votre appui. Afin de mieux soutenir les gens qui franchissent leurs portes en temps de besoin chaque jour, le Centre Flavie aide jusqu&rsquo;\u00e0 100 familles vuln\u00e9rables&hellip; <a class=\"continue\" href=\"https:\/\/reseaucompassionnetwork.ca\/fr\/rcn-organisations-impact-dec\/\">Continue Reading<span> Le Centre Flavie trouve une fa\u00e7on \u00ab\u00a0unique\u00a0\u00bb de lutter contre la pauvret\u00e9<\/span><\/a><\/p>\n","protected":false},"author":126,"featured_media":0,"parent":0,"menu_order":0,"comment_status":"closed","ping_status":"closed","template":"","meta":{"_et_pb_use_builder":"on","_et_pb_old_content":"","_et_gb_content_width":"","_monsterinsights_skip_tracking":false,"_monsterinsights_sitenote_active":false,"_monsterinsights_sitenote_note":"","_monsterinsights_sitenote_category":0,"footnotes":""},"class_list":["post-14991","page","type-page","status-publish","hentry"],"_links":{"self":[{"href":"https:\/\/reseaucompassionnetwork.ca\/fr\/wp-json\/wp\/v2\/pages\/14991","targetHints":{"allow":["GET"]}}],"collection":[{"href":"https:\/\/reseaucompassionnetwork.ca\/fr\/wp-json\/wp\/v2\/pages"}],"about":[{"href":"https:\/\/reseaucompassionnetwork.ca\/fr\/wp-json\/wp\/v2\/types\/page"}],"author":[{"embeddable":true,"href":"https:\/\/reseaucompassionnetwork.ca\/fr\/wp-json\/wp\/v2\/users\/126"}],"replies":[{"embeddable":true,"href":"https:\/\/reseaucompassionnetwork.ca\/fr\/wp-json\/wp\/v2\/comments?post=14991"}],"version-history":[{"count":12,"href":"https:\/\/reseaucompassionnetwork.ca\/fr\/wp-json\/wp\/v2\/pages\/14991\/revisions"}],"predecessor-version":[{"id":15510,"href":"https:\/\/reseaucompassionnetwork.ca\/fr\/wp-json\/wp\/v2\/pages\/14991\/revisions\/15510"}],"wp:attachment":[{"href":"https:\/\/reseaucompassionnetwork.ca\/fr\/wp-json\/wp\/v2\/media?parent=14991"}],"curies":[{"name":"wp","href":"https:\/\/api.w.org\/{rel}","templated":true}]}}