

{"id":13970,"date":"2023-10-16T12:22:33","date_gmt":"2023-10-16T17:22:33","guid":{"rendered":"https:\/\/reseaucompassionnetwork.ca\/?page_id=13970"},"modified":"2026-01-13T14:58:16","modified_gmt":"2026-01-13T20:58:16","slug":"mclaren-hotel","status":"publish","type":"page","link":"https:\/\/reseaucompassionnetwork.ca\/fr\/mclaren-hotel\/","title":{"rendered":"McLaren Hotel"},"content":{"rendered":"<p>[et_pb_section fb_built=\u00a0\u00bb1&Prime; fullwidth=\u00a0\u00bbon\u00a0\u00bb next_background_color=\u00a0\u00bb#ffffff\u00a0\u00bb _builder_version=\u00a0\u00bb4.16&Prime; background_image=\u00a0\u00bbhttps:\/\/reseaucompassionnetwork.ca\/wp-content\/uploads\/2022\/04\/header-imgs-about-new.jpg\u00a0\u00bb bottom_divider_style=\u00a0\u00bbwave2&Prime; bottom_divider_height=\u00a0\u00bb39px\u00a0\u00bb global_colors_info=\u00a0\u00bb{}\u00a0\u00bb][et_pb_fullwidth_post_title title=\u00a0\u00bboff\u00a0\u00bb meta=\u00a0\u00bboff\u00a0\u00bb featured_placement=\u00a0\u00bbbackground\u00a0\u00bb admin_label=\u00a0\u00bbchange featured image in post details\u00a0\u00bb _builder_version=\u00a0\u00bb4.16&Prime; background_color=\u00a0\u00bbrgba(0,0,0,0)\u00a0\u00bb use_background_color_gradient=\u00a0\u00bbon\u00a0\u00bb background_color_gradient_stops=\u00a0\u00bb#ffffff 0%|rgba(255,255,255,0) 50%\u00a0\u00bb background_color_gradient_overlays_image=\u00a0\u00bbon\u00a0\u00bb background_color_gradient_start=\u00a0\u00bb#ffffff\u00a0\u00bb background_color_gradient_end=\u00a0\u00bbrgba(255,255,255,0)\u00a0\u00bb background_color_gradient_end_position=\u00a0\u00bb50%\u00a0\u00bb global_colors_info=\u00a0\u00bb{}\u00a0\u00bb][\/et_pb_fullwidth_post_title][\/et_pb_section][et_pb_section fb_built=\u00a0\u00bb1&Prime; _builder_version=\u00a0\u00bb4.21.0&Prime; use_background_color_gradient=\u00a0\u00bbon\u00a0\u00bb background_color_gradient_stops=\u00a0\u00bb#ffffff 30%|#f0f6f9 99%\u00a0\u00bb background_enable_image=\u00a0\u00bboff\u00a0\u00bb background_size=\u00a0\u00bbinitial\u00a0\u00bb background_position=\u00a0\u00bbtop_center\u00a0\u00bb custom_padding=\u00a0\u00bb0px||40px||false|false\u00a0\u00bb top_divider_style=\u00a0\u00bbnone\u00a0\u00bb top_divider_color=\u00a0\u00bb#f7f4eb\u00a0\u00bb top_divider_height=\u00a0\u00bb50px\u00a0\u00bb top_divider_flip=\u00a0\u00bbhorizontal\u00a0\u00bb bottom_divider_height=\u00a0\u00bb50px\u00a0\u00bb background_last_edited=\u00a0\u00bbon|desktop\u00a0\u00bb background_enable_image_phone=\u00a0\u00bboff\u00a0\u00bb background_position_phone=\u00a0\u00bbtop_center\u00a0\u00bb global_colors_info=\u00a0\u00bb{}\u00a0\u00bb][et_pb_row column_structure=\u00a0\u00bb2_3,1_3&Prime; admin_label=\u00a0\u00bbPage Title Row\u00a0\u00bb _builder_version=\u00a0\u00bb4.16&Prime; custom_margin=\u00a0\u00bb0px||0px||false|false\u00a0\u00bb custom_padding=\u00a0\u00bb0px||0px||false|false\u00a0\u00bb global_colors_info=\u00a0\u00bb{}\u00a0\u00bb][et_pb_column type=\u00a0\u00bb2_3&Prime; _builder_version=\u00a0\u00bb4.16&Prime; global_colors_info=\u00a0\u00bb{}\u00a0\u00bb][et_pb_post_title meta=\u00a0\u00bboff\u00a0\u00bb featured_image=\u00a0\u00bboff\u00a0\u00bb admin_label=\u00a0\u00bbPage Title\u00a0\u00bb module_class=\u00a0\u00bbpage-title\u00a0\u00bb _builder_version=\u00a0\u00bb4.21.0&Prime; title_text_color=\u00a0\u00bb#006699&Prime; title_line_height=\u00a0\u00bb1.3em\u00a0\u00bb custom_margin=\u00a0\u00bb0px||0px||false|false\u00a0\u00bb custom_padding=\u00a0\u00bb0px||0px||false|false\u00a0\u00bb custom_padding_tablet=\u00a0\u00bb|0px|||false|false\u00a0\u00bb custom_padding_phone=\u00a0\u00bb|0px|||false|false\u00a0\u00bb custom_padding_last_edited=\u00a0\u00bboff|desktop\u00a0\u00bb global_colors_info=\u00a0\u00bb{}\u00a0\u00bb][\/et_pb_post_title][\/et_pb_column][et_pb_column type=\u00a0\u00bb1_3&Prime; _builder_version=\u00a0\u00bb4.16&Prime; global_colors_info=\u00a0\u00bb{}\u00a0\u00bb][\/et_pb_column][\/et_pb_row][et_pb_row column_structure=\u00a0\u00bb2_3,1_3&Prime; _builder_version=\u00a0\u00bb4.16&Prime; custom_padding=\u00a0\u00bb0px||50px||false|false\u00a0\u00bb global_colors_info=\u00a0\u00bb{}\u00a0\u00bb][et_pb_column type=\u00a0\u00bb2_3&Prime; _builder_version=\u00a0\u00bb4.16&Prime; global_colors_info=\u00a0\u00bb{}\u00a0\u00bb][et_pb_text _builder_version=\u00a0\u00bb4.27.4&Prime; quote_font=\u00a0\u00bb||||||||\u00a0\u00bb quote_font_size=\u00a0\u00bb25px\u00a0\u00bb custom_margin=\u00a0\u00bb0px||15px||false|false\u00a0\u00bb custom_padding=\u00a0\u00bb0px||0px||false|false\u00a0\u00bb global_colors_info=\u00a0\u00bb{}\u00a0\u00bb]<\/p>\n<h2>R\u00e9seau Compassion Network a fi\u00e8rement appuy\u00e9 le d\u00e9veloppement de plans et d\u2019un mod\u00e8le de cohabitation pour les r\u00e9sident.e.s de l\u2019H\u00f4tel McLaren, ainsi que d\u2019\u00e9tudes de faisabilit\u00e9 pour la r\u00e9novation du b\u00e2timent en pi\u00e8tre \u00e9tat qui abrite 150 personnes ayant besoin d\u2019un logement abordable.<\/h2>\n<p>Construit en 1910 et rarement r\u00e9nov\u00e9, les conditions de vie y sont devenues tout simplement inacceptables. Les locataires de l\u2019immeuble disposent d\u2019une petite chambre priv\u00e9e et d\u2019une salle de bain et d\u2019une cuisine communes par \u00e9tage.<\/p>\n<p>Lorsque des inqui\u00e9tudes ont \u00e9t\u00e9 exprim\u00e9es concernant les conditions de vie et l\u2019\u00e9tat de l\u2019immeuble, le propri\u00e9taire a expliqu\u00e9 qu\u2019il craignait qu\u2019une r\u00e9novation de grande envergure n\u2019entra\u00eene le d\u00e9part des locataires en raison d\u2019une augmentation subs\u00e9quente des loyers. Dans de nombreux cas, les locataires n\u2019auraient pas d\u2019autre endroit o\u00f9 aller. Pour beaucoup d\u2019entre eux, le choix est entre cet ancien h\u00f4tel d\u00e9labr\u00e9 ou la rue.<\/p>\n<p>Apr\u00e8s de nombreuses discussions, l\u2019<em>Equal Housing\u00a0Initiative<\/em> a mis sur pied un partenariat impliquant de nombreuses organisations \u00e0 but non lucratif travaillant dans le secteur, qui ont cr\u00e9\u00e9 ensemble un plan pour r\u00e9nover le b\u00e2timent tout en garantissant des loyers abordables, et ce en s\u2019assurant que les locataires ne perdront pas leur logement. R\u00e9seau Compassion Network a contribu\u00e9 au financement d\u2019une partie des \u00e9tudes de faisabilit\u00e9 initiales pour lancer le projet.<\/p>\n<p>\u00ab\u00a0Nous disposons maintenant de plans d\u2019\u00e9tage et de dessins architecturaux, qui ont \u00e9t\u00e9 cr\u00e9\u00e9s avec l\u2019aide des locataires eux-m\u00eames, explique Daniel Lussier, directeur g\u00e9n\u00e9ral du R\u00e9seau Compassion Network. Par exemple, ils ont indiqu\u00e9 qu\u2019ils appr\u00e9cieraient avoir leur propre salle de bain, mais qu\u2019ils pr\u00e9f\u00e9raient les cuisines communes. Les espaces de rassemblement et une r\u00e9ception accueillante sont \u00e9galement d\u2019importants facteurs, et ils ont \u00e9galement \u00e9t\u00e9 r\u00e9fl\u00e9chi avec les r\u00e9sidents. Leur autonomie et leur dignit\u00e9 passent avant tout. C\u2019est leur maison, et ils m\u00e9ritent d\u2019avoir leur mot \u00e0 dire dans sa cr\u00e9ation.\u00a0\u00bb<\/p>\n<p>Dans l\u2019attente que le projet soit approuv\u00e9 par la Soci\u00e9t\u00e9 canadienne d\u2019hypoth\u00e8que et du logement, nous n\u2019avons pas h\u00e9sit\u00e9 \u00e0 nous lancer dans l\u2019action ! Notre membre Sara Riel a \u00e9tendu ses services aux r\u00e9sident.e.s de l\u2019H\u00f4tel McLaren. Avec une population qui change souvent, l\u2019immeuble a \u00e9t\u00e9 identifi\u00e9 comme un endroit o\u00f9 un soutien en travail social pourrait avoir un impact significatif.<\/p>\n<p><img loading=\"lazy\" decoding=\"async\" src=\"https:\/\/reseaucompassionnetwork.ca\/wp-content\/uploads\/2023\/10\/Mclaren-Hotel-Old-Pic-300x215.jpg\" width=\"300\" height=\"215\" alt=\"Mclaren Hotel-Old Picture\" class=\"wp-image-13823 alignleft size-medium\" \/><\/p>\n<p>Une petite \u00e9quipe d\u2019\u00e9tudiant.e.s en travail social, dirig\u00e9e par une conseill\u00e8re en sant\u00e9 mentale et gestionnaire de cas pour Sara Riel, a commenc\u00e9 \u00e0 \u00e9tablir des relations avec les r\u00e9sident.e.s. L\u2019\u00e9quipe les rencontre l\u00e0 o\u00f9 ils en sont ; les services de soutien propos\u00e9s sont tr\u00e8s personnalis\u00e9s et facultatifs, car on reconna\u00eet que de nombreux r\u00e9sident.e.s se sentent un peu laiss\u00e9s pour compte ou oubli\u00e9s. Le groupe coordonne des ateliers sur la nutrition, des cliniques m\u00e9dicales pour les vaccinations, et agit en tant qu\u2019assistant social lorsque les r\u00e9sidents ne sont pas en mesure de communiquer avec l\u2019assistant qui leur a \u00e9t\u00e9 assign\u00e9.<\/p>\n<ul>\n<li><span style=\"font-size: 16px;\"><\/span><a href=\"https:\/\/reseaucompassionnetwork.ca\/fr\/soutenir-les-residents-de-lhotel-mclaren\/\" target=\"_blank\" rel=\"noopener\" style=\"font-size: 16px;\">Un article \u00e9crit par R\u00e9seau Compassion Network : Soutenir les r\u00e9sidents de l&rsquo;h\u00f4tel McLaren<\/a><\/li>\n<\/ul>\n<p>[\/et_pb_text][\/et_pb_column][et_pb_column type=\u00a0\u00bb1_3&Prime; _builder_version=\u00a0\u00bb4.16&Prime; global_colors_info=\u00a0\u00bb{}\u00a0\u00bb][et_pb_image src=\u00a0\u00bbhttps:\/\/reseaucompassionnetwork.ca\/wp-content\/uploads\/2023\/09\/Mclaren-Hotel-Sidebar-Render.jpg\u00a0\u00bb alt=\u00a0\u00bbMcLaren Hotel Render\u00a0\u00bb title_text=\u00a0\u00bbMcLaren Hotel Render\u00a0\u00bb _builder_version=\u00a0\u00bb4.21.0&Prime; _module_preset=\u00a0\u00bbdefault\u00a0\u00bb custom_margin=\u00a0\u00bb18px||||false|false\u00a0\u00bb locked=\u00a0\u00bboff\u00a0\u00bb global_colors_info=\u00a0\u00bb{}\u00a0\u00bb][\/et_pb_image][et_pb_text _builder_version=\u00a0\u00bb4.23.1&Prime; _module_preset=\u00a0\u00bbdefault\u00a0\u00bb global_colors_info=\u00a0\u00bb{}\u00a0\u00bb]<\/p>\n<p><img loading=\"lazy\" decoding=\"async\" src=\"https:\/\/reseaucompassionnetwork.ca\/wp-content\/uploads\/2023\/10\/Mclaren-Hotel-Equal-Housing-Initiative-Logo.png\" width=\"286\" height=\"117\" alt=\"Equal Housing Initiative Logo\" class=\"wp-image-13820 alignleft size-full\" \/><\/p>\n<p>[\/et_pb_text][\/et_pb_column][\/et_pb_row][\/et_pb_section]<\/p>\n","protected":false},"excerpt":{"rendered":"<p>R\u00e9seau Compassion Network a fi\u00e8rement appuy\u00e9 le d\u00e9veloppement de plans et d\u2019un mod\u00e8le de cohabitation pour les r\u00e9sident.e.s de l\u2019H\u00f4tel McLaren, ainsi que d\u2019\u00e9tudes de faisabilit\u00e9 pour la r\u00e9novation du b\u00e2timent en pi\u00e8tre \u00e9tat qui abrite 150 personnes ayant besoin d\u2019un logement abordable. Construit en 1910 et rarement r\u00e9nov\u00e9, les conditions de vie y sont&hellip; <a class=\"continue\" href=\"https:\/\/reseaucompassionnetwork.ca\/fr\/mclaren-hotel\/\">Continue Reading<span> McLaren Hotel<\/span><\/a><\/p>\n","protected":false},"author":126,"featured_media":10085,"parent":0,"menu_order":0,"comment_status":"closed","ping_status":"closed","template":"","meta":{"_et_pb_use_builder":"on","_et_pb_old_content":"","_et_gb_content_width":"","_monsterinsights_skip_tracking":false,"_monsterinsights_sitenote_active":false,"_monsterinsights_sitenote_note":"","_monsterinsights_sitenote_category":0,"footnotes":""},"class_list":["post-13970","page","type-page","status-publish","has-post-thumbnail","hentry"],"_links":{"self":[{"href":"https:\/\/reseaucompassionnetwork.ca\/fr\/wp-json\/wp\/v2\/pages\/13970","targetHints":{"allow":["GET"]}}],"collection":[{"href":"https:\/\/reseaucompassionnetwork.ca\/fr\/wp-json\/wp\/v2\/pages"}],"about":[{"href":"https:\/\/reseaucompassionnetwork.ca\/fr\/wp-json\/wp\/v2\/types\/page"}],"author":[{"embeddable":true,"href":"https:\/\/reseaucompassionnetwork.ca\/fr\/wp-json\/wp\/v2\/users\/126"}],"replies":[{"embeddable":true,"href":"https:\/\/reseaucompassionnetwork.ca\/fr\/wp-json\/wp\/v2\/comments?post=13970"}],"version-history":[{"count":7,"href":"https:\/\/reseaucompassionnetwork.ca\/fr\/wp-json\/wp\/v2\/pages\/13970\/revisions"}],"predecessor-version":[{"id":21853,"href":"https:\/\/reseaucompassionnetwork.ca\/fr\/wp-json\/wp\/v2\/pages\/13970\/revisions\/21853"}],"wp:featuredmedia":[{"embeddable":true,"href":"https:\/\/reseaucompassionnetwork.ca\/fr\/wp-json\/wp\/v2\/media\/10085"}],"wp:attachment":[{"href":"https:\/\/reseaucompassionnetwork.ca\/fr\/wp-json\/wp\/v2\/media?parent=13970"}],"curies":[{"name":"wp","href":"https:\/\/api.w.org\/{rel}","templated":true}]}}