

{"id":13958,"date":"2023-10-16T11:56:37","date_gmt":"2023-10-16T16:56:37","guid":{"rendered":"https:\/\/reseaucompassionnetwork.ca\/?page_id=13958"},"modified":"2024-04-30T15:42:25","modified_gmt":"2024-04-30T20:42:25","slug":"monastere-de-lordre-de-saint-benoit","status":"publish","type":"page","link":"https:\/\/reseaucompassionnetwork.ca\/fr\/monastere-de-lordre-de-saint-benoit\/","title":{"rendered":"Monast\u00e8re de l&rsquo;Ordre de Saint-Beno\u00eet"},"content":{"rendered":"<p>[et_pb_section fb_built=\u00a0\u00bb1&Prime; fullwidth=\u00a0\u00bbon\u00a0\u00bb next_background_color=\u00a0\u00bb#ffffff\u00a0\u00bb _builder_version=\u00a0\u00bb4.16&Prime; background_image=\u00a0\u00bbhttps:\/\/reseaucompassionnetwork.ca\/wp-content\/uploads\/2022\/04\/header-imgs-about-new.jpg\u00a0\u00bb bottom_divider_style=\u00a0\u00bbwave2&Prime; bottom_divider_height=\u00a0\u00bb39px\u00a0\u00bb global_colors_info=\u00a0\u00bb{}\u00a0\u00bb][et_pb_fullwidth_post_title title=\u00a0\u00bboff\u00a0\u00bb meta=\u00a0\u00bboff\u00a0\u00bb featured_placement=\u00a0\u00bbbackground\u00a0\u00bb admin_label=\u00a0\u00bbchange featured image in post details\u00a0\u00bb _builder_version=\u00a0\u00bb4.16&Prime; background_color=\u00a0\u00bbrgba(0,0,0,0)\u00a0\u00bb use_background_color_gradient=\u00a0\u00bbon\u00a0\u00bb background_color_gradient_stops=\u00a0\u00bb#ffffff 0%|rgba(255,255,255,0) 50%\u00a0\u00bb background_color_gradient_overlays_image=\u00a0\u00bbon\u00a0\u00bb background_color_gradient_start=\u00a0\u00bb#ffffff\u00a0\u00bb background_color_gradient_end=\u00a0\u00bbrgba(255,255,255,0)\u00a0\u00bb background_color_gradient_end_position=\u00a0\u00bb50%\u00a0\u00bb global_colors_info=\u00a0\u00bb{}\u00a0\u00bb][\/et_pb_fullwidth_post_title][\/et_pb_section][et_pb_section fb_built=\u00a0\u00bb1&Prime; _builder_version=\u00a0\u00bb4.21.0&Prime; use_background_color_gradient=\u00a0\u00bbon\u00a0\u00bb background_color_gradient_stops=\u00a0\u00bb#ffffff 30%|#f0f6f9 99%\u00a0\u00bb background_enable_image=\u00a0\u00bboff\u00a0\u00bb background_size=\u00a0\u00bbinitial\u00a0\u00bb background_position=\u00a0\u00bbtop_center\u00a0\u00bb custom_padding=\u00a0\u00bb0px||40px||false|false\u00a0\u00bb top_divider_style=\u00a0\u00bbnone\u00a0\u00bb top_divider_color=\u00a0\u00bb#f7f4eb\u00a0\u00bb top_divider_height=\u00a0\u00bb50px\u00a0\u00bb top_divider_flip=\u00a0\u00bbhorizontal\u00a0\u00bb bottom_divider_height=\u00a0\u00bb50px\u00a0\u00bb background_last_edited=\u00a0\u00bbon|desktop\u00a0\u00bb background_enable_image_phone=\u00a0\u00bboff\u00a0\u00bb background_position_phone=\u00a0\u00bbtop_center\u00a0\u00bb global_colors_info=\u00a0\u00bb{}\u00a0\u00bb][et_pb_row column_structure=\u00a0\u00bb2_3,1_3&Prime; admin_label=\u00a0\u00bbPage Title Row\u00a0\u00bb _builder_version=\u00a0\u00bb4.16&Prime; custom_margin=\u00a0\u00bb0px||0px||false|false\u00a0\u00bb custom_padding=\u00a0\u00bb0px||0px||false|false\u00a0\u00bb global_colors_info=\u00a0\u00bb{}\u00a0\u00bb][et_pb_column type=\u00a0\u00bb2_3&Prime; _builder_version=\u00a0\u00bb4.16&Prime; global_colors_info=\u00a0\u00bb{}\u00a0\u00bb][et_pb_post_title meta=\u00a0\u00bboff\u00a0\u00bb featured_image=\u00a0\u00bboff\u00a0\u00bb admin_label=\u00a0\u00bbPage Title\u00a0\u00bb module_class=\u00a0\u00bbpage-title\u00a0\u00bb _builder_version=\u00a0\u00bb4.21.0&Prime; title_text_color=\u00a0\u00bb#006699&Prime; title_line_height=\u00a0\u00bb1.3em\u00a0\u00bb custom_margin=\u00a0\u00bb0px||0px||false|false\u00a0\u00bb custom_padding=\u00a0\u00bb0px|130px|0px||false|false\u00a0\u00bb custom_padding_tablet=\u00a0\u00bb|0px|||false|false\u00a0\u00bb custom_padding_phone=\u00a0\u00bb|0px|||false|false\u00a0\u00bb custom_padding_last_edited=\u00a0\u00bbon|desktop\u00a0\u00bb global_colors_info=\u00a0\u00bb{}\u00a0\u00bb][\/et_pb_post_title][\/et_pb_column][et_pb_column type=\u00a0\u00bb1_3&Prime; _builder_version=\u00a0\u00bb4.16&Prime; global_colors_info=\u00a0\u00bb{}\u00a0\u00bb][\/et_pb_column][\/et_pb_row][et_pb_row column_structure=\u00a0\u00bb2_3,1_3&Prime; _builder_version=\u00a0\u00bb4.16&Prime; custom_padding=\u00a0\u00bb0px||50px||false|false\u00a0\u00bb global_colors_info=\u00a0\u00bb{}\u00a0\u00bb][et_pb_column type=\u00a0\u00bb2_3&Prime; _builder_version=\u00a0\u00bb4.16&Prime; global_colors_info=\u00a0\u00bb{}\u00a0\u00bb][et_pb_text _builder_version=\u00a0\u00bb4.23.1&Prime; quote_font=\u00a0\u00bb||||||||\u00a0\u00bb quote_font_size=\u00a0\u00bb25px\u00a0\u00bb custom_margin=\u00a0\u00bb0px||15px||false|false\u00a0\u00bb custom_padding=\u00a0\u00bb0px||0px||false|false\u00a0\u00bb global_colors_info=\u00a0\u00bb{}\u00a0\u00bb]<\/p>\n<h2>Situ\u00e9e \u00e0 West St. Paul, la r\u00e9sidence et le monast\u00e8re de la congr\u00e9gation religieuse de l&rsquo;Ordre de Saint-Beno\u00eet exigeait d\u2019importants travaux de maintien.<\/h2>\n<p>Devant le constat du vieillissement de ses membres, la communaut\u00e9 des S\u0153urs b\u00e9n\u00e9dictine de Winnipeg a fait appel au R\u00e9seau Compassion Network pour les appuyer dans la prochaine grande \u00e9tape de leur vie, un d\u00e9m\u00e9nagement du monast\u00e8re qu&rsquo;elles avaient appel\u00e9 leur maison pendant des d\u00e9cennies.<\/p>\n<p>Ainsi, onze femmes religieuses ont d\u00e9m\u00e9nag\u00e9 officiellement de leur emplacement situ\u00e9 \u00e0 West St. Paul pour s\u2019installer au 419, rue Youville \u00e0 Saint-Boniface, en juillet 2023. Le nouveau monast\u00e8re, dont la construction a d\u00e9but\u00e9 en mai 2022, est g\u00e9r\u00e9 par R\u00e9seau Compassion Network, avec la participation des s\u0153urs de l\u2019organisation qui y ont sign\u00e9 un bail de dix ans.<\/p>\n<p><img loading=\"lazy\" decoding=\"async\" src=\"https:\/\/reseaucompassionnetwork.ca\/wp-content\/uploads\/2021\/12\/Star-Blanket-300x225.jpg\" width=\"300\" height=\"225\" alt=\"\" class=\"wp-image-8881 alignleft size-medium\" \/>Leur monast\u00e8re \u00e0 West St.Paul a \u00e9t\u00e9 offert dans un geste de r\u00e9conciliation au Southeast Resource Development Council (SERDC), une organisation qui repr\u00e9sente huit communaut\u00e9s autochtones. \u00ab Le SERDC met l\u2019accent sur le bien-\u00eatre, la sant\u00e9 et la spiritualit\u00e9 des membres de leurs communaut\u00e9s, explique S\u0153ur Mary Coswin. Nous avons imm\u00e9diatement adh\u00e9r\u00e9 \u00e0 l\u2019id\u00e9e. Ils respectent la terre et ne vont pas d\u00e9molir le b\u00e2timent. Plus important encore, cette terre leur appartenait et ils la r\u00e9cup\u00e8rent ainsi. \u00bb<\/p>\n<p>R\u00e9seau Compassion Network poss\u00e8de \u00e9galement la parcelle de terre adjacente au monast\u00e8re et la vision \u00e0 long terme pour ce projet serait d\u2019utiliser le tout pour y \u00e9tablir un lieu de soins de longue dur\u00e9e. De plus, l\u2019\u00e9quipe administrative de R\u00e9sidence Despins appui la congr\u00e9gation religieuse avec leurs finances; un autre exemple de la force et de l\u2019entraide que les membres accordent au sein du r\u00e9seau.<\/p>\n<p>&nbsp;<\/p>\n<p>Pour en savoir plus sur les s\u0153urs et leur nouvelle r\u00e9sidence, lisez :<\/p>\n<ul>\n<li><a href=\"reseaucompassionnetwork.ca\/fr\/un-nouveau-domicile-pour-les-benedictines\" target=\"_blank\" rel=\"noopener\">Un article par R\u00e9seau Compassion Network : Un nouveau domicile pour les B\u00e9n\u00e9dictines<\/a><\/li>\n<li><a href=\"https:\/\/reseaucompassionnetwork.ca\/fr\/une-ceremonie-emouvante-pour-les-soeurs-benedictines\/\" target=\"_blank\" rel=\"noopener\">Un article par R\u00e9seau Compassion Network : Une c\u00e9r\u00e9monie \u00e9mouvante pour les Soeurs B\u00e9n\u00e9dictines<\/a><\/li>\n<li><a href=\"https:\/\/www.winnipegfreepress.com\/arts-and-life\/life\/faith\/2023\/11\/10\/benedictine-sisters-have-new-home\" target=\"_blank\" rel=\"noopener\">Un article par le Winnipeg Free Press : Benedictine Sisters have a New Home<\/a><\/li>\n<\/ul>\n<p>[\/et_pb_text][\/et_pb_column][et_pb_column type=\u00a0\u00bb1_3&Prime; _builder_version=\u00a0\u00bb4.16&Prime; global_colors_info=\u00a0\u00bb{}\u00a0\u00bb][et_pb_image src=\u00a0\u00bbhttps:\/\/reseaucompassionnetwork.ca\/wp-content\/uploads\/2023\/09\/Monastery-2.jpg\u00a0\u00bb alt=\u00a0\u00bbDriveway leading to modern monastery building\u00a0\u00bb title_text=\u00a0\u00bbMonastery 2&Prime; _builder_version=\u00a0\u00bb4.23.1&Prime; _module_preset=\u00a0\u00bbdefault\u00a0\u00bb custom_margin=\u00a0\u00bb18px||||false|false\u00a0\u00bb locked=\u00a0\u00bboff\u00a0\u00bb global_colors_info=\u00a0\u00bb{}\u00a0\u00bb][\/et_pb_image][et_pb_text _builder_version=\u00a0\u00bb4.23.1&Prime; _module_preset=\u00a0\u00bbdefault\u00a0\u00bb global_colors_info=\u00a0\u00bb{}\u00a0\u00bb]<\/p>\n<p><img loading=\"lazy\" decoding=\"async\" src=\"https:\/\/reseaucompassionnetwork.ca\/wp-content\/uploads\/2023\/09\/St-Benedicts-Monastery-Logo-300x127.png\" width=\"300\" height=\"127\" alt=\"St Benedicts Monastery Logo\" class=\"wp-image-13811 alignnone size-medium\" \/><\/p>\n<p>[\/et_pb_text][\/et_pb_column][\/et_pb_row][\/et_pb_section]<\/p>\n","protected":false},"excerpt":{"rendered":"<p>Situ\u00e9e \u00e0 West St. Paul, la r\u00e9sidence et le monast\u00e8re de la congr\u00e9gation religieuse de l&rsquo;Ordre de Saint-Beno\u00eet exigeait d\u2019importants travaux de maintien. Devant le constat du vieillissement de ses membres, la communaut\u00e9 des S\u0153urs b\u00e9n\u00e9dictine de Winnipeg a fait appel au R\u00e9seau Compassion Network pour les appuyer dans la prochaine grande \u00e9tape de leur&hellip; <a class=\"continue\" href=\"https:\/\/reseaucompassionnetwork.ca\/fr\/monastere-de-lordre-de-saint-benoit\/\">Continue Reading<span> Monast\u00e8re de l&rsquo;Ordre de Saint-Beno\u00eet<\/span><\/a><\/p>\n","protected":false},"author":126,"featured_media":10085,"parent":0,"menu_order":0,"comment_status":"closed","ping_status":"closed","template":"","meta":{"_et_pb_use_builder":"on","_et_pb_old_content":"","_et_gb_content_width":"","_monsterinsights_skip_tracking":false,"_monsterinsights_sitenote_active":false,"_monsterinsights_sitenote_note":"","_monsterinsights_sitenote_category":0,"footnotes":""},"class_list":["post-13958","page","type-page","status-publish","has-post-thumbnail","hentry"],"_links":{"self":[{"href":"https:\/\/reseaucompassionnetwork.ca\/fr\/wp-json\/wp\/v2\/pages\/13958","targetHints":{"allow":["GET"]}}],"collection":[{"href":"https:\/\/reseaucompassionnetwork.ca\/fr\/wp-json\/wp\/v2\/pages"}],"about":[{"href":"https:\/\/reseaucompassionnetwork.ca\/fr\/wp-json\/wp\/v2\/types\/page"}],"author":[{"embeddable":true,"href":"https:\/\/reseaucompassionnetwork.ca\/fr\/wp-json\/wp\/v2\/users\/126"}],"replies":[{"embeddable":true,"href":"https:\/\/reseaucompassionnetwork.ca\/fr\/wp-json\/wp\/v2\/comments?post=13958"}],"version-history":[{"count":7,"href":"https:\/\/reseaucompassionnetwork.ca\/fr\/wp-json\/wp\/v2\/pages\/13958\/revisions"}],"predecessor-version":[{"id":16238,"href":"https:\/\/reseaucompassionnetwork.ca\/fr\/wp-json\/wp\/v2\/pages\/13958\/revisions\/16238"}],"wp:featuredmedia":[{"embeddable":true,"href":"https:\/\/reseaucompassionnetwork.ca\/fr\/wp-json\/wp\/v2\/media\/10085"}],"wp:attachment":[{"href":"https:\/\/reseaucompassionnetwork.ca\/fr\/wp-json\/wp\/v2\/media?parent=13958"}],"curies":[{"name":"wp","href":"https:\/\/api.w.org\/{rel}","templated":true}]}}