

{"id":13944,"date":"2023-10-16T11:17:27","date_gmt":"2023-10-16T16:17:27","guid":{"rendered":"https:\/\/reseaucompassionnetwork.ca\/?page_id=13944"},"modified":"2025-11-20T13:01:07","modified_gmt":"2025-11-20T19:01:07","slug":"clan-mothers","status":"publish","type":"page","link":"https:\/\/reseaucompassionnetwork.ca\/fr\/clan-mothers\/","title":{"rendered":"Clan Mothers"},"content":{"rendered":"<p>[et_pb_section fb_built=\u00a0\u00bb1&Prime; fullwidth=\u00a0\u00bbon\u00a0\u00bb next_background_color=\u00a0\u00bb#ffffff\u00a0\u00bb _builder_version=\u00a0\u00bb4.16&Prime; background_image=\u00a0\u00bbhttps:\/\/reseaucompassionnetwork.ca\/wp-content\/uploads\/2022\/04\/header-imgs-about-new.jpg\u00a0\u00bb bottom_divider_style=\u00a0\u00bbwave2&Prime; bottom_divider_height=\u00a0\u00bb39px\u00a0\u00bb global_colors_info=\u00a0\u00bb{}\u00a0\u00bb][et_pb_fullwidth_post_title title=\u00a0\u00bboff\u00a0\u00bb meta=\u00a0\u00bboff\u00a0\u00bb featured_placement=\u00a0\u00bbbackground\u00a0\u00bb admin_label=\u00a0\u00bbchange featured image in post details\u00a0\u00bb _builder_version=\u00a0\u00bb4.16&Prime; background_color=\u00a0\u00bbrgba(0,0,0,0)\u00a0\u00bb use_background_color_gradient=\u00a0\u00bbon\u00a0\u00bb background_color_gradient_stops=\u00a0\u00bb#ffffff 0%|rgba(255,255,255,0) 50%\u00a0\u00bb background_color_gradient_overlays_image=\u00a0\u00bbon\u00a0\u00bb background_color_gradient_start=\u00a0\u00bb#ffffff\u00a0\u00bb background_color_gradient_end=\u00a0\u00bbrgba(255,255,255,0)\u00a0\u00bb background_color_gradient_end_position=\u00a0\u00bb50%\u00a0\u00bb global_colors_info=\u00a0\u00bb{}\u00a0\u00bb][\/et_pb_fullwidth_post_title][\/et_pb_section][et_pb_section fb_built=\u00a0\u00bb1&Prime; _builder_version=\u00a0\u00bb4.21.0&Prime; use_background_color_gradient=\u00a0\u00bbon\u00a0\u00bb background_color_gradient_stops=\u00a0\u00bb#ffffff 30%|#f0f6f9 99%\u00a0\u00bb background_enable_image=\u00a0\u00bboff\u00a0\u00bb background_size=\u00a0\u00bbinitial\u00a0\u00bb background_position=\u00a0\u00bbtop_center\u00a0\u00bb custom_padding=\u00a0\u00bb0px||40px||false|false\u00a0\u00bb top_divider_style=\u00a0\u00bbnone\u00a0\u00bb top_divider_color=\u00a0\u00bb#f7f4eb\u00a0\u00bb top_divider_height=\u00a0\u00bb50px\u00a0\u00bb top_divider_flip=\u00a0\u00bbhorizontal\u00a0\u00bb bottom_divider_height=\u00a0\u00bb50px\u00a0\u00bb background_last_edited=\u00a0\u00bbon|desktop\u00a0\u00bb background_enable_image_phone=\u00a0\u00bboff\u00a0\u00bb background_position_phone=\u00a0\u00bbtop_center\u00a0\u00bb global_colors_info=\u00a0\u00bb{}\u00a0\u00bb][et_pb_row column_structure=\u00a0\u00bb2_3,1_3&Prime; admin_label=\u00a0\u00bbPage Title Row\u00a0\u00bb _builder_version=\u00a0\u00bb4.16&Prime; custom_margin=\u00a0\u00bb0px||0px||false|false\u00a0\u00bb custom_padding=\u00a0\u00bb0px||0px||false|false\u00a0\u00bb global_colors_info=\u00a0\u00bb{}\u00a0\u00bb][et_pb_column type=\u00a0\u00bb2_3&Prime; _builder_version=\u00a0\u00bb4.16&Prime; global_colors_info=\u00a0\u00bb{}\u00a0\u00bb][et_pb_post_title meta=\u00a0\u00bboff\u00a0\u00bb featured_image=\u00a0\u00bboff\u00a0\u00bb admin_label=\u00a0\u00bbPage Title\u00a0\u00bb module_class=\u00a0\u00bbpage-title\u00a0\u00bb _builder_version=\u00a0\u00bb4.21.0&Prime; title_text_color=\u00a0\u00bb#006699&Prime; title_line_height=\u00a0\u00bb1.3em\u00a0\u00bb custom_margin=\u00a0\u00bb0px||0px||false|false\u00a0\u00bb custom_padding=\u00a0\u00bb0px||0px||false|false\u00a0\u00bb custom_padding_tablet=\u00a0\u00bb|0px|||false|false\u00a0\u00bb custom_padding_phone=\u00a0\u00bb|0px|||false|false\u00a0\u00bb custom_padding_last_edited=\u00a0\u00bboff|desktop\u00a0\u00bb global_colors_info=\u00a0\u00bb{}\u00a0\u00bb][\/et_pb_post_title][\/et_pb_column][et_pb_column type=\u00a0\u00bb1_3&Prime; _builder_version=\u00a0\u00bb4.16&Prime; global_colors_info=\u00a0\u00bb{}\u00a0\u00bb][\/et_pb_column][\/et_pb_row][et_pb_row column_structure=\u00a0\u00bb2_3,1_3&Prime; _builder_version=\u00a0\u00bb4.16&Prime; custom_padding=\u00a0\u00bb0px||50px||false|false\u00a0\u00bb global_colors_info=\u00a0\u00bb{}\u00a0\u00bb][et_pb_column type=\u00a0\u00bb2_3&Prime; _builder_version=\u00a0\u00bb4.16&Prime; global_colors_info=\u00a0\u00bb{}\u00a0\u00bb][et_pb_text _builder_version=\u00a0\u00bb4.27.4&Prime; quote_font=\u00a0\u00bb||||||||\u00a0\u00bb quote_font_size=\u00a0\u00bb25px\u00a0\u00bb custom_margin=\u00a0\u00bb0px||15px||false|false\u00a0\u00bb custom_padding=\u00a0\u00bb0px||0px||false|false\u00a0\u00bb hover_enabled=\u00a0\u00bb0&Prime; global_colors_info=\u00a0\u00bb{}\u00a0\u00bb sticky_enabled=\u00a0\u00bb0&Prime;]<\/p>\n<h2>C\u2019est en octobre 2021 que Clan Mothers et R\u00e9seau Compassion Network ont annonc\u00e9 leur partenariat pour la mise en \u0153uvre du futur site du <em>Clan Mothers Healing Village<\/em>.<\/h2>\n<p>Les deux organismes travaillaient en partenariat depuis plus de quatre ans afin d\u2019\u00e9tablir les bases de ce projet d\u2019envergure et d\u2019importance capitale qui apportera un soutien \u00e0 moyen et long terme aux femmes et aux membres de la communaut\u00e9 2SLGBTQQIA autocthones qui ont subi des traumatismes interg\u00e9n\u00e9rationnels, des violences sexuelles, l&rsquo;exploitation ou la traite d\u2019\u00eatres humains.<\/p>\n<p><img loading=\"lazy\" decoding=\"async\" src=\"https:\/\/reseaucompassionnetwork.ca\/wp-content\/uploads\/2023\/09\/Clan-Mothers-Knowledge-Centre-Aerial-View-300x188.jpg\" width=\"255\" height=\"160\" alt=\"Clan Mothers-Knowledge Centre Aerial View\" class=\"wp-image-13805 alignleft size-medium\" \/>Pour appuyer l\u2019initiative, R\u00e9seau Compassion Network a entam\u00e9 le processus en \u00ab\u00a0rendant la terre\u00a0\u00bb &#8211; un terrain de 130 acres situ\u00e9 le long du Lac Winnipeg \u00e0 Belair &#8211; \u00e0 Clan Mothers. \u00ab Ce terrain appartenait aux S\u0153urs du Bon-Pasteur, explique Daniel Lussier, directeur g\u00e9n\u00e9ral du R\u00e9seau Compassion Network. Pour nous, en tant qu\u2019organisme catholique, offrir ce terrain, dont la valeur \u00e9tait estim\u00e9 \u00e0 un million de dollar, pour la r\u00e9alisation d\u2019un tel projet \u00e9tait un geste de r\u00e9conciliation\u00a0d\u2019importance qui n\u2019avait pas de prix. \u00bb<\/p>\n<p>Au R\u00e9seau Compassion Network, nous d\u00e9sirons \u00eatre des partenaires actifs dans le processus de r\u00e9conciliation et nous nous engageons \u00e0 marcher aux c\u00f4t\u00e9s des peuples autochtones alors qu\u2019ils continuent \u00e0 gu\u00e9rir leurs communaut\u00e9s. Ce projet est dirig\u00e9 par des autochtones, des femmes et des a\u00een\u00e9s, ainsi que par des femmes\/2SLGBTQQIA ayant v\u00e9cus une telle exp\u00e9rience de vie et des femmes sont impliqu\u00e9es dans le processus de construction en tant qu&rsquo;opportunit\u00e9 de formation et d&rsquo;entreprise sociale. Cette action, nous l\u2019esp\u00e9rons, contribuera \u00e0 un monde d\u2019amour et de compassion, o\u00f9 nous avan\u00e7ons dans un esprit de sinc\u00e8re collaboration.<\/p>\n<p>Pour en savoir plus sur le projet, veuillez consulter :<\/p>\n<ul>\n<li><a href=\"clanmothers.ca\/the-current-situation\/building-the-village\" target=\"_blank\" rel=\"noopener\">Les plans de d\u00e9veloppement du Village de gu\u00e9rison<\/a><\/li>\n<li><a href=\"https:\/\/clanmothers.ca\/the-current-situation\/development-schedule\/\" target=\"_blank\" rel=\"noopener\">Le calendrier de d\u00e9veloppement du Village de gu\u00e9rison<\/a><\/li>\n<li><a href=\"https:\/\/reseaucompassionnetwork.ca\/fr\/en-marchant-aux-cotes-des-clan-mothers\/\" target=\"_blank\" rel=\"noopener\">Un article \u00e9crit par R\u00e9seau Compassion Network : Marcher aux c\u00f4t\u00e9s des Clan Mothers, partie 1<\/a><\/li>\n<li><a href=\"https:\/\/reseaucompassionnetwork.ca\/fr\/en-marchant-aux-cotes-des-clan-mothers-2e-partie\/\" target=\"_blank\" rel=\"noopener\">Un article \u00e9crit par R\u00e9seau Compassion Network : Marcher aux c\u00f4t\u00e9s des Clan Mothers, partie 2<\/a><\/li>\n<li><a href=\"https:\/\/reseaucompassionnetwork.ca\/fr\/en-marchant-aux-cotes-des-clan-mothers-3e-partie\/\" target=\"_blank\" rel=\"noopener\">Un article \u00e9crit par R\u00e9seau Compassion Network : Marcher aux c\u00f4t\u00e9s des Clan Mothers, partie 3<\/a><\/li>\n<\/ul>\n<p>[\/et_pb_text][\/et_pb_column][et_pb_column type=\u00a0\u00bb1_3&Prime; _builder_version=\u00a0\u00bb4.16&Prime; global_colors_info=\u00a0\u00bb{}\u00a0\u00bb][et_pb_image src=\u00a0\u00bbhttps:\/\/reseaucompassionnetwork.ca\/wp-content\/uploads\/2023\/09\/Clan-Mothers-Sidebar-pic.jpg\u00a0\u00bb alt=\u00a0\u00bbClan Mothers-Sidebar Welcome Centre pic\u00a0\u00bb title_text=\u00a0\u00bbClan Mothers-Sidebar Welcome Centre pic\u00a0\u00bb _builder_version=\u00a0\u00bb4.21.0&Prime; _module_preset=\u00a0\u00bbdefault\u00a0\u00bb custom_margin=\u00a0\u00bb18px||||false|false\u00a0\u00bb locked=\u00a0\u00bboff\u00a0\u00bb global_colors_info=\u00a0\u00bb{}\u00a0\u00bb][\/et_pb_image][et_pb_text _builder_version=\u00a0\u00bb4.23.1&Prime; _module_preset=\u00a0\u00bbdefault\u00a0\u00bb global_colors_info=\u00a0\u00bb{}\u00a0\u00bb]<\/p>\n<p style=\"text-align: center;\"><img loading=\"lazy\" decoding=\"async\" src=\"https:\/\/reseaucompassionnetwork.ca\/wp-content\/uploads\/2023\/09\/Clan-Mothers-Logo-300x73.png\" width=\"300\" height=\"73\" alt=\"Clan Mothers Logo\" class=\"wp-image-13799 alignnone size-medium\" \/><\/p>\n<p>[\/et_pb_text][\/et_pb_column][\/et_pb_row][\/et_pb_section]<\/p>\n","protected":false},"excerpt":{"rendered":"<p>C\u2019est en octobre 2021 que Clan Mothers et R\u00e9seau Compassion Network ont annonc\u00e9 leur partenariat pour la mise en \u0153uvre du futur site du Clan Mothers Healing Village. Les deux organismes travaillaient en partenariat depuis plus de quatre ans afin d\u2019\u00e9tablir les bases de ce projet d\u2019envergure et d\u2019importance capitale qui apportera un soutien \u00e0&hellip; <a class=\"continue\" href=\"https:\/\/reseaucompassionnetwork.ca\/fr\/clan-mothers\/\">Continue Reading<span> Clan Mothers<\/span><\/a><\/p>\n","protected":false},"author":126,"featured_media":10085,"parent":0,"menu_order":0,"comment_status":"closed","ping_status":"closed","template":"","meta":{"_et_pb_use_builder":"on","_et_pb_old_content":"","_et_gb_content_width":"","_monsterinsights_skip_tracking":false,"_monsterinsights_sitenote_active":false,"_monsterinsights_sitenote_note":"","_monsterinsights_sitenote_category":0,"footnotes":""},"class_list":["post-13944","page","type-page","status-publish","has-post-thumbnail","hentry"],"_links":{"self":[{"href":"https:\/\/reseaucompassionnetwork.ca\/fr\/wp-json\/wp\/v2\/pages\/13944","targetHints":{"allow":["GET"]}}],"collection":[{"href":"https:\/\/reseaucompassionnetwork.ca\/fr\/wp-json\/wp\/v2\/pages"}],"about":[{"href":"https:\/\/reseaucompassionnetwork.ca\/fr\/wp-json\/wp\/v2\/types\/page"}],"author":[{"embeddable":true,"href":"https:\/\/reseaucompassionnetwork.ca\/fr\/wp-json\/wp\/v2\/users\/126"}],"replies":[{"embeddable":true,"href":"https:\/\/reseaucompassionnetwork.ca\/fr\/wp-json\/wp\/v2\/comments?post=13944"}],"version-history":[{"count":5,"href":"https:\/\/reseaucompassionnetwork.ca\/fr\/wp-json\/wp\/v2\/pages\/13944\/revisions"}],"predecessor-version":[{"id":21057,"href":"https:\/\/reseaucompassionnetwork.ca\/fr\/wp-json\/wp\/v2\/pages\/13944\/revisions\/21057"}],"wp:featuredmedia":[{"embeddable":true,"href":"https:\/\/reseaucompassionnetwork.ca\/fr\/wp-json\/wp\/v2\/media\/10085"}],"wp:attachment":[{"href":"https:\/\/reseaucompassionnetwork.ca\/fr\/wp-json\/wp\/v2\/media?parent=13944"}],"curies":[{"name":"wp","href":"https:\/\/api.w.org\/{rel}","templated":true}]}}