

{"id":13941,"date":"2023-10-16T11:10:33","date_gmt":"2023-10-16T16:10:33","guid":{"rendered":"https:\/\/reseaucompassionnetwork.ca\/?page_id=13941"},"modified":"2023-12-06T10:32:59","modified_gmt":"2023-12-06T16:32:59","slug":"huddle","status":"publish","type":"page","link":"https:\/\/reseaucompassionnetwork.ca\/fr\/huddle\/","title":{"rendered":"Huddle"},"content":{"rendered":"<p>[et_pb_section fb_built=\u00a0\u00bb1&Prime; fullwidth=\u00a0\u00bbon\u00a0\u00bb next_background_color=\u00a0\u00bb#ffffff\u00a0\u00bb _builder_version=\u00a0\u00bb4.16&Prime; background_image=\u00a0\u00bbhttps:\/\/reseaucompassionnetwork.ca\/wp-content\/uploads\/2022\/04\/header-imgs-about-new.jpg\u00a0\u00bb bottom_divider_style=\u00a0\u00bbwave2&Prime; bottom_divider_height=\u00a0\u00bb39px\u00a0\u00bb global_colors_info=\u00a0\u00bb{}\u00a0\u00bb][et_pb_fullwidth_post_title title=\u00a0\u00bboff\u00a0\u00bb meta=\u00a0\u00bboff\u00a0\u00bb featured_placement=\u00a0\u00bbbackground\u00a0\u00bb admin_label=\u00a0\u00bbchange featured image in post details\u00a0\u00bb _builder_version=\u00a0\u00bb4.16&Prime; background_color=\u00a0\u00bbrgba(0,0,0,0)\u00a0\u00bb use_background_color_gradient=\u00a0\u00bbon\u00a0\u00bb background_color_gradient_stops=\u00a0\u00bb#ffffff 0%|rgba(255,255,255,0) 50%\u00a0\u00bb background_color_gradient_overlays_image=\u00a0\u00bbon\u00a0\u00bb background_color_gradient_start=\u00a0\u00bb#ffffff\u00a0\u00bb background_color_gradient_end=\u00a0\u00bbrgba(255,255,255,0)\u00a0\u00bb background_color_gradient_end_position=\u00a0\u00bb50%\u00a0\u00bb global_colors_info=\u00a0\u00bb{}\u00a0\u00bb][\/et_pb_fullwidth_post_title][\/et_pb_section][et_pb_section fb_built=\u00a0\u00bb1&Prime; _builder_version=\u00a0\u00bb4.21.0&Prime; use_background_color_gradient=\u00a0\u00bbon\u00a0\u00bb background_color_gradient_stops=\u00a0\u00bb#ffffff 30%|#f0f6f9 99%\u00a0\u00bb background_enable_image=\u00a0\u00bboff\u00a0\u00bb background_size=\u00a0\u00bbinitial\u00a0\u00bb background_position=\u00a0\u00bbtop_center\u00a0\u00bb custom_padding=\u00a0\u00bb0px||40px||false|false\u00a0\u00bb top_divider_style=\u00a0\u00bbnone\u00a0\u00bb top_divider_color=\u00a0\u00bb#f7f4eb\u00a0\u00bb top_divider_height=\u00a0\u00bb50px\u00a0\u00bb top_divider_flip=\u00a0\u00bbhorizontal\u00a0\u00bb bottom_divider_height=\u00a0\u00bb50px\u00a0\u00bb background_last_edited=\u00a0\u00bbon|desktop\u00a0\u00bb background_enable_image_phone=\u00a0\u00bboff\u00a0\u00bb background_position_phone=\u00a0\u00bbtop_center\u00a0\u00bb global_colors_info=\u00a0\u00bb{}\u00a0\u00bb][et_pb_row column_structure=\u00a0\u00bb2_3,1_3&Prime; admin_label=\u00a0\u00bbPage Title Row\u00a0\u00bb _builder_version=\u00a0\u00bb4.16&Prime; custom_margin=\u00a0\u00bb0px||0px||false|false\u00a0\u00bb custom_padding=\u00a0\u00bb0px||0px||false|false\u00a0\u00bb global_colors_info=\u00a0\u00bb{}\u00a0\u00bb][et_pb_column type=\u00a0\u00bb2_3&Prime; _builder_version=\u00a0\u00bb4.16&Prime; global_colors_info=\u00a0\u00bb{}\u00a0\u00bb][et_pb_post_title meta=\u00a0\u00bboff\u00a0\u00bb featured_image=\u00a0\u00bboff\u00a0\u00bb admin_label=\u00a0\u00bbPage Title\u00a0\u00bb module_class=\u00a0\u00bbpage-title\u00a0\u00bb _builder_version=\u00a0\u00bb4.21.0&Prime; title_text_color=\u00a0\u00bb#006699&Prime; title_line_height=\u00a0\u00bb1.3em\u00a0\u00bb custom_margin=\u00a0\u00bb0px||0px||false|false\u00a0\u00bb custom_padding=\u00a0\u00bb0px||0px||false|false\u00a0\u00bb custom_padding_tablet=\u00a0\u00bb|0px|||false|false\u00a0\u00bb custom_padding_phone=\u00a0\u00bb|0px|||false|false\u00a0\u00bb custom_padding_last_edited=\u00a0\u00bboff|desktop\u00a0\u00bb global_colors_info=\u00a0\u00bb{}\u00a0\u00bb][\/et_pb_post_title][\/et_pb_column][et_pb_column type=\u00a0\u00bb1_3&Prime; _builder_version=\u00a0\u00bb4.16&Prime; global_colors_info=\u00a0\u00bb{}\u00a0\u00bb][\/et_pb_column][\/et_pb_row][et_pb_row column_structure=\u00a0\u00bb2_3,1_3&Prime; _builder_version=\u00a0\u00bb4.16&Prime; custom_padding=\u00a0\u00bb0px||50px||false|false\u00a0\u00bb global_colors_info=\u00a0\u00bb{}\u00a0\u00bb][et_pb_column type=\u00a0\u00bb2_3&Prime; _builder_version=\u00a0\u00bb4.16&Prime; global_colors_info=\u00a0\u00bb{}\u00a0\u00bb][et_pb_text _builder_version=\u00a0\u00bb4.23.1&Prime; quote_font=\u00a0\u00bb||||||||\u00a0\u00bb quote_font_size=\u00a0\u00bb25px\u00a0\u00bb custom_margin=\u00a0\u00bb0px||15px||false|false\u00a0\u00bb custom_padding=\u00a0\u00bb0px||0px||false|false\u00a0\u00bb hover_enabled=\u00a0\u00bb0&Prime; global_colors_info=\u00a0\u00bb{}\u00a0\u00bb sticky_enabled=\u00a0\u00bb0&Prime;]<\/p>\n<h2>Les carrefours jeunesse <em>Rassembler<\/em> (Huddle) sont n\u00e9s d\u2019un besoin pressant d\u2019offrir \u00e0 la jeunesse un lieu accueillant et s\u00e9curitaire.<\/h2>\n<p>Un lieu accessible o\u00f9 elle pourrait avoir acc\u00e8s \u00e0 une multitude de services int\u00e9gr\u00e9s de divers domaines, offert gratuitement, en un seul endroit.<\/p>\n<p>Ces centres rassemblent donc sous un m\u00eame toit des soins de sant\u00e9 primaire, de sant\u00e9 mentale, de sant\u00e9 physique et d\u2019aide aux toxicomanes, du counseling d\u2019emploi, du soutien par les pairs et de la sensibilisation, en fran\u00e7ais et en anglais. Il est \u00e9galement possible d\u2019acc\u00e9der \u00e0 diff\u00e9rents genres de services tels des rituels autochtones, des ateliers de gu\u00e9rison ax\u00e9e sur la terre, des sessions de pleine conscience, diff\u00e9rents types de loisirs ou d\u2019activit\u00e9s communautaires tels des ateliers sur la sant\u00e9 et le bien-\u00eatre, des activit\u00e9s de groupe, artisanales, cr\u00e9atives et bien d\u2019autres encore!<\/p>\n<p><img loading=\"lazy\" decoding=\"async\" src=\"https:\/\/reseaucompassionnetwork.ca\/wp-content\/uploads\/2023\/09\/Huddle-Building-pic-300x224.jpg\" width=\"300\" height=\"224\" alt=\"Huddle Building pic\" class=\"wp-image-13964 alignleft size-medium\" \/>Chacun des carrefours jeunesse <em>Rassembler<\/em> est dirig\u00e9 par une \u00e9quipe diversifi\u00e9e de membres de la communaut\u00e9 et de professionnels; un conseiller, un travailleur social, une infirmi\u00e8re praticienne ou une di\u00e9t\u00e9ticienne, qui tiennent compte des traumatismes et qui ont fait leurs preuves en mati\u00e8re de soutien aux jeunes. Les espaces <em>Rassembler<\/em> collaborent avec d\u2019autres organismes communautaires, des dirigeants autochtones et des r\u00e9seaux professionnels afin d\u2019\u00eatre en mesure d\u2019offrir aux jeunes le soutien dont ils ont besoin.<\/p>\n<p>Voyant la valeur d\u2019un tel projet, le r\u00e9seau n\u2019a pas h\u00e9sit\u00e9 et s\u2019est pleinement investi \u00e0 la mise sur pied d\u2019un tel lieu \u00e0 Saint-Boniface. Le centre <em>Rassembler<\/em> Centre-Sud, situ\u00e9 au A-17, rue St. Mary\u2019s \u00e0 Saint-Boniface, est g\u00e9r\u00e9 par l\u2019\u00e9quipe du Centre Youville, avec un appui cibl\u00e9 de la part du Centre de sant\u00e9 Saint-Boniface, tous deux membres du R\u00e9seau Compassion Network. <em>Rassembler<\/em> est une initiative du gouvernement du Manitoba en collaboration avec Centraide Winnipeg et d\u2019autres partenaires philanthropiques, notamment la Fondation Graham Boeckh, la Fondation RBC, la Winnipeg Foundation et le R\u00e9seau Compassion Network.<\/p>\n<p><em>Pour en connaitre davantage sur ce projet soutenu par le R\u00e9seau Compassion Network, consultez:<\/em><\/p>\n<ul>\n<li><a href=\"https:\/\/huddlemanitoba.ca\/fr\/trouver-un-carrefour-jeunesse\/huddle-south-central\/\" target=\"_blank\" rel=\"noopener\">Le site Web de Huddle Centre-Sud<\/a><\/li>\n<li><a href=\"https:\/\/reseaucompassionnetwork.ca\/fr\/offrir-le-soutien-necessaire-a-la-jeunesse-manitobaine\/\" target=\"_blank\" rel=\"noopener\">Un article sur le projet Rassembler<\/a><\/li>\n<\/ul>\n<p>[\/et_pb_text][\/et_pb_column][et_pb_column type=\u00a0\u00bb1_3&Prime; _builder_version=\u00a0\u00bb4.16&Prime; global_colors_info=\u00a0\u00bb{}\u00a0\u00bb][et_pb_image src=\u00a0\u00bbhttps:\/\/reseaucompassionnetwork.ca\/wp-content\/uploads\/2023\/09\/Huddle-Sidebar-pic.jpg\u00a0\u00bb alt=\u00a0\u00bbLes suites Marion Kitchen\u00a0\u00bb title_text=\u00a0\u00bbHuddle-Sidebar pic\u00a0\u00bb _builder_version=\u00a0\u00bb4.21.0&Prime; _module_preset=\u00a0\u00bbdefault\u00a0\u00bb custom_margin=\u00a0\u00bb18px||||false|false\u00a0\u00bb locked=\u00a0\u00bboff\u00a0\u00bb global_colors_info=\u00a0\u00bb{}\u00a0\u00bb][\/et_pb_image][et_pb_text _builder_version=\u00a0\u00bb4.23.1&Prime; _module_preset=\u00a0\u00bbdefault\u00a0\u00bb hover_enabled=\u00a0\u00bb0&Prime; sticky_enabled=\u00a0\u00bb0&Prime;]<\/p>\n<p><img loading=\"lazy\" decoding=\"async\" src=\"https:\/\/reseaucompassionnetwork.ca\/wp-content\/uploads\/2023\/09\/Huddle-Logo-300x77.png\" width=\"226\" height=\"58\" alt=\"Huddle Logo\" class=\"wp-image-13790 alignnone size-medium\" style=\"display: block; margin-left: auto; margin-right: auto;\" \/><\/p>\n<p>[\/et_pb_text][\/et_pb_column][\/et_pb_row][\/et_pb_section]<\/p>\n","protected":false},"excerpt":{"rendered":"<p>Les carrefours jeunesse Rassembler (Huddle) sont n\u00e9s d\u2019un besoin pressant d\u2019offrir \u00e0 la jeunesse un lieu accueillant et s\u00e9curitaire. Un lieu accessible o\u00f9 elle pourrait avoir acc\u00e8s \u00e0 une multitude de services int\u00e9gr\u00e9s de divers domaines, offert gratuitement, en un seul endroit. Ces centres rassemblent donc sous un m\u00eame toit des soins de sant\u00e9 primaire,&hellip; <a class=\"continue\" href=\"https:\/\/reseaucompassionnetwork.ca\/fr\/huddle\/\">Continue Reading<span> Huddle<\/span><\/a><\/p>\n","protected":false},"author":126,"featured_media":10085,"parent":0,"menu_order":0,"comment_status":"closed","ping_status":"closed","template":"","meta":{"_et_pb_use_builder":"on","_et_pb_old_content":"","_et_gb_content_width":"","_monsterinsights_skip_tracking":false,"_monsterinsights_sitenote_active":false,"_monsterinsights_sitenote_note":"","_monsterinsights_sitenote_category":0,"footnotes":""},"class_list":["post-13941","page","type-page","status-publish","has-post-thumbnail","hentry"],"_links":{"self":[{"href":"https:\/\/reseaucompassionnetwork.ca\/fr\/wp-json\/wp\/v2\/pages\/13941","targetHints":{"allow":["GET"]}}],"collection":[{"href":"https:\/\/reseaucompassionnetwork.ca\/fr\/wp-json\/wp\/v2\/pages"}],"about":[{"href":"https:\/\/reseaucompassionnetwork.ca\/fr\/wp-json\/wp\/v2\/types\/page"}],"author":[{"embeddable":true,"href":"https:\/\/reseaucompassionnetwork.ca\/fr\/wp-json\/wp\/v2\/users\/126"}],"replies":[{"embeddable":true,"href":"https:\/\/reseaucompassionnetwork.ca\/fr\/wp-json\/wp\/v2\/comments?post=13941"}],"version-history":[{"count":6,"href":"https:\/\/reseaucompassionnetwork.ca\/fr\/wp-json\/wp\/v2\/pages\/13941\/revisions"}],"predecessor-version":[{"id":14299,"href":"https:\/\/reseaucompassionnetwork.ca\/fr\/wp-json\/wp\/v2\/pages\/13941\/revisions\/14299"}],"wp:featuredmedia":[{"embeddable":true,"href":"https:\/\/reseaucompassionnetwork.ca\/fr\/wp-json\/wp\/v2\/media\/10085"}],"wp:attachment":[{"href":"https:\/\/reseaucompassionnetwork.ca\/fr\/wp-json\/wp\/v2\/media?parent=13941"}],"curies":[{"name":"wp","href":"https:\/\/api.w.org\/{rel}","templated":true}]}}