

{"id":13938,"date":"2023-10-16T10:57:32","date_gmt":"2023-10-16T15:57:32","guid":{"rendered":"https:\/\/reseaucompassionnetwork.ca\/?page_id=13938"},"modified":"2024-11-29T13:40:10","modified_gmt":"2024-11-29T19:40:10","slug":"les-suites-marion","status":"publish","type":"page","link":"https:\/\/reseaucompassionnetwork.ca\/fr\/les-suites-marion\/","title":{"rendered":"Les suites Marion"},"content":{"rendered":"<p>[et_pb_section fb_built=\u00a0\u00bb1&Prime; fullwidth=\u00a0\u00bbon\u00a0\u00bb next_background_color=\u00a0\u00bb#ffffff\u00a0\u00bb _builder_version=\u00a0\u00bb4.16&Prime; background_image=\u00a0\u00bbhttps:\/\/reseaucompassionnetwork.ca\/wp-content\/uploads\/2022\/04\/header-imgs-about-new.jpg\u00a0\u00bb bottom_divider_style=\u00a0\u00bbwave2&Prime; bottom_divider_height=\u00a0\u00bb39px\u00a0\u00bb global_colors_info=\u00a0\u00bb{}\u00a0\u00bb][et_pb_fullwidth_post_title title=\u00a0\u00bboff\u00a0\u00bb meta=\u00a0\u00bboff\u00a0\u00bb featured_placement=\u00a0\u00bbbackground\u00a0\u00bb admin_label=\u00a0\u00bbchange featured image in post details\u00a0\u00bb _builder_version=\u00a0\u00bb4.16&Prime; background_color=\u00a0\u00bbrgba(0,0,0,0)\u00a0\u00bb use_background_color_gradient=\u00a0\u00bbon\u00a0\u00bb background_color_gradient_stops=\u00a0\u00bb#ffffff 0%|rgba(255,255,255,0) 50%\u00a0\u00bb background_color_gradient_overlays_image=\u00a0\u00bbon\u00a0\u00bb background_color_gradient_start=\u00a0\u00bb#ffffff\u00a0\u00bb background_color_gradient_end=\u00a0\u00bbrgba(255,255,255,0)\u00a0\u00bb background_color_gradient_end_position=\u00a0\u00bb50%\u00a0\u00bb global_colors_info=\u00a0\u00bb{}\u00a0\u00bb][\/et_pb_fullwidth_post_title][\/et_pb_section][et_pb_section fb_built=\u00a0\u00bb1&Prime; _builder_version=\u00a0\u00bb4.21.0&Prime; use_background_color_gradient=\u00a0\u00bbon\u00a0\u00bb background_color_gradient_stops=\u00a0\u00bb#ffffff 30%|#f0f6f9 99%\u00a0\u00bb background_enable_image=\u00a0\u00bboff\u00a0\u00bb background_size=\u00a0\u00bbinitial\u00a0\u00bb background_position=\u00a0\u00bbtop_center\u00a0\u00bb custom_padding=\u00a0\u00bb0px||40px||false|false\u00a0\u00bb top_divider_style=\u00a0\u00bbnone\u00a0\u00bb top_divider_color=\u00a0\u00bb#f7f4eb\u00a0\u00bb top_divider_height=\u00a0\u00bb50px\u00a0\u00bb top_divider_flip=\u00a0\u00bbhorizontal\u00a0\u00bb bottom_divider_height=\u00a0\u00bb50px\u00a0\u00bb background_last_edited=\u00a0\u00bbon|desktop\u00a0\u00bb background_enable_image_phone=\u00a0\u00bboff\u00a0\u00bb background_position_phone=\u00a0\u00bbtop_center\u00a0\u00bb global_colors_info=\u00a0\u00bb{}\u00a0\u00bb][et_pb_row column_structure=\u00a0\u00bb2_3,1_3&Prime; admin_label=\u00a0\u00bbPage Title Row\u00a0\u00bb _builder_version=\u00a0\u00bb4.16&Prime; custom_margin=\u00a0\u00bb0px||0px||false|false\u00a0\u00bb custom_padding=\u00a0\u00bb0px||0px||false|false\u00a0\u00bb global_colors_info=\u00a0\u00bb{}\u00a0\u00bb][et_pb_column type=\u00a0\u00bb2_3&Prime; _builder_version=\u00a0\u00bb4.16&Prime; global_colors_info=\u00a0\u00bb{}\u00a0\u00bb][et_pb_post_title meta=\u00a0\u00bboff\u00a0\u00bb featured_image=\u00a0\u00bboff\u00a0\u00bb admin_label=\u00a0\u00bbPage Title\u00a0\u00bb module_class=\u00a0\u00bbpage-title\u00a0\u00bb _builder_version=\u00a0\u00bb4.21.0&Prime; title_text_color=\u00a0\u00bb#006699&Prime; title_line_height=\u00a0\u00bb1.3em\u00a0\u00bb custom_margin=\u00a0\u00bb0px||0px||false|false\u00a0\u00bb custom_padding=\u00a0\u00bb0px||0px||false|false\u00a0\u00bb custom_padding_tablet=\u00a0\u00bb|0px|||false|false\u00a0\u00bb custom_padding_phone=\u00a0\u00bb|0px|||false|false\u00a0\u00bb custom_padding_last_edited=\u00a0\u00bboff|desktop\u00a0\u00bb global_colors_info=\u00a0\u00bb{}\u00a0\u00bb][\/et_pb_post_title][\/et_pb_column][et_pb_column type=\u00a0\u00bb1_3&Prime; _builder_version=\u00a0\u00bb4.16&Prime; global_colors_info=\u00a0\u00bb{}\u00a0\u00bb][\/et_pb_column][\/et_pb_row][et_pb_row column_structure=\u00a0\u00bb2_3,1_3&Prime; _builder_version=\u00a0\u00bb4.16&Prime; custom_padding=\u00a0\u00bb0px||50px||false|false\u00a0\u00bb global_colors_info=\u00a0\u00bb{}\u00a0\u00bb][et_pb_column type=\u00a0\u00bb2_3&Prime; _builder_version=\u00a0\u00bb4.16&Prime; global_colors_info=\u00a0\u00bb{}\u00a0\u00bb][et_pb_text _builder_version=\u00a0\u00bb4.27.2&Prime; quote_font=\u00a0\u00bb||||||||\u00a0\u00bb quote_font_size=\u00a0\u00bb25px\u00a0\u00bb custom_margin=\u00a0\u00bb0px||15px||false|false\u00a0\u00bb custom_padding=\u00a0\u00bb0px||0px||false|false\u00a0\u00bb global_colors_info=\u00a0\u00bb{}\u00a0\u00bb]<\/p>\n<h2>Les suites Marion est un projet de justice sociale du R\u00e9seau Compassion Network qui s\u2019aligne pleinement sur un de ses axes d\u2019activit\u00e9s prioritaires\u00a0: la mise en \u0153uvre de projets strat\u00e9giques li\u00e9s \u00e0 combattre la pauvret\u00e9 complexe.<\/h2>\n<p>Ses composantes cl\u00e9s sont de r\u00e9pondre aux besoins sociaux non satisfaits de notre communaut\u00e9, qui sont incluent dans le sch\u00e9ma de la pauvret\u00e9 complexe, tels l\u2019acc\u00e8s \u00e0 un logement abordable et s\u00e9curitaire, le bien-\u00eatre holistique et l\u2019exclusion sociale comme principaux \u00e9l\u00e9ments.<\/p>\n<p>Gr\u00e2ce \u00e0 des partenariats avec nos membres Sara Riel, St.Amant, Abri Marguerite (Accueil francophone), et d\u2019autres ressources communautaires, Les suites Marion permettent un acc\u00e8s \u00e0 20 logements abordables, qui incluent \u00e9galement l\u2019offre de services soutenant une meilleure sant\u00e9 mentale, \u00e9motionnelle et spirituelle de ces locataires.<\/p>\n<p><img loading=\"lazy\" decoding=\"async\" src=\"https:\/\/reseaucompassionnetwork.ca\/wp-content\/uploads\/2024\/11\/IMG_1620-medium-225x300.jpg\" width=\"225\" height=\"300\" alt=\"\" class=\"wp-image-17800 alignleft size-medium\" \/>Les suites Marion abritent \u00e9galement 28 suites disponibles au taux du march\u00e9; con\u00e7ues pour cr\u00e9er une communaut\u00e9 prosp\u00e8re et inclusive, avec des d\u00e9tails et des commodit\u00e9s soigneusement s\u00e9lectionn\u00e9s pour r\u00e9pondre aux divers besoins des individus et des familles de tous les horizons.<\/p>\n<p>Situ\u00e9 au c\u0153ur de Saint-Boniface, l\u2019immeuble est aussi le lieu de travail du R\u00e9seau Compassion Network qui y a \u00e9tabli ses bureaux de m\u00eame qu\u2019un lieu de rassemblement d\u00e9di\u00e9 \u00e0 la pratique de la pleine conscience et de la compassion en soi, ou de tout autre atelier ou session supportant nos membres et les services offerts aux communaut\u00e9s qu\u2019ils desservent.<\/p>\n<p>Ce projet porteur d\u2019avenir en est un du c\u0153ur pour le R\u00e9seau Compassion Network qui, avec un esprit d\u2019amour et de compassion, a voulu rassembler les gens de tous les horizons et y construire une communaut\u00e9 accueillante, inclusive et o\u00f9 chacun peut esp\u00e9rer atteindre son plein potentiel.<\/p>\n<p>Fort du succ\u00e8s du projet Les suites Marion, nous continuons \u00e0 explorer les moyens d&rsquo;utiliser notre expertise en mati\u00e8re de d\u00e9veloppement pour offrir davantage d&rsquo;opportunit\u00e9s et cr\u00e9er des partenariats dans le secteur du logement abordable.<\/p>\n<p><em>Pour plus d\u2019informations sur l\u2019importance de l\u2019offre de logements abordables avec services de soutien pour le R\u00e9seau Compassion Network, <a href=\"https:\/\/reseaucompassionnetwork.ca\/wp-content\/uploads\/2024\/11\/Affordable-Housing.pdf\">cliquez ici<\/a>.<\/em><\/p>\n<ul><\/ul>\n<p>[\/et_pb_text][\/et_pb_column][et_pb_column type=\u00a0\u00bb1_3&Prime; _builder_version=\u00a0\u00bb4.16&Prime; global_colors_info=\u00a0\u00bb{}\u00a0\u00bb][et_pb_image src=\u00a0\u00bbhttps:\/\/reseaucompassionnetwork.ca\/wp-content\/uploads\/2023\/09\/Les-suites-Marion-Kitchen.jpeg\u00a0\u00bb alt=\u00a0\u00bbLes suites Marion Kitchen\u00a0\u00bb title_text=\u00a0\u00bbLes suites Marion Kitchen\u00a0\u00bb _builder_version=\u00a0\u00bb4.21.0&Prime; _module_preset=\u00a0\u00bbdefault\u00a0\u00bb custom_margin=\u00a0\u00bb18px||||false|false\u00a0\u00bb locked=\u00a0\u00bboff\u00a0\u00bb global_colors_info=\u00a0\u00bb{}\u00a0\u00bb][\/et_pb_image][et_pb_text _builder_version=\u00a0\u00bb4.23.1&Prime; _module_preset=\u00a0\u00bbdefault\u00a0\u00bb global_colors_info=\u00a0\u00bb{}\u00a0\u00bb]<\/p>\n<p><img loading=\"lazy\" decoding=\"async\" src=\"https:\/\/reseaucompassionnetwork.ca\/wp-content\/uploads\/2023\/09\/Les-suites-Marion-Logo-300x113.png\" width=\"300\" height=\"113\" alt=\"Les suites Marion Logo\" class=\"wp-image-13776 alignnone size-medium\" \/><\/p>\n<p>[\/et_pb_text][\/et_pb_column][\/et_pb_row][\/et_pb_section]<\/p>\n","protected":false},"excerpt":{"rendered":"<p>Les suites Marion est un projet de justice sociale du R\u00e9seau Compassion Network qui s\u2019aligne pleinement sur un de ses axes d\u2019activit\u00e9s prioritaires\u00a0: la mise en \u0153uvre de projets strat\u00e9giques li\u00e9s \u00e0 combattre la pauvret\u00e9 complexe. Ses composantes cl\u00e9s sont de r\u00e9pondre aux besoins sociaux non satisfaits de notre communaut\u00e9, qui sont incluent dans le&hellip; <a class=\"continue\" href=\"https:\/\/reseaucompassionnetwork.ca\/fr\/les-suites-marion\/\">Continue Reading<span> Les suites Marion<\/span><\/a><\/p>\n","protected":false},"author":126,"featured_media":10085,"parent":0,"menu_order":0,"comment_status":"closed","ping_status":"closed","template":"","meta":{"_et_pb_use_builder":"on","_et_pb_old_content":"","_et_gb_content_width":"","_monsterinsights_skip_tracking":false,"_monsterinsights_sitenote_active":false,"_monsterinsights_sitenote_note":"","_monsterinsights_sitenote_category":0,"footnotes":""},"class_list":["post-13938","page","type-page","status-publish","has-post-thumbnail","hentry"],"_links":{"self":[{"href":"https:\/\/reseaucompassionnetwork.ca\/fr\/wp-json\/wp\/v2\/pages\/13938","targetHints":{"allow":["GET"]}}],"collection":[{"href":"https:\/\/reseaucompassionnetwork.ca\/fr\/wp-json\/wp\/v2\/pages"}],"about":[{"href":"https:\/\/reseaucompassionnetwork.ca\/fr\/wp-json\/wp\/v2\/types\/page"}],"author":[{"embeddable":true,"href":"https:\/\/reseaucompassionnetwork.ca\/fr\/wp-json\/wp\/v2\/users\/126"}],"replies":[{"embeddable":true,"href":"https:\/\/reseaucompassionnetwork.ca\/fr\/wp-json\/wp\/v2\/comments?post=13938"}],"version-history":[{"count":8,"href":"https:\/\/reseaucompassionnetwork.ca\/fr\/wp-json\/wp\/v2\/pages\/13938\/revisions"}],"predecessor-version":[{"id":17885,"href":"https:\/\/reseaucompassionnetwork.ca\/fr\/wp-json\/wp\/v2\/pages\/13938\/revisions\/17885"}],"wp:featuredmedia":[{"embeddable":true,"href":"https:\/\/reseaucompassionnetwork.ca\/fr\/wp-json\/wp\/v2\/media\/10085"}],"wp:attachment":[{"href":"https:\/\/reseaucompassionnetwork.ca\/fr\/wp-json\/wp\/v2\/media?parent=13938"}],"curies":[{"name":"wp","href":"https:\/\/api.w.org\/{rel}","templated":true}]}}