

{"id":10317,"date":"2022-04-22T17:28:40","date_gmt":"2022-04-22T22:28:40","guid":{"rendered":"https:\/\/reseaucompassionnetwork.ca\/?page_id=10317"},"modified":"2025-10-20T09:06:27","modified_gmt":"2025-10-20T14:06:27","slug":"ressources","status":"publish","type":"page","link":"https:\/\/reseaucompassionnetwork.ca\/fr\/ressources\/","title":{"rendered":"Ressources"},"content":{"rendered":"<p>[et_pb_section fb_built=\u00a0\u00bb1&Prime; fullwidth=\u00a0\u00bbon\u00a0\u00bb next_background_color=\u00a0\u00bb#ffffff\u00a0\u00bb _builder_version=\u00a0\u00bb4.16&Prime; background_color=\u00a0\u00bb#FFFFFF\u00a0\u00bb background_color_gradient_direction=\u00a0\u00bb97deg\u00a0\u00bb background_color_gradient_start=\u00a0\u00bb#f7f4eb\u00a0\u00bb background_color_gradient_end=\u00a0\u00bbrgba(0,0,0,0)\u00a0\u00bb background_enable_image=\u00a0\u00bboff\u00a0\u00bb bottom_divider_style=\u00a0\u00bbwave2&Prime; bottom_divider_height=\u00a0\u00bb39px\u00a0\u00bb global_colors_info=\u00a0\u00bb{}\u00a0\u00bb][et_pb_fullwidth_post_title title=\u00a0\u00bboff\u00a0\u00bb meta=\u00a0\u00bboff\u00a0\u00bb featured_placement=\u00a0\u00bbbackground\u00a0\u00bb admin_label=\u00a0\u00bbchange featured image in post details\u00a0\u00bb _builder_version=\u00a0\u00bb4.16&Prime; background_color=\u00a0\u00bbrgba(0,0,0,0)\u00a0\u00bb use_background_color_gradient=\u00a0\u00bbon\u00a0\u00bb background_color_gradient_stops=\u00a0\u00bb#ffffff 0%|rgba(255,255,255,0) 50%\u00a0\u00bb background_color_gradient_overlays_image=\u00a0\u00bbon\u00a0\u00bb background_color_gradient_start=\u00a0\u00bb#ffffff\u00a0\u00bb background_color_gradient_end=\u00a0\u00bbrgba(255,255,255,0)\u00a0\u00bb background_color_gradient_end_position=\u00a0\u00bb50%\u00a0\u00bb global_colors_info=\u00a0\u00bb{}\u00a0\u00bb][\/et_pb_fullwidth_post_title][\/et_pb_section][et_pb_section fb_built=\u00a0\u00bb1&Prime; _builder_version=\u00a0\u00bb4.19.1&Prime; use_background_color_gradient=\u00a0\u00bbon\u00a0\u00bb background_color_gradient_stops=\u00a0\u00bb#ffffff 30%|#f0f6f9 99%\u00a0\u00bb custom_padding=\u00a0\u00bb0px||40px||false|false\u00a0\u00bb top_divider_style=\u00a0\u00bbnone\u00a0\u00bb top_divider_color=\u00a0\u00bb#f7f4eb\u00a0\u00bb top_divider_height=\u00a0\u00bb50px\u00a0\u00bb top_divider_flip=\u00a0\u00bbhorizontal\u00a0\u00bb bottom_divider_height=\u00a0\u00bb50px\u00a0\u00bb global_colors_info=\u00a0\u00bb{}\u00a0\u00bb][et_pb_row column_structure=\u00a0\u00bb2_3,1_3&Prime; _builder_version=\u00a0\u00bb4.17.3&Prime; custom_margin=\u00a0\u00bb0px||0px||false|false\u00a0\u00bb custom_padding=\u00a0\u00bb0px||0px||false|false\u00a0\u00bb global_colors_info=\u00a0\u00bb{}\u00a0\u00bb][et_pb_column type=\u00a0\u00bb2_3&Prime; _builder_version=\u00a0\u00bb4.16&Prime; global_colors_info=\u00a0\u00bb{}\u00a0\u00bb][et_pb_post_title meta=\u00a0\u00bboff\u00a0\u00bb featured_image=\u00a0\u00bboff\u00a0\u00bb _builder_version=\u00a0\u00bb4.19.1&Prime; title_text_color=\u00a0\u00bb#006699&Prime; title_line_height=\u00a0\u00bb1.3em\u00a0\u00bb custom_margin=\u00a0\u00bb0px||0px||false|false\u00a0\u00bb custom_padding=\u00a0\u00bb0px||0px||false|false\u00a0\u00bb global_colors_info=\u00a0\u00bb{}\u00a0\u00bb][\/et_pb_post_title][\/et_pb_column][et_pb_column type=\u00a0\u00bb1_3&Prime; _builder_version=\u00a0\u00bb4.16&Prime; global_colors_info=\u00a0\u00bb{}\u00a0\u00bb][\/et_pb_column][\/et_pb_row][et_pb_row column_structure=\u00a0\u00bb2_3,1_3&Prime; _builder_version=\u00a0\u00bb4.16&Prime; custom_padding=\u00a0\u00bb0px||0px||false|false\u00a0\u00bb global_colors_info=\u00a0\u00bb{}\u00a0\u00bb][et_pb_column type=\u00a0\u00bb2_3&Prime; _builder_version=\u00a0\u00bb4.16&Prime; global_colors_info=\u00a0\u00bb{}\u00a0\u00bb][et_pb_text admin_label=\u00a0\u00bbText\u00a0\u00bb module_id=\u00a0\u00bbmeditation\u00a0\u00bb _builder_version=\u00a0\u00bb4.27.4&Prime; header_4_font=\u00a0\u00bb|700|||||||\u00a0\u00bb header_4_font_size=\u00a0\u00bb17px\u00a0\u00bb header_4_line_height=\u00a0\u00bb1.1em\u00a0\u00bb background_size=\u00a0\u00bbinitial\u00a0\u00bb background_position=\u00a0\u00bbtop_left\u00a0\u00bb background_repeat=\u00a0\u00bbrepeat\u00a0\u00bb custom_margin=\u00a0\u00bb0px||||false|false\u00a0\u00bb custom_padding=\u00a0\u00bb0px||||false|false\u00a0\u00bb locked=\u00a0\u00bboff\u00a0\u00bb global_colors_info=\u00a0\u00bb{}\u00a0\u00bb]<\/p>\n<p class=\"p1\">Voici des opportunit\u00e9s de formations ainsi que des ressources offertes par d&rsquo;autres organismes. Pour plus d&rsquo;options, vous pouvez \u00e9galement consulter notre page <span class=\"s1\"><a href=\"https:\/\/reseaucompassionnetwork.ca\/fr\/apprenez\/\">Formations offertes par R\u00e9seau Compassion Network<\/a>.<\/span><\/p>\n<h2>Formations offerts par le r\u00e9seau<\/h2>\n<p>Veuillez noter que ces formations sont offertes en anglais par les membres de notre r\u00e9seau.<\/p>\n<p><a href=\"https:\/\/www.healthcareethics.ca\/education\" target=\"_blank\" rel=\"noopener\">Health Care Ethics Education Series 2024-2025<\/a><br \/>Offert par l&rsquo;H\u00f4pital de Saint-Boniface et la directrice de l&rsquo;\u00e9thique du R\u00e9seau Compassion Network, Katarina Lee-Ameduri.<\/p>\n<p><a href=\"https:\/\/sarariel.ca\/education-and-training\/\" target=\"_blank\" rel=\"noopener\">SR Training<\/a><br \/>D\u00e9partement d&rsquo;\u00e9ducation et de formation de <em>Sara Riel<\/em>, ax\u00e9 sur l&rsquo;organisation d&rsquo;ateliers et de formations qui am\u00e9liorent la sant\u00e9 mentale et le bien-\u00eatre de nos communaut\u00e9s.<\/p>\n<p><a href=\"https:\/\/marymound.com\/what-we-do\/marymound-training-center\/workshops\/\" target=\"_blank\" rel=\"noopener\">Marymound Training Centre<\/a><br \/>Le centre propose une conf\u00e9rence annuelle ainsi qu&rsquo;une s\u00e9rie d&rsquo;ateliers plus modestes tout au long de l&rsquo;ann\u00e9e. Le centre se concentre sur des sujets qui soutiennent la sant\u00e9 mentale, approfondissent la compr\u00e9hension des traumatismes et c\u00e9l\u00e8brent la r\u00e9silience. Son objectif est d&rsquo;offrir des opportunit\u00e9s de d\u00e9veloppement professionnel de qualit\u00e9 qui permettent aux prestataires de soins dans de multiples secteurs humains de d\u00e9velopper leur base de connaissances et d&rsquo;am\u00e9liorer la prestation de services aux personnes qui sont touch\u00e9es par un traumatisme.<\/p>\n<p><a href=\"https:\/\/beyondlimitscanada.ca\/\" target=\"_blank\" rel=\"noopener\">Conf\u00e9rence Beyond Limits<\/a><br \/>Organis\u00e9e par St.Amant, avec un accent sur les outils pratiques, le comportement, la recherche, la technologie, l&rsquo;\u00e9thique et les meilleures pratiques, <em>Beyond Limits<\/em> vous laissera avec des strat\u00e9gies pratiques et des informations pour permettre aux professionnels, paraprofessionnels et d\u00e9cideurs de mieux soutenir les personnes qu&rsquo;ils servent.<\/p>\n<h2>Autres formations<\/h2>\n<p><a href=\"https:\/\/www.umassmemorialhealthcare.org\/umass-memorial-medical-center\/services-treatments\/center-for-mindfulness\/mindfulness-classes\" target=\"_blank\" rel=\"noopener\">Mindfulness Based Stress Reduction (MBSR)<\/a> <strong><br \/><\/strong>offert par UMass Memorial Health<\/p>\n<p><a href=\"https:\/\/centerformsc.org\/course-teachers-list\/\" target=\"_blank\" rel=\"noopener\">Mindful Self-Compassion (MSC)<\/a> <strong><br \/><\/strong>offert par Center for Mindful Self-Compassion<\/p>\n<p><a href=\"https:\/\/www.compassioninstitute.com\/classes\/#online-class\" target=\"_blank\" rel=\"noopener\">Compassion Cultivation Training (CCT)<\/a> <strong><br \/><\/strong>offert par Compassion Institute<\/p>\n<p><a href=\"https:\/\/instituteformindfulleadership.org\/course-and-workshops\/\" target=\"_blank\" rel=\"noopener\">Finding the Space To Lead<\/a> <strong><br \/><\/strong>offert par Institute for Mindful Leadership<\/p>\n<h2>Ressources bas\u00e9es sur la foi<\/h2>\n<p>Veuillez prendre note que le contenu de ces ressources est exclusivement offert en anglais.<\/p>\n<h3>Center for Action and Contemplation<strong><\/strong><\/h3>\n<p>Ce site est une excellente ressource pour explorer la contemplation et les questions li\u00e9es \u00e0 la justice sociale. Il est possible de s&rsquo;inscrire aux courriels quotidiens, excellents et stimulants, qui proposent une r\u00e9flexion ou une m\u00e9ditation. Ces r\u00e9flexions sont enracin\u00e9es dans l&rsquo;\u00c9glise catholique et s&rsquo;inspirent de la sagesse et des points communs de nombreuses traditions. <span><span class=\"ui-provider fz b c d e f g h i j k l m n o p q r s t u v w x y z ab ac ae af ag ah ai aj ak\" dir=\"ltr\">Explorez <a href=\"https:\/\/cac.org\/\" target=\"_blank\" rel=\"noopener\">ici<\/a>.<\/span><\/span><\/p>\n<h3>Podcast Turning to the mystics par James Finley<\/h3>\n<p>James Finley est un psychologue, un \u00e9rudit et un ancien moine qui parle avec sagesse et compassion des conditions que nous vivons en tant qu&rsquo;humains. Il est la voix aimante que nous pouvons rechercher dans les moments d&rsquo;incertitude. Le podcast de James Finley est un outil formidable si vous souhaitez vous plonger dans une r\u00e9flexion significative sur la mani\u00e8re dont nos actions peuvent changer le monde. <span><span class=\"ui-provider fz b c d e f g h i j k l m n o p q r s t u v w x y z ab ac ae af ag ah ai aj ak\" dir=\"ltr\">Explorez <a href=\"https:\/\/cac.org\/podcast\/turning-to-the-mystics\/\" target=\"_blank\" rel=\"noopener\">ici<\/a>.<\/span><\/span><\/p>\n<h3>Pratiques contemplatives dans une tradition chr\u00e9tienne<strong><\/strong><\/h3>\n<p>Notez que bon nombre de ces ressources sont \u00e9galement consid\u00e9r\u00e9es comme non la\u00efques. <span><span class=\"ui-provider fz b c d e f g h i j k l m n o p q r s t u v w x y z ab ac ae af ag ah ai aj ak\" dir=\"ltr\">Explorez <a href=\"https:\/\/faitheanne.medium.com\/the-ultimate-list-of-christian-contemplative-resources-for-beginners-like-me-e591fa923f49\" target=\"_blank\" rel=\"noopener\">ici<\/a>.<\/span><\/span><\/p>\n<h3>Lectio Divina (Lectures divines)<a href=\"https:\/\/bustedhalo.com\/ministry-resources\/lectio-divina-beginners-guide\" target=\"_blank\" rel=\"noopener\"><\/a><\/h3>\n<p>Cette pratique ancienne existe dans plus d&rsquo;une religion. Traditionnellement, il s&rsquo;agit d&rsquo;une pratique de r\u00e9flexion profonde sur une phrase ou un petit passage de la Bible. Dans cette pratique, le texte devient la source de r\u00e9flexion et d&rsquo;inspiration. La lectio divina peut \u00eatre pratiqu\u00e9e avec d&rsquo;autres textes inspirants &#8211; po\u00e9sie, citations, livres &#8211; avec l&rsquo;intention fondamentale d&rsquo;\u00e9couter profond\u00e9ment le message qu&rsquo;ils contiennent. <span><span class=\"ui-provider fz b c d e f g h i j k l m n o p q r s t u v w x y z ab ac ae af ag ah ai aj ak\" dir=\"ltr\">Explorez <a href=\"https:\/\/bustedhalo.com\/ministry-resources\/lectio-divina-beginners-guide\" target=\"_blank\" rel=\"noopener\">ici<\/a>.<\/span><\/span><\/p>\n<h3>Pri\u00e8re centr\u00e9e<\/h3>\n<p>La pri\u00e8re centr\u00e9e est un moyen de calmer notre esprit. Une pratique contemplative ancienne qui semblera famili\u00e8re \u00e0 ceux qui pratiquent d\u00e9j\u00e0 la m\u00e9ditation et qui souhaitent s&rsquo;ouvrir plus profond\u00e9ment \u00e0 la conscience. <a href=\"https:\/\/www.contemplative.org\/contemplative-practice\/centering-prayer\/\" target=\"_blank\" rel=\"noopener\">Cet article<\/a> fournit des instructions de base sur le \u00ab\u00a0comment faire\u00a0\u00bb.<\/p>\n<h3>Femmes mystiques \u00e0 la mani\u00e8re moderne<\/h3>\n<p>Mirabai Starr parle et \u00e9crit sur les femmes mystiques d&rsquo;une mani\u00e8re moderne et accessible. <a href=\"https:\/\/theshiftnetwork.com\/WomenMysticsAndGoddesses?wickedsource=google&amp;wickedid=Cj0KCQjwgYSTBhDKARIsAB8KuktTykE5qbs-iEId1kit8JFBQq8Gn78J-R93rFhefL9TlT2RJd3NzLEaAgUxEALw_wcB&amp;wickedid=502417065068&amp;wv=3.1&amp;&amp;utm_source=adwords&amp;utm_medium=cpc&amp;utm_campaign=12465197256&amp;utm_content=121479417034&amp;utm_term=mirabai%20starr&amp;wtm_campaign=12465197256&amp;gclid=Cj0KCQjwgYSTBhDKARIsAB8KuktTykE5qbs-iEId1kit8JFBQq8Gn78J-R93rFhefL9TlT2RJd3NzLEaAgUxEALw_wcB\" target=\"_blank\" rel=\"noopener\">Inscrivez-vous<\/a> pour \u00e9couter un \u00e9v\u00e9nement d&rsquo;une heure dirig\u00e9 par Mirabai.<\/p>\n<h2>Lectures<\/h2>\n<p>Compassion Action Centre vous propose quelques lectures pour vous guider dans la pratique d\u2019une meilleure compassion en soi, que cela soit au travail, dans votre quotidien, au sein de votre communaut\u00e9 ou simplement dans votre c\u0153ur.<\/p>\n<h3><em>Le leadership conscient<\/em> par Janice Marturano<\/h3>\n<p>Guide pratique pour diriger en pleine conscience<\/p>\n<h3><em>Le pouvoir de la vuln\u00e9rabilit\u00e9<\/em> par Bren\u00e9 Brown<\/h3>\n<p>La vuln\u00e9rabilit\u00e9 est une force qui peut transformer votre vie<\/p>\n<h3><em>La Sagesse de l&rsquo;Enn\u00e9agramme<\/em> par Don Richard Riso et Russ Hudson<\/h3>\n<p>Le guide complet de la croissance psychologique et spirituelle pour neuf types de personnalit\u00e9<\/p>\n<h3><em>Le courage d\u2019\u00eatre soi<\/em> par Jacques Salom\u00e9<\/h3>\n<p>Une charte du mieux-\u00eatre avec soi-m\u00eame et avec autrui<\/p>\n<h2>Autres<\/h2>\n<p><a href=\"https:\/\/thedaringway.brenebrown.com\/upcoming-groups\/?fwp_group_languages=english\" target=\"_blank\" rel=\"noopener\">Daring Greatly\u2122<\/a><br \/>Bren\u00e9 Brown Education and Research Group<\/p>\n<p><a href=\"https:\/\/product.soundstrue.com\/power-of-self-compassion\/free-video-series\/?ck_subscriber_id=302667523#a_aid=5e1cb581e4ceb&amp;a_bid=bebe62d3\" target=\"_blank\" rel=\"noopener\">Free Mindful Self-Compassion Online Class<\/a><br \/>Video Series to Discover the Power of Self-Compassion<\/p>\n<p><a href=\"https:\/\/insighttimer.com\/meditation-courses\/course_janices-course?_branch_match_id=723612933114506242&amp;utm_source=Email&amp;utm_campaign=marketing&amp;utm_medium=invite\" target=\"_blank\" rel=\"noopener\">Purposeful Pauses To Lead and Live with Excellence<\/a><br \/>Mindful Leadership: Purposeful Pauses to Lead &amp; Live with Excellence<br \/>Free mini-training videos.<\/p>\n<p>[\/et_pb_text][\/et_pb_column][et_pb_column type=\u00a0\u00bb1_3&Prime; _builder_version=\u00a0\u00bb4.16&Prime; global_colors_info=\u00a0\u00bb{}\u00a0\u00bb][et_pb_image src=\u00a0\u00bbhttps:\/\/reseaucompassionnetwork.ca\/wp-content\/uploads\/2022\/04\/Woman-Online-Training.jpg\u00a0\u00bb title_text=\u00a0\u00bbWoman-Online-Training\u00a0\u00bb _builder_version=\u00a0\u00bb4.17.3&Prime; _module_preset=\u00a0\u00bbdefault\u00a0\u00bb custom_padding=\u00a0\u00bb9px||||false|false\u00a0\u00bb locked=\u00a0\u00bboff\u00a0\u00bb global_colors_info=\u00a0\u00bb{}\u00a0\u00bb][\/et_pb_image][et_pb_button button_url=\u00a0\u00bbhttps:\/\/reseaucompassionnetwork.ca\/fr\/coeur\/\u00a0\u00bb url_new_window=\u00a0\u00bbon\u00a0\u00bb button_text=\u00a0\u00bbFormations du R\u00e9seau Compassion Network\u00a0\u00bb _builder_version=\u00a0\u00bb4.27.4&Prime; _module_preset=\u00a0\u00bbdefault\u00a0\u00bb hover_enabled=\u00a0\u00bb0&Prime; custom_css_main_element=\u00a0\u00bbline-height:1.4em!important;\u00a0\u00bb locked=\u00a0\u00bboff\u00a0\u00bb global_colors_info=\u00a0\u00bb{}\u00a0\u00bb sticky_enabled=\u00a0\u00bb0&Prime;][\/et_pb_button][et_pb_button button_url=\u00a0\u00bbhttps:\/\/reseaucompassionnetwork.ca\/fr\/cercle-de-meditation\/\u00a0\u00bb url_new_window=\u00a0\u00bbon\u00a0\u00bb button_text=\u00a0\u00bbCercle de m\u00e9ditation\u00a0\u00bb _builder_version=\u00a0\u00bb4.19.1&Prime; _module_preset=\u00a0\u00bbdefault\u00a0\u00bb custom_css_main_element=\u00a0\u00bbline-height:1.4em!important;||width:100%\u00a0\u00bb locked=\u00a0\u00bboff\u00a0\u00bb global_colors_info=\u00a0\u00bb{}\u00a0\u00bb][\/et_pb_button][\/et_pb_column][\/et_pb_row][\/et_pb_section]<\/p>\n","protected":false},"excerpt":{"rendered":"<p>Voici des opportunit\u00e9s de formations ainsi que des ressources offertes par d&rsquo;autres organismes. Pour plus d&rsquo;options, vous pouvez \u00e9galement consulter notre page Formations offertes par R\u00e9seau Compassion Network. Formations offerts par le r\u00e9seau Veuillez noter que ces formations sont offertes en anglais par les membres de notre r\u00e9seau. Health Care Ethics Education Series 2024-2025Offert par&hellip; <a class=\"continue\" href=\"https:\/\/reseaucompassionnetwork.ca\/fr\/ressources\/\">Continue Reading<span> Ressources<\/span><\/a><\/p>\n","protected":false},"author":126,"featured_media":10088,"parent":0,"menu_order":0,"comment_status":"closed","ping_status":"closed","template":"","meta":{"_et_pb_use_builder":"on","_et_pb_old_content":"<!-- wp:divi\/placeholder \/-->","_et_gb_content_width":"","_monsterinsights_skip_tracking":false,"_monsterinsights_sitenote_active":false,"_monsterinsights_sitenote_note":"","_monsterinsights_sitenote_category":0,"footnotes":""},"class_list":["post-10317","page","type-page","status-publish","has-post-thumbnail","hentry"],"_links":{"self":[{"href":"https:\/\/reseaucompassionnetwork.ca\/fr\/wp-json\/wp\/v2\/pages\/10317","targetHints":{"allow":["GET"]}}],"collection":[{"href":"https:\/\/reseaucompassionnetwork.ca\/fr\/wp-json\/wp\/v2\/pages"}],"about":[{"href":"https:\/\/reseaucompassionnetwork.ca\/fr\/wp-json\/wp\/v2\/types\/page"}],"author":[{"embeddable":true,"href":"https:\/\/reseaucompassionnetwork.ca\/fr\/wp-json\/wp\/v2\/users\/126"}],"replies":[{"embeddable":true,"href":"https:\/\/reseaucompassionnetwork.ca\/fr\/wp-json\/wp\/v2\/comments?post=10317"}],"version-history":[{"count":30,"href":"https:\/\/reseaucompassionnetwork.ca\/fr\/wp-json\/wp\/v2\/pages\/10317\/revisions"}],"predecessor-version":[{"id":20475,"href":"https:\/\/reseaucompassionnetwork.ca\/fr\/wp-json\/wp\/v2\/pages\/10317\/revisions\/20475"}],"wp:featuredmedia":[{"embeddable":true,"href":"https:\/\/reseaucompassionnetwork.ca\/fr\/wp-json\/wp\/v2\/media\/10088"}],"wp:attachment":[{"href":"https:\/\/reseaucompassionnetwork.ca\/fr\/wp-json\/wp\/v2\/media?parent=10317"}],"curies":[{"name":"wp","href":"https:\/\/api.w.org\/{rel}","templated":true}]}}